{"id":7467,"date":"2022-04-13T09:21:31","date_gmt":"2022-04-13T07:21:31","guid":{"rendered":"https:\/\/licenses4us.com\/product\/microsoft-office-famille-et-etudiant-2019\/"},"modified":"2024-03-24T23:33:39","modified_gmt":"2024-03-24T21:33:39","slug":"microsoft-office-famille-et-etudiant-2019","status":"publish","type":"product","link":"https:\/\/licenses4us.com\/fr\/produit\/microsoft-office-famille-et-etudiant-2019\/","title":{"rendered":"Microsoft Office Famille et \u00c9tudiant 2019"},"content":{"rendered":"<section class=\"elementor-section elementor-inner-section elementor-element elementor-element-a73dcc3 elementor-section-boxed elementor-section-height-default elementor-section-height-default\" data-id=\"a73dcc3\" data-element_type=\"section\" data-settings=\"{\">\n<div class=\"elementor-container elementor-column-gap-default\">\n<div class=\"elementor-column elementor-col-100 elementor-inner-column elementor-element elementor-element-945d51e\" data-id=\"945d51e\" data-element_type=\"column\" data-settings=\"{\">\n<div class=\"elementor-widget-wrap elementor-element-populated\">\n<div class=\"elementor-element elementor-element-a137928 product_descriptions elementor-widget elementor-widget-text-editor\" data-id=\"a137928\" data-element_type=\"widget\" data-widget_type=\"text-editor.default\">\n<div class=\"elementor-widget-container\">\n<p><strong>Vous souhaitez acheter Microsoft Office<\/strong><strong> Famille et \u00c9tudiant 2019 mais <\/strong><strong>sans abonnement ? <\/strong> <strong>O\u00f9 vous n\u2019avez pas besoin de renouveler votre abonnement chaque ann\u00e9e ! Ensuite, vous pouvez utiliser la derni\u00e8re version d\u2019Office <\/strong><strong>Commandez Home and Student 2019 ici. Des licences fiables, l\u00e9gales et professionnelles sans abonnement \u00e0 un prix tr\u00e8s attractif.<\/strong><\/p>\n<p>&nbsp;<\/p>\n<p><strong>Pas d\u2019activation du t\u00e9l\u00e9phone.<\/strong><\/p>\n<p>Nos cl\u00e9s ne sont pas activ\u00e9es par t\u00e9l\u00e9phone comme beaucoup d\u2019autres entreprises le vendent.<br \/>\nAu cours du processus d\u2019activation, vous liez la licence \u00e0 votre propre compte Microsoft.<br \/>\nPar cons\u00e9quent, vous n\u2019aurez jamais \u00e0 r\u00e9activer la licence !<\/p>\n<p>&nbsp;<\/p>\n<p><strong>Votre cl\u00e9 de licence directement dans votre bo\u00eete mail<\/strong><\/p>\n<p>D\u00e8s r\u00e9ception de votre paiement, la cl\u00e9 de licence sera envoy\u00e9e \u00e0 l\u2019adresse e-mail que vous avez fournie.<br \/>\nLa cl\u00e9 de licence est envoy\u00e9e automatiquement afin que vous n\u2019ayez jamais \u00e0 attendre une action manuelle.<\/p>\n<p>&nbsp;<\/p>\n<p><strong>Activation en ligne facile, rapide et fiable<\/strong><strong>.<\/strong><\/p>\n<p>L\u2019activation en ligne de Microsoft <strong>Famille et \u00c9tudiant 2019<\/strong> (pas d\u2019activation par t\u00e9l\u00e9phone) est tr\u00e8s facile \u00e0 installer.<br \/>\nActiv\u00e9 en quelques minutes sans aucun effort pour l\u2019installer sur votre PC.<\/p>\n<p>&nbsp;<\/p>\n<p><strong>Toutes les langues pr\u00e9sentes.<\/strong><\/p>\n<p>Toutes les licences que nous vendons sont multilingues. Cela signifie que le programme peut \u00eatre affich\u00e9 dans 124 langues diff\u00e9rentes.<br \/>\nToutes les langues populaires sont disponibles (n\u00e9erlandais, anglais, allemand, fran\u00e7ais, etc.)<\/p>\n<p>&nbsp;<\/p>\n<\/div>\n<\/div>\n<\/div>\n<\/div>\n<\/div>\n<\/section>\n<section class=\"elementor-section elementor-inner-section elementor-element elementor-element-209c690 elementor-section-boxed elementor-section-height-default elementor-section-height-default\" data-id=\"209c690\" data-element_type=\"section\" data-settings=\"{\">\n<div class=\"elementor-container elementor-column-gap-default\">\n<div class=\"elementor-column elementor-col-100 elementor-inner-column elementor-element elementor-element-a9d7723\" data-id=\"a9d7723\" data-element_type=\"column\" data-settings=\"{\">\n<div class=\"elementor-widget-wrap elementor-element-populated\">\n<div class=\"elementor-element elementor-element-14aa7b2 elementor-widget elementor-widget-heading\" data-id=\"14aa7b2\" data-element_type=\"widget\" data-widget_type=\"heading.default\">\n<div class=\"elementor-widget-container\">\n<h2 class=\"elementor-heading-title elementor-size-default\">Caract\u00e9ristiques et d\u00e9tails<\/h2>\n<\/div>\n<\/div>\n<div class=\"elementor-element elementor-element-81e827a fad-box elementor-widget elementor-widget-jet-listing-dynamic-repeater\" data-id=\"81e827a\" data-element_type=\"widget\" data-widget_type=\"jet-listing-dynamic-repeater.default\">\n<div class=\"elementor-widget-container\">\n<div class=\"jet-listing jet-listing-dynamic-repeater\">\n<div class=\"jet-listing-dynamic-repeater__items \">\n<div class=\"jet-listing-dynamic-repeater__item\">ProgrammesMicrosoft Excel | Microsoft PowerPoint | Microsoft Word (en anglais seulement) | Microsoft OneNote<\/div>\n<\/div>\n<\/div>\n<\/div>\n<\/div>\n<\/div>\n<\/div>\n<\/div>\n<\/section>\n<section class=\"elementor-section elementor-inner-section elementor-element elementor-element-2c09ddc elementor-section-boxed elementor-section-height-default elementor-section-height-default\" data-id=\"2c09ddc\" data-element_type=\"section\" data-settings=\"{\">\n<div class=\"elementor-container elementor-column-gap-default\">\n<div class=\"elementor-column elementor-col-100 elementor-inner-column elementor-element elementor-element-a8cd528\" data-id=\"a8cd528\" data-element_type=\"column\" data-settings=\"{\">\n<div class=\"elementor-widget-wrap elementor-element-populated\">\n<div class=\"elementor-element elementor-element-5e1c03c elementor-widget elementor-widget-heading\" data-id=\"5e1c03c\" data-element_type=\"widget\" data-widget_type=\"heading.default\">\n<div class=\"elementor-widget-container\">\n<h2 class=\"elementor-heading-title elementor-size-default\">Sp\u00e9cifications requises<\/h2>\n<\/div>\n<\/div>\n<div class=\"elementor-element elementor-element-7790111 fad-box elementor-widget elementor-widget-jet-listing-dynamic-repeater\" data-id=\"7790111\" data-element_type=\"widget\" data-widget_type=\"jet-listing-dynamic-repeater.default\">\n<div class=\"elementor-widget-container\">\n<div class=\"jet-listing jet-listing-dynamic-repeater\">\n<div class=\"jet-listing-dynamic-repeater__items \">\n<div class=\"jet-listing-dynamic-repeater__item\">Configuration requise pour le processeur1GHZ<\/div>\n<div class=\"jet-listing-dynamic-repeater__item\">Espace disque minimum4000MB<\/div>\n<div class=\"jet-listing-dynamic-repeater__item\">Configuration requiseWindows 10 ou 11<\/div>\n<div class=\"jet-listing-dynamic-repeater__item\">Version de l\u2019embout64\/32 bits<\/div>\n<\/div>\n<\/div>\n<\/div>\n<\/div>\n<\/div>\n<\/div>\n<\/div>\n<\/section>\n","protected":false},"excerpt":{"rendered":"<p>Office Famille et \u00c9tudiant 2019 comprend les programmes suivants<br \/>\nWord 2019<br \/>\nExcel 2019 (en anglais seulement)<br \/>\nPowerpoint 2019 (en anglais seulement)<br \/>\nOneNote 2019<\/p>\n<p>Ce package ne peut \u00eatre install\u00e9 que sur 1 PC.<br \/>\nCe forfait est un achat unique.<br \/>\nEnvoy\u00e9 dans les 5 \u00e0 10 minutes par e-mail.<\/p>\n<p>&nbsp;<\/p>\n<p>&nbsp;<\/p>\n","protected":false},"featured_media":7147,"comment_status":"open","ping_status":"closed","template":"","meta":[],"product_brand":[],"product_cat":[69],"product_tag":[],"class_list":{"0":"post-7467","1":"product","2":"type-product","3":"status-publish","4":"has-post-thumbnail","6":"product_cat-office-2019","8":"first","9":"instock","10":"virtual","11":"taxable","12":"purchasable","13":"product-type-simple"},"yoast_head":"<!-- This site is optimized with the Yoast SEO plugin v27.2 - https:\/\/yoast.com\/product\/yoast-seo-wordpress\/ -->\n<title>Vous voulez acheter Microsoft Office Famille et \u00c9tudiant 2019 ? - Licenses4US<\/title>\n<meta name=\"description\" content=\"Microsoft Office Famille et \u00c9tudiant 2019 pour PC en vente. Plusieurs langues dans une licence \u00e0 vie. Avec ce package Office, vous avez acc\u00e8s \u00e0 Word, Excel, Powerpoint.\" \/>\n<meta name=\"robots\" content=\"index, follow, max-snippet:-1, max-image-preview:large, max-video-preview:-1\" \/>\n<link rel=\"canonical\" href=\"https:\/\/licenses4us.com\/fr\/produit\/microsoft-office-famille-et-etudiant-2019\/\" \/>\n<meta property=\"og:locale\" content=\"fr_FR\" \/>\n<meta property=\"og:type\" content=\"article\" \/>\n<meta property=\"og:title\" content=\"Vous voulez acheter Microsoft Office Famille et \u00c9tudiant 2019 ? - Licenses4US\" \/>\n<meta property=\"og:description\" content=\"Microsoft Office Famille et \u00c9tudiant 2019 pour PC en vente. Plusieurs langues dans une licence \u00e0 vie. Avec ce package Office, vous avez acc\u00e8s \u00e0 Word, Excel, Powerpoint.\" \/>\n<meta property=\"og:url\" content=\"https:\/\/licenses4us.com\/fr\/produit\/microsoft-office-famille-et-etudiant-2019\/\" \/>\n<meta property=\"og:site_name\" content=\"Licenses4US\" \/>\n<meta property=\"article:modified_time\" content=\"2024-03-24T21:33:39+00:00\" \/>\n<meta property=\"og:image\" content=\"https:\/\/licenses4us.com\/wp-content\/uploads\/2022\/10\/Microsoft-Office-2019-Home-and-Student.webp\" \/>\n\t<meta property=\"og:image:width\" content=\"1000\" \/>\n\t<meta property=\"og:image:height\" content=\"1000\" \/>\n\t<meta property=\"og:image:type\" content=\"image\/webp\" \/>\n<meta name=\"twitter:card\" content=\"summary_large_image\" \/>\n<meta name=\"twitter:label1\" content=\"Dur\u00e9e de lecture estim\u00e9e\" \/>\n\t<meta name=\"twitter:data1\" content=\"2 minutes\" \/>\n<script type=\"application\/ld+json\" class=\"yoast-schema-graph\">{\"@context\":\"https:\/\/schema.org\",\"@graph\":[{\"@type\":\"WebPage\",\"@id\":\"https:\/\/licenses4us.com\/fr\/produit\/microsoft-office-famille-et-etudiant-2019\/\",\"url\":\"https:\/\/licenses4us.com\/fr\/produit\/microsoft-office-famille-et-etudiant-2019\/\",\"name\":\"Vous voulez acheter Microsoft Office Famille et \u00c9tudiant 2019 ? - Licenses4US\",\"isPartOf\":{\"@id\":\"https:\/\/licenses4us.com\/fr\/#website\"},\"primaryImageOfPage\":{\"@id\":\"https:\/\/licenses4us.com\/fr\/produit\/microsoft-office-famille-et-etudiant-2019\/#primaryimage\"},\"image\":{\"@id\":\"https:\/\/licenses4us.com\/fr\/produit\/microsoft-office-famille-et-etudiant-2019\/#primaryimage\"},\"thumbnailUrl\":\"https:\/\/licenses4us.com\/wp-content\/uploads\/2022\/10\/Microsoft-Office-2019-Home-and-Student.webp\",\"datePublished\":\"2022-04-13T07:21:31+00:00\",\"dateModified\":\"2024-03-24T21:33:39+00:00\",\"description\":\"Microsoft Office Famille et \u00c9tudiant 2019 pour PC en vente. Plusieurs langues dans une licence \u00e0 vie. Avec ce package Office, vous avez acc\u00e8s \u00e0 Word, Excel, Powerpoint.\",\"breadcrumb\":{\"@id\":\"https:\/\/licenses4us.com\/fr\/produit\/microsoft-office-famille-et-etudiant-2019\/#breadcrumb\"},\"inLanguage\":\"fr-FR\",\"potentialAction\":[{\"@type\":\"ReadAction\",\"target\":[\"https:\/\/licenses4us.com\/fr\/produit\/microsoft-office-famille-et-etudiant-2019\/\"]}]},{\"@type\":\"ImageObject\",\"inLanguage\":\"fr-FR\",\"@id\":\"https:\/\/licenses4us.com\/fr\/produit\/microsoft-office-famille-et-etudiant-2019\/#primaryimage\",\"url\":\"https:\/\/licenses4us.com\/wp-content\/uploads\/2022\/10\/Microsoft-Office-2019-Home-and-Student.webp\",\"contentUrl\":\"https:\/\/licenses4us.com\/wp-content\/uploads\/2022\/10\/Microsoft-Office-2019-Home-and-Student.webp\",\"width\":1000,\"height\":1000,\"caption\":\"Microsoft Office 2019 Famille et \u00c9tudiant.\"},{\"@type\":\"BreadcrumbList\",\"@id\":\"https:\/\/licenses4us.com\/fr\/produit\/microsoft-office-famille-et-etudiant-2019\/#breadcrumb\",\"itemListElement\":[{\"@type\":\"ListItem\",\"position\":1,\"name\":\"Home\",\"item\":\"https:\/\/licenses4us.com\/fr\/\"},{\"@type\":\"ListItem\",\"position\":2,\"name\":\"Boutique\",\"item\":\"https:\/\/licenses4us.com\/fr\/boutique\/\"},{\"@type\":\"ListItem\",\"position\":3,\"name\":\"Microsoft Office Famille et \u00c9tudiant 2019\"}]},{\"@type\":\"WebSite\",\"@id\":\"https:\/\/licenses4us.com\/fr\/#website\",\"url\":\"https:\/\/licenses4us.com\/fr\/\",\"name\":\"Licenses4US\",\"description\":\"De goedkoopste licenties\",\"publisher\":{\"@id\":\"https:\/\/licenses4us.com\/fr\/#organization\"},\"potentialAction\":[{\"@type\":\"SearchAction\",\"target\":{\"@type\":\"EntryPoint\",\"urlTemplate\":\"https:\/\/licenses4us.com\/fr\/?s={search_term_string}\"},\"query-input\":{\"@type\":\"PropertyValueSpecification\",\"valueRequired\":true,\"valueName\":\"search_term_string\"}}],\"inLanguage\":\"fr-FR\"},{\"@type\":\"Organization\",\"@id\":\"https:\/\/licenses4us.com\/fr\/#organization\",\"name\":\"Licenses4Us\",\"url\":\"https:\/\/licenses4us.com\/fr\/\",\"logo\":{\"@type\":\"ImageObject\",\"inLanguage\":\"fr-FR\",\"@id\":\"https:\/\/licenses4us.com\/fr\/#\/schema\/logo\/image\/\",\"url\":\"https:\/\/licenses4us.com\/wp-content\/uploads\/2022\/02\/Licenses4us_alpha.png\",\"contentUrl\":\"https:\/\/licenses4us.com\/wp-content\/uploads\/2022\/02\/Licenses4us_alpha.png\",\"width\":2000,\"height\":600,\"caption\":\"Licenses4Us\"},\"image\":{\"@id\":\"https:\/\/licenses4us.com\/fr\/#\/schema\/logo\/image\/\"}}]}<\/script>\n<!-- \/ Yoast SEO plugin. -->","yoast_head_json":{"title":"Vous voulez acheter Microsoft Office Famille et \u00c9tudiant 2019 ? - Licenses4US","description":"Microsoft Office Famille et \u00c9tudiant 2019 pour PC en vente. Plusieurs langues dans une licence \u00e0 vie. Avec ce package Office, vous avez acc\u00e8s \u00e0 Word, Excel, Powerpoint.","robots":{"index":"index","follow":"follow","max-snippet":"max-snippet:-1","max-image-preview":"max-image-preview:large","max-video-preview":"max-video-preview:-1"},"canonical":"https:\/\/licenses4us.com\/fr\/produit\/microsoft-office-famille-et-etudiant-2019\/","og_locale":"fr_FR","og_type":"article","og_title":"Vous voulez acheter Microsoft Office Famille et \u00c9tudiant 2019 ? - Licenses4US","og_description":"Microsoft Office Famille et \u00c9tudiant 2019 pour PC en vente. Plusieurs langues dans une licence \u00e0 vie. Avec ce package Office, vous avez acc\u00e8s \u00e0 Word, Excel, Powerpoint.","og_url":"https:\/\/licenses4us.com\/fr\/produit\/microsoft-office-famille-et-etudiant-2019\/","og_site_name":"Licenses4US","article_modified_time":"2024-03-24T21:33:39+00:00","og_image":[{"width":1000,"height":1000,"url":"https:\/\/licenses4us.com\/wp-content\/uploads\/2022\/10\/Microsoft-Office-2019-Home-and-Student.webp","type":"image\/webp"}],"twitter_card":"summary_large_image","twitter_misc":{"Dur\u00e9e de lecture estim\u00e9e":"2 minutes"},"schema":{"@context":"https:\/\/schema.org","@graph":[{"@type":"WebPage","@id":"https:\/\/licenses4us.com\/fr\/produit\/microsoft-office-famille-et-etudiant-2019\/","url":"https:\/\/licenses4us.com\/fr\/produit\/microsoft-office-famille-et-etudiant-2019\/","name":"Vous voulez acheter Microsoft Office Famille et \u00c9tudiant 2019 ? - Licenses4US","isPartOf":{"@id":"https:\/\/licenses4us.com\/fr\/#website"},"primaryImageOfPage":{"@id":"https:\/\/licenses4us.com\/fr\/produit\/microsoft-office-famille-et-etudiant-2019\/#primaryimage"},"image":{"@id":"https:\/\/licenses4us.com\/fr\/produit\/microsoft-office-famille-et-etudiant-2019\/#primaryimage"},"thumbnailUrl":"https:\/\/licenses4us.com\/wp-content\/uploads\/2022\/10\/Microsoft-Office-2019-Home-and-Student.webp","datePublished":"2022-04-13T07:21:31+00:00","dateModified":"2024-03-24T21:33:39+00:00","description":"Microsoft Office Famille et \u00c9tudiant 2019 pour PC en vente. Plusieurs langues dans une licence \u00e0 vie. Avec ce package Office, vous avez acc\u00e8s \u00e0 Word, Excel, Powerpoint.","breadcrumb":{"@id":"https:\/\/licenses4us.com\/fr\/produit\/microsoft-office-famille-et-etudiant-2019\/#breadcrumb"},"inLanguage":"fr-FR","potentialAction":[{"@type":"ReadAction","target":["https:\/\/licenses4us.com\/fr\/produit\/microsoft-office-famille-et-etudiant-2019\/"]}]},{"@type":"ImageObject","inLanguage":"fr-FR","@id":"https:\/\/licenses4us.com\/fr\/produit\/microsoft-office-famille-et-etudiant-2019\/#primaryimage","url":"https:\/\/licenses4us.com\/wp-content\/uploads\/2022\/10\/Microsoft-Office-2019-Home-and-Student.webp","contentUrl":"https:\/\/licenses4us.com\/wp-content\/uploads\/2022\/10\/Microsoft-Office-2019-Home-and-Student.webp","width":1000,"height":1000,"caption":"Microsoft Office 2019 Famille et \u00c9tudiant."},{"@type":"BreadcrumbList","@id":"https:\/\/licenses4us.com\/fr\/produit\/microsoft-office-famille-et-etudiant-2019\/#breadcrumb","itemListElement":[{"@type":"ListItem","position":1,"name":"Home","item":"https:\/\/licenses4us.com\/fr\/"},{"@type":"ListItem","position":2,"name":"Boutique","item":"https:\/\/licenses4us.com\/fr\/boutique\/"},{"@type":"ListItem","position":3,"name":"Microsoft Office Famille et \u00c9tudiant 2019"}]},{"@type":"WebSite","@id":"https:\/\/licenses4us.com\/fr\/#website","url":"https:\/\/licenses4us.com\/fr\/","name":"Licenses4US","description":"De goedkoopste licenties","publisher":{"@id":"https:\/\/licenses4us.com\/fr\/#organization"},"potentialAction":[{"@type":"SearchAction","target":{"@type":"EntryPoint","urlTemplate":"https:\/\/licenses4us.com\/fr\/?s={search_term_string}"},"query-input":{"@type":"PropertyValueSpecification","valueRequired":true,"valueName":"search_term_string"}}],"inLanguage":"fr-FR"},{"@type":"Organization","@id":"https:\/\/licenses4us.com\/fr\/#organization","name":"Licenses4Us","url":"https:\/\/licenses4us.com\/fr\/","logo":{"@type":"ImageObject","inLanguage":"fr-FR","@id":"https:\/\/licenses4us.com\/fr\/#\/schema\/logo\/image\/","url":"https:\/\/licenses4us.com\/wp-content\/uploads\/2022\/02\/Licenses4us_alpha.png","contentUrl":"https:\/\/licenses4us.com\/wp-content\/uploads\/2022\/02\/Licenses4us_alpha.png","width":2000,"height":600,"caption":"Licenses4Us"},"image":{"@id":"https:\/\/licenses4us.com\/fr\/#\/schema\/logo\/image\/"}}]}},"_links":{"self":[{"href":"https:\/\/licenses4us.com\/fr\/wp-json\/wp\/v2\/product\/7467","targetHints":{"allow":["GET"]}}],"collection":[{"href":"https:\/\/licenses4us.com\/fr\/wp-json\/wp\/v2\/product"}],"about":[{"href":"https:\/\/licenses4us.com\/fr\/wp-json\/wp\/v2\/types\/product"}],"replies":[{"embeddable":true,"href":"https:\/\/licenses4us.com\/fr\/wp-json\/wp\/v2\/comments?post=7467"}],"wp:featuredmedia":[{"embeddable":true,"href":"https:\/\/licenses4us.com\/fr\/wp-json\/wp\/v2\/media\/7147"}],"wp:attachment":[{"href":"https:\/\/licenses4us.com\/fr\/wp-json\/wp\/v2\/media?parent=7467"}],"wp:term":[{"taxonomy":"product_brand","embeddable":true,"href":"https:\/\/licenses4us.com\/fr\/wp-json\/wp\/v2\/product_brand?post=7467"},{"taxonomy":"product_cat","embeddable":true,"href":"https:\/\/licenses4us.com\/fr\/wp-json\/wp\/v2\/product_cat?post=7467"},{"taxonomy":"product_tag","embeddable":true,"href":"https:\/\/licenses4us.com\/fr\/wp-json\/wp\/v2\/product_tag?post=7467"}],"curies":[{"name":"wp","href":"https:\/\/api.w.org\/{rel}","templated":true}]}}