{"id":7452,"date":"2022-04-15T09:22:17","date_gmt":"2022-04-15T07:22:17","guid":{"rendered":"https:\/\/licenses4us.com\/product\/microsoft-office-professionnel-plus-2019\/"},"modified":"2024-03-24T23:33:49","modified_gmt":"2024-03-24T21:33:49","slug":"microsoft-office-professionnel-plus-2019","status":"publish","type":"product","link":"https:\/\/licenses4us.com\/fr\/produit\/microsoft-office-professionnel-plus-2019\/","title":{"rendered":"Microsoft Office Professionnel Plus 2019"},"content":{"rendered":"<section class=\"elementor-section elementor-inner-section elementor-element elementor-element-a73dcc3 elementor-section-boxed elementor-section-height-default elementor-section-height-default\" data-id=\"a73dcc3\" data-element_type=\"section\" data-settings=\"{\">\n<div class=\"elementor-container elementor-column-gap-default\">\n<div class=\"elementor-column elementor-col-100 elementor-inner-column elementor-element elementor-element-945d51e\" data-id=\"945d51e\" data-element_type=\"column\" data-settings=\"{\">\n<div class=\"elementor-widget-wrap elementor-element-populated\">\n<div class=\"elementor-element elementor-element-a137928 product_descriptions elementor-widget elementor-widget-text-editor\" data-id=\"a137928\" data-element_type=\"widget\" data-widget_type=\"text-editor.default\">\n<div class=\"elementor-widget-container\">\n<h2>Acheter Office 2019 ?<\/h2>\n<p><strong>Vous souhaitez acheter Microsoft Office<\/strong><strong> Professionnel plus 2019 mais <\/strong><strong>sans abonnement ? <\/strong><strong>Dans ce cas, vous pouvez commander la derni\u00e8re version d\u2019Office <\/strong><strong>Professionnel plus 2019 aupr\u00e8s de Microsoft ici.<br \/>\n<\/strong><strong>Apr\u00e8s l\u2019achat, vous pouvez imm\u00e9diatement commencer \u00e0 utiliser les applications bien connues d\u2019Office telles que Word, Excel, PowerPoint et Outlook. Des licences fiables, l\u00e9gales et professionnelles sans abonnement \u00e0 un prix tr\u00e8s attractif.<br \/>\n<\/strong><\/p>\n<p>Ce package Office 2019 comprend les programmes suivants :<br \/>\nAcc\u00e8s<br \/>\nExceller<br \/>\nOneNote (en anglais)<br \/>\nPerspective<br \/>\nPr\u00e9sentation PowerPoint<br \/>\n\u00c9diteur<br \/>\nWord<br \/>\nSkype pour les entreprises<\/p>\n<h3><strong>Activation en ligne facile, rapide et fiable<\/strong><strong>.<\/strong><\/h3>\n<p>Microsoft <strong>Professional plus 2019<\/strong> est tr\u00e8s facile \u00e0 installer, apr\u00e8s l\u2019achat, vous recevrez un e-mail dans les 5 minutes avec votre code de licence avec guide d\u2019installation.<br \/>\nCelui-ci contient un lien qui vous permet d\u2019acc\u00e9der au site d\u2019activation d\u2019Office (<a href=\"https:\/\/setup.office.com\/\">https:\/\/setup.office.com\/<\/a>) ou de le t\u00e9l\u00e9charger.<br \/>\nD\u00e8s que la licence a \u00e9t\u00e9 v\u00e9rifi\u00e9e, vous serez imm\u00e9diatement guid\u00e9 vers votre environnement Microsoft Office o\u00f9 vous pourrez afficher et t\u00e9l\u00e9charger la licence.<\/p>\n<h3><b>Type de licence :<br \/>\n<\/b><\/h3>\n<p>Nous vendons 3 types de licences bureautiques : Bind, Online et Phone Activation.<\/p>\n<p>Toutes nos licences \u00ab Lier \u00bb sont des licences qui sont li\u00e9es \u00e0 votre compte Microsoft via <a href=\"http:\/\/setup.office.com\">https:\/\/setup.office.com<\/a><\/p>\n<p>Cela signifie, contrairement \u00e0 d\u2019autres sites Web, que la licence peut \u00eatre r\u00e9install\u00e9e en cas de perte\/casse d\u2019un ordinateur. Il est \u00e9galement possible d\u2019emporter la licence avec vous sur un autre ordinateur. Notez qu&rsquo;il ne peut y avoir qu&rsquo;une seule licence active.<\/p>\n<p>Avec notre licence \u00ab\u00a0Online\u00a0\u00bb, vous pouvez t\u00e9l\u00e9charger et activer le logiciel via <a href=\"https:\/\/setup.office.com\">https:\/\/setup.office.com<\/a> , mais la licence n\u2019est pas li\u00e9e \u00e0 votre compte Microsoft.<\/p>\n<p>Gr\u00e2ce \u00e0 notre licence \u00ab\u00a0Activation du t\u00e9l\u00e9phone\u00a0\u00bb, vous pouvez t\u00e9l\u00e9charger un logiciel, d\u00e8s qu\u2019il est t\u00e9l\u00e9charg\u00e9, vous pouvez ouvrir une application (Word, Excel, Outlook) apr\u00e8s quoi il vous sera demand\u00e9 de l\u2019activer de 2 mani\u00e8res. Dans ce cas, vous choisissez de le faire par t\u00e9l\u00e9phone.<\/p>\n<h3><strong>Votre cl\u00e9 de licence directement dans votre bo\u00eete mail<\/strong><\/h3>\n<p>D\u00e8s r\u00e9ception de votre paiement, la cl\u00e9 de licence sera envoy\u00e9e \u00e0 l\u2019adresse e-mail que vous avez fournie.<br \/>\nLa cl\u00e9 de licence est envoy\u00e9e automatiquement afin que vous n\u2019ayez jamais \u00e0 attendre une action manuelle.<\/p>\n<h3><strong>Toutes les langues pr\u00e9sentes.<\/strong><\/h3>\n<p>Toutes les licences que nous vendons sont multilingues. Cela signifie que les programmes peuvent \u00eatre affich\u00e9s dans 124 langues diff\u00e9rentes.<br \/>\nToutes les langues populaires sont disponibles (n\u00e9erlandais, anglais, allemand, fran\u00e7ais, etc.)<\/p>\n<h3><strong>T\u00e9l\u00e9charger Office 2019 ?<\/strong><\/h3>\n<p>Assurez-vous d\u2019avoir une copie de <a href=\"http:\/\/localhost\/nust\/category\/windows10\/\">Windows 10<\/a> ou <a href=\"http:\/\/localhost\/nust\/category\/windows11\/\">Windows 11<\/a> sur votre ordinateur lors de l\u2019installation.<br \/>\nCe produit n\u2019est pas destin\u00e9 \u00e0 l\u2019iMac.<\/p>\n<\/div>\n<\/div>\n<\/div>\n<\/div>\n<\/div>\n<\/section>\n<section class=\"elementor-section elementor-inner-section elementor-element elementor-element-209c690 elementor-section-boxed elementor-section-height-default elementor-section-height-default\" data-id=\"209c690\" data-element_type=\"section\" data-settings=\"{\">\n<div class=\"elementor-container elementor-column-gap-default\">\n<div class=\"elementor-column elementor-col-100 elementor-inner-column elementor-element elementor-element-a9d7723\" data-id=\"a9d7723\" data-element_type=\"column\" data-settings=\"{\">\n<div class=\"elementor-widget-wrap elementor-element-populated\">\n<div class=\"elementor-element elementor-element-14aa7b2 elementor-widget elementor-widget-heading\" data-id=\"14aa7b2\" data-element_type=\"widget\" data-widget_type=\"heading.default\">\n<div class=\"elementor-widget-container\">\n<h2 class=\"elementor-heading-title elementor-size-default\">Caract\u00e9ristiques et d\u00e9tails :<\/h2>\n<\/div>\n<\/div>\n<div class=\"elementor-element elementor-element-81e827a fad-box elementor-widget elementor-widget-jet-listing-dynamic-repeater\" data-id=\"81e827a\" data-element_type=\"widget\" data-widget_type=\"jet-listing-dynamic-repeater.default\">\n<div class=\"elementor-widget-container\">\n<div class=\"jet-listing jet-listing-dynamic-repeater\">\n<div class=\"jet-listing-dynamic-repeater__items \">\n<div class=\"jet-listing-dynamic-repeater__item\">ProgrammesMicrosoft Word | Microsoft Excel (en anglais seulement) | Microsoft PowerPoint | Microsoft OneNote | Perspectives | Editeur | Acc\u00e8s | Skype Entreprise<\/div>\n<\/div>\n<\/div>\n<\/div>\n<\/div>\n<\/div>\n<\/div>\n<\/div>\n<\/section>\n<section class=\"elementor-section elementor-inner-section elementor-element elementor-element-2c09ddc elementor-section-boxed elementor-section-height-default elementor-section-height-default\" data-id=\"2c09ddc\" data-element_type=\"section\" data-settings=\"{\">\n<div class=\"elementor-container elementor-column-gap-default\">\n<div class=\"elementor-column elementor-col-100 elementor-inner-column elementor-element elementor-element-a8cd528\" data-id=\"a8cd528\" data-element_type=\"column\" data-settings=\"{\">\n<div class=\"elementor-widget-wrap elementor-element-populated\">\n<div class=\"elementor-element elementor-element-5e1c03c elementor-widget elementor-widget-heading\" data-id=\"5e1c03c\" data-element_type=\"widget\" data-widget_type=\"heading.default\">\n<div class=\"elementor-widget-container\">\n<h2 class=\"elementor-heading-title elementor-size-default\">Sp\u00e9cification requise\u00a0:<\/h2>\n<\/div>\n<\/div>\n<div class=\"elementor-element elementor-element-7790111 fad-box elementor-widget elementor-widget-jet-listing-dynamic-repeater\" data-id=\"7790111\" data-element_type=\"widget\" data-widget_type=\"jet-listing-dynamic-repeater.default\">\n<div class=\"elementor-widget-container\">\n<div class=\"jet-listing jet-listing-dynamic-repeater\">\n<div class=\"jet-listing-dynamic-repeater__items \">\n<div class=\"jet-listing-dynamic-repeater__item\">Configuration requise pour le processeur : Processeur 2 c\u0153urs 1,6 GHz<\/div>\n<div class=\"jet-listing-dynamic-repeater__item\">Espace disque minimum 4000 Mo<\/div>\n<div class=\"jet-listing-dynamic-repeater__item\">Configuration requise : Windows 10 ou Windows 11<\/div>\n<div class=\"jet-listing-dynamic-repeater__item\">Version de bit 64\/32 bit<\/div>\n<\/div>\n<\/div>\n<\/div>\n<\/div>\n<\/div>\n<\/div>\n<\/div>\n<\/section>\n<div class=\"notranslate\" style=\"all: initial;\"><\/div>\n","protected":false},"excerpt":{"rendered":"<div class=\"elementor-element elementor-element-7047e2d elementor-widget elementor-widget-woocommerce-product-short-description\" data-id=\"7047e2d\" data-element_type=\"widget\" data-widget_type=\"woocommerce-product-short-description.default\">\n<div class=\"elementor-widget-container\">\n<div class=\"woocommerce-product-details__short-description\">\n<h2>Microsoft Office Professionnel Plus 2019<\/h2>\n<p>Apr\u00e8s votre paiement, vous recevrez imm\u00e9diatement le code d&rsquo;activation dans votre bo\u00eete aux lettres, ainsi que le lien de t\u00e9l\u00e9chargement et le manuel.<\/p>\n<p>\u2013 L\u2019activation et le t\u00e9l\u00e9chargement se font via le site web de Microsoft Office, cliquez <a href=\"https:\/\/setup.office.com\/\">ici.<\/a><br \/>\n\u2013 Achat unique, pas de frais mensuels.<br \/>\n\u2013 Disponible en 32\/64 bits.<br \/>\n\u2013 Disponible en 29 langues, dont le n\u00e9erlandais et l\u2019anglais.<\/p>\n<p>Cette version ne convient qu&rsquo;au PC. Pour un logiciel similaire pour Mac OS, cliquez <a href=\"https:\/\/licenses4us.com\/product\/microsoft-office-home-en-business-2019\/\">ici<\/a>.<\/p>\n<p>PS : Toutes nos licences Office sont r\u00e9ellement des licences permanentes et sont li\u00e9es \u00e0 votre compte Microsoft, contrairement \u00e0 d&rsquo;autres sites web.<br \/>\nCela signifie que si vous n&rsquo;avez plus acc\u00e8s \u00e0 votre ordinateur portable\/ordinateur, vous pouvez t\u00e9l\u00e9charger \u00e0 nouveau le logiciel \u00e0 partir de votre compte Microsoft Office.<\/p>\n<\/div>\n<\/div>\n<\/div>\n<p>&nbsp;<\/p>\n","protected":false},"featured_media":7148,"comment_status":"open","ping_status":"closed","template":"","meta":[],"product_brand":[],"product_cat":[69],"product_tag":[],"class_list":{"0":"post-7452","1":"product","2":"type-product","3":"status-publish","4":"has-post-thumbnail","6":"product_cat-office-2019","8":"first","9":"instock","10":"taxable","11":"shipping-taxable","12":"purchasable","13":"product-type-variable"},"yoast_head":"<!-- This site is optimized with the Yoast SEO plugin v27.2 - https:\/\/yoast.com\/product\/yoast-seo-wordpress\/ -->\n<title>Microsoft Office Professionnel Plus 2019 \u00e0 vendre - Licenses4US %.<\/title>\n<meta name=\"description\" content=\"Le pack Office le moins cher pour Windows 10. Apr\u00e8s avoir activ\u00e9 votre compte Microsoft, vous pouvez commencer \u00e0 utiliser Word, Excel, Outlook, Powerpoint, etc.\" \/>\n<meta name=\"robots\" content=\"index, follow, max-snippet:-1, max-image-preview:large, max-video-preview:-1\" \/>\n<link rel=\"canonical\" href=\"https:\/\/licenses4us.com\/fr\/produit\/microsoft-office-professionnel-plus-2019\/\" \/>\n<meta property=\"og:locale\" content=\"fr_FR\" \/>\n<meta property=\"og:type\" content=\"article\" \/>\n<meta property=\"og:title\" content=\"Microsoft Office Professionnel Plus 2019 \u00e0 vendre - Licenses4US %.\" \/>\n<meta property=\"og:description\" content=\"Le pack Office le moins cher pour Windows 10. Apr\u00e8s avoir activ\u00e9 votre compte Microsoft, vous pouvez commencer \u00e0 utiliser Word, Excel, Outlook, Powerpoint, etc.\" \/>\n<meta property=\"og:url\" content=\"https:\/\/licenses4us.com\/fr\/produit\/microsoft-office-professionnel-plus-2019\/\" \/>\n<meta property=\"og:site_name\" content=\"Licenses4US\" \/>\n<meta property=\"article:modified_time\" content=\"2024-03-24T21:33:49+00:00\" \/>\n<meta property=\"og:image\" content=\"https:\/\/licenses4us.com\/wp-content\/uploads\/2022\/10\/Microsoft-Office-2019-Professional-Plus.webp\" \/>\n\t<meta property=\"og:image:width\" content=\"1024\" \/>\n\t<meta property=\"og:image:height\" content=\"1024\" \/>\n\t<meta property=\"og:image:type\" content=\"image\/webp\" \/>\n<meta name=\"twitter:card\" content=\"summary_large_image\" \/>\n<meta name=\"twitter:label1\" content=\"Dur\u00e9e de lecture estim\u00e9e\" \/>\n\t<meta name=\"twitter:data1\" content=\"3 minutes\" \/>\n<script type=\"application\/ld+json\" class=\"yoast-schema-graph\">{\"@context\":\"https:\/\/schema.org\",\"@graph\":[{\"@type\":\"WebPage\",\"@id\":\"https:\/\/licenses4us.com\/fr\/produit\/microsoft-office-professionnel-plus-2019\/\",\"url\":\"https:\/\/licenses4us.com\/fr\/produit\/microsoft-office-professionnel-plus-2019\/\",\"name\":\"Microsoft Office Professionnel Plus 2019 \u00e0 vendre - Licenses4US %.\",\"isPartOf\":{\"@id\":\"https:\/\/licenses4us.com\/fr\/#website\"},\"primaryImageOfPage\":{\"@id\":\"https:\/\/licenses4us.com\/fr\/produit\/microsoft-office-professionnel-plus-2019\/#primaryimage\"},\"image\":{\"@id\":\"https:\/\/licenses4us.com\/fr\/produit\/microsoft-office-professionnel-plus-2019\/#primaryimage\"},\"thumbnailUrl\":\"https:\/\/licenses4us.com\/wp-content\/uploads\/2022\/10\/Microsoft-Office-2019-Professional-Plus.webp\",\"datePublished\":\"2022-04-15T07:22:17+00:00\",\"dateModified\":\"2024-03-24T21:33:49+00:00\",\"description\":\"Le pack Office le moins cher pour Windows 10. Apr\u00e8s avoir activ\u00e9 votre compte Microsoft, vous pouvez commencer \u00e0 utiliser Word, Excel, Outlook, Powerpoint, etc.\",\"breadcrumb\":{\"@id\":\"https:\/\/licenses4us.com\/fr\/produit\/microsoft-office-professionnel-plus-2019\/#breadcrumb\"},\"inLanguage\":\"fr-FR\",\"potentialAction\":[{\"@type\":\"ReadAction\",\"target\":[\"https:\/\/licenses4us.com\/fr\/produit\/microsoft-office-professionnel-plus-2019\/\"]}]},{\"@type\":\"ImageObject\",\"inLanguage\":\"fr-FR\",\"@id\":\"https:\/\/licenses4us.com\/fr\/produit\/microsoft-office-professionnel-plus-2019\/#primaryimage\",\"url\":\"https:\/\/licenses4us.com\/wp-content\/uploads\/2022\/10\/Microsoft-Office-2019-Professional-Plus.webp\",\"contentUrl\":\"https:\/\/licenses4us.com\/wp-content\/uploads\/2022\/10\/Microsoft-Office-2019-Professional-Plus.webp\",\"width\":1024,\"height\":1024,\"caption\":\"Microsoft Office 2019 Professionnel plus.\"},{\"@type\":\"BreadcrumbList\",\"@id\":\"https:\/\/licenses4us.com\/fr\/produit\/microsoft-office-professionnel-plus-2019\/#breadcrumb\",\"itemListElement\":[{\"@type\":\"ListItem\",\"position\":1,\"name\":\"Home\",\"item\":\"https:\/\/licenses4us.com\/fr\/\"},{\"@type\":\"ListItem\",\"position\":2,\"name\":\"Boutique\",\"item\":\"https:\/\/licenses4us.com\/fr\/boutique\/\"},{\"@type\":\"ListItem\",\"position\":3,\"name\":\"Microsoft Office Professionnel Plus 2019\"}]},{\"@type\":\"WebSite\",\"@id\":\"https:\/\/licenses4us.com\/fr\/#website\",\"url\":\"https:\/\/licenses4us.com\/fr\/\",\"name\":\"Licenses4US\",\"description\":\"De goedkoopste licenties\",\"publisher\":{\"@id\":\"https:\/\/licenses4us.com\/fr\/#organization\"},\"potentialAction\":[{\"@type\":\"SearchAction\",\"target\":{\"@type\":\"EntryPoint\",\"urlTemplate\":\"https:\/\/licenses4us.com\/fr\/?s={search_term_string}\"},\"query-input\":{\"@type\":\"PropertyValueSpecification\",\"valueRequired\":true,\"valueName\":\"search_term_string\"}}],\"inLanguage\":\"fr-FR\"},{\"@type\":\"Organization\",\"@id\":\"https:\/\/licenses4us.com\/fr\/#organization\",\"name\":\"Licenses4Us\",\"url\":\"https:\/\/licenses4us.com\/fr\/\",\"logo\":{\"@type\":\"ImageObject\",\"inLanguage\":\"fr-FR\",\"@id\":\"https:\/\/licenses4us.com\/fr\/#\/schema\/logo\/image\/\",\"url\":\"https:\/\/licenses4us.com\/wp-content\/uploads\/2022\/02\/Licenses4us_alpha.png\",\"contentUrl\":\"https:\/\/licenses4us.com\/wp-content\/uploads\/2022\/02\/Licenses4us_alpha.png\",\"width\":2000,\"height\":600,\"caption\":\"Licenses4Us\"},\"image\":{\"@id\":\"https:\/\/licenses4us.com\/fr\/#\/schema\/logo\/image\/\"}}]}<\/script>\n<!-- \/ Yoast SEO plugin. -->","yoast_head_json":{"title":"Microsoft Office Professionnel Plus 2019 \u00e0 vendre - Licenses4US %.","description":"Le pack Office le moins cher pour Windows 10. Apr\u00e8s avoir activ\u00e9 votre compte Microsoft, vous pouvez commencer \u00e0 utiliser Word, Excel, Outlook, Powerpoint, etc.","robots":{"index":"index","follow":"follow","max-snippet":"max-snippet:-1","max-image-preview":"max-image-preview:large","max-video-preview":"max-video-preview:-1"},"canonical":"https:\/\/licenses4us.com\/fr\/produit\/microsoft-office-professionnel-plus-2019\/","og_locale":"fr_FR","og_type":"article","og_title":"Microsoft Office Professionnel Plus 2019 \u00e0 vendre - Licenses4US %.","og_description":"Le pack Office le moins cher pour Windows 10. Apr\u00e8s avoir activ\u00e9 votre compte Microsoft, vous pouvez commencer \u00e0 utiliser Word, Excel, Outlook, Powerpoint, etc.","og_url":"https:\/\/licenses4us.com\/fr\/produit\/microsoft-office-professionnel-plus-2019\/","og_site_name":"Licenses4US","article_modified_time":"2024-03-24T21:33:49+00:00","og_image":[{"width":1024,"height":1024,"url":"https:\/\/licenses4us.com\/wp-content\/uploads\/2022\/10\/Microsoft-Office-2019-Professional-Plus.webp","type":"image\/webp"}],"twitter_card":"summary_large_image","twitter_misc":{"Dur\u00e9e de lecture estim\u00e9e":"3 minutes"},"schema":{"@context":"https:\/\/schema.org","@graph":[{"@type":"WebPage","@id":"https:\/\/licenses4us.com\/fr\/produit\/microsoft-office-professionnel-plus-2019\/","url":"https:\/\/licenses4us.com\/fr\/produit\/microsoft-office-professionnel-plus-2019\/","name":"Microsoft Office Professionnel Plus 2019 \u00e0 vendre - Licenses4US %.","isPartOf":{"@id":"https:\/\/licenses4us.com\/fr\/#website"},"primaryImageOfPage":{"@id":"https:\/\/licenses4us.com\/fr\/produit\/microsoft-office-professionnel-plus-2019\/#primaryimage"},"image":{"@id":"https:\/\/licenses4us.com\/fr\/produit\/microsoft-office-professionnel-plus-2019\/#primaryimage"},"thumbnailUrl":"https:\/\/licenses4us.com\/wp-content\/uploads\/2022\/10\/Microsoft-Office-2019-Professional-Plus.webp","datePublished":"2022-04-15T07:22:17+00:00","dateModified":"2024-03-24T21:33:49+00:00","description":"Le pack Office le moins cher pour Windows 10. Apr\u00e8s avoir activ\u00e9 votre compte Microsoft, vous pouvez commencer \u00e0 utiliser Word, Excel, Outlook, Powerpoint, etc.","breadcrumb":{"@id":"https:\/\/licenses4us.com\/fr\/produit\/microsoft-office-professionnel-plus-2019\/#breadcrumb"},"inLanguage":"fr-FR","potentialAction":[{"@type":"ReadAction","target":["https:\/\/licenses4us.com\/fr\/produit\/microsoft-office-professionnel-plus-2019\/"]}]},{"@type":"ImageObject","inLanguage":"fr-FR","@id":"https:\/\/licenses4us.com\/fr\/produit\/microsoft-office-professionnel-plus-2019\/#primaryimage","url":"https:\/\/licenses4us.com\/wp-content\/uploads\/2022\/10\/Microsoft-Office-2019-Professional-Plus.webp","contentUrl":"https:\/\/licenses4us.com\/wp-content\/uploads\/2022\/10\/Microsoft-Office-2019-Professional-Plus.webp","width":1024,"height":1024,"caption":"Microsoft Office 2019 Professionnel plus."},{"@type":"BreadcrumbList","@id":"https:\/\/licenses4us.com\/fr\/produit\/microsoft-office-professionnel-plus-2019\/#breadcrumb","itemListElement":[{"@type":"ListItem","position":1,"name":"Home","item":"https:\/\/licenses4us.com\/fr\/"},{"@type":"ListItem","position":2,"name":"Boutique","item":"https:\/\/licenses4us.com\/fr\/boutique\/"},{"@type":"ListItem","position":3,"name":"Microsoft Office Professionnel Plus 2019"}]},{"@type":"WebSite","@id":"https:\/\/licenses4us.com\/fr\/#website","url":"https:\/\/licenses4us.com\/fr\/","name":"Licenses4US","description":"De goedkoopste licenties","publisher":{"@id":"https:\/\/licenses4us.com\/fr\/#organization"},"potentialAction":[{"@type":"SearchAction","target":{"@type":"EntryPoint","urlTemplate":"https:\/\/licenses4us.com\/fr\/?s={search_term_string}"},"query-input":{"@type":"PropertyValueSpecification","valueRequired":true,"valueName":"search_term_string"}}],"inLanguage":"fr-FR"},{"@type":"Organization","@id":"https:\/\/licenses4us.com\/fr\/#organization","name":"Licenses4Us","url":"https:\/\/licenses4us.com\/fr\/","logo":{"@type":"ImageObject","inLanguage":"fr-FR","@id":"https:\/\/licenses4us.com\/fr\/#\/schema\/logo\/image\/","url":"https:\/\/licenses4us.com\/wp-content\/uploads\/2022\/02\/Licenses4us_alpha.png","contentUrl":"https:\/\/licenses4us.com\/wp-content\/uploads\/2022\/02\/Licenses4us_alpha.png","width":2000,"height":600,"caption":"Licenses4Us"},"image":{"@id":"https:\/\/licenses4us.com\/fr\/#\/schema\/logo\/image\/"}}]}},"_links":{"self":[{"href":"https:\/\/licenses4us.com\/fr\/wp-json\/wp\/v2\/product\/7452","targetHints":{"allow":["GET"]}}],"collection":[{"href":"https:\/\/licenses4us.com\/fr\/wp-json\/wp\/v2\/product"}],"about":[{"href":"https:\/\/licenses4us.com\/fr\/wp-json\/wp\/v2\/types\/product"}],"replies":[{"embeddable":true,"href":"https:\/\/licenses4us.com\/fr\/wp-json\/wp\/v2\/comments?post=7452"}],"wp:featuredmedia":[{"embeddable":true,"href":"https:\/\/licenses4us.com\/fr\/wp-json\/wp\/v2\/media\/7148"}],"wp:attachment":[{"href":"https:\/\/licenses4us.com\/fr\/wp-json\/wp\/v2\/media?parent=7452"}],"wp:term":[{"taxonomy":"product_brand","embeddable":true,"href":"https:\/\/licenses4us.com\/fr\/wp-json\/wp\/v2\/product_brand?post=7452"},{"taxonomy":"product_cat","embeddable":true,"href":"https:\/\/licenses4us.com\/fr\/wp-json\/wp\/v2\/product_cat?post=7452"},{"taxonomy":"product_tag","embeddable":true,"href":"https:\/\/licenses4us.com\/fr\/wp-json\/wp\/v2\/product_tag?post=7452"}],"curies":[{"name":"wp","href":"https:\/\/api.w.org\/{rel}","templated":true}]}}