{"id":7352,"date":"2022-04-10T09:23:32","date_gmt":"2022-04-10T07:23:32","guid":{"rendered":"https:\/\/licenses4us.com\/product\/windows-10-home\/"},"modified":"2022-04-10T09:23:32","modified_gmt":"2022-04-10T07:23:32","slug":"windows-10-home","status":"publish","type":"product","link":"https:\/\/licenses4us.com\/fr\/produit\/windows-10-home\/","title":{"rendered":"Windows 10 Home"},"content":{"rendered":"<section class=\"elementor-section elementor-inner-section elementor-element elementor-element-a73dcc3 elementor-section-boxed elementor-section-height-default elementor-section-height-default\" data-id=\"a73dcc3\" data-element_type=\"section\" data-settings=\"{\"jet_parallax_layout_list\":[]}\">\n<div class=\"elementor-container elementor-column-gap-default\">\n<div class=\"elementor-column elementor-col-100 elementor-inner-column elementor-element elementor-element-945d51e\" data-id=\"945d51e\" data-element_type=\"column\" data-settings=\"{\"background_background\":\"classic\"}\">\n<div class=\"elementor-widget-wrap elementor-element-populated\">\n<div class=\"elementor-element elementor-element-a137928 product_descriptions elementor-widget elementor-widget-text-editor\" data-id=\"a137928\" data-element_type=\"widget\" data-widget_type=\"text-editor.default\">\n<div class=\"elementor-widget-container\">\n<h2>Acheter Windows 10 ?<\/h2>\n<p>Avec Windows 10, les utilisateurs peuvent profiter d&rsquo;une interface famili\u00e8re et d&rsquo;un large \u00e9ventail d&rsquo;applications et de programmes pour r\u00e9pondre \u00e0 leurs besoins. Une fois que vous avez pay\u00e9 la licence Windows, vous recevrez une licence ou une cl\u00e9 \u00e0 l&rsquo;adresse e-mail que vous avez indiqu\u00e9e. Lors de l&rsquo;installation de Windows 10 home, vous devrez saisir la licence ou la cl\u00e9.<\/p>\n<p>Windows 10 Home est destin\u00e9 aux utilisateurs qui souhaitent \u00eatre op\u00e9rationnels le plus rapidement possible avec leur mat\u00e9riel, leurs logiciels et leurs p\u00e9riph\u00e9riques existants. La licence Retail peut \u00eatre li\u00e9e \u00e0 votre compte Microsoft, de sorte que vous pouvez toujours emporter le logiciel sur un autre PC, alors que la licence OEM ne peut \u00eatre utilis\u00e9e que sur un seul PC.<\/p>\n<p>&nbsp;<\/p>\n<h2>Caract\u00e9ristiques de Windows 10 Home<\/h2>\n<p>Windows 10 Home est con\u00e7u sp\u00e9cifiquement pour les utilisateurs domestiques. Avec sa nouvelle interface, Windows combine ce que vous connaissez d\u00e9j\u00e0 avec des am\u00e9liorations qui stimuleront votre productivit\u00e9.<br \/>\nDe nouvelles technologies comme InstantGo et davantage de fonctions de s\u00e9curit\u00e9 int\u00e9gr\u00e9es vous permettent d&rsquo;utiliser votre appareil en tout confort.<br \/>\nVoici quelques-unes de ses caract\u00e9ristiques :<\/p>\n<ul>\n<li>Menu D\u00e9marrer : Windows 10 Home r\u00e9tablit le menu D\u00e9marrer, qui vous permet d&rsquo;acc\u00e9der facilement \u00e0 vos applications, documents et param\u00e8tres.<\/li>\n<li>S\u00e9curit\u00e9 : Windows 10 Home comprend des fonctions de s\u00e9curit\u00e9 avanc\u00e9es telles que Windows Hello, qui vous permet de vous connecter en utilisant la reconnaissance faciale ou les empreintes digitales, et une protection antivirus et anti-malware int\u00e9gr\u00e9e avec Windows Defender.<\/li>\n<li>OneDrive : Windows 10 Home offre une int\u00e9gration transparente avec OneDrive, ce qui vous permet de synchroniser facilement des fichiers et des documents et d&rsquo;acc\u00e9der \u00e0 vos fichiers \u00e0 partir de n&rsquo;importe quel appareil.<\/li>\n<li>Bureaux virtuels : Windows 10 Home vous permet de cr\u00e9er et de g\u00e9rer des bureaux virtuels, ce qui vous permet d&rsquo;avoir plusieurs espaces de travail et de passer facilement d&rsquo;une t\u00e2che \u00e0 l&rsquo;autre.<\/li>\n<\/ul>\n<p>&nbsp;<\/p>\n<h2>T\u00e9l\u00e9charger Windows 10 ?<\/h2>\n<p>Pour t\u00e9l\u00e9charger et installer Windows 10 Home sur votre appareil, votre syst\u00e8me doit r\u00e9pondre aux exigences suivantes :<\/p>\n<ul>\n<li>Processeur : 1 GHz de processeur snellere de SoC (System on a Chip)<\/li>\n<li>M\u00e9moire (RAM) : 2 Go pour la version 64 bits ou 1 Go pour la version 32 bits<\/li>\n<li>Espace de stockage : au moins 20 Go d&rsquo;espace libre sur le disque dur<\/li>\n<li>Carte graphique : compatible avec DirectX 9 ou sup\u00e9rieur, avec un pilote WDDM 1.0<\/li>\n<li>Affichage : R\u00e9solution minimale de 800 x 600 pixels<\/li>\n<\/ul>\n<p>&nbsp;<\/p>\n<p>N&rsquo;oubliez pas qu&rsquo;il s&rsquo;agit de la configuration minimale requise pour installer et utiliser Windows 10.<br \/>\nSi vous souhaitez effectuer des t\u00e2ches exigeantes ou travailler avec des applications, vous aurez peut-\u00eatre besoin de sp\u00e9cifications plus \u00e9lev\u00e9es pour une exp\u00e9rience optimale.<\/p>\n<\/div>\n<\/div>\n<\/div>\n<\/div>\n<\/div>\n<\/section>\n<section class=\"elementor-section elementor-inner-section elementor-element elementor-element-209c690 elementor-section-boxed elementor-section-height-default elementor-section-height-default\" data-id=\"209c690\" data-element_type=\"section\" data-settings=\"{\"jet_parallax_layout_list\":[]}\">\n<div class=\"elementor-container elementor-column-gap-default\">\n<div class=\"elementor-column elementor-col-100 elementor-inner-column elementor-element elementor-element-a9d7723\" data-id=\"a9d7723\" data-element_type=\"column\" data-settings=\"{\"background_background\":\"classic\"}\">\n<div class=\"elementor-widget-wrap elementor-element-populated\">\n<div class=\"elementor-element elementor-element-14aa7b2 elementor-widget elementor-widget-heading\" data-id=\"14aa7b2\" data-element_type=\"widget\" data-widget_type=\"heading.default\">\n<div class=\"elementor-widget-container\">\n<h2 class=\"elementor-heading-title elementor-size-default\">Caract\u00e9ristiques et d\u00e9tails<\/h2>\n<\/div>\n<\/div>\n<div class=\"elementor-element elementor-element-81e827a fad-box elementor-widget elementor-widget-jet-listing-dynamic-repeater\" data-id=\"81e827a\" data-element_type=\"widget\" data-widget_type=\"jet-listing-dynamic-repeater.default\">\n<div class=\"elementor-widget-container\">\n<div class=\"jet-listing jet-listing-dynamic-repeater\">\n<div class=\"jet-listing-dynamic-repeater__items \">\n<div class=\"jet-listing-dynamic-repeater__item\">TalencontainerMultitalig<\/div>\n<\/div>\n<\/div>\n<\/div>\n<\/div>\n<\/div>\n<\/div>\n<\/div>\n<\/section>\n<section class=\"elementor-section elementor-inner-section elementor-element elementor-element-2c09ddc elementor-section-boxed elementor-section-height-default elementor-section-height-default\" data-id=\"2c09ddc\" data-element_type=\"section\" data-settings=\"{\"jet_parallax_layout_list\":[]}\">\n<div class=\"elementor-container elementor-column-gap-default\">\n<div class=\"elementor-column elementor-col-100 elementor-inner-column elementor-element elementor-element-a8cd528\" data-id=\"a8cd528\" data-element_type=\"column\" data-settings=\"{\"background_background\":\"classic\"}\">\n<div class=\"elementor-widget-wrap elementor-element-populated\">\n<div class=\"elementor-element elementor-element-5e1c03c elementor-widget elementor-widget-heading\" data-id=\"5e1c03c\" data-element_type=\"widget\" data-widget_type=\"heading.default\">\n<div class=\"elementor-widget-container\">\n<h2 class=\"elementor-heading-title elementor-size-default\">Sp\u00e9cification requise<\/h2>\n<\/div>\n<\/div>\n<div class=\"elementor-element elementor-element-7790111 fad-box elementor-widget elementor-widget-jet-listing-dynamic-repeater\" data-id=\"7790111\" data-element_type=\"widget\" data-widget_type=\"jet-listing-dynamic-repeater.default\">\n<div class=\"elementor-widget-container\">\n<div class=\"jet-listing jet-listing-dynamic-repeater\">\n<div class=\"jet-listing-dynamic-repeater__items \">\n<div class=\"jet-listing-dynamic-repeater__item\">Configuration requise pour le processeur1 Ghz \u00e0 2 c\u0153urs<\/div>\n<div class=\"jet-listing-dynamic-repeater__item\">Espace disque minimum16000 MB<\/div>\n<div class=\"jet-listing-dynamic-repeater__item\">Configuration requiseVitesse minimale du processeur : 1 GHz| Espace minimal sur le disque dur : 16 Go| RAM minimale requise : 1 Go| DirectX requis| M\u00e9moire RAM recommand\u00e9e : 2048 Mo<\/div>\n<div class=\"jet-listing-dynamic-repeater__item\">Version 32\/64 Bits<\/div>\n<\/div>\n<\/div>\n<\/div>\n<\/div>\n<\/div>\n<\/div>\n<\/div>\n<\/section>\n","protected":false},"excerpt":{"rendered":"<p><strong>Windows 10 Home<\/strong><\/p>\n<p>Windows 10 est un syst\u00e8me d&rsquo;exploitation d\u00e9velopp\u00e9 par Microsoft et adapt\u00e9 \u00e0 diff\u00e9rents appareils. Windows Home est le syst\u00e8me d&rsquo;entr\u00e9e de gamme, id\u00e9al pour commencer \u00e0 travailler chez soi le plus t\u00f4t possible.<br \/>\nWindows 10 Home offre \u00e9galement des fonctions de s\u00e9curit\u00e9 \u00e9tendues, notamment une protection antivirus int\u00e9gr\u00e9e, des mises \u00e0 jour de s\u00e9curit\u00e9 r\u00e9guli\u00e8res et la possibilit\u00e9 d&rsquo;utiliser Windows Hello pour une connexion s\u00e9curis\u00e9e avec la reconnaissance faciale ou les empreintes digitales.<\/p>\n<p>&nbsp;<\/p>\n<p><strong>Ce forfait est un achat unique.<\/strong><br \/>\nDans votre e-mail dans les 5 minutes<strong><br \/>\n<\/strong>Service client\u00e8le 24\/7<strong><br \/>\nGarantie d&rsquo;activation<\/strong>, pas de soucis<br \/>\nLien vers votre compte Microsoft<br \/>\nFacile \u00e0 installer gr\u00e2ce \u00e0 des instructions d\u00e9taill\u00e9es<\/p>\n","protected":false},"featured_media":7141,"comment_status":"open","ping_status":"closed","template":"","meta":[],"product_brand":[],"product_cat":[65],"product_tag":[],"class_list":{"0":"post-7352","1":"product","2":"type-product","3":"status-publish","4":"has-post-thumbnail","6":"product_cat-windows-10","8":"first","9":"instock","10":"sale","11":"taxable","12":"shipping-taxable","13":"purchasable","14":"product-type-variable"},"yoast_head":"<!-- This site is optimized with the Yoast SEO plugin v27.2 - https:\/\/yoast.com\/product\/yoast-seo-wordpress\/ -->\n<title>Windows 10 Home te koop - Licenses4US<\/title>\n<meta name=\"description\" content=\"Acheter une licence Windows 10 Home ? Bon march\u00e9 et direct ! Windows 10, le successeur de Windows 8.1 et 8, am\u00e9liore la s\u00e9curit\u00e9 gr\u00e2ce \u00e0 des solutions compl\u00e8tes.\" \/>\n<meta name=\"robots\" content=\"index, follow, max-snippet:-1, max-image-preview:large, max-video-preview:-1\" \/>\n<link rel=\"canonical\" href=\"https:\/\/licenses4us.com\/fr\/produit\/windows-10-home\/\" \/>\n<meta property=\"og:locale\" content=\"fr_FR\" \/>\n<meta property=\"og:type\" content=\"article\" \/>\n<meta property=\"og:title\" content=\"Windows 10 Home te koop - Licenses4US\" \/>\n<meta property=\"og:description\" content=\"Acheter une licence Windows 10 Home ? Bon march\u00e9 et direct ! Windows 10, le successeur de Windows 8.1 et 8, am\u00e9liore la s\u00e9curit\u00e9 gr\u00e2ce \u00e0 des solutions compl\u00e8tes.\" \/>\n<meta property=\"og:url\" content=\"https:\/\/licenses4us.com\/fr\/produit\/windows-10-home\/\" \/>\n<meta property=\"og:site_name\" content=\"Licenses4US\" \/>\n<meta property=\"og:image\" content=\"https:\/\/licenses4us.com\/wp-content\/uploads\/2022\/10\/Microsoft-Windows-10-Home.webp\" \/>\n\t<meta property=\"og:image:width\" content=\"1000\" \/>\n\t<meta property=\"og:image:height\" content=\"750\" \/>\n\t<meta property=\"og:image:type\" content=\"image\/webp\" \/>\n<meta name=\"twitter:card\" content=\"summary_large_image\" \/>\n<meta name=\"twitter:label1\" content=\"Dur\u00e9e de lecture estim\u00e9e\" \/>\n\t<meta name=\"twitter:data1\" content=\"2 minutes\" \/>\n<script type=\"application\/ld+json\" class=\"yoast-schema-graph\">{\"@context\":\"https:\/\/schema.org\",\"@graph\":[{\"@type\":\"WebPage\",\"@id\":\"https:\/\/licenses4us.com\/fr\/produit\/windows-10-home\/\",\"url\":\"https:\/\/licenses4us.com\/fr\/produit\/windows-10-home\/\",\"name\":\"Windows 10 Home te koop - Licenses4US\",\"isPartOf\":{\"@id\":\"https:\/\/licenses4us.com\/fr\/#website\"},\"primaryImageOfPage\":{\"@id\":\"https:\/\/licenses4us.com\/fr\/produit\/windows-10-home\/#primaryimage\"},\"image\":{\"@id\":\"https:\/\/licenses4us.com\/fr\/produit\/windows-10-home\/#primaryimage\"},\"thumbnailUrl\":\"https:\/\/licenses4us.com\/wp-content\/uploads\/2022\/10\/Microsoft-Windows-10-Home.webp\",\"datePublished\":\"2022-04-10T07:23:32+00:00\",\"description\":\"Acheter une licence Windows 10 Home ? Bon march\u00e9 et direct ! Windows 10, le successeur de Windows 8.1 et 8, am\u00e9liore la s\u00e9curit\u00e9 gr\u00e2ce \u00e0 des solutions compl\u00e8tes.\",\"breadcrumb\":{\"@id\":\"https:\/\/licenses4us.com\/fr\/produit\/windows-10-home\/#breadcrumb\"},\"inLanguage\":\"fr-FR\",\"potentialAction\":[{\"@type\":\"ReadAction\",\"target\":[\"https:\/\/licenses4us.com\/fr\/produit\/windows-10-home\/\"]}]},{\"@type\":\"ImageObject\",\"inLanguage\":\"fr-FR\",\"@id\":\"https:\/\/licenses4us.com\/fr\/produit\/windows-10-home\/#primaryimage\",\"url\":\"https:\/\/licenses4us.com\/wp-content\/uploads\/2022\/10\/Microsoft-Windows-10-Home.webp\",\"contentUrl\":\"https:\/\/licenses4us.com\/wp-content\/uploads\/2022\/10\/Microsoft-Windows-10-Home.webp\",\"width\":1000,\"height\":750,\"caption\":\"Microsoft Windows 10 Home.\"},{\"@type\":\"BreadcrumbList\",\"@id\":\"https:\/\/licenses4us.com\/fr\/produit\/windows-10-home\/#breadcrumb\",\"itemListElement\":[{\"@type\":\"ListItem\",\"position\":1,\"name\":\"Home\",\"item\":\"https:\/\/licenses4us.com\/fr\/\"},{\"@type\":\"ListItem\",\"position\":2,\"name\":\"Boutique\",\"item\":\"https:\/\/licenses4us.com\/fr\/boutique\/\"},{\"@type\":\"ListItem\",\"position\":3,\"name\":\"Windows 10 Home\"}]},{\"@type\":\"WebSite\",\"@id\":\"https:\/\/licenses4us.com\/fr\/#website\",\"url\":\"https:\/\/licenses4us.com\/fr\/\",\"name\":\"Licenses4US\",\"description\":\"De goedkoopste licenties\",\"publisher\":{\"@id\":\"https:\/\/licenses4us.com\/fr\/#organization\"},\"potentialAction\":[{\"@type\":\"SearchAction\",\"target\":{\"@type\":\"EntryPoint\",\"urlTemplate\":\"https:\/\/licenses4us.com\/fr\/?s={search_term_string}\"},\"query-input\":{\"@type\":\"PropertyValueSpecification\",\"valueRequired\":true,\"valueName\":\"search_term_string\"}}],\"inLanguage\":\"fr-FR\"},{\"@type\":\"Organization\",\"@id\":\"https:\/\/licenses4us.com\/fr\/#organization\",\"name\":\"Licenses4Us\",\"url\":\"https:\/\/licenses4us.com\/fr\/\",\"logo\":{\"@type\":\"ImageObject\",\"inLanguage\":\"fr-FR\",\"@id\":\"https:\/\/licenses4us.com\/fr\/#\/schema\/logo\/image\/\",\"url\":\"https:\/\/licenses4us.com\/wp-content\/uploads\/2022\/02\/Licenses4us_alpha.png\",\"contentUrl\":\"https:\/\/licenses4us.com\/wp-content\/uploads\/2022\/02\/Licenses4us_alpha.png\",\"width\":2000,\"height\":600,\"caption\":\"Licenses4Us\"},\"image\":{\"@id\":\"https:\/\/licenses4us.com\/fr\/#\/schema\/logo\/image\/\"}}]}<\/script>\n<!-- \/ Yoast SEO plugin. -->","yoast_head_json":{"title":"Windows 10 Home te koop - Licenses4US","description":"Acheter une licence Windows 10 Home ? Bon march\u00e9 et direct ! Windows 10, le successeur de Windows 8.1 et 8, am\u00e9liore la s\u00e9curit\u00e9 gr\u00e2ce \u00e0 des solutions compl\u00e8tes.","robots":{"index":"index","follow":"follow","max-snippet":"max-snippet:-1","max-image-preview":"max-image-preview:large","max-video-preview":"max-video-preview:-1"},"canonical":"https:\/\/licenses4us.com\/fr\/produit\/windows-10-home\/","og_locale":"fr_FR","og_type":"article","og_title":"Windows 10 Home te koop - Licenses4US","og_description":"Acheter une licence Windows 10 Home ? Bon march\u00e9 et direct ! Windows 10, le successeur de Windows 8.1 et 8, am\u00e9liore la s\u00e9curit\u00e9 gr\u00e2ce \u00e0 des solutions compl\u00e8tes.","og_url":"https:\/\/licenses4us.com\/fr\/produit\/windows-10-home\/","og_site_name":"Licenses4US","og_image":[{"width":1000,"height":750,"url":"https:\/\/licenses4us.com\/wp-content\/uploads\/2022\/10\/Microsoft-Windows-10-Home.webp","type":"image\/webp"}],"twitter_card":"summary_large_image","twitter_misc":{"Dur\u00e9e de lecture estim\u00e9e":"2 minutes"},"schema":{"@context":"https:\/\/schema.org","@graph":[{"@type":"WebPage","@id":"https:\/\/licenses4us.com\/fr\/produit\/windows-10-home\/","url":"https:\/\/licenses4us.com\/fr\/produit\/windows-10-home\/","name":"Windows 10 Home te koop - Licenses4US","isPartOf":{"@id":"https:\/\/licenses4us.com\/fr\/#website"},"primaryImageOfPage":{"@id":"https:\/\/licenses4us.com\/fr\/produit\/windows-10-home\/#primaryimage"},"image":{"@id":"https:\/\/licenses4us.com\/fr\/produit\/windows-10-home\/#primaryimage"},"thumbnailUrl":"https:\/\/licenses4us.com\/wp-content\/uploads\/2022\/10\/Microsoft-Windows-10-Home.webp","datePublished":"2022-04-10T07:23:32+00:00","description":"Acheter une licence Windows 10 Home ? Bon march\u00e9 et direct ! Windows 10, le successeur de Windows 8.1 et 8, am\u00e9liore la s\u00e9curit\u00e9 gr\u00e2ce \u00e0 des solutions compl\u00e8tes.","breadcrumb":{"@id":"https:\/\/licenses4us.com\/fr\/produit\/windows-10-home\/#breadcrumb"},"inLanguage":"fr-FR","potentialAction":[{"@type":"ReadAction","target":["https:\/\/licenses4us.com\/fr\/produit\/windows-10-home\/"]}]},{"@type":"ImageObject","inLanguage":"fr-FR","@id":"https:\/\/licenses4us.com\/fr\/produit\/windows-10-home\/#primaryimage","url":"https:\/\/licenses4us.com\/wp-content\/uploads\/2022\/10\/Microsoft-Windows-10-Home.webp","contentUrl":"https:\/\/licenses4us.com\/wp-content\/uploads\/2022\/10\/Microsoft-Windows-10-Home.webp","width":1000,"height":750,"caption":"Microsoft Windows 10 Home."},{"@type":"BreadcrumbList","@id":"https:\/\/licenses4us.com\/fr\/produit\/windows-10-home\/#breadcrumb","itemListElement":[{"@type":"ListItem","position":1,"name":"Home","item":"https:\/\/licenses4us.com\/fr\/"},{"@type":"ListItem","position":2,"name":"Boutique","item":"https:\/\/licenses4us.com\/fr\/boutique\/"},{"@type":"ListItem","position":3,"name":"Windows 10 Home"}]},{"@type":"WebSite","@id":"https:\/\/licenses4us.com\/fr\/#website","url":"https:\/\/licenses4us.com\/fr\/","name":"Licenses4US","description":"De goedkoopste licenties","publisher":{"@id":"https:\/\/licenses4us.com\/fr\/#organization"},"potentialAction":[{"@type":"SearchAction","target":{"@type":"EntryPoint","urlTemplate":"https:\/\/licenses4us.com\/fr\/?s={search_term_string}"},"query-input":{"@type":"PropertyValueSpecification","valueRequired":true,"valueName":"search_term_string"}}],"inLanguage":"fr-FR"},{"@type":"Organization","@id":"https:\/\/licenses4us.com\/fr\/#organization","name":"Licenses4Us","url":"https:\/\/licenses4us.com\/fr\/","logo":{"@type":"ImageObject","inLanguage":"fr-FR","@id":"https:\/\/licenses4us.com\/fr\/#\/schema\/logo\/image\/","url":"https:\/\/licenses4us.com\/wp-content\/uploads\/2022\/02\/Licenses4us_alpha.png","contentUrl":"https:\/\/licenses4us.com\/wp-content\/uploads\/2022\/02\/Licenses4us_alpha.png","width":2000,"height":600,"caption":"Licenses4Us"},"image":{"@id":"https:\/\/licenses4us.com\/fr\/#\/schema\/logo\/image\/"}}]}},"_links":{"self":[{"href":"https:\/\/licenses4us.com\/fr\/wp-json\/wp\/v2\/product\/7352","targetHints":{"allow":["GET"]}}],"collection":[{"href":"https:\/\/licenses4us.com\/fr\/wp-json\/wp\/v2\/product"}],"about":[{"href":"https:\/\/licenses4us.com\/fr\/wp-json\/wp\/v2\/types\/product"}],"replies":[{"embeddable":true,"href":"https:\/\/licenses4us.com\/fr\/wp-json\/wp\/v2\/comments?post=7352"}],"wp:featuredmedia":[{"embeddable":true,"href":"https:\/\/licenses4us.com\/fr\/wp-json\/wp\/v2\/media\/7141"}],"wp:attachment":[{"href":"https:\/\/licenses4us.com\/fr\/wp-json\/wp\/v2\/media?parent=7352"}],"wp:term":[{"taxonomy":"product_brand","embeddable":true,"href":"https:\/\/licenses4us.com\/fr\/wp-json\/wp\/v2\/product_brand?post=7352"},{"taxonomy":"product_cat","embeddable":true,"href":"https:\/\/licenses4us.com\/fr\/wp-json\/wp\/v2\/product_cat?post=7352"},{"taxonomy":"product_tag","embeddable":true,"href":"https:\/\/licenses4us.com\/fr\/wp-json\/wp\/v2\/product_tag?post=7352"}],"curies":[{"name":"wp","href":"https:\/\/api.w.org\/{rel}","templated":true}]}}