{"id":7345,"date":"2022-03-21T09:25:23","date_gmt":"2022-03-21T07:25:23","guid":{"rendered":"https:\/\/licenses4us.com\/product\/windows-11-pro\/"},"modified":"2022-03-21T09:25:23","modified_gmt":"2022-03-21T07:25:23","slug":"windows-11-pro","status":"publish","type":"product","link":"https:\/\/licenses4us.com\/fr\/produit\/windows-11-pro\/","title":{"rendered":"Windows 11 Pro"},"content":{"rendered":"<section class=\"elementor-section elementor-inner-section elementor-element elementor-element-a73dcc3 elementor-section-boxed elementor-section-height-default elementor-section-height-default\" data-id=\"a73dcc3\" data-element_type=\"section\" data-settings=\"{\"jet_parallax_layout_list\":[]}\">\n<div class=\"elementor-container elementor-column-gap-default\">\n<div class=\"elementor-column elementor-col-100 elementor-inner-column elementor-element elementor-element-945d51e\" data-id=\"945d51e\" data-element_type=\"column\" data-settings=\"{\"background_background\":\"classic\"}\">\n<div class=\"elementor-widget-wrap elementor-element-populated\">\n<div class=\"elementor-element elementor-element-a137928 product_descriptions elementor-widget elementor-widget-text-editor\" data-id=\"a137928\" data-element_type=\"widget\" data-widget_type=\"text-editor.default\">\n<div class=\"elementor-widget-container\">\n<h2>Licence Windows 11 Professionnel<\/h2>\n<p>Windows 11 Pro est un syst\u00e8me d&rsquo;exploitation d\u00e9velopp\u00e9 par Microsoft \u00e0 partir de la s\u00e9rie Windows. Con\u00e7u pour une utilisation professionnelle, il offre un large arsenal de fonctionnalit\u00e9s et de capacit\u00e9s pour les entreprises et\/ou les utilisateurs intensifs. Avec Windows 11 Pro, vous avez le choix entre une licence OEM et une licence de vente au d\u00e9tail, en fonction de votre objectif.<\/p>\n<p>Une fois que vous avez pay\u00e9 la licence Windows, vous recevrez une licence ou une cl\u00e9 via l&rsquo;adresse e-mail que vous avez indiqu\u00e9e. Lors de l&rsquo;installation de Windows 10 pro, vous devrez saisir la licence ou la cl\u00e9.<br \/>\nWindows 10 Pro est principalement destin\u00e9 aux utilisateurs qui souhaitent une exp\u00e9rience Windows compl\u00e8te avec tous les programmes n\u00e9cessaires pour d\u00e9marrer.<br \/>\nLa licence Retail peut \u00eatre li\u00e9e \u00e0 votre compte Microsoft, de sorte que vous pouvez toujours emporter le logiciel sur un autre PC, alors que la licence OEM ne peut \u00eatre utilis\u00e9e que sur un seul PC.<\/p>\n<p>&nbsp;<\/p>\n<h2>Fonctions de Windows 11 Pro<\/h2>\n<p>Que vous soyez un chef d&rsquo;entreprise, un professionnel de l&rsquo;informatique ou un utilisateur exigeant, Windows 10 Pro offre les fonctionnalit\u00e9s dont vous avez besoin. Il combine fiabilit\u00e9, s\u00e9curit\u00e9 et fonctionnalit\u00e9s puissantes pour fournir une base solide \u00e0 votre environnement Windows. En plus de toutes les fonctionnalit\u00e9s de Windows 10 Home, il y a des extras sp\u00e9cifiquement destin\u00e9s aux professionnels.<br \/>\nVoici quelques-unes de ses caract\u00e9ristiques :<\/p>\n<ul>\n<li>Plus d&rsquo;options pour les joueurs, y compris une plus grande s\u00e9lection de jeux et une meilleure qualit\u00e9 d&rsquo;image.<\/li>\n<li>Il existe un nouvel \u00e9cran pour tous les widgets. Vous y trouverez \u00e9galement des ajouts suppl\u00e9mentaires, tels que des commandes tactiles et vocales.<\/li>\n<li>Personnalisez davantage et utilisez les th\u00e8mes qui vous conviennent.<\/li>\n<li>Bitlocker est une fonction de cryptage de disque, qui vous permet de crypter votre disque dur.<\/li>\n<li>Le bureau \u00e0 distance vous permet de vous connecter \u00e0 un autre ordinateur via le v\u00f4tre.<\/li>\n<\/ul>\n<p>&nbsp;<\/p>\n<h2>T\u00e9l\u00e9charger Windows 11 ?<\/h2>\n<p>Pour installer Windows 11 Pro sur votre appareil, votre syst\u00e8me doit r\u00e9pondre aux exigences suivantes :<\/p>\n<ul>\n<li>Processeur : un gigahertz ou plus rapide, 2 c\u0153urs et avec un processeur 64 bits ou SoC.<\/li>\n<li>M\u00e9moire de travail : au moins 4 gigaoctets.<\/li>\n<li>Stockage : 64 gigaoctets au minimum.<\/li>\n<li>Carte vid\u00e9o : DirectX 12 ou sup\u00e9rieur.<\/li>\n<li>Affichage : au moins 720 pixels sur un \u00e9cran de 9 pouces.<\/li>\n<li>Connexion : un compte Microsoft et une connexion internet.<\/li>\n<li>Carte m\u00e8re : TPMS 2.0<\/li>\n<\/ul>\n<p>&nbsp;<\/p>\n<p>N&rsquo;oubliez pas qu&rsquo;il s&rsquo;agit de la configuration minimale requise pour installer et utiliser Windows 11.<br \/>\nSi vous souhaitez effectuer des t\u00e2ches exigeantes ou travailler avec des applications, vous aurez peut-\u00eatre besoin de sp\u00e9cifications plus \u00e9lev\u00e9es pour une exp\u00e9rience optimale.<\/p>\n<\/div>\n<\/div>\n<\/div>\n<\/div>\n<\/div>\n<\/section>\n<section class=\"elementor-section elementor-inner-section elementor-element elementor-element-209c690 elementor-section-boxed elementor-section-height-default elementor-section-height-default\" data-id=\"209c690\" data-element_type=\"section\" data-settings=\"{\"jet_parallax_layout_list\":[]}\">\n<div class=\"elementor-container elementor-column-gap-default\">\n<div class=\"elementor-column elementor-col-100 elementor-inner-column elementor-element elementor-element-a9d7723\" data-id=\"a9d7723\" data-element_type=\"column\" data-settings=\"{\"background_background\":\"classic\"}\">\n<div class=\"elementor-widget-wrap elementor-element-populated\">\n<div class=\"elementor-element elementor-element-14aa7b2 elementor-widget elementor-widget-heading\" data-id=\"14aa7b2\" data-element_type=\"widget\" data-widget_type=\"heading.default\">\n<div class=\"elementor-widget-container\"><\/div>\n<\/div>\n<\/div>\n<\/div>\n<\/div>\n<\/section>\n","protected":false},"excerpt":{"rendered":"<p>Windows 11 est la derni\u00e8re version majeure de la s\u00e9rie Windows de Microsoft.<br \/>\nLe nouveau look de Windows est imm\u00e9diatement apparent : Windows 11 a des coins arrondis, des fen\u00eatres transparentes et de nouvelles ic\u00f4nes, ce qui lui conf\u00e8re un aspect moderne.<\/p>\n<p>Deux \u00e9ditions de Windows 11 sont actuellement disponibles : Home et Pro. Windows 11 Home est id\u00e9al pour un usage domestique, tandis que Windows 11 Pro offre davantage de fonctionnalit\u00e9s professionnelles telles que Bitlocker et Remote Desktop.<\/p>\n<p>&nbsp;<\/p>\n<p><strong>Ce forfait est un achat unique.<\/strong><br \/>\nDans votre e-mail dans les 5 minutes<strong><br \/>\n<\/strong>Service client\u00e8le 24\/7<strong><br \/>\nGarantie d&rsquo;activation<\/strong>, pas de soucis<br \/>\nLien vers votre compte Microsoft<br \/>\nFacile \u00e0 installer gr\u00e2ce \u00e0 des instructions d\u00e9taill\u00e9es<\/p>\n","protected":false},"featured_media":7153,"comment_status":"open","ping_status":"closed","template":"","meta":[],"product_brand":[],"product_cat":[50],"product_tag":[],"class_list":{"0":"post-7345","1":"product","2":"type-product","3":"status-publish","4":"has-post-thumbnail","6":"product_cat-windows-11","8":"first","9":"instock","10":"sale","11":"taxable","12":"shipping-taxable","13":"purchasable","14":"product-type-variable"},"yoast_head":"<!-- This site is optimized with the Yoast SEO plugin v27.2 - https:\/\/yoast.com\/product\/yoast-seo-wordpress\/ -->\n<title>Windows 11 Pro Licentie te koop - Licenses4US<\/title>\n<meta name=\"description\" content=\"Acheter Windows 11 et l&#039;activer imm\u00e9diatement ? Achetez d\u00e8s maintenant la licence Windows 11 Pro et utilisez le syst\u00e8me d&#039;exploitation le plus r\u00e9cent. Activation permanente chez Licenses4us\" \/>\n<meta name=\"robots\" content=\"index, follow, max-snippet:-1, max-image-preview:large, max-video-preview:-1\" \/>\n<link rel=\"canonical\" href=\"https:\/\/licenses4us.com\/fr\/produit\/windows-11-pro\/\" \/>\n<meta property=\"og:locale\" content=\"fr_FR\" \/>\n<meta property=\"og:type\" content=\"article\" \/>\n<meta property=\"og:title\" content=\"Windows 11 Pro Licentie te koop - Licenses4US\" \/>\n<meta property=\"og:description\" content=\"Acheter Windows 11 et l&#039;activer imm\u00e9diatement ? Achetez d\u00e8s maintenant la licence Windows 11 Pro et utilisez le syst\u00e8me d&#039;exploitation le plus r\u00e9cent. Activation permanente chez Licenses4us\" \/>\n<meta property=\"og:url\" content=\"https:\/\/licenses4us.com\/fr\/produit\/windows-11-pro\/\" \/>\n<meta property=\"og:site_name\" content=\"Licenses4US\" \/>\n<meta property=\"og:image\" content=\"https:\/\/licenses4us.com\/wp-content\/uploads\/2023\/06\/Windows-11-pro.webp\" \/>\n\t<meta property=\"og:image:width\" content=\"2500\" \/>\n\t<meta property=\"og:image:height\" content=\"2500\" \/>\n\t<meta property=\"og:image:type\" content=\"image\/webp\" \/>\n<meta name=\"twitter:card\" content=\"summary_large_image\" \/>\n<meta name=\"twitter:label1\" content=\"Dur\u00e9e de lecture estim\u00e9e\" \/>\n\t<meta name=\"twitter:data1\" content=\"2 minutes\" \/>\n<script type=\"application\/ld+json\" class=\"yoast-schema-graph\">{\"@context\":\"https:\/\/schema.org\",\"@graph\":[{\"@type\":\"WebPage\",\"@id\":\"https:\/\/licenses4us.com\/fr\/produit\/windows-11-pro\/\",\"url\":\"https:\/\/licenses4us.com\/fr\/produit\/windows-11-pro\/\",\"name\":\"Windows 11 Pro Licentie te koop - Licenses4US\",\"isPartOf\":{\"@id\":\"https:\/\/licenses4us.com\/fr\/#website\"},\"primaryImageOfPage\":{\"@id\":\"https:\/\/licenses4us.com\/fr\/produit\/windows-11-pro\/#primaryimage\"},\"image\":{\"@id\":\"https:\/\/licenses4us.com\/fr\/produit\/windows-11-pro\/#primaryimage\"},\"thumbnailUrl\":\"https:\/\/licenses4us.com\/wp-content\/uploads\/2023\/06\/Windows-11-pro.webp\",\"datePublished\":\"2022-03-21T07:25:23+00:00\",\"description\":\"Acheter Windows 11 et l'activer imm\u00e9diatement ? Achetez d\u00e8s maintenant la licence Windows 11 Pro et utilisez le syst\u00e8me d'exploitation le plus r\u00e9cent. Activation permanente chez Licenses4us\",\"breadcrumb\":{\"@id\":\"https:\/\/licenses4us.com\/fr\/produit\/windows-11-pro\/#breadcrumb\"},\"inLanguage\":\"fr-FR\",\"potentialAction\":[{\"@type\":\"ReadAction\",\"target\":[\"https:\/\/licenses4us.com\/fr\/produit\/windows-11-pro\/\"]}]},{\"@type\":\"ImageObject\",\"inLanguage\":\"fr-FR\",\"@id\":\"https:\/\/licenses4us.com\/fr\/produit\/windows-11-pro\/#primaryimage\",\"url\":\"https:\/\/licenses4us.com\/wp-content\/uploads\/2023\/06\/Windows-11-pro.webp\",\"contentUrl\":\"https:\/\/licenses4us.com\/wp-content\/uploads\/2023\/06\/Windows-11-pro.webp\",\"width\":2500,\"height\":2500,\"caption\":\"Microsoft Windows 11 Pro Vente au d\u00e9tail\/OEM.\"},{\"@type\":\"BreadcrumbList\",\"@id\":\"https:\/\/licenses4us.com\/fr\/produit\/windows-11-pro\/#breadcrumb\",\"itemListElement\":[{\"@type\":\"ListItem\",\"position\":1,\"name\":\"Home\",\"item\":\"https:\/\/licenses4us.com\/fr\/\"},{\"@type\":\"ListItem\",\"position\":2,\"name\":\"Boutique\",\"item\":\"https:\/\/licenses4us.com\/fr\/boutique\/\"},{\"@type\":\"ListItem\",\"position\":3,\"name\":\"Windows 11 Pro\"}]},{\"@type\":\"WebSite\",\"@id\":\"https:\/\/licenses4us.com\/fr\/#website\",\"url\":\"https:\/\/licenses4us.com\/fr\/\",\"name\":\"Licenses4US\",\"description\":\"De goedkoopste licenties\",\"publisher\":{\"@id\":\"https:\/\/licenses4us.com\/fr\/#organization\"},\"potentialAction\":[{\"@type\":\"SearchAction\",\"target\":{\"@type\":\"EntryPoint\",\"urlTemplate\":\"https:\/\/licenses4us.com\/fr\/?s={search_term_string}\"},\"query-input\":{\"@type\":\"PropertyValueSpecification\",\"valueRequired\":true,\"valueName\":\"search_term_string\"}}],\"inLanguage\":\"fr-FR\"},{\"@type\":\"Organization\",\"@id\":\"https:\/\/licenses4us.com\/fr\/#organization\",\"name\":\"Licenses4Us\",\"url\":\"https:\/\/licenses4us.com\/fr\/\",\"logo\":{\"@type\":\"ImageObject\",\"inLanguage\":\"fr-FR\",\"@id\":\"https:\/\/licenses4us.com\/fr\/#\/schema\/logo\/image\/\",\"url\":\"https:\/\/licenses4us.com\/wp-content\/uploads\/2022\/02\/Licenses4us_alpha.png\",\"contentUrl\":\"https:\/\/licenses4us.com\/wp-content\/uploads\/2022\/02\/Licenses4us_alpha.png\",\"width\":2000,\"height\":600,\"caption\":\"Licenses4Us\"},\"image\":{\"@id\":\"https:\/\/licenses4us.com\/fr\/#\/schema\/logo\/image\/\"}}]}<\/script>\n<!-- \/ Yoast SEO plugin. -->","yoast_head_json":{"title":"Windows 11 Pro Licentie te koop - Licenses4US","description":"Acheter Windows 11 et l'activer imm\u00e9diatement ? Achetez d\u00e8s maintenant la licence Windows 11 Pro et utilisez le syst\u00e8me d'exploitation le plus r\u00e9cent. Activation permanente chez Licenses4us","robots":{"index":"index","follow":"follow","max-snippet":"max-snippet:-1","max-image-preview":"max-image-preview:large","max-video-preview":"max-video-preview:-1"},"canonical":"https:\/\/licenses4us.com\/fr\/produit\/windows-11-pro\/","og_locale":"fr_FR","og_type":"article","og_title":"Windows 11 Pro Licentie te koop - Licenses4US","og_description":"Acheter Windows 11 et l'activer imm\u00e9diatement ? Achetez d\u00e8s maintenant la licence Windows 11 Pro et utilisez le syst\u00e8me d'exploitation le plus r\u00e9cent. Activation permanente chez Licenses4us","og_url":"https:\/\/licenses4us.com\/fr\/produit\/windows-11-pro\/","og_site_name":"Licenses4US","og_image":[{"width":2500,"height":2500,"url":"https:\/\/licenses4us.com\/wp-content\/uploads\/2023\/06\/Windows-11-pro.webp","type":"image\/webp"}],"twitter_card":"summary_large_image","twitter_misc":{"Dur\u00e9e de lecture estim\u00e9e":"2 minutes"},"schema":{"@context":"https:\/\/schema.org","@graph":[{"@type":"WebPage","@id":"https:\/\/licenses4us.com\/fr\/produit\/windows-11-pro\/","url":"https:\/\/licenses4us.com\/fr\/produit\/windows-11-pro\/","name":"Windows 11 Pro Licentie te koop - Licenses4US","isPartOf":{"@id":"https:\/\/licenses4us.com\/fr\/#website"},"primaryImageOfPage":{"@id":"https:\/\/licenses4us.com\/fr\/produit\/windows-11-pro\/#primaryimage"},"image":{"@id":"https:\/\/licenses4us.com\/fr\/produit\/windows-11-pro\/#primaryimage"},"thumbnailUrl":"https:\/\/licenses4us.com\/wp-content\/uploads\/2023\/06\/Windows-11-pro.webp","datePublished":"2022-03-21T07:25:23+00:00","description":"Acheter Windows 11 et l'activer imm\u00e9diatement ? Achetez d\u00e8s maintenant la licence Windows 11 Pro et utilisez le syst\u00e8me d'exploitation le plus r\u00e9cent. Activation permanente chez Licenses4us","breadcrumb":{"@id":"https:\/\/licenses4us.com\/fr\/produit\/windows-11-pro\/#breadcrumb"},"inLanguage":"fr-FR","potentialAction":[{"@type":"ReadAction","target":["https:\/\/licenses4us.com\/fr\/produit\/windows-11-pro\/"]}]},{"@type":"ImageObject","inLanguage":"fr-FR","@id":"https:\/\/licenses4us.com\/fr\/produit\/windows-11-pro\/#primaryimage","url":"https:\/\/licenses4us.com\/wp-content\/uploads\/2023\/06\/Windows-11-pro.webp","contentUrl":"https:\/\/licenses4us.com\/wp-content\/uploads\/2023\/06\/Windows-11-pro.webp","width":2500,"height":2500,"caption":"Microsoft Windows 11 Pro Vente au d\u00e9tail\/OEM."},{"@type":"BreadcrumbList","@id":"https:\/\/licenses4us.com\/fr\/produit\/windows-11-pro\/#breadcrumb","itemListElement":[{"@type":"ListItem","position":1,"name":"Home","item":"https:\/\/licenses4us.com\/fr\/"},{"@type":"ListItem","position":2,"name":"Boutique","item":"https:\/\/licenses4us.com\/fr\/boutique\/"},{"@type":"ListItem","position":3,"name":"Windows 11 Pro"}]},{"@type":"WebSite","@id":"https:\/\/licenses4us.com\/fr\/#website","url":"https:\/\/licenses4us.com\/fr\/","name":"Licenses4US","description":"De goedkoopste licenties","publisher":{"@id":"https:\/\/licenses4us.com\/fr\/#organization"},"potentialAction":[{"@type":"SearchAction","target":{"@type":"EntryPoint","urlTemplate":"https:\/\/licenses4us.com\/fr\/?s={search_term_string}"},"query-input":{"@type":"PropertyValueSpecification","valueRequired":true,"valueName":"search_term_string"}}],"inLanguage":"fr-FR"},{"@type":"Organization","@id":"https:\/\/licenses4us.com\/fr\/#organization","name":"Licenses4Us","url":"https:\/\/licenses4us.com\/fr\/","logo":{"@type":"ImageObject","inLanguage":"fr-FR","@id":"https:\/\/licenses4us.com\/fr\/#\/schema\/logo\/image\/","url":"https:\/\/licenses4us.com\/wp-content\/uploads\/2022\/02\/Licenses4us_alpha.png","contentUrl":"https:\/\/licenses4us.com\/wp-content\/uploads\/2022\/02\/Licenses4us_alpha.png","width":2000,"height":600,"caption":"Licenses4Us"},"image":{"@id":"https:\/\/licenses4us.com\/fr\/#\/schema\/logo\/image\/"}}]}},"_links":{"self":[{"href":"https:\/\/licenses4us.com\/fr\/wp-json\/wp\/v2\/product\/7345","targetHints":{"allow":["GET"]}}],"collection":[{"href":"https:\/\/licenses4us.com\/fr\/wp-json\/wp\/v2\/product"}],"about":[{"href":"https:\/\/licenses4us.com\/fr\/wp-json\/wp\/v2\/types\/product"}],"replies":[{"embeddable":true,"href":"https:\/\/licenses4us.com\/fr\/wp-json\/wp\/v2\/comments?post=7345"}],"wp:featuredmedia":[{"embeddable":true,"href":"https:\/\/licenses4us.com\/fr\/wp-json\/wp\/v2\/media\/7153"}],"wp:attachment":[{"href":"https:\/\/licenses4us.com\/fr\/wp-json\/wp\/v2\/media?parent=7345"}],"wp:term":[{"taxonomy":"product_brand","embeddable":true,"href":"https:\/\/licenses4us.com\/fr\/wp-json\/wp\/v2\/product_brand?post=7345"},{"taxonomy":"product_cat","embeddable":true,"href":"https:\/\/licenses4us.com\/fr\/wp-json\/wp\/v2\/product_cat?post=7345"},{"taxonomy":"product_tag","embeddable":true,"href":"https:\/\/licenses4us.com\/fr\/wp-json\/wp\/v2\/product_tag?post=7345"}],"curies":[{"name":"wp","href":"https:\/\/api.w.org\/{rel}","templated":true}]}}