{"id":7339,"date":"2022-04-11T09:24:05","date_gmt":"2022-04-11T07:24:05","guid":{"rendered":"https:\/\/licenses4us.com\/product\/windows-10-professionnel\/"},"modified":"2022-04-11T09:24:05","modified_gmt":"2022-04-11T07:24:05","slug":"windows-10-professionnel","status":"publish","type":"product","link":"https:\/\/licenses4us.com\/fr\/produit\/windows-10-professionnel\/","title":{"rendered":"Windows 10 Professionnel"},"content":{"rendered":"<section class=\"elementor-section elementor-inner-section elementor-element elementor-element-a73dcc3 elementor-section-boxed elementor-section-height-default elementor-section-height-default\" data-id=\"a73dcc3\" data-element_type=\"section\" data-settings=\"{\"jet_parallax_layout_list\":[]}\">\n<div class=\"elementor-container elementor-column-gap-default\">\n<div class=\"elementor-column elementor-col-100 elementor-inner-column elementor-element elementor-element-945d51e\" data-id=\"945d51e\" data-element_type=\"column\" data-settings=\"{\"background_background\":\"classic\"}\">\n<div class=\"elementor-widget-wrap elementor-element-populated\">\n<div class=\"elementor-element elementor-element-a137928 product_descriptions elementor-widget elementor-widget-text-editor\" data-id=\"a137928\" data-element_type=\"widget\" data-widget_type=\"text-editor.default\">\n<div class=\"elementor-widget-container\">\n<h2>Acheter Windows 10 pro ?<\/h2>\n<p>Windows 10 Pro est un syst\u00e8me d\u2019exploitation d\u00e9velopp\u00e9 par Microsoft \u00e0 partir de la s\u00e9rie Windows. Il est con\u00e7u pour un usage professionnel et offre un large arsenal de fonctionnalit\u00e9s et de possibilit\u00e9s pour les entreprises et\/ou les utilisateurs exp\u00e9riment\u00e9s. Avec Windows 10 Pro, vous avez le choix entre une licence OEM ou une licence Retail, en fonction de votre objectif, vous pouvez faire un choix.<\/p>\n<p>D\u00e8s que vous avez pay\u00e9 la licence Windows, vous recevrez une licence ou une cl\u00e9 via l\u2019adresse e-mail que vous avez saisie, lors de l\u2019installation de Windows 10 pro, vous devez entrer Licence ou cl\u00e9.<br \/>\nWindows 10 Pro est principalement destin\u00e9 aux utilisateurs qui souhaitent une exp\u00e9rience Windows compl\u00e8te avec tous les programmes n\u00e9cessaires.<br \/>\nLa licence commerciale peut \u00eatre li\u00e9e \u00e0 votre compte Microsoft, de sorte que vous pouvez toujours emporter le logiciel avec vous sur un autre PC o\u00f9 vous ne pouvez le mettre que sur 1 PC contre la licence OEM.<\/p>\n<p>&nbsp;<\/p>\n<h2>Fonctionnalit\u00e9s de Windows 10 Professionnel<\/h2>\n<p>Que vous soyez un propri\u00e9taire d\u2019entreprise, un professionnel de l\u2019informatique ou un utilisateur exp\u00e9riment\u00e9, Windows 10 Professionnel offre les fonctionnalit\u00e9s dont vous avez besoin. Il combine fiabilit\u00e9, s\u00e9curit\u00e9 et fonctionnalit\u00e9s puissantes pour fournir une base solide \u00e0 votre environnement Windows. En plus de toutes les fonctionnalit\u00e9s de Windows 10 Home, il existe des extras sp\u00e9cifiquement destin\u00e9s aux professionnels.<br \/>\nVoici quelques-unes de ses caract\u00e9ristiques :<\/p>\n<ul>\n<li>S\u00e9curit\u00e9 : Windows 10 Professionnel offre des fonctionnalit\u00e9s de s\u00e9curit\u00e9 avanc\u00e9es, telles que le chiffrement de lecteur BitLocker, qui peuvent aider \u00e0 prot\u00e9ger vos donn\u00e9es contre les acc\u00e8s non autoris\u00e9s. Il comprend \u00e9galement Windows Hello, qui vous permet de vous connecter avec la reconnaissance faciale ou un scanner d\u2019empreintes digitales pour plus de s\u00e9curit\u00e9<\/li>\n<li>Gestion et productivit\u00e9 : avec Windows 10 Professionnel, vous disposez de fonctionnalit\u00e9s de gestion \u00e9tendues, telles que l\u2019acc\u00e8s \u00e0 l\u2019\u00e9diteur de strat\u00e9gie de groupe, qui vous permet de d\u00e9finir des strat\u00e9gies et de configurer le syst\u00e8me sur plusieurs appareils. Il comprend \u00e9galement le Bureau \u00e0 distance, qui vous permet d\u2019acc\u00e9der \u00e0 distance \u00e0 votre ordinateur ou \u00e0 d\u2019autres appareils.<\/li>\n<li>Compatibilit\u00e9 : Windows 10 Professionnel offre une compatibilit\u00e9 avec les logiciels et le mat\u00e9riel plus anciens et plus r\u00e9cents. Il est con\u00e7u pour fonctionner de mani\u00e8re transparente avec un large \u00e9ventail d\u2019applications et de p\u00e9riph\u00e9riques, afin que vous puissiez rester productif.<\/li>\n<li>Virtualisation : avec Windows 10 Professionnel, vous pouvez tirer parti d\u2019Hyper-V, la technologie de virtualisation int\u00e9gr\u00e9e de Microsoft. Il vous permet de cr\u00e9er des machines virtuelles et d\u2019ex\u00e9cuter plusieurs syst\u00e8mes d\u2019exploitation sur le m\u00eame ordinateur, ce qui peut \u00eatre utile pour le d\u00e9veloppement, les tests ou l\u2019ex\u00e9cution de logiciels obsol\u00e8tes.<\/li>\n<\/ul>\n<p>&nbsp;<\/p>\n<h2>Sp\u00e9cifications minimales de Windows<\/h2>\n<p>Pour installer Windows 10 Professionnel sur votre appareil, votre syst\u00e8me doit r\u00e9pondre aux exigences suivantes :<\/p>\n<ul>\n<li>Processeur : Processeur 1 GHz ou plus rapide ou SoC (System on a Chip)<\/li>\n<li>M\u00e9moire (RAM) : 2 Go pour la version 64 bits ou 1 Go pour la version 32 bits<\/li>\n<li>Stockage : au moins 20 Go d\u2019espace libre sur le disque dur<\/li>\n<li>Carte graphique : Compatible avec DirectX 9 ou version ult\u00e9rieure, avec un pilote WDDM 1.0<\/li>\n<li>Affichage : au moins une r\u00e9solution de 800 x 600 pixels<\/li>\n<\/ul>\n<p>&nbsp;<\/p>\n<p>Gardez \u00e0 l\u2019esprit qu\u2019il s\u2019agit de la configuration minimale requise pour installer et utiliser Windows 10.<br \/>\nSi vous souhaitez effectuer des t\u00e2ches exigeantes ou travailler avec des applications, vous aurez peut-\u00eatre besoin de sp\u00e9cifications plus \u00e9lev\u00e9es pour une exp\u00e9rience optimale.<\/p>\n<\/div>\n<\/div>\n<\/div>\n<\/div>\n<\/div>\n<\/section>\n<section class=\"elementor-section elementor-inner-section elementor-element elementor-element-209c690 elementor-section-boxed elementor-section-height-default elementor-section-height-default\" data-id=\"209c690\" data-element_type=\"section\" data-settings=\"{\"jet_parallax_layout_list\":[]}\">\n<div class=\"elementor-container elementor-column-gap-default\">\n<div class=\"elementor-column elementor-col-100 elementor-inner-column elementor-element elementor-element-a9d7723\" data-id=\"a9d7723\" data-element_type=\"column\" data-settings=\"{\"background_background\":\"classic\"}\">\n<div class=\"elementor-widget-wrap elementor-element-populated\">\n<div class=\"elementor-element elementor-element-14aa7b2 elementor-widget elementor-widget-heading\" data-id=\"14aa7b2\" data-element_type=\"widget\" data-widget_type=\"heading.default\">\n<div class=\"elementor-widget-container\">\n<h2 class=\"elementor-heading-title elementor-size-default\">Caract\u00e9ristiques et d\u00e9tails<\/h2>\n<\/div>\n<\/div>\n<div class=\"elementor-element elementor-element-81e827a fad-box elementor-widget elementor-widget-jet-listing-dynamic-repeater\" data-id=\"81e827a\" data-element_type=\"widget\" data-widget_type=\"jet-listing-dynamic-repeater.default\">\n<div class=\"elementor-widget-container\">\n<div class=\"jet-listing jet-listing-dynamic-repeater\">\n<div class=\"jet-listing-dynamic-repeater__items \">\n<div class=\"jet-listing-dynamic-repeater__item\">Conteneur de languesMultilingue<\/div>\n<\/div>\n<\/div>\n<\/div>\n<\/div>\n<\/div>\n<\/div>\n<\/div>\n<\/section>\n<section class=\"elementor-section elementor-inner-section elementor-element elementor-element-2c09ddc elementor-section-boxed elementor-section-height-default elementor-section-height-default\" data-id=\"2c09ddc\" data-element_type=\"section\" data-settings=\"{\"jet_parallax_layout_list\":[]}\">\n<div class=\"elementor-container elementor-column-gap-default\">\n<div class=\"elementor-column elementor-col-100 elementor-inner-column elementor-element elementor-element-a8cd528\" data-id=\"a8cd528\" data-element_type=\"column\" data-settings=\"{\"background_background\":\"classic\"}\">\n<div class=\"elementor-widget-wrap elementor-element-populated\">\n<div class=\"elementor-element elementor-element-5e1c03c elementor-widget elementor-widget-heading\" data-id=\"5e1c03c\" data-element_type=\"widget\" data-widget_type=\"heading.default\">\n<div class=\"elementor-widget-container\">\n<h2 class=\"elementor-heading-title elementor-size-default\">Sp\u00e9cifications requises<\/h2>\n<\/div>\n<\/div>\n<div class=\"elementor-element elementor-element-7790111 fad-box elementor-widget elementor-widget-jet-listing-dynamic-repeater\" data-id=\"7790111\" data-element_type=\"widget\" data-widget_type=\"jet-listing-dynamic-repeater.default\">\n<div class=\"elementor-widget-container\">\n<div class=\"jet-listing jet-listing-dynamic-repeater\">\n<div class=\"jet-listing-dynamic-repeater__items \">\n<div class=\"jet-listing-dynamic-repeater__item\">Configuration requise pour le processeur1 Ghz<\/div>\n<div class=\"jet-listing-dynamic-repeater__item\">Espace disque minimum16000 Mo<\/div>\n<div class=\"jet-listing-dynamic-repeater__item\">Configuration requiseMin. Type de processeur1 GHz<br \/>\nTaille minimale de la RAM1 Go<br \/>\nEspace disque min.16 Go<br \/>\ncarte son compatible avec la r\u00e9solution d\u2019\u00e9cran DirectX 9.0,800 x 600<\/div>\n<div class=\"jet-listing-dynamic-repeater__item\">Version de bits32\/64 bits<\/div>\n<\/div>\n<\/div>\n<\/div>\n<\/div>\n<\/div>\n<\/div>\n<\/div>\n<\/section>\n","protected":false},"excerpt":{"rendered":"<p>Windows 10 est votre partenaire pour faire bouger les choses. Des d\u00e9marrages plus rapides, un menu D\u00e9marrer \u00e0 la fois familier et complet, et de nouvelles fa\u00e7ons de faire avancer les choses, m\u00eame sur plusieurs appareils. Vous adorerez \u00e9galement les fonctionnalit\u00e9s innovantes telles qu\u2019un tout nouveau navigateur con\u00e7u pour l\u2019action en ligne, ainsi que Cortana, l\u2019assistant num\u00e9rique personnel qui vous aide tout au long de la journ\u00e9e.<\/p>\n<p>&nbsp;<\/p>\n<p><strong>Ce forfait est un achat unique.<\/strong><br \/>\nDans votre e-mail dans les 5 minutes<strong><br \/>\n<\/strong>Service client 24h\/24 et 7j\/7<strong>Garantie d\u2019activation, donc pas de soucis<br \/>\n <\/strong><br \/>\nConnectez-vous \u00e0 votre compte Microsoft<br \/>\nFacile \u00e0 installer avec des instructions d\u00e9taill\u00e9es<\/p>\n","protected":false},"featured_media":7142,"comment_status":"open","ping_status":"closed","template":"","meta":[],"product_brand":[],"product_cat":[65],"product_tag":[],"class_list":{"0":"post-7339","1":"product","2":"type-product","3":"status-publish","4":"has-post-thumbnail","6":"product_cat-windows-10","8":"first","9":"instock","10":"sale","11":"taxable","12":"shipping-taxable","13":"purchasable","14":"product-type-variable"},"yoast_head":"<!-- This site is optimized with the Yoast SEO plugin v27.2 - https:\/\/yoast.com\/product\/yoast-seo-wordpress\/ -->\n<title>de Windows 10 Professionnel \u00e0 vendre - Licenses4US<\/title>\n<meta name=\"description\" content=\"Vous recherchez une licence Windows 10 pro ? Chez Licenses4us, pas cher et livr\u00e9 imm\u00e9diatement. Avec l\u2019\u00e9dition Pro, vous pouvez utiliser Bitlocker, un outil de cryptage de vos fichiers.\" \/>\n<meta name=\"robots\" content=\"index, follow, max-snippet:-1, max-image-preview:large, max-video-preview:-1\" \/>\n<link rel=\"canonical\" href=\"https:\/\/licenses4us.com\/fr\/produit\/windows-10-professionnel\/\" \/>\n<meta property=\"og:locale\" content=\"fr_FR\" \/>\n<meta property=\"og:type\" content=\"article\" \/>\n<meta property=\"og:title\" content=\"de Windows 10 Professionnel \u00e0 vendre - Licenses4US\" \/>\n<meta property=\"og:description\" content=\"Vous recherchez une licence Windows 10 pro ? Chez Licenses4us, pas cher et livr\u00e9 imm\u00e9diatement. Avec l\u2019\u00e9dition Pro, vous pouvez utiliser Bitlocker, un outil de cryptage de vos fichiers.\" \/>\n<meta property=\"og:url\" content=\"https:\/\/licenses4us.com\/fr\/produit\/windows-10-professionnel\/\" \/>\n<meta property=\"og:site_name\" content=\"Licenses4US\" \/>\n<meta property=\"og:image\" content=\"https:\/\/licenses4us.com\/wp-content\/uploads\/2022\/10\/Microsoft-Windows-10-Pro.webp\" \/>\n\t<meta property=\"og:image:width\" content=\"300\" \/>\n\t<meta property=\"og:image:height\" content=\"300\" \/>\n\t<meta property=\"og:image:type\" content=\"image\/webp\" \/>\n<meta name=\"twitter:card\" content=\"summary_large_image\" \/>\n<meta name=\"twitter:label1\" content=\"Dur\u00e9e de lecture estim\u00e9e\" \/>\n\t<meta name=\"twitter:data1\" content=\"3 minutes\" \/>\n<script type=\"application\/ld+json\" class=\"yoast-schema-graph\">{\"@context\":\"https:\/\/schema.org\",\"@graph\":[{\"@type\":\"WebPage\",\"@id\":\"https:\/\/licenses4us.com\/fr\/produit\/windows-10-professionnel\/\",\"url\":\"https:\/\/licenses4us.com\/fr\/produit\/windows-10-professionnel\/\",\"name\":\"de Windows 10 Professionnel \u00e0 vendre - Licenses4US\",\"isPartOf\":{\"@id\":\"https:\/\/licenses4us.com\/fr\/#website\"},\"primaryImageOfPage\":{\"@id\":\"https:\/\/licenses4us.com\/fr\/produit\/windows-10-professionnel\/#primaryimage\"},\"image\":{\"@id\":\"https:\/\/licenses4us.com\/fr\/produit\/windows-10-professionnel\/#primaryimage\"},\"thumbnailUrl\":\"https:\/\/licenses4us.com\/wp-content\/uploads\/2022\/10\/Microsoft-Windows-10-Pro.webp\",\"datePublished\":\"2022-04-11T07:24:05+00:00\",\"description\":\"Vous recherchez une licence Windows 10 pro ? Chez Licenses4us, pas cher et livr\u00e9 imm\u00e9diatement. Avec l\u2019\u00e9dition Pro, vous pouvez utiliser Bitlocker, un outil de cryptage de vos fichiers.\",\"breadcrumb\":{\"@id\":\"https:\/\/licenses4us.com\/fr\/produit\/windows-10-professionnel\/#breadcrumb\"},\"inLanguage\":\"fr-FR\",\"potentialAction\":[{\"@type\":\"ReadAction\",\"target\":[\"https:\/\/licenses4us.com\/fr\/produit\/windows-10-professionnel\/\"]}]},{\"@type\":\"ImageObject\",\"inLanguage\":\"fr-FR\",\"@id\":\"https:\/\/licenses4us.com\/fr\/produit\/windows-10-professionnel\/#primaryimage\",\"url\":\"https:\/\/licenses4us.com\/wp-content\/uploads\/2022\/10\/Microsoft-Windows-10-Pro.webp\",\"contentUrl\":\"https:\/\/licenses4us.com\/wp-content\/uploads\/2022\/10\/Microsoft-Windows-10-Pro.webp\",\"width\":300,\"height\":300,\"caption\":\"Microsoft Windows 10 Professionnel.\"},{\"@type\":\"BreadcrumbList\",\"@id\":\"https:\/\/licenses4us.com\/fr\/produit\/windows-10-professionnel\/#breadcrumb\",\"itemListElement\":[{\"@type\":\"ListItem\",\"position\":1,\"name\":\"Home\",\"item\":\"https:\/\/licenses4us.com\/fr\/\"},{\"@type\":\"ListItem\",\"position\":2,\"name\":\"Boutique\",\"item\":\"https:\/\/licenses4us.com\/fr\/boutique\/\"},{\"@type\":\"ListItem\",\"position\":3,\"name\":\"Windows 10 Professionnel\"}]},{\"@type\":\"WebSite\",\"@id\":\"https:\/\/licenses4us.com\/fr\/#website\",\"url\":\"https:\/\/licenses4us.com\/fr\/\",\"name\":\"Licenses4US\",\"description\":\"De goedkoopste licenties\",\"publisher\":{\"@id\":\"https:\/\/licenses4us.com\/fr\/#organization\"},\"potentialAction\":[{\"@type\":\"SearchAction\",\"target\":{\"@type\":\"EntryPoint\",\"urlTemplate\":\"https:\/\/licenses4us.com\/fr\/?s={search_term_string}\"},\"query-input\":{\"@type\":\"PropertyValueSpecification\",\"valueRequired\":true,\"valueName\":\"search_term_string\"}}],\"inLanguage\":\"fr-FR\"},{\"@type\":\"Organization\",\"@id\":\"https:\/\/licenses4us.com\/fr\/#organization\",\"name\":\"Licenses4Us\",\"url\":\"https:\/\/licenses4us.com\/fr\/\",\"logo\":{\"@type\":\"ImageObject\",\"inLanguage\":\"fr-FR\",\"@id\":\"https:\/\/licenses4us.com\/fr\/#\/schema\/logo\/image\/\",\"url\":\"https:\/\/licenses4us.com\/wp-content\/uploads\/2022\/02\/Licenses4us_alpha.png\",\"contentUrl\":\"https:\/\/licenses4us.com\/wp-content\/uploads\/2022\/02\/Licenses4us_alpha.png\",\"width\":2000,\"height\":600,\"caption\":\"Licenses4Us\"},\"image\":{\"@id\":\"https:\/\/licenses4us.com\/fr\/#\/schema\/logo\/image\/\"}}]}<\/script>\n<!-- \/ Yoast SEO plugin. -->","yoast_head_json":{"title":"de Windows 10 Professionnel \u00e0 vendre - Licenses4US","description":"Vous recherchez une licence Windows 10 pro ? Chez Licenses4us, pas cher et livr\u00e9 imm\u00e9diatement. Avec l\u2019\u00e9dition Pro, vous pouvez utiliser Bitlocker, un outil de cryptage de vos fichiers.","robots":{"index":"index","follow":"follow","max-snippet":"max-snippet:-1","max-image-preview":"max-image-preview:large","max-video-preview":"max-video-preview:-1"},"canonical":"https:\/\/licenses4us.com\/fr\/produit\/windows-10-professionnel\/","og_locale":"fr_FR","og_type":"article","og_title":"de Windows 10 Professionnel \u00e0 vendre - Licenses4US","og_description":"Vous recherchez une licence Windows 10 pro ? Chez Licenses4us, pas cher et livr\u00e9 imm\u00e9diatement. Avec l\u2019\u00e9dition Pro, vous pouvez utiliser Bitlocker, un outil de cryptage de vos fichiers.","og_url":"https:\/\/licenses4us.com\/fr\/produit\/windows-10-professionnel\/","og_site_name":"Licenses4US","og_image":[{"width":300,"height":300,"url":"https:\/\/licenses4us.com\/wp-content\/uploads\/2022\/10\/Microsoft-Windows-10-Pro.webp","type":"image\/webp"}],"twitter_card":"summary_large_image","twitter_misc":{"Dur\u00e9e de lecture estim\u00e9e":"3 minutes"},"schema":{"@context":"https:\/\/schema.org","@graph":[{"@type":"WebPage","@id":"https:\/\/licenses4us.com\/fr\/produit\/windows-10-professionnel\/","url":"https:\/\/licenses4us.com\/fr\/produit\/windows-10-professionnel\/","name":"de Windows 10 Professionnel \u00e0 vendre - Licenses4US","isPartOf":{"@id":"https:\/\/licenses4us.com\/fr\/#website"},"primaryImageOfPage":{"@id":"https:\/\/licenses4us.com\/fr\/produit\/windows-10-professionnel\/#primaryimage"},"image":{"@id":"https:\/\/licenses4us.com\/fr\/produit\/windows-10-professionnel\/#primaryimage"},"thumbnailUrl":"https:\/\/licenses4us.com\/wp-content\/uploads\/2022\/10\/Microsoft-Windows-10-Pro.webp","datePublished":"2022-04-11T07:24:05+00:00","description":"Vous recherchez une licence Windows 10 pro ? Chez Licenses4us, pas cher et livr\u00e9 imm\u00e9diatement. Avec l\u2019\u00e9dition Pro, vous pouvez utiliser Bitlocker, un outil de cryptage de vos fichiers.","breadcrumb":{"@id":"https:\/\/licenses4us.com\/fr\/produit\/windows-10-professionnel\/#breadcrumb"},"inLanguage":"fr-FR","potentialAction":[{"@type":"ReadAction","target":["https:\/\/licenses4us.com\/fr\/produit\/windows-10-professionnel\/"]}]},{"@type":"ImageObject","inLanguage":"fr-FR","@id":"https:\/\/licenses4us.com\/fr\/produit\/windows-10-professionnel\/#primaryimage","url":"https:\/\/licenses4us.com\/wp-content\/uploads\/2022\/10\/Microsoft-Windows-10-Pro.webp","contentUrl":"https:\/\/licenses4us.com\/wp-content\/uploads\/2022\/10\/Microsoft-Windows-10-Pro.webp","width":300,"height":300,"caption":"Microsoft Windows 10 Professionnel."},{"@type":"BreadcrumbList","@id":"https:\/\/licenses4us.com\/fr\/produit\/windows-10-professionnel\/#breadcrumb","itemListElement":[{"@type":"ListItem","position":1,"name":"Home","item":"https:\/\/licenses4us.com\/fr\/"},{"@type":"ListItem","position":2,"name":"Boutique","item":"https:\/\/licenses4us.com\/fr\/boutique\/"},{"@type":"ListItem","position":3,"name":"Windows 10 Professionnel"}]},{"@type":"WebSite","@id":"https:\/\/licenses4us.com\/fr\/#website","url":"https:\/\/licenses4us.com\/fr\/","name":"Licenses4US","description":"De goedkoopste licenties","publisher":{"@id":"https:\/\/licenses4us.com\/fr\/#organization"},"potentialAction":[{"@type":"SearchAction","target":{"@type":"EntryPoint","urlTemplate":"https:\/\/licenses4us.com\/fr\/?s={search_term_string}"},"query-input":{"@type":"PropertyValueSpecification","valueRequired":true,"valueName":"search_term_string"}}],"inLanguage":"fr-FR"},{"@type":"Organization","@id":"https:\/\/licenses4us.com\/fr\/#organization","name":"Licenses4Us","url":"https:\/\/licenses4us.com\/fr\/","logo":{"@type":"ImageObject","inLanguage":"fr-FR","@id":"https:\/\/licenses4us.com\/fr\/#\/schema\/logo\/image\/","url":"https:\/\/licenses4us.com\/wp-content\/uploads\/2022\/02\/Licenses4us_alpha.png","contentUrl":"https:\/\/licenses4us.com\/wp-content\/uploads\/2022\/02\/Licenses4us_alpha.png","width":2000,"height":600,"caption":"Licenses4Us"},"image":{"@id":"https:\/\/licenses4us.com\/fr\/#\/schema\/logo\/image\/"}}]}},"_links":{"self":[{"href":"https:\/\/licenses4us.com\/fr\/wp-json\/wp\/v2\/product\/7339","targetHints":{"allow":["GET"]}}],"collection":[{"href":"https:\/\/licenses4us.com\/fr\/wp-json\/wp\/v2\/product"}],"about":[{"href":"https:\/\/licenses4us.com\/fr\/wp-json\/wp\/v2\/types\/product"}],"replies":[{"embeddable":true,"href":"https:\/\/licenses4us.com\/fr\/wp-json\/wp\/v2\/comments?post=7339"}],"wp:featuredmedia":[{"embeddable":true,"href":"https:\/\/licenses4us.com\/fr\/wp-json\/wp\/v2\/media\/7142"}],"wp:attachment":[{"href":"https:\/\/licenses4us.com\/fr\/wp-json\/wp\/v2\/media?parent=7339"}],"wp:term":[{"taxonomy":"product_brand","embeddable":true,"href":"https:\/\/licenses4us.com\/fr\/wp-json\/wp\/v2\/product_brand?post=7339"},{"taxonomy":"product_cat","embeddable":true,"href":"https:\/\/licenses4us.com\/fr\/wp-json\/wp\/v2\/product_cat?post=7339"},{"taxonomy":"product_tag","embeddable":true,"href":"https:\/\/licenses4us.com\/fr\/wp-json\/wp\/v2\/product_tag?post=7339"}],"curies":[{"name":"wp","href":"https:\/\/api.w.org\/{rel}","templated":true}]}}