{"id":7225,"date":"2022-05-20T09:42:56","date_gmt":"2022-05-20T07:42:56","guid":{"rendered":"https:\/\/licenses4us.com\/product\/microsoft-office-professionnel-plus-2021\/"},"modified":"2024-03-19T19:54:12","modified_gmt":"2024-03-19T17:54:12","slug":"microsoft-office-professionnel-plus-2021","status":"publish","type":"product","link":"https:\/\/licenses4us.com\/fr\/produit\/microsoft-office-professionnel-plus-2021\/","title":{"rendered":"Microsoft Office Professionnel Plus 2021"},"content":{"rendered":"<section class=\"elementor-section elementor-inner-section elementor-element elementor-element-a73dcc3 elementor-section-boxed elementor-section-height-default elementor-section-height-default\" data-id=\"a73dcc3\" data-element_type=\"section\" data-settings=\"{\"jet_parallax_layout_list\":[]}\">\n<div class=\"elementor-container elementor-column-gap-default\">\n<div class=\"elementor-column elementor-col-100 elementor-inner-column elementor-element elementor-element-945d51e\" data-id=\"945d51e\" data-element_type=\"column\" data-settings=\"{\"background_background\":\"classic\"}\">\n<div class=\"elementor-widget-wrap elementor-element-populated\">\n<div class=\"elementor-element elementor-element-a137928 product_descriptions elementor-widget elementor-widget-text-editor\" data-id=\"a137928\" data-element_type=\"widget\" data-widget_type=\"text-editor.default\">\n<div class=\"elementor-widget-container\">\n<h2>Acheter Office 2021 ?<\/h2>\n<p><strong>R\u00e9cemment introduit par Microsoft Office : Office Professional plus 2021 dont vous ne devez pas renouveler l&rsquo;abonnement chaque ann\u00e9e ! Vous pouvez acheter la toute derni\u00e8re licence d&rsquo;Office ici. Vous pouvez alors commencer imm\u00e9diatement \u00e0 utiliser votre licence Microsoft. Fiable, l\u00e9gal et professionnel \u00e0 un prix tr\u00e8s attractif.<\/strong><\/p>\n<p>Ce paquet Office comprend les programmes Office suivants :<br \/>\nMicrosoft Word<br \/>\nMicrosoft Excel<br \/>\nMicrosoft PowerPoint<br \/>\nMicrosoft Outlook<br \/>\nMicrosoft Publisher<br \/>\nMicrosoft Access<br \/>\nSkype pour les entreprises<br \/>\nOneDrive<\/p>\n<h3><strong>Activation en ligne facile, rapide et fiable.<\/strong><\/h3>\n<p><strong>Apr\u00e8s l&rsquo;achat, vous recevrez un e-mail contenant votre code de licence dans les 5 minutes qui suivent.<br \/>\nIl contient un lien qui vous permet de naviguer vers le site d&rsquo;activation d&rsquo;Office<a href=\"https:\/\/setup.office.com\/\">(https:\/\/setup.office.com\/<\/a>).<br \/>\nVous vous connectez avec votre compte et entrez le code du produit.<\/strong><\/p>\n<p>Une fois la licence aval\u00e9e, vous \u00eates imm\u00e9diatement guid\u00e9 vers votre environnement Microsoft Office o\u00f9 vous pouvez visualiser et t\u00e9l\u00e9charger la licence.<\/p>\n<h3><b>Type de licence.<br \/>\n<\/b><\/h3>\n<p>Nous vendons 3 types de licences bureautiques : Bind, Online et Phone Activation.<\/p>\n<p>Toutes nos licences \u00ab Lier \u00bb sont des licences qui sont li\u00e9es \u00e0 votre compte Microsoft via <a href=\"http:\/\/setup.office.com\">https:\/\/setup.office.com<\/a><\/p>\n<p>Cela signifie, contrairement \u00e0 d\u2019autres sites Web, que la licence peut \u00eatre r\u00e9install\u00e9e en cas de perte\/casse d\u2019un ordinateur. Il est \u00e9galement possible d\u2019emporter la licence avec vous sur un autre ordinateur. Notez qu&rsquo;il ne peut y avoir qu&rsquo;une seule licence active.<\/p>\n<p>Avec notre licence \u00ab&nbsp;Online&nbsp;\u00bb, vous pouvez t\u00e9l\u00e9charger le logiciel, une fois t\u00e9l\u00e9charg\u00e9, vous ouvrez une application o\u00f9 vous pouvez ensuite entrer le code en ligne. Il s\u2019agit d\u2019une licence \u00e0 vie, mais il n\u2019est pas possible de transf\u00e9rer cette licence sur un autre ordinateur.<\/p>\n<p>Gr\u00e2ce \u00e0 notre licence \u00ab&nbsp;Activation t\u00e9l\u00e9phonique&nbsp;\u00bb, vous pouvez \u00e9galement t\u00e9l\u00e9charger un logiciel, d\u00e8s qu\u2019il est t\u00e9l\u00e9charg\u00e9, vous pouvez ouvrir une application (word, excel, outlook) apr\u00e8s quoi il vous sera demand\u00e9 de l\u2019activer de 2 mani\u00e8res. Dans ce cas, vous choisissez de le faire par t\u00e9l\u00e9phone.<\/p>\n<h3><strong>Toutes les langues les plus courantes sont pr\u00e9sentes.<\/strong><\/h3>\n<p>Toutes les licences que nous vendons sont multilingues. Cela signifie que les programmes peuvent \u00eatre affich\u00e9s dans 124 langues diff\u00e9rentes.<br \/>\nToutes les langues courantes sont disponibles (n\u00e9erlandais, anglais, allemand, fran\u00e7ais, etc.).<\/p>\n<h4><b>Besoin d&rsquo;une autre licence ?<\/b><\/h4>\n<p>Acheter un autre logiciel Office ? Jetez un coup d&rsquo;\u0153il \u00e0 notre site web, nous vendons presque tous les packs Microsoft Office 2021 et 2019, de Home &amp; Student \u00e0 Home &amp; Business.<\/p>\n<\/div>\n<\/div>\n<\/div>\n<\/div>\n<\/div>\n<\/section>\n<section class=\"elementor-section elementor-inner-section elementor-element elementor-element-209c690 elementor-section-boxed elementor-section-height-default elementor-section-height-default\" data-id=\"209c690\" data-element_type=\"section\" data-settings=\"{\"jet_parallax_layout_list\":[]}\">\n<div class=\"elementor-container elementor-column-gap-default\">\n<div class=\"elementor-column elementor-col-100 elementor-inner-column elementor-element elementor-element-a9d7723\" data-id=\"a9d7723\" data-element_type=\"column\" data-settings=\"{\"background_background\":\"classic\"}\">\n<div class=\"elementor-widget-wrap elementor-element-populated\">\n<div class=\"elementor-element elementor-element-14aa7b2 elementor-widget elementor-widget-heading\" data-id=\"14aa7b2\" data-element_type=\"widget\" data-widget_type=\"heading.default\">\n<div class=\"elementor-widget-container\">\n<h2 class=\"elementor-heading-title elementor-size-default\">Caract\u00e9ristiques et d\u00e9tails :<\/h2>\n<\/div>\n<\/div>\n<div class=\"elementor-element elementor-element-81e827a fad-box elementor-widget elementor-widget-jet-listing-dynamic-repeater\" data-id=\"81e827a\" data-element_type=\"widget\" data-widget_type=\"jet-listing-dynamic-repeater.default\">\n<div class=\"elementor-widget-container\">\n<div class=\"jet-listing jet-listing-dynamic-repeater\">\n<div class=\"jet-listing-dynamic-repeater__items \">\n<div class=\"jet-listing-dynamic-repeater__item\">ProgrammesMicrosoft Publisher 2021 | Microsoft Access 2021 | Microsoft Outlook 2021 | Microsoft Word 2021 | Microsoft Excel 2021 | Microsoft PowerPoint 2021 | Microsoft OneNote | Int\u00e9gration avec Microsoft Teams 2021<\/div>\n<\/div>\n<\/div>\n<\/div>\n<\/div>\n<\/div>\n<\/div>\n<\/div>\n<\/section>\n<section class=\"elementor-section elementor-inner-section elementor-element elementor-element-2c09ddc elementor-section-boxed elementor-section-height-default elementor-section-height-default\" data-id=\"2c09ddc\" data-element_type=\"section\" data-settings=\"{\"jet_parallax_layout_list\":[]}\">\n<div class=\"elementor-container elementor-column-gap-default\">\n<div class=\"elementor-column elementor-col-100 elementor-inner-column elementor-element elementor-element-a8cd528\" data-id=\"a8cd528\" data-element_type=\"column\" data-settings=\"{\"background_background\":\"classic\"}\">\n<div class=\"elementor-widget-wrap elementor-element-populated\">\n<div class=\"elementor-element elementor-element-5e1c03c elementor-widget elementor-widget-heading\" data-id=\"5e1c03c\" data-element_type=\"widget\" data-widget_type=\"heading.default\">\n<div class=\"elementor-widget-container\">\n<h2 class=\"elementor-heading-title elementor-size-default\">Sp\u00e9cification requise&nbsp;:<\/h2>\n<\/div>\n<\/div>\n<div class=\"elementor-element elementor-element-7790111 fad-box elementor-widget elementor-widget-jet-listing-dynamic-repeater\" data-id=\"7790111\" data-element_type=\"widget\" data-widget_type=\"jet-listing-dynamic-repeater.default\">\n<div class=\"elementor-widget-container\">\n<div class=\"jet-listing jet-listing-dynamic-repeater\">\n<div class=\"jet-listing-dynamic-repeater__items \">\n<div class=\"jet-listing-dynamic-repeater__item\">Configuration requise pour le processeur 1,8 Ghz, 2 c\u0153urs<\/div>\n<div class=\"jet-listing-dynamic-repeater__item\">Espace disque minimum 4000 Mo<\/div>\n<div class=\"jet-listing-dynamic-repeater__item\">Syst\u00e8me d\u2019exploitation : Windows 10 ou 11 Famille ou Pro<\/div>\n<div class=\"jet-listing-dynamic-repeater__item\">Version de bits 32\/64 bits<\/div>\n<\/div>\n<\/div>\n<\/div>\n<\/div>\n<\/div>\n<\/div>\n<\/div>\n<\/section>\n","protected":false},"excerpt":{"rendered":"<h2>Microsoft Office Professionnel Plus 2021<\/h2>\n<p>Apr\u00e8s votre paiement, vous recevrez imm\u00e9diatement le code d&rsquo;activation dans votre bo\u00eete aux lettres, ainsi que le lien de t\u00e9l\u00e9chargement et le manuel.<\/p>\n<p>&#8211; L&rsquo;activation et le t\u00e9l\u00e9chargement se font via le site web de Microsoft Office, cliquez <a href=\"https:\/\/setup.office.com\/\">ici<\/a>.<br \/>\n&#8211; Achat unique, pas de frais mensuels.<br \/>\n&#8211; Disponible en 32\/64 Bits.<br \/>\n&#8211; Il est disponible en 29 langues, dont le n\u00e9erlandais et l&rsquo;anglais.<\/p>\n<p>Cette version ne convient qu&rsquo;au PC. Pour un logiciel similaire pour Mac OS, cliquez <a href=\"https:\/\/licenses4us.com\/product\/microsoft-office-home-en-business-2021\/\">ici<\/a>.<\/p>\n<p>PS : Toutes nos licences Office sont r\u00e9ellement des licences permanentes et sont li\u00e9es \u00e0 votre compte Microsoft, contrairement \u00e0 d&rsquo;autres sites web.<br \/>\nCela signifie que si vous n&rsquo;avez plus acc\u00e8s \u00e0 votre ordinateur portable\/ordinateur, vous pouvez t\u00e9l\u00e9charger \u00e0 nouveau le logiciel \u00e0 partir de votre compte Microsoft Office.<\/p>\n","protected":false},"featured_media":7139,"comment_status":"closed","ping_status":"closed","template":"","meta":[],"product_brand":[],"product_cat":[51],"product_tag":[],"class_list":{"0":"post-7225","1":"product","2":"type-product","3":"status-publish","4":"has-post-thumbnail","6":"product_cat-office-2021","8":"first","9":"instock","10":"taxable","11":"shipping-taxable","12":"purchasable","13":"product-type-variable"},"yoast_head":"<!-- This site is optimized with the Yoast SEO plugin v27.2 - https:\/\/yoast.com\/product\/yoast-seo-wordpress\/ -->\n<title>Microsoft Office Professionnel Plus 2021 \u00e0 vendre - Licenses4US%.<\/title>\n<meta name=\"description\" content=\"Microsoft Office Professional Plus est la derni\u00e8re version d&#039;Office. Apr\u00e8s l&#039;installation, vous pouvez imm\u00e9diatement commencer \u00e0 utiliser Word, Excel, Outlook, Publisher, PowerPoint et bien plus encore.\" \/>\n<meta name=\"robots\" content=\"index, follow, max-snippet:-1, max-image-preview:large, max-video-preview:-1\" \/>\n<link rel=\"canonical\" href=\"https:\/\/licenses4us.com\/fr\/produit\/microsoft-office-professionnel-plus-2021\/\" \/>\n<meta property=\"og:locale\" content=\"fr_FR\" \/>\n<meta property=\"og:type\" content=\"article\" \/>\n<meta property=\"og:title\" content=\"Microsoft Office Professionnel Plus 2021 \u00e0 vendre - Licenses4US%.\" \/>\n<meta property=\"og:description\" content=\"Microsoft Office Professional Plus est la derni\u00e8re version d&#039;Office. Apr\u00e8s l&#039;installation, vous pouvez imm\u00e9diatement commencer \u00e0 utiliser Word, Excel, Outlook, Publisher, PowerPoint et bien plus encore.\" \/>\n<meta property=\"og:url\" content=\"https:\/\/licenses4us.com\/fr\/produit\/microsoft-office-professionnel-plus-2021\/\" \/>\n<meta property=\"og:site_name\" content=\"Licenses4US\" \/>\n<meta property=\"article:modified_time\" content=\"2024-03-19T17:54:12+00:00\" \/>\n<meta property=\"og:image\" content=\"https:\/\/licenses4us.com\/wp-content\/uploads\/2022\/10\/Microsoft-Office-2021-Professional-Plus-2.webp\" \/>\n\t<meta property=\"og:image:width\" content=\"800\" \/>\n\t<meta property=\"og:image:height\" content=\"800\" \/>\n\t<meta property=\"og:image:type\" content=\"image\/webp\" \/>\n<meta name=\"twitter:card\" content=\"summary_large_image\" \/>\n<meta name=\"twitter:label1\" content=\"Dur\u00e9e de lecture estim\u00e9e\" \/>\n\t<meta name=\"twitter:data1\" content=\"2 minutes\" \/>\n<script type=\"application\/ld+json\" class=\"yoast-schema-graph\">{\"@context\":\"https:\/\/schema.org\",\"@graph\":[{\"@type\":\"WebPage\",\"@id\":\"https:\/\/licenses4us.com\/fr\/produit\/microsoft-office-professionnel-plus-2021\/\",\"url\":\"https:\/\/licenses4us.com\/fr\/produit\/microsoft-office-professionnel-plus-2021\/\",\"name\":\"Microsoft Office Professionnel Plus 2021 \u00e0 vendre - Licenses4US%.\",\"isPartOf\":{\"@id\":\"https:\/\/licenses4us.com\/fr\/#website\"},\"primaryImageOfPage\":{\"@id\":\"https:\/\/licenses4us.com\/fr\/produit\/microsoft-office-professionnel-plus-2021\/#primaryimage\"},\"image\":{\"@id\":\"https:\/\/licenses4us.com\/fr\/produit\/microsoft-office-professionnel-plus-2021\/#primaryimage\"},\"thumbnailUrl\":\"https:\/\/licenses4us.com\/wp-content\/uploads\/2022\/10\/Microsoft-Office-2021-Professional-Plus-2.webp\",\"datePublished\":\"2022-05-20T07:42:56+00:00\",\"dateModified\":\"2024-03-19T17:54:12+00:00\",\"description\":\"Microsoft Office Professional Plus est la derni\u00e8re version d'Office. Apr\u00e8s l'installation, vous pouvez imm\u00e9diatement commencer \u00e0 utiliser Word, Excel, Outlook, Publisher, PowerPoint et bien plus encore.\",\"breadcrumb\":{\"@id\":\"https:\/\/licenses4us.com\/fr\/produit\/microsoft-office-professionnel-plus-2021\/#breadcrumb\"},\"inLanguage\":\"fr-FR\",\"potentialAction\":[{\"@type\":\"ReadAction\",\"target\":[\"https:\/\/licenses4us.com\/fr\/produit\/microsoft-office-professionnel-plus-2021\/\"]}]},{\"@type\":\"ImageObject\",\"inLanguage\":\"fr-FR\",\"@id\":\"https:\/\/licenses4us.com\/fr\/produit\/microsoft-office-professionnel-plus-2021\/#primaryimage\",\"url\":\"https:\/\/licenses4us.com\/wp-content\/uploads\/2022\/10\/Microsoft-Office-2021-Professional-Plus-2.webp\",\"contentUrl\":\"https:\/\/licenses4us.com\/wp-content\/uploads\/2022\/10\/Microsoft-Office-2021-Professional-Plus-2.webp\",\"width\":800,\"height\":800,\"caption\":\"Microsoft Office 2021 Professionnel Plus.\"},{\"@type\":\"BreadcrumbList\",\"@id\":\"https:\/\/licenses4us.com\/fr\/produit\/microsoft-office-professionnel-plus-2021\/#breadcrumb\",\"itemListElement\":[{\"@type\":\"ListItem\",\"position\":1,\"name\":\"Home\",\"item\":\"https:\/\/licenses4us.com\/fr\/\"},{\"@type\":\"ListItem\",\"position\":2,\"name\":\"Boutique\",\"item\":\"https:\/\/licenses4us.com\/fr\/boutique\/\"},{\"@type\":\"ListItem\",\"position\":3,\"name\":\"Microsoft Office Professionnel Plus 2021\"}]},{\"@type\":\"WebSite\",\"@id\":\"https:\/\/licenses4us.com\/fr\/#website\",\"url\":\"https:\/\/licenses4us.com\/fr\/\",\"name\":\"Licenses4US\",\"description\":\"De goedkoopste licenties\",\"publisher\":{\"@id\":\"https:\/\/licenses4us.com\/fr\/#organization\"},\"potentialAction\":[{\"@type\":\"SearchAction\",\"target\":{\"@type\":\"EntryPoint\",\"urlTemplate\":\"https:\/\/licenses4us.com\/fr\/?s={search_term_string}\"},\"query-input\":{\"@type\":\"PropertyValueSpecification\",\"valueRequired\":true,\"valueName\":\"search_term_string\"}}],\"inLanguage\":\"fr-FR\"},{\"@type\":\"Organization\",\"@id\":\"https:\/\/licenses4us.com\/fr\/#organization\",\"name\":\"Licenses4Us\",\"url\":\"https:\/\/licenses4us.com\/fr\/\",\"logo\":{\"@type\":\"ImageObject\",\"inLanguage\":\"fr-FR\",\"@id\":\"https:\/\/licenses4us.com\/fr\/#\/schema\/logo\/image\/\",\"url\":\"https:\/\/licenses4us.com\/wp-content\/uploads\/2022\/02\/Licenses4us_alpha.png\",\"contentUrl\":\"https:\/\/licenses4us.com\/wp-content\/uploads\/2022\/02\/Licenses4us_alpha.png\",\"width\":2000,\"height\":600,\"caption\":\"Licenses4Us\"},\"image\":{\"@id\":\"https:\/\/licenses4us.com\/fr\/#\/schema\/logo\/image\/\"}}]}<\/script>\n<!-- \/ Yoast SEO plugin. -->","yoast_head_json":{"title":"Microsoft Office Professionnel Plus 2021 \u00e0 vendre - Licenses4US%.","description":"Microsoft Office Professional Plus est la derni\u00e8re version d'Office. Apr\u00e8s l'installation, vous pouvez imm\u00e9diatement commencer \u00e0 utiliser Word, Excel, Outlook, Publisher, PowerPoint et bien plus encore.","robots":{"index":"index","follow":"follow","max-snippet":"max-snippet:-1","max-image-preview":"max-image-preview:large","max-video-preview":"max-video-preview:-1"},"canonical":"https:\/\/licenses4us.com\/fr\/produit\/microsoft-office-professionnel-plus-2021\/","og_locale":"fr_FR","og_type":"article","og_title":"Microsoft Office Professionnel Plus 2021 \u00e0 vendre - Licenses4US%.","og_description":"Microsoft Office Professional Plus est la derni\u00e8re version d'Office. Apr\u00e8s l'installation, vous pouvez imm\u00e9diatement commencer \u00e0 utiliser Word, Excel, Outlook, Publisher, PowerPoint et bien plus encore.","og_url":"https:\/\/licenses4us.com\/fr\/produit\/microsoft-office-professionnel-plus-2021\/","og_site_name":"Licenses4US","article_modified_time":"2024-03-19T17:54:12+00:00","og_image":[{"width":800,"height":800,"url":"https:\/\/licenses4us.com\/wp-content\/uploads\/2022\/10\/Microsoft-Office-2021-Professional-Plus-2.webp","type":"image\/webp"}],"twitter_card":"summary_large_image","twitter_misc":{"Dur\u00e9e de lecture estim\u00e9e":"2 minutes"},"schema":{"@context":"https:\/\/schema.org","@graph":[{"@type":"WebPage","@id":"https:\/\/licenses4us.com\/fr\/produit\/microsoft-office-professionnel-plus-2021\/","url":"https:\/\/licenses4us.com\/fr\/produit\/microsoft-office-professionnel-plus-2021\/","name":"Microsoft Office Professionnel Plus 2021 \u00e0 vendre - Licenses4US%.","isPartOf":{"@id":"https:\/\/licenses4us.com\/fr\/#website"},"primaryImageOfPage":{"@id":"https:\/\/licenses4us.com\/fr\/produit\/microsoft-office-professionnel-plus-2021\/#primaryimage"},"image":{"@id":"https:\/\/licenses4us.com\/fr\/produit\/microsoft-office-professionnel-plus-2021\/#primaryimage"},"thumbnailUrl":"https:\/\/licenses4us.com\/wp-content\/uploads\/2022\/10\/Microsoft-Office-2021-Professional-Plus-2.webp","datePublished":"2022-05-20T07:42:56+00:00","dateModified":"2024-03-19T17:54:12+00:00","description":"Microsoft Office Professional Plus est la derni\u00e8re version d'Office. Apr\u00e8s l'installation, vous pouvez imm\u00e9diatement commencer \u00e0 utiliser Word, Excel, Outlook, Publisher, PowerPoint et bien plus encore.","breadcrumb":{"@id":"https:\/\/licenses4us.com\/fr\/produit\/microsoft-office-professionnel-plus-2021\/#breadcrumb"},"inLanguage":"fr-FR","potentialAction":[{"@type":"ReadAction","target":["https:\/\/licenses4us.com\/fr\/produit\/microsoft-office-professionnel-plus-2021\/"]}]},{"@type":"ImageObject","inLanguage":"fr-FR","@id":"https:\/\/licenses4us.com\/fr\/produit\/microsoft-office-professionnel-plus-2021\/#primaryimage","url":"https:\/\/licenses4us.com\/wp-content\/uploads\/2022\/10\/Microsoft-Office-2021-Professional-Plus-2.webp","contentUrl":"https:\/\/licenses4us.com\/wp-content\/uploads\/2022\/10\/Microsoft-Office-2021-Professional-Plus-2.webp","width":800,"height":800,"caption":"Microsoft Office 2021 Professionnel Plus."},{"@type":"BreadcrumbList","@id":"https:\/\/licenses4us.com\/fr\/produit\/microsoft-office-professionnel-plus-2021\/#breadcrumb","itemListElement":[{"@type":"ListItem","position":1,"name":"Home","item":"https:\/\/licenses4us.com\/fr\/"},{"@type":"ListItem","position":2,"name":"Boutique","item":"https:\/\/licenses4us.com\/fr\/boutique\/"},{"@type":"ListItem","position":3,"name":"Microsoft Office Professionnel Plus 2021"}]},{"@type":"WebSite","@id":"https:\/\/licenses4us.com\/fr\/#website","url":"https:\/\/licenses4us.com\/fr\/","name":"Licenses4US","description":"De goedkoopste licenties","publisher":{"@id":"https:\/\/licenses4us.com\/fr\/#organization"},"potentialAction":[{"@type":"SearchAction","target":{"@type":"EntryPoint","urlTemplate":"https:\/\/licenses4us.com\/fr\/?s={search_term_string}"},"query-input":{"@type":"PropertyValueSpecification","valueRequired":true,"valueName":"search_term_string"}}],"inLanguage":"fr-FR"},{"@type":"Organization","@id":"https:\/\/licenses4us.com\/fr\/#organization","name":"Licenses4Us","url":"https:\/\/licenses4us.com\/fr\/","logo":{"@type":"ImageObject","inLanguage":"fr-FR","@id":"https:\/\/licenses4us.com\/fr\/#\/schema\/logo\/image\/","url":"https:\/\/licenses4us.com\/wp-content\/uploads\/2022\/02\/Licenses4us_alpha.png","contentUrl":"https:\/\/licenses4us.com\/wp-content\/uploads\/2022\/02\/Licenses4us_alpha.png","width":2000,"height":600,"caption":"Licenses4Us"},"image":{"@id":"https:\/\/licenses4us.com\/fr\/#\/schema\/logo\/image\/"}}]}},"_links":{"self":[{"href":"https:\/\/licenses4us.com\/fr\/wp-json\/wp\/v2\/product\/7225","targetHints":{"allow":["GET"]}}],"collection":[{"href":"https:\/\/licenses4us.com\/fr\/wp-json\/wp\/v2\/product"}],"about":[{"href":"https:\/\/licenses4us.com\/fr\/wp-json\/wp\/v2\/types\/product"}],"replies":[{"embeddable":true,"href":"https:\/\/licenses4us.com\/fr\/wp-json\/wp\/v2\/comments?post=7225"}],"wp:featuredmedia":[{"embeddable":true,"href":"https:\/\/licenses4us.com\/fr\/wp-json\/wp\/v2\/media\/7139"}],"wp:attachment":[{"href":"https:\/\/licenses4us.com\/fr\/wp-json\/wp\/v2\/media?parent=7225"}],"wp:term":[{"taxonomy":"product_brand","embeddable":true,"href":"https:\/\/licenses4us.com\/fr\/wp-json\/wp\/v2\/product_brand?post=7225"},{"taxonomy":"product_cat","embeddable":true,"href":"https:\/\/licenses4us.com\/fr\/wp-json\/wp\/v2\/product_cat?post=7225"},{"taxonomy":"product_tag","embeddable":true,"href":"https:\/\/licenses4us.com\/fr\/wp-json\/wp\/v2\/product_tag?post=7225"}],"curies":[{"name":"wp","href":"https:\/\/api.w.org\/{rel}","templated":true}]}}