{"id":7216,"date":"2023-06-20T16:48:30","date_gmt":"2023-06-20T14:48:30","guid":{"rendered":"https:\/\/licenses4us.com\/product\/windows-11\/"},"modified":"2024-04-02T19:31:06","modified_gmt":"2024-04-02T17:31:06","slug":"windows-11","status":"publish","type":"product","link":"https:\/\/licenses4us.com\/fr\/produit\/windows-11\/","title":{"rendered":"Windows 11 Home"},"content":{"rendered":"<h1>Acheter Windows 11 Home ?<\/h1>\n<p>Windows 11 Home est un syst\u00e8me d&rsquo;exploitation d\u00e9velopp\u00e9 par Microsoft dans le cadre de la s\u00e9rie Windows. Il est sp\u00e9cialement con\u00e7u pour une utilisation personnelle et domestique, offrant une exp\u00e9rience transparente et conviviale pour les t\u00e2ches informatiques quotidiennes.<br \/>\nAvec Windows 11 Home, vous avez le choix entre une licence OEM ou une licence Retail, choisissez celle qui correspond le mieux \u00e0 vos besoins.<\/p>\n<p>Apr\u00e8s avoir effectu\u00e9 votre achat, vous recevrez une licence ou une cl\u00e9 \u00e0 l&rsquo;adresse \u00e9lectronique que vous avez fournie.<br \/>\nLors de l&rsquo;installation de Windows 11 Home, vous devez saisir cette licence ou cette cl\u00e9.<br \/>\nWindows 11 Home est le choix id\u00e9al pour les utilisateurs qui souhaitent une exp\u00e9rience Windows simple et fluide avec les programmes essentiels. La licence de vente au d\u00e9tail peut \u00eatre li\u00e9e \u00e0 votre compte Microsoft, ce qui vous permet de transf\u00e9rer le logiciel sur un autre PC \u00e0 tout moment. En revanche, la licence OEM ne peut \u00eatre install\u00e9e que sur un seul PC.<\/p>\n<p>&nbsp;<\/p>\n<h2>Caract\u00e9ristiques de Windows 11 Home<\/h2>\n<p>Que vous soyez un utilisateur \u00e0 domicile, un \u00e9tudiant ou un novice, Windows 11 Home offre les fonctionnalit\u00e9s dont vous avez besoin. Il allie convivialit\u00e9, fiabilit\u00e9 et fonctionnalit\u00e9s essentielles pour fournir une base solide \u00e0 votre environnement Windows. Windows 11 Home dispose de plusieurs fonctionnalit\u00e9s sp\u00e9cialement con\u00e7ues pour une utilisation facile. Outre les \u00e9l\u00e9ments de base, Windows 11 Home offre des fonctionnalit\u00e9s suppl\u00e9mentaires sp\u00e9cialement con\u00e7ues pour un usage personnel.<\/p>\n<p>Voici quelques-unes de ses caract\u00e9ristiques :<\/p>\n<ul>\n<li>Plus d&rsquo;options pour les joueurs, avec plus de jeux et une meilleure qualit\u00e9 d&rsquo;image.<\/li>\n<li>Un nouvel \u00e9cran widget avec des fonctionnalit\u00e9s suppl\u00e9mentaires telles que la commande tactile et vocale.<\/li>\n<li>Plus d&rsquo;options de personnalisation et de th\u00e8mes pour rendre votre syst\u00e8me unique.<\/li>\n<li>Des fonctions de s\u00e9curit\u00e9 int\u00e9gr\u00e9es pour pr\u00e9server la s\u00e9curit\u00e9 de vos donn\u00e9es.<\/li>\n<li>Acc\u00e8s facile \u00e0 la suite de logiciels de productivit\u00e9 de Microsoft.<\/li>\n<\/ul>\n<p>&nbsp;<\/p>\n<h3>T\u00e9l\u00e9charger Windows 11 ?<\/h3>\n<p>Pour installer Windows 11 Home sur votre appareil, votre syst\u00e8me doit r\u00e9pondre aux exigences suivantes :<\/p>\n<ul>\n<li>Processeur : un gigahertz ou plus rapide, 2 c\u0153urs et avec un processeur 64 bits ou SoC.<\/li>\n<li>M\u00e9moire de travail : au moins 4 gigaoctets.<\/li>\n<li>Stockage : 64 gigaoctets au minimum.<\/li>\n<li>Carte vid\u00e9o : DirectX 12 ou sup\u00e9rieur.<\/li>\n<li>Affichage : au moins 720 pixels sur un \u00e9cran de 9 pouces.<\/li>\n<li>Connexion : un compte Microsoft et une connexion internet.<\/li>\n<li>Carte m\u00e8re : TPMS 2.0<\/li>\n<\/ul>\n<p>&nbsp;<\/p>\n<p>Veuillez noter qu&rsquo;il s&rsquo;agit de la configuration minimale requise pour installer et utiliser Windows 11.<br \/>\nSi vous souhaitez effectuer des t\u00e2ches plus avanc\u00e9es ou travailler avec certaines applications, vous aurez peut-\u00eatre besoin de sp\u00e9cifications plus \u00e9lev\u00e9es pour une exp\u00e9rience optimale.<\/p>\n","protected":false},"excerpt":{"rendered":"<div class=\"elementor-element elementor-element-7047e2d elementor-widget elementor-widget-woocommerce-product-short-description\" data-id=\"7047e2d\" data-element_type=\"widget\" data-widget_type=\"woocommerce-product-short-description.default\">\n<div class=\"elementor-widget-container\">\n<div class=\"woocommerce-product-details__short-description\">\n<p>Windows 11 est la derni\u00e8re version majeure de la s\u00e9rie Windows de Microsoft.<br \/>\nLe nouveau look de Windows est imm\u00e9diatement apparent : Windows 11 a des coins arrondis, des fen\u00eatres transparentes et de nouvelles ic\u00f4nes, ce qui lui conf\u00e8re un aspect moderne.<\/p>\n<p>Deux \u00e9ditions de Windows 11 sont actuellement disponibles : Home et Pro. Windows 11 Home est id\u00e9al pour un usage domestique, tandis que Windows 11 Pro offre davantage de fonctionnalit\u00e9s professionnelles telles que Bitlocker et Remote Desktop.<\/p>\n<p>&nbsp;<\/p>\n<p><strong>Ce forfait est un achat unique.<\/strong><br \/>\nDans votre e-mail dans les 5 minutes<strong><br \/>\n<\/strong>Service client\u00e8le 24\/7<strong>,<br \/>\ngarantie d&rsquo;activation,<\/strong> pas d&rsquo;inqui\u00e9tude \u00e0 avoir.<br \/>\nLien vers votre compte Microsoft<br \/>\nFacile \u00e0 installer gr\u00e2ce \u00e0 des instructions d\u00e9taill\u00e9es<\/p>\n<\/div>\n<\/div>\n<\/div>\n","protected":false},"featured_media":7152,"comment_status":"closed","ping_status":"closed","template":"","meta":[],"product_brand":[],"product_cat":[50],"product_tag":[],"class_list":{"0":"post-7216","1":"product","2":"type-product","3":"status-publish","4":"has-post-thumbnail","6":"product_cat-windows-11","8":"first","9":"instock","10":"sale","11":"taxable","12":"shipping-taxable","13":"purchasable","14":"product-type-variable"},"yoast_head":"<!-- This site is optimized with the Yoast SEO plugin v27.2 - https:\/\/yoast.com\/product\/yoast-seo-wordpress\/ -->\n<title>Windows 11 Home acheter? - Licenses4US<\/title>\n<meta name=\"description\" content=\"Obtenez d\u00e8s maintenant votre licence Windows 11 Home et utilisez le dernier syst\u00e8me d&#039;exploitation de Microsoft. Activation permanente chez Licenses4us.\" \/>\n<meta name=\"robots\" content=\"index, follow, max-snippet:-1, max-image-preview:large, max-video-preview:-1\" \/>\n<link rel=\"canonical\" href=\"https:\/\/licenses4us.com\/fr\/produit\/windows-11\/\" \/>\n<meta property=\"og:locale\" content=\"fr_FR\" \/>\n<meta property=\"og:type\" content=\"article\" \/>\n<meta property=\"og:title\" content=\"Windows 11 Home acheter? - Licenses4US\" \/>\n<meta property=\"og:description\" content=\"Obtenez d\u00e8s maintenant votre licence Windows 11 Home et utilisez le dernier syst\u00e8me d&#039;exploitation de Microsoft. Activation permanente chez Licenses4us.\" \/>\n<meta property=\"og:url\" content=\"https:\/\/licenses4us.com\/fr\/produit\/windows-11\/\" \/>\n<meta property=\"og:site_name\" content=\"Licenses4US\" \/>\n<meta property=\"article:modified_time\" content=\"2024-04-02T17:31:06+00:00\" \/>\n<meta property=\"og:image\" content=\"https:\/\/licenses4us.com\/wp-content\/uploads\/2023\/06\/Windows-11-home.webp\" \/>\n\t<meta property=\"og:image:width\" content=\"652\" \/>\n\t<meta property=\"og:image:height\" content=\"1000\" \/>\n\t<meta property=\"og:image:type\" content=\"image\/webp\" \/>\n<meta name=\"twitter:card\" content=\"summary_large_image\" \/>\n<meta name=\"twitter:label1\" content=\"Dur\u00e9e de lecture estim\u00e9e\" \/>\n\t<meta name=\"twitter:data1\" content=\"3 minutes\" \/>\n<script type=\"application\/ld+json\" class=\"yoast-schema-graph\">{\"@context\":\"https:\/\/schema.org\",\"@graph\":[{\"@type\":\"WebPage\",\"@id\":\"https:\/\/licenses4us.com\/fr\/produit\/windows-11\/\",\"url\":\"https:\/\/licenses4us.com\/fr\/produit\/windows-11\/\",\"name\":\"Windows 11 Home acheter? - Licenses4US\",\"isPartOf\":{\"@id\":\"https:\/\/licenses4us.com\/fr\/#website\"},\"primaryImageOfPage\":{\"@id\":\"https:\/\/licenses4us.com\/fr\/produit\/windows-11\/#primaryimage\"},\"image\":{\"@id\":\"https:\/\/licenses4us.com\/fr\/produit\/windows-11\/#primaryimage\"},\"thumbnailUrl\":\"https:\/\/licenses4us.com\/wp-content\/uploads\/2023\/06\/Windows-11-home.webp\",\"datePublished\":\"2023-06-20T14:48:30+00:00\",\"dateModified\":\"2024-04-02T17:31:06+00:00\",\"description\":\"Obtenez d\u00e8s maintenant votre licence Windows 11 Home et utilisez le dernier syst\u00e8me d'exploitation de Microsoft. Activation permanente chez Licenses4us.\",\"breadcrumb\":{\"@id\":\"https:\/\/licenses4us.com\/fr\/produit\/windows-11\/#breadcrumb\"},\"inLanguage\":\"fr-FR\",\"potentialAction\":[{\"@type\":\"ReadAction\",\"target\":[\"https:\/\/licenses4us.com\/fr\/produit\/windows-11\/\"]}]},{\"@type\":\"ImageObject\",\"inLanguage\":\"fr-FR\",\"@id\":\"https:\/\/licenses4us.com\/fr\/produit\/windows-11\/#primaryimage\",\"url\":\"https:\/\/licenses4us.com\/wp-content\/uploads\/2023\/06\/Windows-11-home.webp\",\"contentUrl\":\"https:\/\/licenses4us.com\/wp-content\/uploads\/2023\/06\/Windows-11-home.webp\",\"width\":652,\"height\":1000,\"caption\":\"Windows 11 Home Retail\/OEM\"},{\"@type\":\"BreadcrumbList\",\"@id\":\"https:\/\/licenses4us.com\/fr\/produit\/windows-11\/#breadcrumb\",\"itemListElement\":[{\"@type\":\"ListItem\",\"position\":1,\"name\":\"Home\",\"item\":\"https:\/\/licenses4us.com\/fr\/\"},{\"@type\":\"ListItem\",\"position\":2,\"name\":\"Boutique\",\"item\":\"https:\/\/licenses4us.com\/fr\/boutique\/\"},{\"@type\":\"ListItem\",\"position\":3,\"name\":\"Windows 11 Home\"}]},{\"@type\":\"WebSite\",\"@id\":\"https:\/\/licenses4us.com\/fr\/#website\",\"url\":\"https:\/\/licenses4us.com\/fr\/\",\"name\":\"Licenses4US\",\"description\":\"De goedkoopste licenties\",\"publisher\":{\"@id\":\"https:\/\/licenses4us.com\/fr\/#organization\"},\"potentialAction\":[{\"@type\":\"SearchAction\",\"target\":{\"@type\":\"EntryPoint\",\"urlTemplate\":\"https:\/\/licenses4us.com\/fr\/?s={search_term_string}\"},\"query-input\":{\"@type\":\"PropertyValueSpecification\",\"valueRequired\":true,\"valueName\":\"search_term_string\"}}],\"inLanguage\":\"fr-FR\"},{\"@type\":\"Organization\",\"@id\":\"https:\/\/licenses4us.com\/fr\/#organization\",\"name\":\"Licenses4Us\",\"url\":\"https:\/\/licenses4us.com\/fr\/\",\"logo\":{\"@type\":\"ImageObject\",\"inLanguage\":\"fr-FR\",\"@id\":\"https:\/\/licenses4us.com\/fr\/#\/schema\/logo\/image\/\",\"url\":\"https:\/\/licenses4us.com\/wp-content\/uploads\/2022\/02\/Licenses4us_alpha.png\",\"contentUrl\":\"https:\/\/licenses4us.com\/wp-content\/uploads\/2022\/02\/Licenses4us_alpha.png\",\"width\":2000,\"height\":600,\"caption\":\"Licenses4Us\"},\"image\":{\"@id\":\"https:\/\/licenses4us.com\/fr\/#\/schema\/logo\/image\/\"}}]}<\/script>\n<!-- \/ Yoast SEO plugin. -->","yoast_head_json":{"title":"Windows 11 Home acheter? - Licenses4US","description":"Obtenez d\u00e8s maintenant votre licence Windows 11 Home et utilisez le dernier syst\u00e8me d'exploitation de Microsoft. Activation permanente chez Licenses4us.","robots":{"index":"index","follow":"follow","max-snippet":"max-snippet:-1","max-image-preview":"max-image-preview:large","max-video-preview":"max-video-preview:-1"},"canonical":"https:\/\/licenses4us.com\/fr\/produit\/windows-11\/","og_locale":"fr_FR","og_type":"article","og_title":"Windows 11 Home acheter? - Licenses4US","og_description":"Obtenez d\u00e8s maintenant votre licence Windows 11 Home et utilisez le dernier syst\u00e8me d'exploitation de Microsoft. Activation permanente chez Licenses4us.","og_url":"https:\/\/licenses4us.com\/fr\/produit\/windows-11\/","og_site_name":"Licenses4US","article_modified_time":"2024-04-02T17:31:06+00:00","og_image":[{"width":652,"height":1000,"url":"https:\/\/licenses4us.com\/wp-content\/uploads\/2023\/06\/Windows-11-home.webp","type":"image\/webp"}],"twitter_card":"summary_large_image","twitter_misc":{"Dur\u00e9e de lecture estim\u00e9e":"3 minutes"},"schema":{"@context":"https:\/\/schema.org","@graph":[{"@type":"WebPage","@id":"https:\/\/licenses4us.com\/fr\/produit\/windows-11\/","url":"https:\/\/licenses4us.com\/fr\/produit\/windows-11\/","name":"Windows 11 Home acheter? - Licenses4US","isPartOf":{"@id":"https:\/\/licenses4us.com\/fr\/#website"},"primaryImageOfPage":{"@id":"https:\/\/licenses4us.com\/fr\/produit\/windows-11\/#primaryimage"},"image":{"@id":"https:\/\/licenses4us.com\/fr\/produit\/windows-11\/#primaryimage"},"thumbnailUrl":"https:\/\/licenses4us.com\/wp-content\/uploads\/2023\/06\/Windows-11-home.webp","datePublished":"2023-06-20T14:48:30+00:00","dateModified":"2024-04-02T17:31:06+00:00","description":"Obtenez d\u00e8s maintenant votre licence Windows 11 Home et utilisez le dernier syst\u00e8me d'exploitation de Microsoft. Activation permanente chez Licenses4us.","breadcrumb":{"@id":"https:\/\/licenses4us.com\/fr\/produit\/windows-11\/#breadcrumb"},"inLanguage":"fr-FR","potentialAction":[{"@type":"ReadAction","target":["https:\/\/licenses4us.com\/fr\/produit\/windows-11\/"]}]},{"@type":"ImageObject","inLanguage":"fr-FR","@id":"https:\/\/licenses4us.com\/fr\/produit\/windows-11\/#primaryimage","url":"https:\/\/licenses4us.com\/wp-content\/uploads\/2023\/06\/Windows-11-home.webp","contentUrl":"https:\/\/licenses4us.com\/wp-content\/uploads\/2023\/06\/Windows-11-home.webp","width":652,"height":1000,"caption":"Windows 11 Home Retail\/OEM"},{"@type":"BreadcrumbList","@id":"https:\/\/licenses4us.com\/fr\/produit\/windows-11\/#breadcrumb","itemListElement":[{"@type":"ListItem","position":1,"name":"Home","item":"https:\/\/licenses4us.com\/fr\/"},{"@type":"ListItem","position":2,"name":"Boutique","item":"https:\/\/licenses4us.com\/fr\/boutique\/"},{"@type":"ListItem","position":3,"name":"Windows 11 Home"}]},{"@type":"WebSite","@id":"https:\/\/licenses4us.com\/fr\/#website","url":"https:\/\/licenses4us.com\/fr\/","name":"Licenses4US","description":"De goedkoopste licenties","publisher":{"@id":"https:\/\/licenses4us.com\/fr\/#organization"},"potentialAction":[{"@type":"SearchAction","target":{"@type":"EntryPoint","urlTemplate":"https:\/\/licenses4us.com\/fr\/?s={search_term_string}"},"query-input":{"@type":"PropertyValueSpecification","valueRequired":true,"valueName":"search_term_string"}}],"inLanguage":"fr-FR"},{"@type":"Organization","@id":"https:\/\/licenses4us.com\/fr\/#organization","name":"Licenses4Us","url":"https:\/\/licenses4us.com\/fr\/","logo":{"@type":"ImageObject","inLanguage":"fr-FR","@id":"https:\/\/licenses4us.com\/fr\/#\/schema\/logo\/image\/","url":"https:\/\/licenses4us.com\/wp-content\/uploads\/2022\/02\/Licenses4us_alpha.png","contentUrl":"https:\/\/licenses4us.com\/wp-content\/uploads\/2022\/02\/Licenses4us_alpha.png","width":2000,"height":600,"caption":"Licenses4Us"},"image":{"@id":"https:\/\/licenses4us.com\/fr\/#\/schema\/logo\/image\/"}}]}},"_links":{"self":[{"href":"https:\/\/licenses4us.com\/fr\/wp-json\/wp\/v2\/product\/7216","targetHints":{"allow":["GET"]}}],"collection":[{"href":"https:\/\/licenses4us.com\/fr\/wp-json\/wp\/v2\/product"}],"about":[{"href":"https:\/\/licenses4us.com\/fr\/wp-json\/wp\/v2\/types\/product"}],"replies":[{"embeddable":true,"href":"https:\/\/licenses4us.com\/fr\/wp-json\/wp\/v2\/comments?post=7216"}],"wp:featuredmedia":[{"embeddable":true,"href":"https:\/\/licenses4us.com\/fr\/wp-json\/wp\/v2\/media\/7152"}],"wp:attachment":[{"href":"https:\/\/licenses4us.com\/fr\/wp-json\/wp\/v2\/media?parent=7216"}],"wp:term":[{"taxonomy":"product_brand","embeddable":true,"href":"https:\/\/licenses4us.com\/fr\/wp-json\/wp\/v2\/product_brand?post=7216"},{"taxonomy":"product_cat","embeddable":true,"href":"https:\/\/licenses4us.com\/fr\/wp-json\/wp\/v2\/product_cat?post=7216"},{"taxonomy":"product_tag","embeddable":true,"href":"https:\/\/licenses4us.com\/fr\/wp-json\/wp\/v2\/product_tag?post=7216"}],"curies":[{"name":"wp","href":"https:\/\/api.w.org\/{rel}","templated":true}]}}