{"id":7413,"date":"2022-02-07T15:41:34","date_gmt":"2022-02-07T13:41:34","guid":{"rendered":"https:\/\/licenses4us.com\/plaintes\/"},"modified":"2024-04-30T20:16:19","modified_gmt":"2024-04-30T18:16:19","slug":"plaintes","status":"publish","type":"page","link":"https:\/\/licenses4us.com\/fr\/plaintes\/","title":{"rendered":"Plaintes"},"content":{"rendered":"\t\t<div data-elementor-type=\"wp-page\" data-elementor-id=\"7413\" class=\"elementor elementor-7413 elementor-713\" data-elementor-post-type=\"page\">\n\t\t\t\t\t\t<section class=\"elementor-section elementor-top-section elementor-element elementor-element-b4c1745 elementor-section-boxed elementor-section-height-default elementor-section-height-default\" data-id=\"b4c1745\" data-element_type=\"section\" data-e-type=\"section\" data-settings=\"{&quot;background_background&quot;:&quot;classic&quot;}\">\n\t\t\t\t\t\t<div class=\"elementor-container elementor-column-gap-default\">\n\t\t\t\t\t<div class=\"elementor-column elementor-col-100 elementor-top-column elementor-element elementor-element-af91a71\" data-id=\"af91a71\" data-element_type=\"column\" data-e-type=\"column\" data-settings=\"{&quot;background_background&quot;:&quot;classic&quot;}\">\n\t\t\t<div class=\"elementor-widget-wrap elementor-element-populated\">\n\t\t\t\t\t\t<div class=\"elementor-element elementor-element-8039873 elementor-widget elementor-widget-heading\" data-id=\"8039873\" data-element_type=\"widget\" data-e-type=\"widget\" data-widget_type=\"heading.default\">\n\t\t\t\t<div class=\"elementor-widget-container\">\n\t\t\t\t\t<h2 class=\"elementor-heading-title elementor-size-default\">Plaintes<\/h2>\t\t\t\t<\/div>\n\t\t\t\t<\/div>\n\t\t\t\t<div class=\"elementor-element elementor-element-3d9fba2 elementor-widget elementor-widget-text-editor\" data-id=\"3d9fba2\" data-element_type=\"widget\" data-e-type=\"widget\" data-widget_type=\"text-editor.default\">\n\t\t\t\t<div class=\"elementor-widget-container\">\n\t\t\t\t\t\t\t\t\t<p dir=\"ltr\" style=\"line-height: 1.2; background-color: #ffffff; margin-top: 0pt; margin-bottom: 0pt; padding: 0pt 0pt 9pt;\"><span style=\"font-size: 12pt;\">Vous avez une r\u00e9clamation \u00e0 formuler ou vous n&rsquo;arrivez pas \u00e0 la r\u00e9soudre avec le service client\u00e8le ?<\/span><span style=\"font-size: 12pt;\"><br><\/span>Nous sommes alors heureux de r\u00e9soudre ce probl\u00e8me avec un m\u00e9diateur. <br><\/p>\n<p dir=\"ltr\" style=\"line-height: 1.2; background-color: #ffffff; margin-top: 0pt; margin-bottom: 0pt; padding: 0pt 0pt 9pt;\"><span style=\"font-size: 12pt;\">Faites part de votre exp\u00e9rience n\u00e9gative et\/ou de votre r\u00e9clamation aupr\u00e8s de notre service &nbsp; <a href=\"https:\/\/licenses4us.com\/fr\/contactez-nous\/\">premier lieu.<\/a>&nbsp;<\/span><span style=\"font-size: 12pt;\">Vous n&rsquo;arrivez toujours pas \u00e0 vos fins ou vous souhaitez porter plainte \u00e0 la suite d&rsquo;une exp\u00e9rience n\u00e9gative ? Envoyez ensuite votre plainte \u00e0 notre adresse d\u00e9di\u00e9e : info@e-commercedeluxe.com <\/span><span style=\"font-size: 12pt;\"><br><\/span><span style=\"font-size: 12pt;\">Dans la description de votre plainte, nous aimons lire :<\/span><\/p>\n<ul style=\"margin-top: 0px; margin-bottom: 0px; padding-inline-start: 48px;\">\n<li dir=\"ltr\" style=\"list-style-type: disc; font-size: 10pt;\" aria-level=\"1\">\n<p dir=\"ltr\" style=\"line-height: 1.2; background-color: #ffffff; margin-top: 14pt; margin-bottom: 0pt;\" role=\"presentation\"><span style=\"font-size: 12pt;\">D\u00e9crivez votre plainte.<br><\/span><\/p>\n<\/li>\n<li dir=\"ltr\" style=\"list-style-type: disc; font-size: 10pt;\" aria-level=\"1\">\n<p dir=\"ltr\" style=\"line-height: 1.2; background-color: #ffffff; margin-top: 0pt; margin-bottom: 0pt;\" role=\"presentation\"><span style=\"font-size: 12pt;\">Votre num\u00e9ro de commande.<br><\/span><\/p>\n<\/li>\n<li dir=\"ltr\" style=\"list-style-type: disc; font-size: 10pt;\" aria-level=\"1\">\n<p dir=\"ltr\" style=\"line-height: 1.2; background-color: #ffffff; margin-top: 0pt; margin-bottom: 0pt;\" role=\"presentation\"><span style=\"font-size: 12pt;\">O\u00f9 pensez-vous que les choses se sont mal pass\u00e9es ?<br><\/span><\/p>\n<\/li>\n<li dir=\"ltr\" style=\"list-style-type: disc; font-size: 10pt;\" aria-level=\"1\">\n<p dir=\"ltr\" style=\"line-height: 1.2; background-color: #ffffff; margin-top: 0pt; margin-bottom: 14pt;\" role=\"presentation\"><span style=\"font-size: 12pt;\">Quelle est, selon vous, la solution la plus souhaitable ?<br><\/span><\/p>\n<\/li>\n<\/ul>\n<p dir=\"ltr\" style=\"line-height: 1.2; background-color: #ffffff; margin-top: 0pt; margin-bottom: 9pt;\">Une r\u00e9ponse sera envoy\u00e9e dans les 24 heures.<br><\/p>\n<p><\/p>\t\t\t\t\t\t\t\t<\/div>\n\t\t\t\t<\/div>\n\t\t\t\t\t<\/div>\n\t\t<\/div>\n\t\t\t\t\t<\/div>\n\t\t<\/section>\n\t\t\t\t<\/div>\n\t\t","protected":false},"excerpt":{"rendered":"<p>Plaintes Vous avez une r\u00e9clamation \u00e0 formuler ou vous n&rsquo;arrivez pas \u00e0 la r\u00e9soudre avec le service client\u00e8le ?Nous sommes alors heureux de r\u00e9soudre ce probl\u00e8me avec un m\u00e9diateur. Faites part de votre exp\u00e9rience n\u00e9gative et\/ou de votre r\u00e9clamation aupr\u00e8s de notre service &nbsp; premier lieu.&nbsp;Vous n&rsquo;arrivez toujours pas \u00e0 vos fins ou vous souhaitez [&hellip;]<\/p>\n","protected":false},"author":2,"featured_media":0,"parent":0,"menu_order":0,"comment_status":"closed","ping_status":"closed","template":"","meta":{"footnotes":""},"class_list":["post-7413","page","type-page","status-publish","hentry"],"yoast_head":"<!-- This site is optimized with the Yoast SEO plugin v27.2 - https:\/\/yoast.com\/product\/yoast-seo-wordpress\/ -->\n<title>Plaintes - Licenses4US<\/title>\n<meta name=\"robots\" content=\"index, follow, max-snippet:-1, max-image-preview:large, max-video-preview:-1\" \/>\n<link rel=\"canonical\" href=\"https:\/\/licenses4us.com\/fr\/plaintes\/\" \/>\n<meta property=\"og:locale\" content=\"fr_FR\" \/>\n<meta property=\"og:type\" content=\"article\" \/>\n<meta property=\"og:title\" content=\"Plaintes - Licenses4US\" \/>\n<meta property=\"og:description\" content=\"Plaintes Vous avez une r\u00e9clamation \u00e0 formuler ou vous n&rsquo;arrivez pas \u00e0 la r\u00e9soudre avec le service client\u00e8le ?Nous sommes alors heureux de r\u00e9soudre ce probl\u00e8me avec un m\u00e9diateur. Faites part de votre exp\u00e9rience n\u00e9gative et\/ou de votre r\u00e9clamation aupr\u00e8s de notre service &nbsp; premier lieu.&nbsp;Vous n&rsquo;arrivez toujours pas \u00e0 vos fins ou vous souhaitez [&hellip;]\" \/>\n<meta property=\"og:url\" content=\"https:\/\/licenses4us.com\/fr\/plaintes\/\" \/>\n<meta property=\"og:site_name\" content=\"Licenses4US\" \/>\n<meta property=\"article:modified_time\" content=\"2024-04-30T18:16:19+00:00\" \/>\n<meta name=\"twitter:card\" content=\"summary_large_image\" \/>\n<meta name=\"twitter:label1\" content=\"Dur\u00e9e de lecture estim\u00e9e\" \/>\n\t<meta name=\"twitter:data1\" content=\"1 minute\" \/>\n<script type=\"application\/ld+json\" class=\"yoast-schema-graph\">{\"@context\":\"https:\/\/schema.org\",\"@graph\":[{\"@type\":\"WebPage\",\"@id\":\"https:\/\/licenses4us.com\/fr\/plaintes\/\",\"url\":\"https:\/\/licenses4us.com\/fr\/plaintes\/\",\"name\":\"Plaintes - Licenses4US\",\"isPartOf\":{\"@id\":\"https:\/\/licenses4us.com\/fr\/#website\"},\"datePublished\":\"2022-02-07T13:41:34+00:00\",\"dateModified\":\"2024-04-30T18:16:19+00:00\",\"breadcrumb\":{\"@id\":\"https:\/\/licenses4us.com\/fr\/plaintes\/#breadcrumb\"},\"inLanguage\":\"fr-FR\",\"potentialAction\":[{\"@type\":\"ReadAction\",\"target\":[\"https:\/\/licenses4us.com\/fr\/plaintes\/\"]}]},{\"@type\":\"BreadcrumbList\",\"@id\":\"https:\/\/licenses4us.com\/fr\/plaintes\/#breadcrumb\",\"itemListElement\":[{\"@type\":\"ListItem\",\"position\":1,\"name\":\"Home\",\"item\":\"https:\/\/licenses4us.com\/fr\/\"},{\"@type\":\"ListItem\",\"position\":2,\"name\":\"Plaintes\"}]},{\"@type\":\"WebSite\",\"@id\":\"https:\/\/licenses4us.com\/fr\/#website\",\"url\":\"https:\/\/licenses4us.com\/fr\/\",\"name\":\"Licenses4US\",\"description\":\"De goedkoopste licenties\",\"publisher\":{\"@id\":\"https:\/\/licenses4us.com\/fr\/#organization\"},\"potentialAction\":[{\"@type\":\"SearchAction\",\"target\":{\"@type\":\"EntryPoint\",\"urlTemplate\":\"https:\/\/licenses4us.com\/fr\/?s={search_term_string}\"},\"query-input\":{\"@type\":\"PropertyValueSpecification\",\"valueRequired\":true,\"valueName\":\"search_term_string\"}}],\"inLanguage\":\"fr-FR\"},{\"@type\":\"Organization\",\"@id\":\"https:\/\/licenses4us.com\/fr\/#organization\",\"name\":\"Licenses4Us\",\"url\":\"https:\/\/licenses4us.com\/fr\/\",\"logo\":{\"@type\":\"ImageObject\",\"inLanguage\":\"fr-FR\",\"@id\":\"https:\/\/licenses4us.com\/fr\/#\/schema\/logo\/image\/\",\"url\":\"https:\/\/licenses4us.com\/wp-content\/uploads\/2022\/02\/Licenses4us_alpha.png\",\"contentUrl\":\"https:\/\/licenses4us.com\/wp-content\/uploads\/2022\/02\/Licenses4us_alpha.png\",\"width\":2000,\"height\":600,\"caption\":\"Licenses4Us\"},\"image\":{\"@id\":\"https:\/\/licenses4us.com\/fr\/#\/schema\/logo\/image\/\"}}]}<\/script>\n<!-- \/ Yoast SEO plugin. -->","yoast_head_json":{"title":"Plaintes - Licenses4US","robots":{"index":"index","follow":"follow","max-snippet":"max-snippet:-1","max-image-preview":"max-image-preview:large","max-video-preview":"max-video-preview:-1"},"canonical":"https:\/\/licenses4us.com\/fr\/plaintes\/","og_locale":"fr_FR","og_type":"article","og_title":"Plaintes - Licenses4US","og_description":"Plaintes Vous avez une r\u00e9clamation \u00e0 formuler ou vous n&rsquo;arrivez pas \u00e0 la r\u00e9soudre avec le service client\u00e8le ?Nous sommes alors heureux de r\u00e9soudre ce probl\u00e8me avec un m\u00e9diateur. Faites part de votre exp\u00e9rience n\u00e9gative et\/ou de votre r\u00e9clamation aupr\u00e8s de notre service &nbsp; premier lieu.&nbsp;Vous n&rsquo;arrivez toujours pas \u00e0 vos fins ou vous souhaitez [&hellip;]","og_url":"https:\/\/licenses4us.com\/fr\/plaintes\/","og_site_name":"Licenses4US","article_modified_time":"2024-04-30T18:16:19+00:00","twitter_card":"summary_large_image","twitter_misc":{"Dur\u00e9e de lecture estim\u00e9e":"1 minute"},"schema":{"@context":"https:\/\/schema.org","@graph":[{"@type":"WebPage","@id":"https:\/\/licenses4us.com\/fr\/plaintes\/","url":"https:\/\/licenses4us.com\/fr\/plaintes\/","name":"Plaintes - Licenses4US","isPartOf":{"@id":"https:\/\/licenses4us.com\/fr\/#website"},"datePublished":"2022-02-07T13:41:34+00:00","dateModified":"2024-04-30T18:16:19+00:00","breadcrumb":{"@id":"https:\/\/licenses4us.com\/fr\/plaintes\/#breadcrumb"},"inLanguage":"fr-FR","potentialAction":[{"@type":"ReadAction","target":["https:\/\/licenses4us.com\/fr\/plaintes\/"]}]},{"@type":"BreadcrumbList","@id":"https:\/\/licenses4us.com\/fr\/plaintes\/#breadcrumb","itemListElement":[{"@type":"ListItem","position":1,"name":"Home","item":"https:\/\/licenses4us.com\/fr\/"},{"@type":"ListItem","position":2,"name":"Plaintes"}]},{"@type":"WebSite","@id":"https:\/\/licenses4us.com\/fr\/#website","url":"https:\/\/licenses4us.com\/fr\/","name":"Licenses4US","description":"De goedkoopste licenties","publisher":{"@id":"https:\/\/licenses4us.com\/fr\/#organization"},"potentialAction":[{"@type":"SearchAction","target":{"@type":"EntryPoint","urlTemplate":"https:\/\/licenses4us.com\/fr\/?s={search_term_string}"},"query-input":{"@type":"PropertyValueSpecification","valueRequired":true,"valueName":"search_term_string"}}],"inLanguage":"fr-FR"},{"@type":"Organization","@id":"https:\/\/licenses4us.com\/fr\/#organization","name":"Licenses4Us","url":"https:\/\/licenses4us.com\/fr\/","logo":{"@type":"ImageObject","inLanguage":"fr-FR","@id":"https:\/\/licenses4us.com\/fr\/#\/schema\/logo\/image\/","url":"https:\/\/licenses4us.com\/wp-content\/uploads\/2022\/02\/Licenses4us_alpha.png","contentUrl":"https:\/\/licenses4us.com\/wp-content\/uploads\/2022\/02\/Licenses4us_alpha.png","width":2000,"height":600,"caption":"Licenses4Us"},"image":{"@id":"https:\/\/licenses4us.com\/fr\/#\/schema\/logo\/image\/"}}]}},"_links":{"self":[{"href":"https:\/\/licenses4us.com\/fr\/wp-json\/wp\/v2\/pages\/7413","targetHints":{"allow":["GET"]}}],"collection":[{"href":"https:\/\/licenses4us.com\/fr\/wp-json\/wp\/v2\/pages"}],"about":[{"href":"https:\/\/licenses4us.com\/fr\/wp-json\/wp\/v2\/types\/page"}],"author":[{"embeddable":true,"href":"https:\/\/licenses4us.com\/fr\/wp-json\/wp\/v2\/users\/2"}],"replies":[{"embeddable":true,"href":"https:\/\/licenses4us.com\/fr\/wp-json\/wp\/v2\/comments?post=7413"}],"version-history":[{"count":0,"href":"https:\/\/licenses4us.com\/fr\/wp-json\/wp\/v2\/pages\/7413\/revisions"}],"wp:attachment":[{"href":"https:\/\/licenses4us.com\/fr\/wp-json\/wp\/v2\/media?parent=7413"}],"curies":[{"name":"wp","href":"https:\/\/api.w.org\/{rel}","templated":true}]}}