{"id":7400,"date":"2022-02-07T15:41:24","date_gmt":"2022-02-07T13:41:24","guid":{"rendered":"https:\/\/licenses4us.com\/droit-de-retractation\/"},"modified":"2024-04-30T20:15:40","modified_gmt":"2024-04-30T18:15:40","slug":"droit-de-retractation","status":"publish","type":"page","link":"https:\/\/licenses4us.com\/fr\/droit-de-retractation\/","title":{"rendered":"Droit de r\u00e9tractation"},"content":{"rendered":"\t\t<div data-elementor-type=\"wp-page\" data-elementor-id=\"7400\" class=\"elementor elementor-7400 elementor-711\" data-elementor-post-type=\"page\">\n\t\t\t\t\t\t<section class=\"elementor-section elementor-top-section elementor-element elementor-element-137a870 elementor-section-boxed elementor-section-height-default elementor-section-height-default\" data-id=\"137a870\" data-element_type=\"section\" data-e-type=\"section\" data-settings=\"{&quot;background_background&quot;:&quot;classic&quot;}\">\n\t\t\t\t\t\t<div class=\"elementor-container elementor-column-gap-default\">\n\t\t\t\t\t<div class=\"elementor-column elementor-col-100 elementor-top-column elementor-element elementor-element-162de82\" data-id=\"162de82\" data-element_type=\"column\" data-e-type=\"column\" data-settings=\"{&quot;background_background&quot;:&quot;classic&quot;}\">\n\t\t\t<div class=\"elementor-widget-wrap elementor-element-populated\">\n\t\t\t\t\t\t<div class=\"elementor-element elementor-element-d3381ba elementor-widget elementor-widget-heading\" data-id=\"d3381ba\" data-element_type=\"widget\" data-e-type=\"widget\" data-widget_type=\"heading.default\">\n\t\t\t\t<div class=\"elementor-widget-container\">\n\t\t\t\t\t<h2 class=\"elementor-heading-title elementor-size-default\">Droit de r\u00e9tractation<\/h2>\t\t\t\t<\/div>\n\t\t\t\t<\/div>\n\t\t\t\t<div class=\"elementor-element elementor-element-238bddc elementor-widget elementor-widget-text-editor\" data-id=\"238bddc\" data-element_type=\"widget\" data-e-type=\"widget\" data-widget_type=\"text-editor.default\">\n\t\t\t\t<div class=\"elementor-widget-container\">\n\t\t\t\t\t\t\t\t\t<h1><span style=\"font-weight: 400;\">Les retours sont toujours possibles dans les 30 jours suivant l&rsquo;achat et \u00e0 condition que le sceau ne soit pas bris\u00e9.<\/span><\/h1>\n<p><span style=\"font-weight: 400;\">Licenses4us vend des codes qui peuvent \u00eatre utilis\u00e9s pour activer des logiciels. Ces codes ne sont d\u00e9livr\u00e9s qu&rsquo;une seule fois et sont donc strictement personnalis\u00e9s. En raison de la nature strictement personnelle d&rsquo;un code, aucun droit l\u00e9gal de r\u00e9tractation ne s&rsquo;applique et vous ne disposez pas d&rsquo;un d\u00e9lai de r\u00e9flexion de 14 jours comme dans le cas d&rsquo;un achat \u00ab\u00a0normal\u00a0\u00bb sur Internet.<\/span><\/p>\n<p class=\"p1\">\n<\/p><p class=\"p1\">\n<\/p><h2><span style=\"font-weight: 400;\">Comment demander un retour ?<\/span><\/h2>\n<p><span style=\"font-weight: 400;\">Vous pouvez demander un retour par e-mail, vous pouvez le faire \u00e0 l&rsquo;adresse<\/span> <span style=\"font-weight: 400;\">viasupport@licenses4us.com.<\/span><span style=\"font-weight: 400;\">  . Nous v\u00e9rifions la demande de retour et, dans la plupart des cas, nous l&rsquo;approuvons le jour m\u00eame. Une fois la demande approuv\u00e9e, nous vous remboursons le montant sur votre compte bancaire dans un d\u00e9lai de 10 jours ouvrables (14 jours). Veuillez noter que si vous avez pay\u00e9 par Paypal ou par carte de cr\u00e9dit, nous vous rembourserons toujours de cette mani\u00e8re. Nous ne remboursons jamais d&rsquo;argent sur d&rsquo;autres comptes bancaires ou par d&rsquo;autres m\u00e9thodes de paiement.<\/span><\/p>\n<p class=\"p1\">\n<\/p><h2><span style=\"font-weight: 400;\">Cependant, nous offrons une garantie de 100% sur l&rsquo;activation.<\/span><\/h2>\n<p><span style=\"font-weight: 400;\">&nbsp;Si un code d&rsquo;activation de produit ne fonctionne pas dans les 30 jours pendant la proc\u00e9dure d&rsquo;activation (par t\u00e9l\u00e9phone ou en ligne), contactez-nous par e-mail ou via notre page de contact et vous recevrez un nouveau code d&rsquo;activation.<\/span><\/p>\n<p class=\"p1\"><br style=\"font-weight: 400;\"><br style=\"font-weight: 400;\"><\/p>\t\t\t\t\t\t\t\t<\/div>\n\t\t\t\t<\/div>\n\t\t\t\t\t<\/div>\n\t\t<\/div>\n\t\t\t\t\t<\/div>\n\t\t<\/section>\n\t\t\t\t<\/div>\n\t\t","protected":false},"excerpt":{"rendered":"<p>Droit de r\u00e9tractation Les retours sont toujours possibles dans les 30 jours suivant l&rsquo;achat et \u00e0 condition que le sceau ne soit pas bris\u00e9. Licenses4us vend des codes qui peuvent \u00eatre utilis\u00e9s pour activer des logiciels. Ces codes ne sont d\u00e9livr\u00e9s qu&rsquo;une seule fois et sont donc strictement personnalis\u00e9s. En raison de la nature strictement [&hellip;]<\/p>\n","protected":false},"author":2,"featured_media":0,"parent":0,"menu_order":0,"comment_status":"closed","ping_status":"closed","template":"","meta":{"footnotes":""},"class_list":["post-7400","page","type-page","status-publish","hentry"],"yoast_head":"<!-- This site is optimized with the Yoast SEO plugin v27.2 - https:\/\/yoast.com\/product\/yoast-seo-wordpress\/ -->\n<title>Droit de r\u00e9tractation - Licenses4US<\/title>\n<meta name=\"robots\" content=\"index, follow, max-snippet:-1, max-image-preview:large, max-video-preview:-1\" \/>\n<link rel=\"canonical\" href=\"https:\/\/licenses4us.com\/fr\/droit-de-retractation\/\" \/>\n<meta property=\"og:locale\" content=\"fr_FR\" \/>\n<meta property=\"og:type\" content=\"article\" \/>\n<meta property=\"og:title\" content=\"Droit de r\u00e9tractation - Licenses4US\" \/>\n<meta property=\"og:description\" content=\"Droit de r\u00e9tractation Les retours sont toujours possibles dans les 30 jours suivant l&rsquo;achat et \u00e0 condition que le sceau ne soit pas bris\u00e9. Licenses4us vend des codes qui peuvent \u00eatre utilis\u00e9s pour activer des logiciels. Ces codes ne sont d\u00e9livr\u00e9s qu&rsquo;une seule fois et sont donc strictement personnalis\u00e9s. En raison de la nature strictement [&hellip;]\" \/>\n<meta property=\"og:url\" content=\"https:\/\/licenses4us.com\/fr\/droit-de-retractation\/\" \/>\n<meta property=\"og:site_name\" content=\"Licenses4US\" \/>\n<meta property=\"article:modified_time\" content=\"2024-04-30T18:15:40+00:00\" \/>\n<meta name=\"twitter:card\" content=\"summary_large_image\" \/>\n<meta name=\"twitter:label1\" content=\"Dur\u00e9e de lecture estim\u00e9e\" \/>\n\t<meta name=\"twitter:data1\" content=\"1 minute\" \/>\n<script type=\"application\/ld+json\" class=\"yoast-schema-graph\">{\"@context\":\"https:\/\/schema.org\",\"@graph\":[{\"@type\":\"WebPage\",\"@id\":\"https:\/\/licenses4us.com\/fr\/droit-de-retractation\/\",\"url\":\"https:\/\/licenses4us.com\/fr\/droit-de-retractation\/\",\"name\":\"Droit de r\u00e9tractation - Licenses4US\",\"isPartOf\":{\"@id\":\"https:\/\/licenses4us.com\/fr\/#website\"},\"datePublished\":\"2022-02-07T13:41:24+00:00\",\"dateModified\":\"2024-04-30T18:15:40+00:00\",\"breadcrumb\":{\"@id\":\"https:\/\/licenses4us.com\/fr\/droit-de-retractation\/#breadcrumb\"},\"inLanguage\":\"fr-FR\",\"potentialAction\":[{\"@type\":\"ReadAction\",\"target\":[\"https:\/\/licenses4us.com\/fr\/droit-de-retractation\/\"]}]},{\"@type\":\"BreadcrumbList\",\"@id\":\"https:\/\/licenses4us.com\/fr\/droit-de-retractation\/#breadcrumb\",\"itemListElement\":[{\"@type\":\"ListItem\",\"position\":1,\"name\":\"Home\",\"item\":\"https:\/\/licenses4us.com\/fr\/\"},{\"@type\":\"ListItem\",\"position\":2,\"name\":\"Droit de r\u00e9tractation\"}]},{\"@type\":\"WebSite\",\"@id\":\"https:\/\/licenses4us.com\/fr\/#website\",\"url\":\"https:\/\/licenses4us.com\/fr\/\",\"name\":\"Licenses4US\",\"description\":\"De goedkoopste licenties\",\"publisher\":{\"@id\":\"https:\/\/licenses4us.com\/fr\/#organization\"},\"potentialAction\":[{\"@type\":\"SearchAction\",\"target\":{\"@type\":\"EntryPoint\",\"urlTemplate\":\"https:\/\/licenses4us.com\/fr\/?s={search_term_string}\"},\"query-input\":{\"@type\":\"PropertyValueSpecification\",\"valueRequired\":true,\"valueName\":\"search_term_string\"}}],\"inLanguage\":\"fr-FR\"},{\"@type\":\"Organization\",\"@id\":\"https:\/\/licenses4us.com\/fr\/#organization\",\"name\":\"Licenses4Us\",\"url\":\"https:\/\/licenses4us.com\/fr\/\",\"logo\":{\"@type\":\"ImageObject\",\"inLanguage\":\"fr-FR\",\"@id\":\"https:\/\/licenses4us.com\/fr\/#\/schema\/logo\/image\/\",\"url\":\"https:\/\/licenses4us.com\/wp-content\/uploads\/2022\/02\/Licenses4us_alpha.png\",\"contentUrl\":\"https:\/\/licenses4us.com\/wp-content\/uploads\/2022\/02\/Licenses4us_alpha.png\",\"width\":2000,\"height\":600,\"caption\":\"Licenses4Us\"},\"image\":{\"@id\":\"https:\/\/licenses4us.com\/fr\/#\/schema\/logo\/image\/\"}}]}<\/script>\n<!-- \/ Yoast SEO plugin. -->","yoast_head_json":{"title":"Droit de r\u00e9tractation - Licenses4US","robots":{"index":"index","follow":"follow","max-snippet":"max-snippet:-1","max-image-preview":"max-image-preview:large","max-video-preview":"max-video-preview:-1"},"canonical":"https:\/\/licenses4us.com\/fr\/droit-de-retractation\/","og_locale":"fr_FR","og_type":"article","og_title":"Droit de r\u00e9tractation - Licenses4US","og_description":"Droit de r\u00e9tractation Les retours sont toujours possibles dans les 30 jours suivant l&rsquo;achat et \u00e0 condition que le sceau ne soit pas bris\u00e9. Licenses4us vend des codes qui peuvent \u00eatre utilis\u00e9s pour activer des logiciels. Ces codes ne sont d\u00e9livr\u00e9s qu&rsquo;une seule fois et sont donc strictement personnalis\u00e9s. En raison de la nature strictement [&hellip;]","og_url":"https:\/\/licenses4us.com\/fr\/droit-de-retractation\/","og_site_name":"Licenses4US","article_modified_time":"2024-04-30T18:15:40+00:00","twitter_card":"summary_large_image","twitter_misc":{"Dur\u00e9e de lecture estim\u00e9e":"1 minute"},"schema":{"@context":"https:\/\/schema.org","@graph":[{"@type":"WebPage","@id":"https:\/\/licenses4us.com\/fr\/droit-de-retractation\/","url":"https:\/\/licenses4us.com\/fr\/droit-de-retractation\/","name":"Droit de r\u00e9tractation - Licenses4US","isPartOf":{"@id":"https:\/\/licenses4us.com\/fr\/#website"},"datePublished":"2022-02-07T13:41:24+00:00","dateModified":"2024-04-30T18:15:40+00:00","breadcrumb":{"@id":"https:\/\/licenses4us.com\/fr\/droit-de-retractation\/#breadcrumb"},"inLanguage":"fr-FR","potentialAction":[{"@type":"ReadAction","target":["https:\/\/licenses4us.com\/fr\/droit-de-retractation\/"]}]},{"@type":"BreadcrumbList","@id":"https:\/\/licenses4us.com\/fr\/droit-de-retractation\/#breadcrumb","itemListElement":[{"@type":"ListItem","position":1,"name":"Home","item":"https:\/\/licenses4us.com\/fr\/"},{"@type":"ListItem","position":2,"name":"Droit de r\u00e9tractation"}]},{"@type":"WebSite","@id":"https:\/\/licenses4us.com\/fr\/#website","url":"https:\/\/licenses4us.com\/fr\/","name":"Licenses4US","description":"De goedkoopste licenties","publisher":{"@id":"https:\/\/licenses4us.com\/fr\/#organization"},"potentialAction":[{"@type":"SearchAction","target":{"@type":"EntryPoint","urlTemplate":"https:\/\/licenses4us.com\/fr\/?s={search_term_string}"},"query-input":{"@type":"PropertyValueSpecification","valueRequired":true,"valueName":"search_term_string"}}],"inLanguage":"fr-FR"},{"@type":"Organization","@id":"https:\/\/licenses4us.com\/fr\/#organization","name":"Licenses4Us","url":"https:\/\/licenses4us.com\/fr\/","logo":{"@type":"ImageObject","inLanguage":"fr-FR","@id":"https:\/\/licenses4us.com\/fr\/#\/schema\/logo\/image\/","url":"https:\/\/licenses4us.com\/wp-content\/uploads\/2022\/02\/Licenses4us_alpha.png","contentUrl":"https:\/\/licenses4us.com\/wp-content\/uploads\/2022\/02\/Licenses4us_alpha.png","width":2000,"height":600,"caption":"Licenses4Us"},"image":{"@id":"https:\/\/licenses4us.com\/fr\/#\/schema\/logo\/image\/"}}]}},"_links":{"self":[{"href":"https:\/\/licenses4us.com\/fr\/wp-json\/wp\/v2\/pages\/7400","targetHints":{"allow":["GET"]}}],"collection":[{"href":"https:\/\/licenses4us.com\/fr\/wp-json\/wp\/v2\/pages"}],"about":[{"href":"https:\/\/licenses4us.com\/fr\/wp-json\/wp\/v2\/types\/page"}],"author":[{"embeddable":true,"href":"https:\/\/licenses4us.com\/fr\/wp-json\/wp\/v2\/users\/2"}],"replies":[{"embeddable":true,"href":"https:\/\/licenses4us.com\/fr\/wp-json\/wp\/v2\/comments?post=7400"}],"version-history":[{"count":0,"href":"https:\/\/licenses4us.com\/fr\/wp-json\/wp\/v2\/pages\/7400\/revisions"}],"wp:attachment":[{"href":"https:\/\/licenses4us.com\/fr\/wp-json\/wp\/v2\/media?parent=7400"}],"curies":[{"name":"wp","href":"https:\/\/api.w.org\/{rel}","templated":true}]}}