{"id":7392,"date":"2022-02-07T15:42:33","date_gmt":"2022-02-07T13:42:33","guid":{"rendered":"https:\/\/licenses4us.com\/contactez-nous\/"},"modified":"2024-04-30T20:15:40","modified_gmt":"2024-04-30T18:15:40","slug":"contactez-nous","status":"publish","type":"page","link":"https:\/\/licenses4us.com\/fr\/contactez-nous\/","title":{"rendered":"Contactez nous"},"content":{"rendered":"\t\t<div data-elementor-type=\"wp-page\" data-elementor-id=\"7392\" class=\"elementor elementor-7392 elementor-715\" data-elementor-post-type=\"page\">\n\t\t\t\t\t\t<section class=\"elementor-section elementor-top-section elementor-element elementor-element-78f123d elementor-section-boxed elementor-section-height-default elementor-section-height-default\" data-id=\"78f123d\" data-element_type=\"section\" data-e-type=\"section\" data-settings=\"{&quot;background_background&quot;:&quot;classic&quot;}\">\n\t\t\t\t\t\t<div class=\"elementor-container elementor-column-gap-default\">\n\t\t\t\t\t<div class=\"elementor-column elementor-col-100 elementor-top-column elementor-element elementor-element-e9d6a2d\" data-id=\"e9d6a2d\" data-element_type=\"column\" data-e-type=\"column\">\n\t\t\t<div class=\"elementor-widget-wrap elementor-element-populated\">\n\t\t\t\t\t\t<div class=\"elementor-element elementor-element-e63acae elementor-widget elementor-widget-heading\" data-id=\"e63acae\" data-element_type=\"widget\" data-e-type=\"widget\" data-widget_type=\"heading.default\">\n\t\t\t\t<div class=\"elementor-widget-container\">\n\t\t\t\t\t<h2 class=\"elementor-heading-title elementor-size-default\">Prendre contact <\/h2>\t\t\t\t<\/div>\n\t\t\t\t<\/div>\n\t\t\t\t<div class=\"elementor-element elementor-element-11862e3 elementor-widget elementor-widget-text-editor\" data-id=\"11862e3\" data-element_type=\"widget\" data-e-type=\"widget\" data-widget_type=\"text-editor.default\">\n\t\t\t\t<div class=\"elementor-widget-container\">\n\t\t\t\t\t\t\t\t\t<p><span style=\"font-weight: 400;\">Pour toute question ou commentaire, n&rsquo;h\u00e9sitez pas \u00e0 nous contacter. L&rsquo;un de nos collaborateurs r\u00e9pondra \u00e0 toutes vos questions ou commentaires dans les 24 heures. <br \/><\/span><\/p>\n<p><span style=\"font-weight: 400;\">Nous ne sommes pas joignables par t\u00e9l\u00e9phone, nous avons d\u00e9lib\u00e9r\u00e9ment choisi cette option car notre objectif est de vendre nos produits au prix le plus bas possible. <\/span><\/p>\n<\/p>\n<p><span style=\"font-weight: 400;\">Notre service client\u00e8le est disponible du lundi au vendredi de 09h00 \u00e0 17h00.<\/span><\/p>\n<p><span style=\"text-align: start;\"><span style=\"font-size: 13pt; font-family: Lato, sans-serif; color: #777777; font-weight: bold; font-variant-ligatures: normal; font-variant-east-asian: normal; font-variant-position: normal; vertical-align: baseline; white-space: pre-wrap;\">Vous pouvez \u00e9galement envoyer un courriel directement \u00e0<\/span> <a><span style=\"font-size: 13pt; font-family: Lato, sans-serif; color: #0563c1; font-variant-ligatures: normal; font-variant-east-asian: normal; font-variant-position: normal; text-decoration: underline; text-decoration-skip-ink: none; vertical-align: baseline; white-space: pre-wrap;\">naarsupport@licenses4us.com<\/span><\/a><\/span><span style=\"font-weight: 400;\"><br \/><\/span><\/p>\n\t\t\t\t\t\t\t\t<\/div>\n\t\t\t\t<\/div>\n\t\t\t\t<section class=\"elementor-section elementor-inner-section elementor-element elementor-element-cd2a1a7 elementor-section-content-middle elementor-section-boxed elementor-section-height-default elementor-section-height-default\" data-id=\"cd2a1a7\" data-element_type=\"section\" data-e-type=\"section\">\n\t\t\t\t\t\t<div class=\"elementor-container elementor-column-gap-default\">\n\t\t\t\t\t<div class=\"elementor-column elementor-col-100 elementor-inner-column elementor-element elementor-element-16bc8c6\" data-id=\"16bc8c6\" data-element_type=\"column\" data-e-type=\"column\" data-settings=\"{&quot;background_background&quot;:&quot;classic&quot;}\">\n\t\t\t<div class=\"elementor-widget-wrap elementor-element-populated\">\n\t\t\t\t\t\t<div class=\"elementor-element elementor-element-7c9a782 home_category elementor-view-default elementor-position-block-start elementor-mobile-position-block-start elementor-widget elementor-widget-icon-box\" data-id=\"7c9a782\" data-element_type=\"widget\" data-e-type=\"widget\" data-widget_type=\"icon-box.default\">\n\t\t\t\t<div class=\"elementor-widget-container\">\n\t\t\t\t\t\t\t<div class=\"elementor-icon-box-wrapper\">\n\n\t\t\t\t\t\t<div class=\"elementor-icon-box-icon\">\n\t\t\t\t<span  class=\"elementor-icon\">\n\t\t\t\t<i aria-hidden=\"true\" class=\"fas fa-envelope\"><\/i>\t\t\t\t<\/span>\n\t\t\t<\/div>\n\t\t\t\n\t\t\t\t\t\t<div class=\"elementor-icon-box-content\">\n\n\t\t\t\t\t\t\t\t\t<h3 class=\"elementor-icon-box-title\">\n\t\t\t\t\t\t<span  >\n\t\t\t\t\t\t\t\u00c9mail\t\t\t\t\t\t<\/span>\n\t\t\t\t\t<\/h3>\n\t\t\t\t\n\t\t\t\t\t\t\t\t\t<p class=\"elementor-icon-box-description\">\n\t\t\t\t\t\tsupport@licenses4us.com\t\t\t\t\t<\/p>\n\t\t\t\t\n\t\t\t<\/div>\n\t\t\t\n\t\t<\/div>\n\t\t\t\t\t\t<\/div>\n\t\t\t\t<\/div>\n\t\t\t\t\t<\/div>\n\t\t<\/div>\n\t\t\t\t\t<\/div>\n\t\t<\/section>\n\t\t\t\t<section class=\"elementor-section elementor-inner-section elementor-element elementor-element-6e75cdb elementor-section-boxed elementor-section-height-default elementor-section-height-default\" data-id=\"6e75cdb\" data-element_type=\"section\" data-e-type=\"section\" data-settings=\"{&quot;background_background&quot;:&quot;classic&quot;}\">\n\t\t\t\t\t\t<div class=\"elementor-container elementor-column-gap-default\">\n\t\t\t\t\t<div class=\"elementor-column elementor-col-100 elementor-inner-column elementor-element elementor-element-01f24c6\" data-id=\"01f24c6\" data-element_type=\"column\" data-e-type=\"column\">\n\t\t\t<div class=\"elementor-widget-wrap elementor-element-populated\">\n\t\t\t\t\t\t<div class=\"elementor-element elementor-element-c7df51b elementor-button-align-center custom_form elementor-widget elementor-widget-form\" data-id=\"c7df51b\" data-element_type=\"widget\" data-e-type=\"widget\" data-settings=\"{&quot;step_next_label&quot;:&quot;Suivant&quot;,&quot;step_previous_label&quot;:&quot;Pr\\u00e9c\\u00e9dent&quot;,&quot;button_width&quot;:&quot;100&quot;,&quot;step_type&quot;:&quot;number_text&quot;,&quot;step_icon_shape&quot;:&quot;circle&quot;}\" data-widget_type=\"form.default\">\n\t\t\t\t<div class=\"elementor-widget-container\">\n\t\t\t\t\t\t\t<form class=\"elementor-form\" method=\"post\" name=\"Nouveau formulaire\" aria-label=\"Nouveau formulaire\">\n\t\t\t<input type=\"hidden\" name=\"post_id\" value=\"7392\"\/>\n\t\t\t<input type=\"hidden\" name=\"form_id\" value=\"c7df51b\"\/>\n\t\t\t<input type=\"hidden\" name=\"referer_title\" value=\"Licenses4US\" \/>\n\n\t\t\t\n\t\t\t<div class=\"elementor-form-fields-wrapper elementor-labels-\">\n\t\t\t\t\t\t\t\t<div class=\"elementor-field-type-text elementor-field-group elementor-column elementor-field-group-name elementor-col-33\">\n\t\t\t\t\t\t\t\t\t\t\t\t<label for=\"form-field-name\" class=\"elementor-field-label elementor-screen-only\">\n\t\t\t\t\t\t\t\tPr\u00e9nom\t\t\t\t\t\t\t<\/label>\n\t\t\t\t\t\t\t\t\t\t\t\t\t\t<input size=\"1\" type=\"text\" name=\"form_fields[name]\" id=\"form-field-name\" class=\"elementor-field elementor-size-sm  elementor-field-textual\" placeholder=\"Pr\u00e9nom\">\n\t\t\t\t\t\t\t\t\t\t\t<\/div>\n\t\t\t\t\t\t\t\t<div class=\"elementor-field-type-text elementor-field-group elementor-column elementor-field-group-field_055a962 elementor-col-33\">\n\t\t\t\t\t\t\t\t\t\t\t\t<label for=\"form-field-field_055a962\" class=\"elementor-field-label elementor-screen-only\">\n\t\t\t\t\t\t\t\tNom de famille\t\t\t\t\t\t\t<\/label>\n\t\t\t\t\t\t\t\t\t\t\t\t\t\t<input size=\"1\" type=\"text\" name=\"form_fields[field_055a962]\" id=\"form-field-field_055a962\" class=\"elementor-field elementor-size-sm  elementor-field-textual\" placeholder=\"Nom de famille\">\n\t\t\t\t\t\t\t\t\t\t\t<\/div>\n\t\t\t\t\t\t\t\t<div class=\"elementor-field-type-text elementor-field-group elementor-column elementor-field-group-field_9ef9813 elementor-col-33\">\n\t\t\t\t\t\t\t\t\t\t\t\t<label for=\"form-field-field_9ef9813\" class=\"elementor-field-label elementor-screen-only\">\n\t\t\t\t\t\t\t\tNum\u00e9ro de t\u00e9l\u00e9phone\t\t\t\t\t\t\t<\/label>\n\t\t\t\t\t\t\t\t\t\t\t\t\t\t<input size=\"1\" type=\"text\" name=\"form_fields[field_9ef9813]\" id=\"form-field-field_9ef9813\" class=\"elementor-field elementor-size-sm  elementor-field-textual\" placeholder=\"Num\u00e9ro de t\u00e9l\u00e9phone\">\n\t\t\t\t\t\t\t\t\t\t\t<\/div>\n\t\t\t\t\t\t\t\t<div class=\"elementor-field-type-text elementor-field-group elementor-column elementor-field-group-field_037207b elementor-col-50\">\n\t\t\t\t\t\t\t\t\t\t\t\t<label for=\"form-field-field_037207b\" class=\"elementor-field-label elementor-screen-only\">\n\t\t\t\t\t\t\t\tAdres\t\t\t\t\t\t\t<\/label>\n\t\t\t\t\t\t\t\t\t\t\t\t\t\t<input size=\"1\" type=\"text\" name=\"form_fields[field_037207b]\" id=\"form-field-field_037207b\" class=\"elementor-field elementor-size-sm  elementor-field-textual\" placeholder=\"Adres\">\n\t\t\t\t\t\t\t\t\t\t\t<\/div>\n\t\t\t\t\t\t\t\t<div class=\"elementor-field-type-email elementor-field-group elementor-column elementor-field-group-email elementor-col-50 elementor-field-required\">\n\t\t\t\t\t\t\t\t\t\t\t\t<label for=\"form-field-email\" class=\"elementor-field-label elementor-screen-only\">\n\t\t\t\t\t\t\t\tCourriel\t\t\t\t\t\t\t<\/label>\n\t\t\t\t\t\t\t\t\t\t\t\t\t\t<input size=\"1\" type=\"email\" name=\"form_fields[email]\" id=\"form-field-email\" class=\"elementor-field elementor-size-sm  elementor-field-textual\" placeholder=\"Courriel\" required=\"required\">\n\t\t\t\t\t\t\t\t\t\t\t<\/div>\n\t\t\t\t\t\t\t\t<div class=\"elementor-field-type-textarea elementor-field-group elementor-column elementor-field-group-message elementor-col-100\">\n\t\t\t\t\t\t\t\t\t\t\t\t<label for=\"form-field-message\" class=\"elementor-field-label elementor-screen-only\">\n\t\t\t\t\t\t\t\tMessage\t\t\t\t\t\t\t<\/label>\n\t\t\t\t\t\t<textarea class=\"elementor-field-textual elementor-field  elementor-size-sm\" name=\"form_fields[message]\" id=\"form-field-message\" rows=\"6\" placeholder=\"Message\"><\/textarea>\t\t\t\t<\/div>\n\t\t\t\t\t\t\t\t<div class=\"elementor-field-group elementor-column elementor-field-type-submit elementor-col-100 e-form__buttons\">\n\t\t\t\t\t<button class=\"elementor-button elementor-size-sm\" type=\"submit\">\n\t\t\t\t\t\t<span class=\"elementor-button-content-wrapper\">\n\t\t\t\t\t\t\t\t\t\t\t\t\t\t\t\t\t\t\t\t\t\t<span class=\"elementor-button-text\">Envoyer<\/span>\n\t\t\t\t\t\t\t\t\t\t\t\t\t<\/span>\n\t\t\t\t\t<\/button>\n\t\t\t\t<\/div>\n\t\t\t<\/div>\n\t\t<\/form>\n\t\t\t\t\t\t<\/div>\n\t\t\t\t<\/div>\n\t\t\t\t\t<\/div>\n\t\t<\/div>\n\t\t\t\t\t<\/div>\n\t\t<\/section>\n\t\t\t\t\t<\/div>\n\t\t<\/div>\n\t\t\t\t\t<\/div>\n\t\t<\/section>\n\t\t\t\t<section class=\"elementor-section elementor-top-section elementor-element elementor-element-923b437 elementor-section-full_width elementor-section-height-default elementor-section-height-default\" data-id=\"923b437\" data-element_type=\"section\" data-e-type=\"section\" data-settings=\"{&quot;background_background&quot;:&quot;classic&quot;}\">\n\t\t\t\t\t\t<div class=\"elementor-container elementor-column-gap-default\">\n\t\t\t\t\t<div class=\"elementor-column elementor-col-100 elementor-top-column elementor-element elementor-element-8ffd27e\" data-id=\"8ffd27e\" data-element_type=\"column\" data-e-type=\"column\">\n\t\t\t<div class=\"elementor-widget-wrap elementor-element-populated\">\n\t\t\t\t\t\t<div class=\"elementor-element elementor-element-e99025e elementor-widget elementor-widget-heading\" data-id=\"e99025e\" data-element_type=\"widget\" data-e-type=\"widget\" data-widget_type=\"heading.default\">\n\t\t\t\t<div class=\"elementor-widget-container\">\n\t\t\t\t\t<h2 class=\"elementor-heading-title elementor-size-default\">Nous trouver sur Google Maps<\/h2>\t\t\t\t<\/div>\n\t\t\t\t<\/div>\n\t\t\t\t<section class=\"elementor-section elementor-inner-section elementor-element elementor-element-fc3f5a0 elementor-section-content-middle elementor-section-full_width elementor-section-height-default elementor-section-height-default\" data-id=\"fc3f5a0\" data-element_type=\"section\" data-e-type=\"section\">\n\t\t\t\t\t\t\t<div class=\"elementor-background-overlay\"><\/div>\n\t\t\t\t\t\t\t<div class=\"elementor-container elementor-column-gap-default\">\n\t\t\t\t\t<div class=\"elementor-column elementor-col-100 elementor-inner-column elementor-element elementor-element-9557fef\" data-id=\"9557fef\" data-element_type=\"column\" data-e-type=\"column\" data-settings=\"{&quot;background_background&quot;:&quot;classic&quot;}\">\n\t\t\t<div class=\"elementor-widget-wrap elementor-element-populated\">\n\t\t\t\t\t\t<div class=\"elementor-element elementor-element-2a02435 elementor-widget elementor-widget-text-editor\" data-id=\"2a02435\" data-element_type=\"widget\" data-e-type=\"widget\" data-widget_type=\"text-editor.default\">\n\t\t\t\t<div class=\"elementor-widget-container\">\n\t\t\t\t\t\t\t\t\t<p><iframe src=\"https:\/\/www.google.com\/maps\/embed?pb=!1m18!1m12!1m3!1d77979.65180697863!2d4.833749562724135!3d52.35474969341264!2m3!1f0!2f0!3f0!3m2!1i1024!2i768!4f13.1!3m3!1m2!1s0x47c63fb5949a7755%3A0x6600fd4cb7c0af8d!2sAmsterdam%2C%20Netherlands!5e0!3m2!1sen!2sbd!4v1644496585850!5m2!1sen!2sbd\" width=\"100%\" height=\"400\" style=\"border:0;\" allowfullscreen=\"\" loading=\"lazy\"><\/iframe><\/p>\n\t\t\t\t\t\t\t\t<\/div>\n\t\t\t\t<\/div>\n\t\t\t\t\t<\/div>\n\t\t<\/div>\n\t\t\t\t\t<\/div>\n\t\t<\/section>\n\t\t\t\t\t<\/div>\n\t\t<\/div>\n\t\t\t\t\t<\/div>\n\t\t<\/section>\n\t\t\t\t<\/div>\n\t\t","protected":false},"excerpt":{"rendered":"<p>Prendre contact Pour toute question ou commentaire, n&rsquo;h\u00e9sitez pas \u00e0 nous contacter. L&rsquo;un de nos collaborateurs r\u00e9pondra \u00e0 toutes vos questions ou commentaires dans les 24 heures. Nous ne sommes pas joignables par t\u00e9l\u00e9phone, nous avons d\u00e9lib\u00e9r\u00e9ment choisi cette option car notre objectif est de vendre nos produits au prix le plus bas possible. Notre [&hellip;]<\/p>\n","protected":false},"author":2,"featured_media":0,"parent":0,"menu_order":0,"comment_status":"closed","ping_status":"closed","template":"elementor_header_footer","meta":{"footnotes":""},"class_list":["post-7392","page","type-page","status-publish","hentry"],"yoast_head":"<!-- This site is optimized with the Yoast SEO plugin v27.2 - https:\/\/yoast.com\/product\/yoast-seo-wordpress\/ -->\n<title>Contactez nous - Licenses4US<\/title>\n<meta name=\"robots\" content=\"index, follow, max-snippet:-1, max-image-preview:large, max-video-preview:-1\" \/>\n<link rel=\"canonical\" href=\"https:\/\/licenses4us.com\/fr\/contactez-nous\/\" \/>\n<meta property=\"og:locale\" content=\"fr_FR\" \/>\n<meta property=\"og:type\" content=\"article\" \/>\n<meta property=\"og:title\" content=\"Contactez nous - Licenses4US\" \/>\n<meta property=\"og:description\" content=\"Prendre contact Pour toute question ou commentaire, n&rsquo;h\u00e9sitez pas \u00e0 nous contacter. L&rsquo;un de nos collaborateurs r\u00e9pondra \u00e0 toutes vos questions ou commentaires dans les 24 heures. Nous ne sommes pas joignables par t\u00e9l\u00e9phone, nous avons d\u00e9lib\u00e9r\u00e9ment choisi cette option car notre objectif est de vendre nos produits au prix le plus bas possible. Notre [&hellip;]\" \/>\n<meta property=\"og:url\" content=\"https:\/\/licenses4us.com\/fr\/contactez-nous\/\" \/>\n<meta property=\"og:site_name\" content=\"Licenses4US\" \/>\n<meta property=\"article:modified_time\" content=\"2024-04-30T18:15:40+00:00\" \/>\n<meta name=\"twitter:card\" content=\"summary_large_image\" \/>\n<script type=\"application\/ld+json\" class=\"yoast-schema-graph\">{\"@context\":\"https:\/\/schema.org\",\"@graph\":[{\"@type\":\"WebPage\",\"@id\":\"https:\/\/licenses4us.com\/fr\/contactez-nous\/\",\"url\":\"https:\/\/licenses4us.com\/fr\/contactez-nous\/\",\"name\":\"Contactez nous - Licenses4US\",\"isPartOf\":{\"@id\":\"https:\/\/licenses4us.com\/fr\/#website\"},\"datePublished\":\"2022-02-07T13:42:33+00:00\",\"dateModified\":\"2024-04-30T18:15:40+00:00\",\"breadcrumb\":{\"@id\":\"https:\/\/licenses4us.com\/fr\/contactez-nous\/#breadcrumb\"},\"inLanguage\":\"fr-FR\",\"potentialAction\":[{\"@type\":\"ReadAction\",\"target\":[\"https:\/\/licenses4us.com\/fr\/contactez-nous\/\"]}]},{\"@type\":\"BreadcrumbList\",\"@id\":\"https:\/\/licenses4us.com\/fr\/contactez-nous\/#breadcrumb\",\"itemListElement\":[{\"@type\":\"ListItem\",\"position\":1,\"name\":\"Home\",\"item\":\"https:\/\/licenses4us.com\/fr\/\"},{\"@type\":\"ListItem\",\"position\":2,\"name\":\"Contactez nous\"}]},{\"@type\":\"WebSite\",\"@id\":\"https:\/\/licenses4us.com\/fr\/#website\",\"url\":\"https:\/\/licenses4us.com\/fr\/\",\"name\":\"Licenses4US\",\"description\":\"De goedkoopste licenties\",\"publisher\":{\"@id\":\"https:\/\/licenses4us.com\/fr\/#organization\"},\"potentialAction\":[{\"@type\":\"SearchAction\",\"target\":{\"@type\":\"EntryPoint\",\"urlTemplate\":\"https:\/\/licenses4us.com\/fr\/?s={search_term_string}\"},\"query-input\":{\"@type\":\"PropertyValueSpecification\",\"valueRequired\":true,\"valueName\":\"search_term_string\"}}],\"inLanguage\":\"fr-FR\"},{\"@type\":\"Organization\",\"@id\":\"https:\/\/licenses4us.com\/fr\/#organization\",\"name\":\"Licenses4Us\",\"url\":\"https:\/\/licenses4us.com\/fr\/\",\"logo\":{\"@type\":\"ImageObject\",\"inLanguage\":\"fr-FR\",\"@id\":\"https:\/\/licenses4us.com\/fr\/#\/schema\/logo\/image\/\",\"url\":\"https:\/\/licenses4us.com\/wp-content\/uploads\/2022\/02\/Licenses4us_alpha.png\",\"contentUrl\":\"https:\/\/licenses4us.com\/wp-content\/uploads\/2022\/02\/Licenses4us_alpha.png\",\"width\":2000,\"height\":600,\"caption\":\"Licenses4Us\"},\"image\":{\"@id\":\"https:\/\/licenses4us.com\/fr\/#\/schema\/logo\/image\/\"}}]}<\/script>\n<!-- \/ Yoast SEO plugin. -->","yoast_head_json":{"title":"Contactez nous - Licenses4US","robots":{"index":"index","follow":"follow","max-snippet":"max-snippet:-1","max-image-preview":"max-image-preview:large","max-video-preview":"max-video-preview:-1"},"canonical":"https:\/\/licenses4us.com\/fr\/contactez-nous\/","og_locale":"fr_FR","og_type":"article","og_title":"Contactez nous - Licenses4US","og_description":"Prendre contact Pour toute question ou commentaire, n&rsquo;h\u00e9sitez pas \u00e0 nous contacter. L&rsquo;un de nos collaborateurs r\u00e9pondra \u00e0 toutes vos questions ou commentaires dans les 24 heures. Nous ne sommes pas joignables par t\u00e9l\u00e9phone, nous avons d\u00e9lib\u00e9r\u00e9ment choisi cette option car notre objectif est de vendre nos produits au prix le plus bas possible. Notre [&hellip;]","og_url":"https:\/\/licenses4us.com\/fr\/contactez-nous\/","og_site_name":"Licenses4US","article_modified_time":"2024-04-30T18:15:40+00:00","twitter_card":"summary_large_image","schema":{"@context":"https:\/\/schema.org","@graph":[{"@type":"WebPage","@id":"https:\/\/licenses4us.com\/fr\/contactez-nous\/","url":"https:\/\/licenses4us.com\/fr\/contactez-nous\/","name":"Contactez nous - Licenses4US","isPartOf":{"@id":"https:\/\/licenses4us.com\/fr\/#website"},"datePublished":"2022-02-07T13:42:33+00:00","dateModified":"2024-04-30T18:15:40+00:00","breadcrumb":{"@id":"https:\/\/licenses4us.com\/fr\/contactez-nous\/#breadcrumb"},"inLanguage":"fr-FR","potentialAction":[{"@type":"ReadAction","target":["https:\/\/licenses4us.com\/fr\/contactez-nous\/"]}]},{"@type":"BreadcrumbList","@id":"https:\/\/licenses4us.com\/fr\/contactez-nous\/#breadcrumb","itemListElement":[{"@type":"ListItem","position":1,"name":"Home","item":"https:\/\/licenses4us.com\/fr\/"},{"@type":"ListItem","position":2,"name":"Contactez nous"}]},{"@type":"WebSite","@id":"https:\/\/licenses4us.com\/fr\/#website","url":"https:\/\/licenses4us.com\/fr\/","name":"Licenses4US","description":"De goedkoopste licenties","publisher":{"@id":"https:\/\/licenses4us.com\/fr\/#organization"},"potentialAction":[{"@type":"SearchAction","target":{"@type":"EntryPoint","urlTemplate":"https:\/\/licenses4us.com\/fr\/?s={search_term_string}"},"query-input":{"@type":"PropertyValueSpecification","valueRequired":true,"valueName":"search_term_string"}}],"inLanguage":"fr-FR"},{"@type":"Organization","@id":"https:\/\/licenses4us.com\/fr\/#organization","name":"Licenses4Us","url":"https:\/\/licenses4us.com\/fr\/","logo":{"@type":"ImageObject","inLanguage":"fr-FR","@id":"https:\/\/licenses4us.com\/fr\/#\/schema\/logo\/image\/","url":"https:\/\/licenses4us.com\/wp-content\/uploads\/2022\/02\/Licenses4us_alpha.png","contentUrl":"https:\/\/licenses4us.com\/wp-content\/uploads\/2022\/02\/Licenses4us_alpha.png","width":2000,"height":600,"caption":"Licenses4Us"},"image":{"@id":"https:\/\/licenses4us.com\/fr\/#\/schema\/logo\/image\/"}}]}},"_links":{"self":[{"href":"https:\/\/licenses4us.com\/fr\/wp-json\/wp\/v2\/pages\/7392","targetHints":{"allow":["GET"]}}],"collection":[{"href":"https:\/\/licenses4us.com\/fr\/wp-json\/wp\/v2\/pages"}],"about":[{"href":"https:\/\/licenses4us.com\/fr\/wp-json\/wp\/v2\/types\/page"}],"author":[{"embeddable":true,"href":"https:\/\/licenses4us.com\/fr\/wp-json\/wp\/v2\/users\/2"}],"replies":[{"embeddable":true,"href":"https:\/\/licenses4us.com\/fr\/wp-json\/wp\/v2\/comments?post=7392"}],"version-history":[{"count":0,"href":"https:\/\/licenses4us.com\/fr\/wp-json\/wp\/v2\/pages\/7392\/revisions"}],"wp:attachment":[{"href":"https:\/\/licenses4us.com\/fr\/wp-json\/wp\/v2\/media?parent=7392"}],"curies":[{"name":"wp","href":"https:\/\/api.w.org\/{rel}","templated":true}]}}