{"id":7365,"date":"2022-04-14T13:36:58","date_gmt":"2022-04-14T11:36:58","guid":{"rendered":"https:\/\/licenses4us.com\/informations-sur-lentreprise-et-contact\/"},"modified":"2024-03-24T23:42:14","modified_gmt":"2024-03-24T21:42:14","slug":"informations-sur-lentreprise-et-contact","status":"publish","type":"page","link":"https:\/\/licenses4us.com\/fr\/informations-sur-lentreprise-et-contact\/","title":{"rendered":"Informations sur l\u2019entreprise et contact"},"content":{"rendered":"\t\t<div data-elementor-type=\"wp-page\" data-elementor-id=\"7365\" class=\"elementor elementor-7365 elementor-1377\" data-elementor-post-type=\"page\">\n\t\t\t\t\t\t<section class=\"elementor-section elementor-top-section elementor-element elementor-element-b12bcee elementor-section-boxed elementor-section-height-default elementor-section-height-default\" data-id=\"b12bcee\" data-element_type=\"section\" data-e-type=\"section\" data-settings=\"{&quot;background_background&quot;:&quot;classic&quot;}\">\n\t\t\t\t\t\t<div class=\"elementor-container elementor-column-gap-default\">\n\t\t\t\t\t<div class=\"elementor-column elementor-col-100 elementor-top-column elementor-element elementor-element-16ad7d1\" data-id=\"16ad7d1\" data-element_type=\"column\" data-e-type=\"column\" data-settings=\"{&quot;background_background&quot;:&quot;classic&quot;}\">\n\t\t\t<div class=\"elementor-widget-wrap elementor-element-populated\">\n\t\t\t\t\t\t<div class=\"elementor-element elementor-element-1f9df79 elementor-widget elementor-widget-heading\" data-id=\"1f9df79\" data-element_type=\"widget\" data-e-type=\"widget\" data-widget_type=\"heading.default\">\n\t\t\t\t<div class=\"elementor-widget-container\">\n\t\t\t\t\t<h1 class=\"elementor-heading-title elementor-size-default\">Informations sur l\u2019entreprise et contact<\/h1>\t\t\t\t<\/div>\n\t\t\t\t<\/div>\n\t\t\t\t<div class=\"elementor-element elementor-element-6907015 elementor-widget elementor-widget-text-editor\" data-id=\"6907015\" data-element_type=\"widget\" data-e-type=\"widget\" data-widget_type=\"text-editor.default\">\n\t\t\t\t<div class=\"elementor-widget-container\">\n\t\t\t\t\t\t\t\t\t<p dir=\"ltr\" style=\"line-height: 1.2; background-color: #ffffff; margin-top: 0pt; margin-bottom: 0pt; padding: 0pt 0pt 9pt;\"><span style=\"font-size: 12pt; font-family: 'Open Sans', sans-serif; color: #111111; background-color: transparent; font-weight: 400; font-style: normal; font-variant-ligatures: normal; font-variant-caps: normal; font-variant-east-asian: normal; font-variant-position: normal; text-decoration: none; vertical-align: baseline; white-space: pre-wrap;\">Licenses4us est un nom commercial de E-Commerce Deluxe \u00e0 Vught. Nous sommes enregistr\u00e9s en tant qu&rsquo;entreprise n\u00e9erlandaise. <\/span><\/p><p dir=\"ltr\" style=\"line-height: 1.2; background-color: #ffffff; margin-top: 0pt; margin-bottom: 0pt; padding: 0pt 0pt 9pt;\"><span style=\"font-size: 12pt; font-family: 'Open Sans', sans-serif; color: #111111; background-color: transparent; font-weight: bold; font-style: normal; font-variant-ligatures: normal; font-variant-caps: normal; font-variant-east-asian: normal; font-variant-position: normal; text-decoration: none; vertical-align: baseline; white-space: pre-wrap;\">D\u00e9tails de l&rsquo;adresse Licenses4Us:<\/span><span style=\"font-size: 12pt; font-family: 'Open Sans', sans-serif; color: #111111; background-color: transparent; font-weight: 400; font-style: normal; font-variant-ligatures: normal; font-variant-caps: normal; font-variant-east-asian: normal; font-variant-position: normal; text-decoration: none; vertical-align: baseline; white-space: pre-wrap;\"><br \/><\/span>E-Commerce Deluxe<br \/>Karel Boumanstraat 17<br \/>5262HM Vught<br \/>Pays-Bas<\/p><p dir=\"ltr\" style=\"line-height: 1.2; background-color: #ffffff; margin-top: 0pt; margin-bottom: 0pt; padding: 0pt 0pt 9pt;\"><span style=\"font-size: 12pt; font-family: 'Open Sans', sans-serif; color: #111111; background-color: transparent; font-weight: bold; font-style: normal; font-variant-ligatures: normal; font-variant-caps: normal; font-variant-east-asian: normal; font-variant-position: normal; text-decoration: none; vertical-align: baseline; white-space: pre-wrap;\">Donn\u00e9es de l&rsquo;entreprise Licenses4Us:<\/span><span style=\"font-size: 12pt; font-family: 'Open Sans', sans-serif; color: #111111; background-color: transparent; font-weight: 400; font-style: normal; font-variant-ligatures: normal; font-variant-caps: normal; font-variant-east-asian: normal; font-variant-position: normal; text-decoration: none; vertical-align: baseline; white-space: pre-wrap;\"><br \/><\/span>Nous sommes enregistr\u00e9s aupr\u00e8s de la Chambre de Commerce (branche Eindhoven).<br \/>Licenses4us est un nom commercial de E-Commerce Deluxe (voir ci-dessus) :<br \/>Num\u00e9ro de la Chambre de Commerce : 74493752<br \/>Num\u00e9ro de TVA : NL002433398B54<\/p><p dir=\"ltr\" style=\"line-height: 1.2; background-color: #ffffff; margin-top: 0pt; margin-bottom: 0pt; padding: 0pt 0pt 9pt;\"><span style=\"font-size: 12pt; font-family: 'Open Sans', sans-serif; color: #111111; background-color: transparent; font-weight: bold; font-style: normal; font-variant-ligatures: normal; font-variant-caps: normal; font-variant-east-asian: normal; font-variant-position: normal; text-decoration: none; vertical-align: baseline; white-space: pre-wrap;\">Donn\u00e9es financi\u00e8res :<\/span><span style=\"font-size: 12pt; font-family: 'Open Sans', sans-serif; color: #111111; background-color: transparent; font-weight: 400; font-style: normal; font-variant-ligatures: normal; font-variant-caps: normal; font-variant-east-asian: normal; font-variant-position: normal; text-decoration: none; vertical-align: baseline; white-space: pre-wrap;\"><br \/><\/span>IBAN : NL86 INGB 0009 3559 65<br \/>BIC : INGBNL2A<\/p><p dir=\"ltr\" style=\"line-height: 1.2; background-color: #ffffff; margin-top: 0pt; margin-bottom: 0pt; padding: 0pt 0pt 9pt;\"><span style=\"font-size: 12pt; font-family: 'Open Sans', sans-serif; color: #111111; background-color: transparent; font-weight: bold; font-style: normal; font-variant-ligatures: normal; font-variant-caps: normal; font-variant-east-asian: normal; font-variant-position: normal; text-decoration: none; vertical-align: baseline; white-space: pre-wrap;\">Contact avec Licenses4Us.<\/span><\/p><p dir=\"ltr\" style=\"line-height: 1.2; background-color: #ffffff; margin-top: 0pt; margin-bottom: 0pt; padding: 0pt 0pt 9pt;\"><span style=\"font-size: 12pt; font-family: 'Open Sans', sans-serif; color: #111111; background-color: transparent; font-weight: 400; font-style: normal; font-variant-ligatures: normal; font-variant-caps: normal; font-variant-east-asian: normal; font-variant-position: normal; text-decoration: none; vertical-align: baseline; white-space: pre-wrap;\">Nous nous effor\u00e7ons de r\u00e9pondre \u00e0 votre demande dans les 24 heures.<br \/>Vous pouvez nous contacter en bas de notre page d&rsquo;accueil <a href=\"https:\/\/licenses4us.com\/contact-us\/\">page du service client\u00e8le<\/a>. <\/span><\/p><p dir=\"ltr\" style=\"line-height: 1.2; margin-top: 0pt; margin-bottom: 2.4pt;\">\u00a0<\/p>\t\t\t\t\t\t\t\t<\/div>\n\t\t\t\t<\/div>\n\t\t\t\t\t<\/div>\n\t\t<\/div>\n\t\t\t\t\t<\/div>\n\t\t<\/section>\n\t\t\t\t<\/div>\n\t\t","protected":false},"excerpt":{"rendered":"<p>Informations sur l\u2019entreprise et contact Licenses4us est un nom commercial de E-Commerce Deluxe \u00e0 Vught. Nous sommes enregistr\u00e9s en tant qu&rsquo;entreprise n\u00e9erlandaise. D\u00e9tails de l&rsquo;adresse Licenses4Us:E-Commerce DeluxeKarel Boumanstraat 175262HM VughtPays-Bas Donn\u00e9es de l&rsquo;entreprise Licenses4Us:Nous sommes enregistr\u00e9s aupr\u00e8s de la Chambre de Commerce (branche Eindhoven).Licenses4us est un nom commercial de E-Commerce Deluxe (voir ci-dessus) :Num\u00e9ro de [&hellip;]<\/p>\n","protected":false},"author":2,"featured_media":0,"parent":0,"menu_order":0,"comment_status":"closed","ping_status":"closed","template":"elementor_header_footer","meta":{"footnotes":""},"class_list":["post-7365","page","type-page","status-publish","hentry"],"yoast_head":"<!-- This site is optimized with the Yoast SEO plugin v27.2 - https:\/\/yoast.com\/product\/yoast-seo-wordpress\/ -->\n<title>Informations sur l\u2019entreprise et contact - Licenses4US<\/title>\n<meta name=\"robots\" content=\"index, follow, max-snippet:-1, max-image-preview:large, max-video-preview:-1\" \/>\n<link rel=\"canonical\" href=\"https:\/\/licenses4us.com\/fr\/informations-sur-lentreprise-et-contact\/\" \/>\n<meta property=\"og:locale\" content=\"fr_FR\" \/>\n<meta property=\"og:type\" content=\"article\" \/>\n<meta property=\"og:title\" content=\"Informations sur l\u2019entreprise et contact - Licenses4US\" \/>\n<meta property=\"og:description\" content=\"Informations sur l\u2019entreprise et contact Licenses4us est un nom commercial de E-Commerce Deluxe \u00e0 Vught. Nous sommes enregistr\u00e9s en tant qu&rsquo;entreprise n\u00e9erlandaise. D\u00e9tails de l&rsquo;adresse Licenses4Us:E-Commerce DeluxeKarel Boumanstraat 175262HM VughtPays-Bas Donn\u00e9es de l&rsquo;entreprise Licenses4Us:Nous sommes enregistr\u00e9s aupr\u00e8s de la Chambre de Commerce (branche Eindhoven).Licenses4us est un nom commercial de E-Commerce Deluxe (voir ci-dessus) :Num\u00e9ro de [&hellip;]\" \/>\n<meta property=\"og:url\" content=\"https:\/\/licenses4us.com\/fr\/informations-sur-lentreprise-et-contact\/\" \/>\n<meta property=\"og:site_name\" content=\"Licenses4US\" \/>\n<meta property=\"article:modified_time\" content=\"2024-03-24T21:42:14+00:00\" \/>\n<meta name=\"twitter:card\" content=\"summary_large_image\" \/>\n<meta name=\"twitter:label1\" content=\"Dur\u00e9e de lecture estim\u00e9e\" \/>\n\t<meta name=\"twitter:data1\" content=\"1 minute\" \/>\n<script type=\"application\/ld+json\" class=\"yoast-schema-graph\">{\"@context\":\"https:\/\/schema.org\",\"@graph\":[{\"@type\":\"WebPage\",\"@id\":\"https:\/\/licenses4us.com\/fr\/informations-sur-lentreprise-et-contact\/\",\"url\":\"https:\/\/licenses4us.com\/fr\/informations-sur-lentreprise-et-contact\/\",\"name\":\"Informations sur l\u2019entreprise et contact - Licenses4US\",\"isPartOf\":{\"@id\":\"https:\/\/licenses4us.com\/fr\/#website\"},\"datePublished\":\"2022-04-14T11:36:58+00:00\",\"dateModified\":\"2024-03-24T21:42:14+00:00\",\"breadcrumb\":{\"@id\":\"https:\/\/licenses4us.com\/fr\/informations-sur-lentreprise-et-contact\/#breadcrumb\"},\"inLanguage\":\"fr-FR\",\"potentialAction\":[{\"@type\":\"ReadAction\",\"target\":[\"https:\/\/licenses4us.com\/fr\/informations-sur-lentreprise-et-contact\/\"]}]},{\"@type\":\"BreadcrumbList\",\"@id\":\"https:\/\/licenses4us.com\/fr\/informations-sur-lentreprise-et-contact\/#breadcrumb\",\"itemListElement\":[{\"@type\":\"ListItem\",\"position\":1,\"name\":\"Home\",\"item\":\"https:\/\/licenses4us.com\/fr\/\"},{\"@type\":\"ListItem\",\"position\":2,\"name\":\"Informations sur l\u2019entreprise et contact\"}]},{\"@type\":\"WebSite\",\"@id\":\"https:\/\/licenses4us.com\/fr\/#website\",\"url\":\"https:\/\/licenses4us.com\/fr\/\",\"name\":\"Licenses4US\",\"description\":\"De goedkoopste licenties\",\"publisher\":{\"@id\":\"https:\/\/licenses4us.com\/fr\/#organization\"},\"potentialAction\":[{\"@type\":\"SearchAction\",\"target\":{\"@type\":\"EntryPoint\",\"urlTemplate\":\"https:\/\/licenses4us.com\/fr\/?s={search_term_string}\"},\"query-input\":{\"@type\":\"PropertyValueSpecification\",\"valueRequired\":true,\"valueName\":\"search_term_string\"}}],\"inLanguage\":\"fr-FR\"},{\"@type\":\"Organization\",\"@id\":\"https:\/\/licenses4us.com\/fr\/#organization\",\"name\":\"Licenses4Us\",\"url\":\"https:\/\/licenses4us.com\/fr\/\",\"logo\":{\"@type\":\"ImageObject\",\"inLanguage\":\"fr-FR\",\"@id\":\"https:\/\/licenses4us.com\/fr\/#\/schema\/logo\/image\/\",\"url\":\"https:\/\/licenses4us.com\/wp-content\/uploads\/2022\/02\/Licenses4us_alpha.png\",\"contentUrl\":\"https:\/\/licenses4us.com\/wp-content\/uploads\/2022\/02\/Licenses4us_alpha.png\",\"width\":2000,\"height\":600,\"caption\":\"Licenses4Us\"},\"image\":{\"@id\":\"https:\/\/licenses4us.com\/fr\/#\/schema\/logo\/image\/\"}}]}<\/script>\n<!-- \/ Yoast SEO plugin. -->","yoast_head_json":{"title":"Informations sur l\u2019entreprise et contact - Licenses4US","robots":{"index":"index","follow":"follow","max-snippet":"max-snippet:-1","max-image-preview":"max-image-preview:large","max-video-preview":"max-video-preview:-1"},"canonical":"https:\/\/licenses4us.com\/fr\/informations-sur-lentreprise-et-contact\/","og_locale":"fr_FR","og_type":"article","og_title":"Informations sur l\u2019entreprise et contact - Licenses4US","og_description":"Informations sur l\u2019entreprise et contact Licenses4us est un nom commercial de E-Commerce Deluxe \u00e0 Vught. Nous sommes enregistr\u00e9s en tant qu&rsquo;entreprise n\u00e9erlandaise. D\u00e9tails de l&rsquo;adresse Licenses4Us:E-Commerce DeluxeKarel Boumanstraat 175262HM VughtPays-Bas Donn\u00e9es de l&rsquo;entreprise Licenses4Us:Nous sommes enregistr\u00e9s aupr\u00e8s de la Chambre de Commerce (branche Eindhoven).Licenses4us est un nom commercial de E-Commerce Deluxe (voir ci-dessus) :Num\u00e9ro de [&hellip;]","og_url":"https:\/\/licenses4us.com\/fr\/informations-sur-lentreprise-et-contact\/","og_site_name":"Licenses4US","article_modified_time":"2024-03-24T21:42:14+00:00","twitter_card":"summary_large_image","twitter_misc":{"Dur\u00e9e de lecture estim\u00e9e":"1 minute"},"schema":{"@context":"https:\/\/schema.org","@graph":[{"@type":"WebPage","@id":"https:\/\/licenses4us.com\/fr\/informations-sur-lentreprise-et-contact\/","url":"https:\/\/licenses4us.com\/fr\/informations-sur-lentreprise-et-contact\/","name":"Informations sur l\u2019entreprise et contact - Licenses4US","isPartOf":{"@id":"https:\/\/licenses4us.com\/fr\/#website"},"datePublished":"2022-04-14T11:36:58+00:00","dateModified":"2024-03-24T21:42:14+00:00","breadcrumb":{"@id":"https:\/\/licenses4us.com\/fr\/informations-sur-lentreprise-et-contact\/#breadcrumb"},"inLanguage":"fr-FR","potentialAction":[{"@type":"ReadAction","target":["https:\/\/licenses4us.com\/fr\/informations-sur-lentreprise-et-contact\/"]}]},{"@type":"BreadcrumbList","@id":"https:\/\/licenses4us.com\/fr\/informations-sur-lentreprise-et-contact\/#breadcrumb","itemListElement":[{"@type":"ListItem","position":1,"name":"Home","item":"https:\/\/licenses4us.com\/fr\/"},{"@type":"ListItem","position":2,"name":"Informations sur l\u2019entreprise et contact"}]},{"@type":"WebSite","@id":"https:\/\/licenses4us.com\/fr\/#website","url":"https:\/\/licenses4us.com\/fr\/","name":"Licenses4US","description":"De goedkoopste licenties","publisher":{"@id":"https:\/\/licenses4us.com\/fr\/#organization"},"potentialAction":[{"@type":"SearchAction","target":{"@type":"EntryPoint","urlTemplate":"https:\/\/licenses4us.com\/fr\/?s={search_term_string}"},"query-input":{"@type":"PropertyValueSpecification","valueRequired":true,"valueName":"search_term_string"}}],"inLanguage":"fr-FR"},{"@type":"Organization","@id":"https:\/\/licenses4us.com\/fr\/#organization","name":"Licenses4Us","url":"https:\/\/licenses4us.com\/fr\/","logo":{"@type":"ImageObject","inLanguage":"fr-FR","@id":"https:\/\/licenses4us.com\/fr\/#\/schema\/logo\/image\/","url":"https:\/\/licenses4us.com\/wp-content\/uploads\/2022\/02\/Licenses4us_alpha.png","contentUrl":"https:\/\/licenses4us.com\/wp-content\/uploads\/2022\/02\/Licenses4us_alpha.png","width":2000,"height":600,"caption":"Licenses4Us"},"image":{"@id":"https:\/\/licenses4us.com\/fr\/#\/schema\/logo\/image\/"}}]}},"_links":{"self":[{"href":"https:\/\/licenses4us.com\/fr\/wp-json\/wp\/v2\/pages\/7365","targetHints":{"allow":["GET"]}}],"collection":[{"href":"https:\/\/licenses4us.com\/fr\/wp-json\/wp\/v2\/pages"}],"about":[{"href":"https:\/\/licenses4us.com\/fr\/wp-json\/wp\/v2\/types\/page"}],"author":[{"embeddable":true,"href":"https:\/\/licenses4us.com\/fr\/wp-json\/wp\/v2\/users\/2"}],"replies":[{"embeddable":true,"href":"https:\/\/licenses4us.com\/fr\/wp-json\/wp\/v2\/comments?post=7365"}],"version-history":[{"count":0,"href":"https:\/\/licenses4us.com\/fr\/wp-json\/wp\/v2\/pages\/7365\/revisions"}],"wp:attachment":[{"href":"https:\/\/licenses4us.com\/fr\/wp-json\/wp\/v2\/media?parent=7365"}],"curies":[{"name":"wp","href":"https:\/\/api.w.org\/{rel}","templated":true}]}}