{"id":7673,"date":"2022-04-19T09:23:10","date_gmt":"2022-04-19T07:23:10","guid":{"rendered":"https:\/\/licenses4us.com\/product\/microsoft-office-home-und-business-2021\/"},"modified":"2024-05-01T22:42:07","modified_gmt":"2024-05-01T20:42:07","slug":"microsoft-office-home-und-business-2021","status":"publish","type":"product","link":"https:\/\/licenses4us.com\/de\/produkt\/microsoft-office-home-und-business-2021\/","title":{"rendered":"Microsoft Office Home und Business 2021"},"content":{"rendered":"<section class=\"elementor-section elementor-inner-section elementor-element elementor-element-a73dcc3 elementor-section-boxed elementor-section-height-default elementor-section-height-default\" data-id=\"a73dcc3\" data-element_type=\"section\">\n<div class=\"elementor-container elementor-column-gap-default\">\n<div class=\"elementor-row\">\n<div class=\"elementor-column elementor-col-100 elementor-inner-column elementor-element elementor-element-945d51e\" data-id=\"945d51e\" data-element_type=\"column\" data-settings=\"{\">\n<div class=\"elementor-column-wrap elementor-element-populated\">\n<div class=\"elementor-widget-wrap\">\n<div class=\"elementor-element elementor-element-a137928 product_descriptions elementor-widget elementor-widget-text-editor\" data-id=\"a137928\" data-element_type=\"widget\" data-widget_type=\"text-editor.default\">\n<div class=\"elementor-widget-container\">\n<div class=\"elementor-text-editor elementor-clearfix\">\n<section class=\"elementor-section elementor-inner-section elementor-element elementor-element-a73dcc3 elementor-section-boxed elementor-section-height-default elementor-section-height-default\" data-id=\"a73dcc3\" data-element_type=\"section\">\n<div class=\"elementor-container elementor-column-gap-default\">\n<div class=\"elementor-row\">\n<div class=\"elementor-column elementor-col-100 elementor-inner-column elementor-element elementor-element-945d51e\" data-id=\"945d51e\" data-element_type=\"column\" data-settings=\"{\">\n<div class=\"elementor-column-wrap elementor-element-populated\">\n<div class=\"elementor-widget-wrap\">\n<div class=\"elementor-element elementor-element-a137928 product_descriptions elementor-widget elementor-widget-text-editor\" data-id=\"a137928\" data-element_type=\"widget\" data-widget_type=\"text-editor.default\">\n<div class=\"elementor-widget-container\">\n<div class=\"elementor-text-editor elementor-clearfix\">\n<div id=\"down\" class=\"elementor-column elementor-col-66 elementor-top-column elementor-element elementor-element-92e8b2a\" data-id=\"92e8b2a\" data-element_type=\"column\">\n<div class=\"elementor-widget-wrap elementor-element-populated\">\n<section class=\"elementor-section elementor-inner-section elementor-element elementor-element-a73dcc3 elementor-section-boxed elementor-section-height-default elementor-section-height-default\" data-id=\"a73dcc3\" data-element_type=\"section\" data-settings=\"{\">\n<div class=\"elementor-container elementor-column-gap-default\">\n<div class=\"elementor-column elementor-col-100 elementor-inner-column elementor-element elementor-element-945d51e\" data-id=\"945d51e\" data-element_type=\"column\" data-settings=\"{\">\n<div class=\"elementor-widget-wrap elementor-element-populated\">\n<div class=\"elementor-element elementor-element-a137928 product_descriptions elementor-widget elementor-widget-text-editor\" data-id=\"a137928\" data-element_type=\"widget\" data-widget_type=\"text-editor.default\">\n<div class=\"elementor-widget-container\">\n<p><strong>Sie m\u00f6chten Microsoft Office<\/strong><strong>Home and Business PC\/Mac kaufen, aber kein<\/strong> <strong>Abonnement abschlie\u00dfen?<\/strong> <strong>Wo Sie Ihr Abonnement nicht jedes Jahr erneuern m\u00fcssen! Dann k\u00f6nnen Sie die neueste Version von Office herunterladen <\/strong><strong>Home und Business PC\/Mac hier bestellen. Zuverl\u00e4ssige, legale und professionelle Lizenzen ohne Abonnement zu einem sehr attraktiven Preis.<\/strong><\/p>\n<p>&nbsp;<\/p>\n<p><strong>Keine telefonische Aktivierung.<\/strong><\/p>\n<p>Unsere Schl\u00fcssel werden nicht per Telefon aktiviert, wie es viele andere Unternehmen tun.<br \/>\nBei der Aktivierung verkn\u00fcpfen Sie die Lizenz mit Ihrem eigenen Microsoft-Konto.<br \/>\nDas bedeutet, dass Sie die Lizenz nie mehr reaktivieren m\u00fcssen!<\/p>\n<p>&nbsp;<\/p>\n<p><strong>Ihr Lizenzcode direkt in Ihrer Mailbox<\/strong><\/p>\n<p>Unmittelbar nach Eingang Ihrer Zahlung wird der Lizenzcode an die von Ihnen angegebene E-Mail-Adresse gesendet.<br \/>\nDer Lizenzcode wird automatisch gesendet, so dass Sie nie auf eine manuelle Aktion warten m\u00fcssen.<\/p>\n<p>&nbsp;<\/p>\n<p><strong>Einfache, schnelle und zuverl\u00e4ssige Online-Aktivierung<\/strong><strong>.<\/strong><\/p>\n<p>Microsoft <strong>Home and Business PC\/Mac<\/strong> Online Activation (No Phone Activation) ist sehr einfach zu installieren.<br \/>\nAktiviert innerhalb von Minuten ohne jeglichen Aufwand, um es auf Ihrem PC zu installieren.<\/p>\n<p>&nbsp;<\/p>\n<p><strong>Alle Sprachen vorhanden.<\/strong><\/p>\n<p>Alle Lizenzen, die wir verkaufen, sind mehrsprachig. Das bedeutet, dass das Programm in 124 verschiedenen Sprachen angezeigt werden kann.<br \/>\nAlle g\u00e4ngigen Sprachen sind verf\u00fcgbar (Niederl\u00e4ndisch, Englisch, Deutsch, Franz\u00f6sisch, usw.)<\/p>\n<p>&nbsp;<\/p>\n<\/div>\n<\/div>\n<\/div>\n<\/div>\n<\/div>\n<\/section>\n<section class=\"elementor-section elementor-inner-section elementor-element elementor-element-209c690 elementor-section-boxed elementor-section-height-default elementor-section-height-default\" data-id=\"209c690\" data-element_type=\"section\" data-settings=\"{\">\n<div class=\"elementor-container elementor-column-gap-default\">\n<div class=\"elementor-column elementor-col-100 elementor-inner-column elementor-element elementor-element-a9d7723\" data-id=\"a9d7723\" data-element_type=\"column\" data-settings=\"{\">\n<div class=\"elementor-widget-wrap elementor-element-populated\">\n<div class=\"elementor-element elementor-element-14aa7b2 elementor-widget elementor-widget-heading\" data-id=\"14aa7b2\" data-element_type=\"widget\" data-widget_type=\"heading.default\">\n<div class=\"elementor-widget-container\">\n<h2 class=\"elementor-heading-title elementor-size-default\">Merkmale und Details<\/h2>\n<\/div>\n<\/div>\n<div class=\"elementor-element elementor-element-81e827a fad-box elementor-widget elementor-widget-jet-listing-dynamic-repeater\" data-id=\"81e827a\" data-element_type=\"widget\" data-widget_type=\"jet-listing-dynamic-repeater.default\">\n<div class=\"elementor-widget-container\">\n<div class=\"jet-listing jet-listing-dynamic-repeater\">\n<div class=\"jet-listing-dynamic-repeater__items \">\n<div class=\"jet-listing-dynamic-repeater__item\">ProgrammeMicrosoft Word | Microsoft Access | Microsoft Excel | Microsoft OneNote | Microsoft Outlook | Microsoft PowerPoint | Microsoft Publisher<\/div>\n<\/div>\n<\/div>\n<\/div>\n<\/div>\n<\/div>\n<\/div>\n<\/div>\n<\/section>\n<section class=\"elementor-section elementor-inner-section elementor-element elementor-element-2c09ddc elementor-section-boxed elementor-section-height-default elementor-section-height-default\" data-id=\"2c09ddc\" data-element_type=\"section\" data-settings=\"{\">\n<div class=\"elementor-container elementor-column-gap-default\">\n<div class=\"elementor-column elementor-col-100 elementor-inner-column elementor-element elementor-element-a8cd528\" data-id=\"a8cd528\" data-element_type=\"column\" data-settings=\"{\">\n<div class=\"elementor-widget-wrap elementor-element-populated\">\n<div class=\"elementor-element elementor-element-5e1c03c elementor-widget elementor-widget-heading\" data-id=\"5e1c03c\" data-element_type=\"widget\" data-widget_type=\"heading.default\">\n<div class=\"elementor-widget-container\">\n<h2 class=\"elementor-heading-title elementor-size-default\">Spezifikation erforderlich<\/h2>\n<\/div>\n<\/div>\n<div class=\"elementor-element elementor-element-7790111 fad-box elementor-widget elementor-widget-jet-listing-dynamic-repeater\" data-id=\"7790111\" data-element_type=\"widget\" data-widget_type=\"jet-listing-dynamic-repeater.default\">\n<div class=\"elementor-widget-container\">\n<div class=\"jet-listing jet-listing-dynamic-repeater\">\n<div class=\"jet-listing-dynamic-repeater__items \">\n<div class=\"jet-listing-dynamic-repeater__item\">CPU-Anforderungen1.8 Ghz, 2-Kern-Prozessor<\/div>\n<div class=\"jet-listing-dynamic-repeater__item\">Minimaler Festplattenplatz4000 MB<\/div>\n<div class=\"jet-listing-dynamic-repeater__item\">SystemanforderungenWindows 10, Windows 11, Office f\u00fcr Mac wird von den drei neuesten Versionen von macOS unterst\u00fctzt. Wenn eine neue Version von macOS ver\u00f6ffentlicht wird, wird die \u00e4lteste Version nicht mehr von Microsoft unterst\u00fctzt.<\/div>\n<div class=\"jet-listing-dynamic-repeater__item\">Bit-Version32\/64 Bits<\/div>\n<\/div>\n<\/div>\n<\/div>\n<\/div>\n<\/div>\n<\/div>\n<\/div>\n<\/section>\n<\/div>\n<\/div>\n<div class=\"elementor-column elementor-col-33 elementor-top-column elementor-element elementor-element-e2d6ccc\" data-id=\"e2d6ccc\" data-element_type=\"column\">\n<div class=\"elementor-widget-wrap elementor-element-populated\">\n<section class=\"elementor-section elementor-inner-section elementor-element elementor-element-6318926 elementor-section-boxed elementor-section-height-default elementor-section-height-default\" data-id=\"6318926\" data-element_type=\"section\" data-settings=\"{\">\n<div class=\"elementor-container elementor-column-gap-default\">\n<div class=\"elementor-column elementor-col-100 elementor-inner-column elementor-element elementor-element-7b64764\" data-id=\"7b64764\" data-element_type=\"column\" data-settings=\"{\">\n<div class=\"elementor-widget-wrap elementor-element-populated\">\n<div class=\"elementor-element elementor-element-d6e2859 elementor-widget elementor-widget-heading\" data-id=\"d6e2859\" data-element_type=\"widget\" data-widget_type=\"heading.default\">\n<div class=\"elementor-widget-container\"><\/div>\n<\/div>\n<div class=\"elementor-element elementor-element-1911654 elementor-widget elementor-widget-jet-woo-products\" data-id=\"1911654\" data-element_type=\"widget\" data-settings=\"{\" data-widget_type=\"jet-woo-products.default\">\n<div class=\"elementor-widget-container\">\n<div class=\"elementor-jet-woo-products jet-woo-builder\">\n<div class=\"jet-woo-products jet-woo-products--preset-1 col-row jet-equal-cols\" data-mobile-hover=\"\">\n<div class=\"jet-woo-products__item jet-woo-builder-product\" data-product-id=\"6923\">\n<div class=\"jet-woo-products__inner-box jet-woo-item-overlay-wrap\" data-url=\"http:\/\/localhost\/nust\/product\/windows-11-home\/\">\n<div class=\"jet-woo-product-button\"><\/div>\n<\/div>\n<\/div>\n<\/div>\n<\/div>\n<\/div>\n<\/div>\n<\/div>\n<\/div>\n<\/div>\n<\/section>\n<\/div>\n<\/div>\n<\/div>\n<\/div>\n<\/div>\n<\/div>\n<\/div>\n<\/div>\n<\/div>\n<\/div>\n<\/section>\n<\/div>\n<\/div>\n<\/div>\n<\/div>\n<\/div>\n<\/div>\n<\/div>\n<\/div>\n<\/section>\n","protected":false},"excerpt":{"rendered":"<p>Mit Office Home and Business 2021 erhalten Sie Zugriff auf die folgenden Programme:<\/p>\n<p>Microsoft Word<br \/>\nMicrosoft Excel<br \/>\nMicrosoft Powerpoint, Microsoft Outlook, Microsoft<br \/>\nMannschaften<\/p>\n<p>, Eine Note<\/p>\n<p>Dieses Paket ist ein einmaliger Kauf.<br \/>\nVersand innerhalb von 5-10 Minuten per E-Mail.<\/p>\n","protected":false},"featured_media":7676,"comment_status":"open","ping_status":"closed","template":"","meta":[],"product_brand":[],"product_cat":[82,85],"product_tag":[],"class_list":{"0":"post-7673","1":"product","2":"type-product","3":"status-publish","4":"has-post-thumbnail","6":"product_cat-office-2021","7":"product_cat-office-fur-unternehmen","9":"first","10":"instock","11":"taxable","12":"shipping-taxable","13":"purchasable","14":"product-type-variable"},"yoast_head":"<!-- This site is optimized with the Yoast SEO plugin v27.2 - https:\/\/yoast.com\/product\/yoast-seo-wordpress\/ -->\n<title>kaufen? -<\/title>\n<meta name=\"description\" content=\"Microsoft Office Home &amp; Business 2021 f\u00fcr PC\/Mac im Angebot. Mehrere Sprachen in einer lebenslangen Lizenz. Das neueste Paket f\u00fcr Unternehmer oder Familien.\" \/>\n<meta name=\"robots\" content=\"index, follow, max-snippet:-1, max-image-preview:large, max-video-preview:-1\" \/>\n<link rel=\"canonical\" href=\"https:\/\/licenses4us.com\/de\/produkt\/microsoft-office-home-und-business-2021\/\" \/>\n<meta property=\"og:locale\" content=\"de_DE\" \/>\n<meta property=\"og:type\" content=\"article\" \/>\n<meta property=\"og:title\" content=\"kaufen? -\" \/>\n<meta property=\"og:description\" content=\"Microsoft Office Home &amp; Business 2021 f\u00fcr PC\/Mac im Angebot. Mehrere Sprachen in einer lebenslangen Lizenz. Das neueste Paket f\u00fcr Unternehmer oder Familien.\" \/>\n<meta property=\"og:url\" content=\"https:\/\/licenses4us.com\/de\/produkt\/microsoft-office-home-und-business-2021\/\" \/>\n<meta property=\"og:site_name\" content=\"Licenses4US\" \/>\n<meta property=\"article:modified_time\" content=\"2024-05-01T20:42:07+00:00\" \/>\n<meta property=\"og:image\" content=\"https:\/\/licenses4us.com\/wp-content\/uploads\/2022\/10\/Microsoft-Office-2021-Home-and-Business.webp\" \/>\n\t<meta property=\"og:image:width\" content=\"1024\" \/>\n\t<meta property=\"og:image:height\" content=\"1024\" \/>\n\t<meta property=\"og:image:type\" content=\"image\/webp\" \/>\n<meta name=\"twitter:card\" content=\"summary_large_image\" \/>\n<meta name=\"twitter:label1\" content=\"Gesch\u00e4tzte Lesezeit\" \/>\n\t<meta name=\"twitter:data1\" content=\"2\u00a0Minuten\" \/>\n<script type=\"application\/ld+json\" class=\"yoast-schema-graph\">{\"@context\":\"https:\/\/schema.org\",\"@graph\":[{\"@type\":\"WebPage\",\"@id\":\"https:\/\/licenses4us.com\/de\/produkt\/microsoft-office-home-und-business-2021\/\",\"url\":\"https:\/\/licenses4us.com\/de\/produkt\/microsoft-office-home-und-business-2021\/\",\"name\":\"kaufen? -\",\"isPartOf\":{\"@id\":\"https:\/\/licenses4us.com\/de\/#website\"},\"primaryImageOfPage\":{\"@id\":\"https:\/\/licenses4us.com\/de\/produkt\/microsoft-office-home-und-business-2021\/#primaryimage\"},\"image\":{\"@id\":\"https:\/\/licenses4us.com\/de\/produkt\/microsoft-office-home-und-business-2021\/#primaryimage\"},\"thumbnailUrl\":\"https:\/\/licenses4us.com\/wp-content\/uploads\/2022\/10\/Microsoft-Office-2021-Home-and-Business.webp\",\"datePublished\":\"2022-04-19T07:23:10+00:00\",\"dateModified\":\"2024-05-01T20:42:07+00:00\",\"description\":\"Microsoft Office Home & Business 2021 f\u00fcr PC\/Mac im Angebot. Mehrere Sprachen in einer lebenslangen Lizenz. Das neueste Paket f\u00fcr Unternehmer oder Familien.\",\"breadcrumb\":{\"@id\":\"https:\/\/licenses4us.com\/de\/produkt\/microsoft-office-home-und-business-2021\/#breadcrumb\"},\"inLanguage\":\"de\",\"potentialAction\":[{\"@type\":\"ReadAction\",\"target\":[\"https:\/\/licenses4us.com\/de\/produkt\/microsoft-office-home-und-business-2021\/\"]}]},{\"@type\":\"ImageObject\",\"inLanguage\":\"de\",\"@id\":\"https:\/\/licenses4us.com\/de\/produkt\/microsoft-office-home-und-business-2021\/#primaryimage\",\"url\":\"https:\/\/licenses4us.com\/wp-content\/uploads\/2022\/10\/Microsoft-Office-2021-Home-and-Business.webp\",\"contentUrl\":\"https:\/\/licenses4us.com\/wp-content\/uploads\/2022\/10\/Microsoft-Office-2021-Home-and-Business.webp\",\"width\":1024,\"height\":1024,\"caption\":\"Microsoft Office 2021 Home & Business.\"},{\"@type\":\"BreadcrumbList\",\"@id\":\"https:\/\/licenses4us.com\/de\/produkt\/microsoft-office-home-und-business-2021\/#breadcrumb\",\"itemListElement\":[{\"@type\":\"ListItem\",\"position\":1,\"name\":\"Home\",\"item\":\"https:\/\/licenses4us.com\/de\/\"},{\"@type\":\"ListItem\",\"position\":2,\"name\":\"Shop\",\"item\":\"https:\/\/licenses4us.com\/de\/shop\/\"},{\"@type\":\"ListItem\",\"position\":3,\"name\":\"Microsoft Office Home und Business 2021\"}]},{\"@type\":\"WebSite\",\"@id\":\"https:\/\/licenses4us.com\/de\/#website\",\"url\":\"https:\/\/licenses4us.com\/de\/\",\"name\":\"Licenses4US\",\"description\":\"De goedkoopste licenties\",\"publisher\":{\"@id\":\"https:\/\/licenses4us.com\/de\/#organization\"},\"potentialAction\":[{\"@type\":\"SearchAction\",\"target\":{\"@type\":\"EntryPoint\",\"urlTemplate\":\"https:\/\/licenses4us.com\/de\/?s={search_term_string}\"},\"query-input\":{\"@type\":\"PropertyValueSpecification\",\"valueRequired\":true,\"valueName\":\"search_term_string\"}}],\"inLanguage\":\"de\"},{\"@type\":\"Organization\",\"@id\":\"https:\/\/licenses4us.com\/de\/#organization\",\"name\":\"Licenses4Us\",\"url\":\"https:\/\/licenses4us.com\/de\/\",\"logo\":{\"@type\":\"ImageObject\",\"inLanguage\":\"de\",\"@id\":\"https:\/\/licenses4us.com\/de\/#\/schema\/logo\/image\/\",\"url\":\"https:\/\/licenses4us.com\/wp-content\/uploads\/2022\/02\/Licenses4us_alpha.png\",\"contentUrl\":\"https:\/\/licenses4us.com\/wp-content\/uploads\/2022\/02\/Licenses4us_alpha.png\",\"width\":2000,\"height\":600,\"caption\":\"Licenses4Us\"},\"image\":{\"@id\":\"https:\/\/licenses4us.com\/de\/#\/schema\/logo\/image\/\"}}]}<\/script>\n<!-- \/ Yoast SEO plugin. -->","yoast_head_json":{"title":"kaufen? -","description":"Microsoft Office Home & Business 2021 f\u00fcr PC\/Mac im Angebot. Mehrere Sprachen in einer lebenslangen Lizenz. Das neueste Paket f\u00fcr Unternehmer oder Familien.","robots":{"index":"index","follow":"follow","max-snippet":"max-snippet:-1","max-image-preview":"max-image-preview:large","max-video-preview":"max-video-preview:-1"},"canonical":"https:\/\/licenses4us.com\/de\/produkt\/microsoft-office-home-und-business-2021\/","og_locale":"de_DE","og_type":"article","og_title":"kaufen? -","og_description":"Microsoft Office Home & Business 2021 f\u00fcr PC\/Mac im Angebot. Mehrere Sprachen in einer lebenslangen Lizenz. Das neueste Paket f\u00fcr Unternehmer oder Familien.","og_url":"https:\/\/licenses4us.com\/de\/produkt\/microsoft-office-home-und-business-2021\/","og_site_name":"Licenses4US","article_modified_time":"2024-05-01T20:42:07+00:00","og_image":[{"width":1024,"height":1024,"url":"https:\/\/licenses4us.com\/wp-content\/uploads\/2022\/10\/Microsoft-Office-2021-Home-and-Business.webp","type":"image\/webp"}],"twitter_card":"summary_large_image","twitter_misc":{"Gesch\u00e4tzte Lesezeit":"2\u00a0Minuten"},"schema":{"@context":"https:\/\/schema.org","@graph":[{"@type":"WebPage","@id":"https:\/\/licenses4us.com\/de\/produkt\/microsoft-office-home-und-business-2021\/","url":"https:\/\/licenses4us.com\/de\/produkt\/microsoft-office-home-und-business-2021\/","name":"kaufen? -","isPartOf":{"@id":"https:\/\/licenses4us.com\/de\/#website"},"primaryImageOfPage":{"@id":"https:\/\/licenses4us.com\/de\/produkt\/microsoft-office-home-und-business-2021\/#primaryimage"},"image":{"@id":"https:\/\/licenses4us.com\/de\/produkt\/microsoft-office-home-und-business-2021\/#primaryimage"},"thumbnailUrl":"https:\/\/licenses4us.com\/wp-content\/uploads\/2022\/10\/Microsoft-Office-2021-Home-and-Business.webp","datePublished":"2022-04-19T07:23:10+00:00","dateModified":"2024-05-01T20:42:07+00:00","description":"Microsoft Office Home & Business 2021 f\u00fcr PC\/Mac im Angebot. Mehrere Sprachen in einer lebenslangen Lizenz. Das neueste Paket f\u00fcr Unternehmer oder Familien.","breadcrumb":{"@id":"https:\/\/licenses4us.com\/de\/produkt\/microsoft-office-home-und-business-2021\/#breadcrumb"},"inLanguage":"de","potentialAction":[{"@type":"ReadAction","target":["https:\/\/licenses4us.com\/de\/produkt\/microsoft-office-home-und-business-2021\/"]}]},{"@type":"ImageObject","inLanguage":"de","@id":"https:\/\/licenses4us.com\/de\/produkt\/microsoft-office-home-und-business-2021\/#primaryimage","url":"https:\/\/licenses4us.com\/wp-content\/uploads\/2022\/10\/Microsoft-Office-2021-Home-and-Business.webp","contentUrl":"https:\/\/licenses4us.com\/wp-content\/uploads\/2022\/10\/Microsoft-Office-2021-Home-and-Business.webp","width":1024,"height":1024,"caption":"Microsoft Office 2021 Home & Business."},{"@type":"BreadcrumbList","@id":"https:\/\/licenses4us.com\/de\/produkt\/microsoft-office-home-und-business-2021\/#breadcrumb","itemListElement":[{"@type":"ListItem","position":1,"name":"Home","item":"https:\/\/licenses4us.com\/de\/"},{"@type":"ListItem","position":2,"name":"Shop","item":"https:\/\/licenses4us.com\/de\/shop\/"},{"@type":"ListItem","position":3,"name":"Microsoft Office Home und Business 2021"}]},{"@type":"WebSite","@id":"https:\/\/licenses4us.com\/de\/#website","url":"https:\/\/licenses4us.com\/de\/","name":"Licenses4US","description":"De goedkoopste licenties","publisher":{"@id":"https:\/\/licenses4us.com\/de\/#organization"},"potentialAction":[{"@type":"SearchAction","target":{"@type":"EntryPoint","urlTemplate":"https:\/\/licenses4us.com\/de\/?s={search_term_string}"},"query-input":{"@type":"PropertyValueSpecification","valueRequired":true,"valueName":"search_term_string"}}],"inLanguage":"de"},{"@type":"Organization","@id":"https:\/\/licenses4us.com\/de\/#organization","name":"Licenses4Us","url":"https:\/\/licenses4us.com\/de\/","logo":{"@type":"ImageObject","inLanguage":"de","@id":"https:\/\/licenses4us.com\/de\/#\/schema\/logo\/image\/","url":"https:\/\/licenses4us.com\/wp-content\/uploads\/2022\/02\/Licenses4us_alpha.png","contentUrl":"https:\/\/licenses4us.com\/wp-content\/uploads\/2022\/02\/Licenses4us_alpha.png","width":2000,"height":600,"caption":"Licenses4Us"},"image":{"@id":"https:\/\/licenses4us.com\/de\/#\/schema\/logo\/image\/"}}]}},"_links":{"self":[{"href":"https:\/\/licenses4us.com\/de\/wp-json\/wp\/v2\/product\/7673","targetHints":{"allow":["GET"]}}],"collection":[{"href":"https:\/\/licenses4us.com\/de\/wp-json\/wp\/v2\/product"}],"about":[{"href":"https:\/\/licenses4us.com\/de\/wp-json\/wp\/v2\/types\/product"}],"replies":[{"embeddable":true,"href":"https:\/\/licenses4us.com\/de\/wp-json\/wp\/v2\/comments?post=7673"}],"wp:featuredmedia":[{"embeddable":true,"href":"https:\/\/licenses4us.com\/de\/wp-json\/wp\/v2\/media\/7676"}],"wp:attachment":[{"href":"https:\/\/licenses4us.com\/de\/wp-json\/wp\/v2\/media?parent=7673"}],"wp:term":[{"taxonomy":"product_brand","embeddable":true,"href":"https:\/\/licenses4us.com\/de\/wp-json\/wp\/v2\/product_brand?post=7673"},{"taxonomy":"product_cat","embeddable":true,"href":"https:\/\/licenses4us.com\/de\/wp-json\/wp\/v2\/product_cat?post=7673"},{"taxonomy":"product_tag","embeddable":true,"href":"https:\/\/licenses4us.com\/de\/wp-json\/wp\/v2\/product_tag?post=7673"}],"curies":[{"name":"wp","href":"https:\/\/api.w.org\/{rel}","templated":true}]}}