{"id":7668,"date":"2022-04-10T09:23:32","date_gmt":"2022-04-10T07:23:32","guid":{"rendered":"https:\/\/licenses4us.com\/product\/windows-10-startseite\/"},"modified":"2024-05-01T22:45:49","modified_gmt":"2024-05-01T20:45:49","slug":"windows-10-home","status":"publish","type":"product","link":"https:\/\/licenses4us.com\/de\/produkt\/windows-10-home\/","title":{"rendered":"Windows 10 Home"},"content":{"rendered":"<section class=\"elementor-section elementor-inner-section elementor-element elementor-element-a73dcc3 elementor-section-boxed elementor-section-height-default elementor-section-height-default\" data-id=\"a73dcc3\" data-element_type=\"section\" data-settings=\"{\">\n<div class=\"elementor-container elementor-column-gap-default\">\n<div class=\"elementor-column elementor-col-100 elementor-inner-column elementor-element elementor-element-945d51e\" data-id=\"945d51e\" data-element_type=\"column\" data-settings=\"{\">\n<div class=\"elementor-widget-wrap elementor-element-populated\">\n<div class=\"elementor-element elementor-element-a137928 product_descriptions elementor-widget elementor-widget-text-editor\" data-id=\"a137928\" data-element_type=\"widget\" data-widget_type=\"text-editor.default\">\n<div class=\"elementor-widget-container\">\n<h2>Windows 10 kaufen?<\/h2>\n<p>Mit Windows 10 k\u00f6nnen Nutzer eine vertraute Oberfl\u00e4che und eine gro\u00dfe Auswahl an Apps und Programmen genie\u00dfen, die ihren Bed\u00fcrfnissen entsprechen. Sobald Sie f\u00fcr die Windows-Lizenz bezahlt haben, erhalten Sie eine Lizenz oder einen Schl\u00fcssel \u00fcber die von Ihnen angegebene E-Mail-Adresse. Bei der Installation von Windows 10 Home m\u00fcssen Sie die Lizenz oder den Schl\u00fcssel eingeben.<\/p>\n<p>Windows 10 Home ist f\u00fcr Benutzer gedacht, die ihre vorhandene Hardware, Software und Peripherieger\u00e4te so schnell wie m\u00f6glich einsatzbereit machen wollen. Die Einzelhandelslizenz kann mit Ihrem Microsoft-Konto verkn\u00fcpft werden, so dass Sie die Software immer auf einen anderen PC mitnehmen k\u00f6nnen, w\u00e4hrend die OEM-Lizenz nur auf einem PC verwendet werden kann.<\/p>\n<p>&nbsp;<\/p>\n<h2>Funktionen von Windows 10 Home<\/h2>\n<p>Windows 10 Home ist speziell f\u00fcr Privatanwender konzipiert. Mit seiner neuen Oberfl\u00e4che kombiniert Windows das, was Sie bereits kennen, mit Verbesserungen, die Ihre Produktivit\u00e4t steigern werden.<br \/>\nNeue Technologien wie InstantGo und weitere integrierte Sicherheitsfunktionen erm\u00f6glichen Ihnen eine komfortable Nutzung Ihres Ger\u00e4ts.<br \/>\nEinige seiner Merkmale sind:<\/p>\n<ul>\n<li>Startmen\u00fc: Windows 10 Home bringt das Startmen\u00fc zur\u00fcck und erm\u00f6glicht Ihnen den einfachen Zugriff auf Ihre Apps, Dokumente und Einstellungen.<\/li>\n<li>Sicherheit: Windows 10 Home enth\u00e4lt erweiterte Sicherheitsfunktionen wie Windows Hello, mit dem Sie sich per Gesichtserkennung oder Fingerabdruck anmelden k\u00f6nnen, sowie integrierten Viren- und Malwareschutz mit Windows Defender.<\/li>\n<li>OneDrive: Windows 10 Home bietet eine nahtlose Integration mit OneDrive, so dass Sie Dateien und Dokumente einfach synchronisieren und von jedem Ger\u00e4t aus auf Ihre Dateien zugreifen k\u00f6nnen.<\/li>\n<li>Virtuelle Desktops: Mit Windows 10 Home k\u00f6nnen Sie virtuelle Desktops erstellen und verwalten, so dass Sie mehrere Arbeitsbereiche haben und einfach zwischen offenen Aufgaben wechseln k\u00f6nnen.<\/li>\n<\/ul>\n<p>&nbsp;<\/p>\n<h2>Windows 10 herunterladen?<\/h2>\n<p>Damit Sie Windows 10 Home herunterladen und auf Ihrem Ger\u00e4t installieren k\u00f6nnen, muss Ihr System die folgenden Anforderungen erf\u00fcllen:<\/p>\n<ul>\n<li>Prozessor: 1 GHz snellere Prozessor von SoC (System on a Chip)<\/li>\n<li>Speicher (RAM): 2 GB f\u00fcr die 64-Bit-Version oder 1 GB f\u00fcr die 32-Bit-Version<\/li>\n<li>Speicherplatz: Mindestens 20 GB freier Festplattenspeicher<\/li>\n<li>Grafikkarte: Kompatibel mit DirectX 9 oder h\u00f6her, mit einem WDDM 1.0-Treiber<\/li>\n<li>Anzeige: Mindestaufl\u00f6sung von 800 x 600 Pixel<\/li>\n<\/ul>\n<p>&nbsp;<\/p>\n<p>Beachten Sie, dass dies die Mindestsystemanforderungen f\u00fcr die Installation und Verwendung von Windows 10 sind.<br \/>\nWenn Sie anspruchsvolle Aufgaben ausf\u00fchren oder mit Anwendungen arbeiten m\u00f6chten, ben\u00f6tigen Sie m\u00f6glicherweise h\u00f6here Spezifikationen f\u00fcr ein optimales Erlebnis.<\/p>\n<\/div>\n<\/div>\n<\/div>\n<\/div>\n<\/div>\n<\/section>\n<section class=\"elementor-section elementor-inner-section elementor-element elementor-element-209c690 elementor-section-boxed elementor-section-height-default elementor-section-height-default\" data-id=\"209c690\" data-element_type=\"section\" data-settings=\"{\">\n<div class=\"elementor-container elementor-column-gap-default\">\n<div class=\"elementor-column elementor-col-100 elementor-inner-column elementor-element elementor-element-a9d7723\" data-id=\"a9d7723\" data-element_type=\"column\" data-settings=\"{\">\n<div class=\"elementor-widget-wrap elementor-element-populated\">\n<div class=\"elementor-element elementor-element-14aa7b2 elementor-widget elementor-widget-heading\" data-id=\"14aa7b2\" data-element_type=\"widget\" data-widget_type=\"heading.default\">\n<div class=\"elementor-widget-container\">\n<h2 class=\"elementor-heading-title elementor-size-default\">Merkmale und Details<\/h2>\n<\/div>\n<\/div>\n<div class=\"elementor-element elementor-element-81e827a fad-box elementor-widget elementor-widget-jet-listing-dynamic-repeater\" data-id=\"81e827a\" data-element_type=\"widget\" data-widget_type=\"jet-listing-dynamic-repeater.default\">\n<div class=\"elementor-widget-container\">\n<div class=\"jet-listing jet-listing-dynamic-repeater\">\n<div class=\"jet-listing-dynamic-repeater__items \">\n<div class=\"jet-listing-dynamic-repeater__item\">TalencontainerMultitalig<\/div>\n<\/div>\n<\/div>\n<\/div>\n<\/div>\n<\/div>\n<\/div>\n<\/div>\n<\/section>\n<section class=\"elementor-section elementor-inner-section elementor-element elementor-element-2c09ddc elementor-section-boxed elementor-section-height-default elementor-section-height-default\" data-id=\"2c09ddc\" data-element_type=\"section\" data-settings=\"{\">\n<div class=\"elementor-container elementor-column-gap-default\">\n<div class=\"elementor-column elementor-col-100 elementor-inner-column elementor-element elementor-element-a8cd528\" data-id=\"a8cd528\" data-element_type=\"column\" data-settings=\"{\">\n<div class=\"elementor-widget-wrap elementor-element-populated\">\n<div class=\"elementor-element elementor-element-5e1c03c elementor-widget elementor-widget-heading\" data-id=\"5e1c03c\" data-element_type=\"widget\" data-widget_type=\"heading.default\">\n<div class=\"elementor-widget-container\">\n<h2 class=\"elementor-heading-title elementor-size-default\">Spezifikation erforderlich<\/h2>\n<\/div>\n<\/div>\n<div class=\"elementor-element elementor-element-7790111 fad-box elementor-widget elementor-widget-jet-listing-dynamic-repeater\" data-id=\"7790111\" data-element_type=\"widget\" data-widget_type=\"jet-listing-dynamic-repeater.default\">\n<div class=\"elementor-widget-container\">\n<div class=\"jet-listing jet-listing-dynamic-repeater\">\n<div class=\"jet-listing-dynamic-repeater__items \">\n<div class=\"jet-listing-dynamic-repeater__item\">CPU-Anforderungen1 Ghz 2-Kern-Prozessor<\/div>\n<div class=\"jet-listing-dynamic-repeater__item\">Minimaler Festplattenplatz16000 MB<\/div>\n<div class=\"jet-listing-dynamic-repeater__item\">SystemanforderungenMindestgeschwindigkeit des Prozessors: 1 GHz\/Mindestfestplattenspeicher: 16 GB\/Mindestarbeitsspeicher: 1 GB\/DirectX erforderlich\/Empfohlener RAM-Speicher: 2048 MB<\/div>\n<div class=\"jet-listing-dynamic-repeater__item\">Bit-Version32\/64 Bits<\/div>\n<\/div>\n<\/div>\n<\/div>\n<\/div>\n<\/div>\n<\/div>\n<\/div>\n<\/section>\n","protected":false},"excerpt":{"rendered":"<p><strong>Windows 10 Home<\/strong><\/p>\n<p>Windows 10 ist ein von Microsoft entwickeltes Betriebssystem, das f\u00fcr verschiedene Ger\u00e4te geeignet ist. Windows Home ist das Einstiegspaket und ideal, um zu Hause so schnell wie m\u00f6glich loszulegen.<br \/>\nWindows 10 Home bietet au\u00dferdem umfangreiche Sicherheitsfunktionen, darunter einen integrierten Virenschutz, regelm\u00e4\u00dfige Sicherheitsupdates und die M\u00f6glichkeit, Windows Hello f\u00fcr die sichere Anmeldung per Gesichtserkennung oder Fingerabdruck zu nutzen.<\/p>\n<p>&nbsp;<\/p>\n<p><strong>Dieses Paket ist ein einmaliger Kauf.<\/strong><br \/>\nInnerhalb von 5 Minuten in Ihrer E-Mail<strong><br \/>\n<\/strong>24\/7 KundenserviceStarke,<strong><br \/>\nAktivierungsgarantie<\/strong>,keine Sorge also<br \/>\nVerkn\u00fcpfung mit Ihrem Microsoft-Konto<br \/>\nEinfacher Einbau mit detaillierter Anleitung<\/p>\n","protected":false},"featured_media":7672,"comment_status":"open","ping_status":"closed","template":"","meta":[],"product_brand":[],"product_cat":[84],"product_tag":[],"class_list":{"0":"post-7668","1":"product","2":"type-product","3":"status-publish","4":"has-post-thumbnail","6":"product_cat-windows-10-de","8":"first","9":"instock","10":"sale","11":"taxable","12":"shipping-taxable","13":"purchasable","14":"product-type-variable"},"yoast_head":"<!-- This site is optimized with the Yoast SEO plugin v27.2 - https:\/\/yoast.com\/product\/yoast-seo-wordpress\/ -->\n<title>Windows 10 Home zu verkaufen - %<\/title>\n<meta name=\"description\" content=\"Windows 10 Home Lizenz kaufen? G\u00fcnstig und direkt! Windows 10, der Nachfolger von Windows 8.1 und 8, verbessert die Sicherheit durch umfassende L\u00f6sungen.\" \/>\n<meta name=\"robots\" content=\"index, follow, max-snippet:-1, max-image-preview:large, max-video-preview:-1\" \/>\n<link rel=\"canonical\" href=\"https:\/\/licenses4us.com\/de\/produkt\/windows-10-home\/\" \/>\n<meta property=\"og:locale\" content=\"de_DE\" \/>\n<meta property=\"og:type\" content=\"article\" \/>\n<meta property=\"og:title\" content=\"Windows 10 Home zu verkaufen - %\" \/>\n<meta property=\"og:description\" content=\"Windows 10 Home Lizenz kaufen? G\u00fcnstig und direkt! Windows 10, der Nachfolger von Windows 8.1 und 8, verbessert die Sicherheit durch umfassende L\u00f6sungen.\" \/>\n<meta property=\"og:url\" content=\"https:\/\/licenses4us.com\/de\/produkt\/windows-10-home\/\" \/>\n<meta property=\"og:site_name\" content=\"Licenses4US\" \/>\n<meta property=\"article:modified_time\" content=\"2024-05-01T20:45:49+00:00\" \/>\n<meta property=\"og:image\" content=\"https:\/\/licenses4us.com\/wp-content\/uploads\/2022\/10\/Microsoft-Windows-10-Home.webp\" \/>\n\t<meta property=\"og:image:width\" content=\"1000\" \/>\n\t<meta property=\"og:image:height\" content=\"750\" \/>\n\t<meta property=\"og:image:type\" content=\"image\/webp\" \/>\n<meta name=\"twitter:card\" content=\"summary_large_image\" \/>\n<meta name=\"twitter:label1\" content=\"Gesch\u00e4tzte Lesezeit\" \/>\n\t<meta name=\"twitter:data1\" content=\"2\u00a0Minuten\" \/>\n<script type=\"application\/ld+json\" class=\"yoast-schema-graph\">{\"@context\":\"https:\/\/schema.org\",\"@graph\":[{\"@type\":\"WebPage\",\"@id\":\"https:\/\/licenses4us.com\/de\/produkt\/windows-10-home\/\",\"url\":\"https:\/\/licenses4us.com\/de\/produkt\/windows-10-home\/\",\"name\":\"Windows 10 Home zu verkaufen - %\",\"isPartOf\":{\"@id\":\"https:\/\/licenses4us.com\/de\/#website\"},\"primaryImageOfPage\":{\"@id\":\"https:\/\/licenses4us.com\/de\/produkt\/windows-10-home\/#primaryimage\"},\"image\":{\"@id\":\"https:\/\/licenses4us.com\/de\/produkt\/windows-10-home\/#primaryimage\"},\"thumbnailUrl\":\"https:\/\/licenses4us.com\/wp-content\/uploads\/2022\/10\/Microsoft-Windows-10-Home.webp\",\"datePublished\":\"2022-04-10T07:23:32+00:00\",\"dateModified\":\"2024-05-01T20:45:49+00:00\",\"description\":\"Windows 10 Home Lizenz kaufen? G\u00fcnstig und direkt! Windows 10, der Nachfolger von Windows 8.1 und 8, verbessert die Sicherheit durch umfassende L\u00f6sungen.\",\"breadcrumb\":{\"@id\":\"https:\/\/licenses4us.com\/de\/produkt\/windows-10-home\/#breadcrumb\"},\"inLanguage\":\"de\",\"potentialAction\":[{\"@type\":\"ReadAction\",\"target\":[\"https:\/\/licenses4us.com\/de\/produkt\/windows-10-home\/\"]}]},{\"@type\":\"ImageObject\",\"inLanguage\":\"de\",\"@id\":\"https:\/\/licenses4us.com\/de\/produkt\/windows-10-home\/#primaryimage\",\"url\":\"https:\/\/licenses4us.com\/wp-content\/uploads\/2022\/10\/Microsoft-Windows-10-Home.webp\",\"contentUrl\":\"https:\/\/licenses4us.com\/wp-content\/uploads\/2022\/10\/Microsoft-Windows-10-Home.webp\",\"width\":1000,\"height\":750,\"caption\":\"Microsoft Windows 10 Home.\"},{\"@type\":\"BreadcrumbList\",\"@id\":\"https:\/\/licenses4us.com\/de\/produkt\/windows-10-home\/#breadcrumb\",\"itemListElement\":[{\"@type\":\"ListItem\",\"position\":1,\"name\":\"Home\",\"item\":\"https:\/\/licenses4us.com\/de\/\"},{\"@type\":\"ListItem\",\"position\":2,\"name\":\"Shop\",\"item\":\"https:\/\/licenses4us.com\/de\/shop\/\"},{\"@type\":\"ListItem\",\"position\":3,\"name\":\"Windows 10 Home\"}]},{\"@type\":\"WebSite\",\"@id\":\"https:\/\/licenses4us.com\/de\/#website\",\"url\":\"https:\/\/licenses4us.com\/de\/\",\"name\":\"Licenses4US\",\"description\":\"De goedkoopste licenties\",\"publisher\":{\"@id\":\"https:\/\/licenses4us.com\/de\/#organization\"},\"potentialAction\":[{\"@type\":\"SearchAction\",\"target\":{\"@type\":\"EntryPoint\",\"urlTemplate\":\"https:\/\/licenses4us.com\/de\/?s={search_term_string}\"},\"query-input\":{\"@type\":\"PropertyValueSpecification\",\"valueRequired\":true,\"valueName\":\"search_term_string\"}}],\"inLanguage\":\"de\"},{\"@type\":\"Organization\",\"@id\":\"https:\/\/licenses4us.com\/de\/#organization\",\"name\":\"Licenses4Us\",\"url\":\"https:\/\/licenses4us.com\/de\/\",\"logo\":{\"@type\":\"ImageObject\",\"inLanguage\":\"de\",\"@id\":\"https:\/\/licenses4us.com\/de\/#\/schema\/logo\/image\/\",\"url\":\"https:\/\/licenses4us.com\/wp-content\/uploads\/2022\/02\/Licenses4us_alpha.png\",\"contentUrl\":\"https:\/\/licenses4us.com\/wp-content\/uploads\/2022\/02\/Licenses4us_alpha.png\",\"width\":2000,\"height\":600,\"caption\":\"Licenses4Us\"},\"image\":{\"@id\":\"https:\/\/licenses4us.com\/de\/#\/schema\/logo\/image\/\"}}]}<\/script>\n<!-- \/ Yoast SEO plugin. -->","yoast_head_json":{"title":"Windows 10 Home zu verkaufen - %","description":"Windows 10 Home Lizenz kaufen? G\u00fcnstig und direkt! Windows 10, der Nachfolger von Windows 8.1 und 8, verbessert die Sicherheit durch umfassende L\u00f6sungen.","robots":{"index":"index","follow":"follow","max-snippet":"max-snippet:-1","max-image-preview":"max-image-preview:large","max-video-preview":"max-video-preview:-1"},"canonical":"https:\/\/licenses4us.com\/de\/produkt\/windows-10-home\/","og_locale":"de_DE","og_type":"article","og_title":"Windows 10 Home zu verkaufen - %","og_description":"Windows 10 Home Lizenz kaufen? G\u00fcnstig und direkt! Windows 10, der Nachfolger von Windows 8.1 und 8, verbessert die Sicherheit durch umfassende L\u00f6sungen.","og_url":"https:\/\/licenses4us.com\/de\/produkt\/windows-10-home\/","og_site_name":"Licenses4US","article_modified_time":"2024-05-01T20:45:49+00:00","og_image":[{"width":1000,"height":750,"url":"https:\/\/licenses4us.com\/wp-content\/uploads\/2022\/10\/Microsoft-Windows-10-Home.webp","type":"image\/webp"}],"twitter_card":"summary_large_image","twitter_misc":{"Gesch\u00e4tzte Lesezeit":"2\u00a0Minuten"},"schema":{"@context":"https:\/\/schema.org","@graph":[{"@type":"WebPage","@id":"https:\/\/licenses4us.com\/de\/produkt\/windows-10-home\/","url":"https:\/\/licenses4us.com\/de\/produkt\/windows-10-home\/","name":"Windows 10 Home zu verkaufen - %","isPartOf":{"@id":"https:\/\/licenses4us.com\/de\/#website"},"primaryImageOfPage":{"@id":"https:\/\/licenses4us.com\/de\/produkt\/windows-10-home\/#primaryimage"},"image":{"@id":"https:\/\/licenses4us.com\/de\/produkt\/windows-10-home\/#primaryimage"},"thumbnailUrl":"https:\/\/licenses4us.com\/wp-content\/uploads\/2022\/10\/Microsoft-Windows-10-Home.webp","datePublished":"2022-04-10T07:23:32+00:00","dateModified":"2024-05-01T20:45:49+00:00","description":"Windows 10 Home Lizenz kaufen? G\u00fcnstig und direkt! Windows 10, der Nachfolger von Windows 8.1 und 8, verbessert die Sicherheit durch umfassende L\u00f6sungen.","breadcrumb":{"@id":"https:\/\/licenses4us.com\/de\/produkt\/windows-10-home\/#breadcrumb"},"inLanguage":"de","potentialAction":[{"@type":"ReadAction","target":["https:\/\/licenses4us.com\/de\/produkt\/windows-10-home\/"]}]},{"@type":"ImageObject","inLanguage":"de","@id":"https:\/\/licenses4us.com\/de\/produkt\/windows-10-home\/#primaryimage","url":"https:\/\/licenses4us.com\/wp-content\/uploads\/2022\/10\/Microsoft-Windows-10-Home.webp","contentUrl":"https:\/\/licenses4us.com\/wp-content\/uploads\/2022\/10\/Microsoft-Windows-10-Home.webp","width":1000,"height":750,"caption":"Microsoft Windows 10 Home."},{"@type":"BreadcrumbList","@id":"https:\/\/licenses4us.com\/de\/produkt\/windows-10-home\/#breadcrumb","itemListElement":[{"@type":"ListItem","position":1,"name":"Home","item":"https:\/\/licenses4us.com\/de\/"},{"@type":"ListItem","position":2,"name":"Shop","item":"https:\/\/licenses4us.com\/de\/shop\/"},{"@type":"ListItem","position":3,"name":"Windows 10 Home"}]},{"@type":"WebSite","@id":"https:\/\/licenses4us.com\/de\/#website","url":"https:\/\/licenses4us.com\/de\/","name":"Licenses4US","description":"De goedkoopste licenties","publisher":{"@id":"https:\/\/licenses4us.com\/de\/#organization"},"potentialAction":[{"@type":"SearchAction","target":{"@type":"EntryPoint","urlTemplate":"https:\/\/licenses4us.com\/de\/?s={search_term_string}"},"query-input":{"@type":"PropertyValueSpecification","valueRequired":true,"valueName":"search_term_string"}}],"inLanguage":"de"},{"@type":"Organization","@id":"https:\/\/licenses4us.com\/de\/#organization","name":"Licenses4Us","url":"https:\/\/licenses4us.com\/de\/","logo":{"@type":"ImageObject","inLanguage":"de","@id":"https:\/\/licenses4us.com\/de\/#\/schema\/logo\/image\/","url":"https:\/\/licenses4us.com\/wp-content\/uploads\/2022\/02\/Licenses4us_alpha.png","contentUrl":"https:\/\/licenses4us.com\/wp-content\/uploads\/2022\/02\/Licenses4us_alpha.png","width":2000,"height":600,"caption":"Licenses4Us"},"image":{"@id":"https:\/\/licenses4us.com\/de\/#\/schema\/logo\/image\/"}}]}},"_links":{"self":[{"href":"https:\/\/licenses4us.com\/de\/wp-json\/wp\/v2\/product\/7668","targetHints":{"allow":["GET"]}}],"collection":[{"href":"https:\/\/licenses4us.com\/de\/wp-json\/wp\/v2\/product"}],"about":[{"href":"https:\/\/licenses4us.com\/de\/wp-json\/wp\/v2\/types\/product"}],"replies":[{"embeddable":true,"href":"https:\/\/licenses4us.com\/de\/wp-json\/wp\/v2\/comments?post=7668"}],"wp:featuredmedia":[{"embeddable":true,"href":"https:\/\/licenses4us.com\/de\/wp-json\/wp\/v2\/media\/7672"}],"wp:attachment":[{"href":"https:\/\/licenses4us.com\/de\/wp-json\/wp\/v2\/media?parent=7668"}],"wp:term":[{"taxonomy":"product_brand","embeddable":true,"href":"https:\/\/licenses4us.com\/de\/wp-json\/wp\/v2\/product_brand?post=7668"},{"taxonomy":"product_cat","embeddable":true,"href":"https:\/\/licenses4us.com\/de\/wp-json\/wp\/v2\/product_cat?post=7668"},{"taxonomy":"product_tag","embeddable":true,"href":"https:\/\/licenses4us.com\/de\/wp-json\/wp\/v2\/product_tag?post=7668"}],"curies":[{"name":"wp","href":"https:\/\/api.w.org\/{rel}","templated":true}]}}