{"id":7664,"date":"2022-04-11T09:24:05","date_gmt":"2022-04-11T07:24:05","guid":{"rendered":"https:\/\/licenses4us.com\/product\/windows-10-pro\/"},"modified":"2022-04-11T09:24:05","modified_gmt":"2022-04-11T07:24:05","slug":"windows-10-pro","status":"publish","type":"product","link":"https:\/\/licenses4us.com\/de\/produkt\/windows-10-pro\/","title":{"rendered":"Windows 10 Pro"},"content":{"rendered":"<section class=\"elementor-section elementor-inner-section elementor-element elementor-element-a73dcc3 elementor-section-boxed elementor-section-height-default elementor-section-height-default\" data-id=\"a73dcc3\" data-element_type=\"section\" data-settings=\"{\"jet_parallax_layout_list\":[]}\">\n<div class=\"elementor-container elementor-column-gap-default\">\n<div class=\"elementor-column elementor-col-100 elementor-inner-column elementor-element elementor-element-945d51e\" data-id=\"945d51e\" data-element_type=\"column\" data-settings=\"{\"background_background\":\"classic\"}\">\n<div class=\"elementor-widget-wrap elementor-element-populated\">\n<div class=\"elementor-element elementor-element-a137928 product_descriptions elementor-widget elementor-widget-text-editor\" data-id=\"a137928\" data-element_type=\"widget\" data-widget_type=\"text-editor.default\">\n<div class=\"elementor-widget-container\">\n<h2>Windows 10 pro kaufen?<\/h2>\n<p>Windows 10 Pro ist ein von Microsoft entwickeltes Betriebssystem aus der Windows-Reihe. Es wurde f\u00fcr den professionellen Einsatz konzipiert und bietet ein breites Arsenal an Funktionen und M\u00f6glichkeiten f\u00fcr Unternehmen und\/oder Power-User. Bei Windows 10 Pro haben Sie die Wahl zwischen einer OEM-Lizenz und einer Einzelhandelslizenz, je nach Einsatzzweck k\u00f6nnen Sie sich entscheiden.<\/p>\n<p>Sobald Sie f\u00fcr die Windows-Lizenz bezahlt haben, erhalten Sie eine Lizenz oder einen Schl\u00fcssel \u00fcber die von Ihnen angegebene E-Mail-Adresse. Bei der Installation von Windows 10 pro m\u00fcssen Sie die Lizenz oder den Schl\u00fcssel eingeben.<br \/>\nWindows 10 Pro ist vor allem f\u00fcr Benutzer gedacht, die ein komplettes Windows-Erlebnis mit allen notwendigen Programmen f\u00fcr den Einstieg w\u00fcnschen.<br \/>\nDie Einzelhandelslizenz kann mit Ihrem Microsoft-Konto verkn\u00fcpft werden, so dass Sie die Software immer auf einen anderen PC mitnehmen k\u00f6nnen, w\u00e4hrend die OEM-Lizenz nur auf einem PC verwendet werden kann.<\/p>\n<p>&nbsp;<\/p>\n<h2>Windows 10 Pro-Funktionen<\/h2>\n<p>Egal, ob Sie Unternehmer, IT-Experte oder anspruchsvoller Benutzer sind, Windows 10 Pro bietet die Funktionen, die Sie ben\u00f6tigen. Es kombiniert Zuverl\u00e4ssigkeit, Sicherheit und leistungsstarke Funktionen, um eine solide Grundlage f\u00fcr Ihre Windows-Umgebung zu schaffen. Zus\u00e4tzlich zu allen Funktionen von Windows 10 Home gibt es Extras, die sich speziell an Profis richten.<br \/>\nEinige seiner Merkmale sind:<\/p>\n<ul>\n<li>Sicherheit: Windows 10 Pro bietet erweiterte Sicherheitsfunktionen wie die BitLocker-Laufwerksverschl\u00fcsselung, um Ihre Daten vor unbefugtem Zugriff zu sch\u00fctzen. Au\u00dferdem ist Windows Hello enthalten, mit dem Sie sich per Gesichtserkennung oder Fingerabdruckscanner anmelden k\u00f6nnen, um zus\u00e4tzliche Sicherheit zu gew\u00e4hrleisten.<\/li>\n<li>Verwaltung und Produktivit\u00e4t: Windows 10 Pro bietet Ihnen umfangreiche Verwaltungsfunktionen, einschlie\u00dflich des Zugriffs auf den Gruppenrichtlinien-Editor, mit dem Sie Richtlinien festlegen und das System f\u00fcr mehrere Ger\u00e4te konfigurieren k\u00f6nnen. Au\u00dferdem enth\u00e4lt es Remote Desktop, mit dem Sie aus der Ferne auf Ihren Computer oder andere Ger\u00e4te zugreifen k\u00f6nnen.<\/li>\n<li>Kompatibilit\u00e4t: Windows 10 Pro ist sowohl mit \u00e4lterer als auch mit neuerer Software und Hardware kompatibel. Er ist so konzipiert, dass er nahtlos mit einer Vielzahl von Anwendungen und Peripherieger\u00e4ten zusammenarbeitet, damit Sie produktiv bleiben k\u00f6nnen.<\/li>\n<li>Virtualisierung: Mit Windows 10 Pro k\u00f6nnen Sie Hyper-V, die integrierte Virtualisierungstechnologie von Microsoft, verwenden. Es erm\u00f6glicht Ihnen, virtuelle Maschinen zu erstellen und mehrere Betriebssysteme auf demselben Computer auszuf\u00fchren, was f\u00fcr die Entwicklung, das Testen oder die Ausf\u00fchrung \u00e4lterer Software n\u00fctzlich sein kann.<\/li>\n<\/ul>\n<p>&nbsp;<\/p>\n<h2>Mindestanforderungen an Windows<\/h2>\n<p>Um Windows 10 Pro auf Ihrem Ger\u00e4t zu installieren, muss Ihr System die folgenden Anforderungen erf\u00fcllen:<\/p>\n<ul>\n<li>Prozessor: 1 GHz snellere Prozessor von SoC (System on a Chip)<\/li>\n<li>Speicher (RAM): 2 GB f\u00fcr die 64-Bit-Version oder 1 GB f\u00fcr die 32-Bit-Version<\/li>\n<li>Speicherplatz: Mindestens 20 GB freier Festplattenspeicher<\/li>\n<li>Grafikkarte: Kompatibel mit DirectX 9 oder h\u00f6her, mit einem WDDM 1.0-Treiber<\/li>\n<li>Anzeige: Mindestaufl\u00f6sung von 800 x 600 Pixel<\/li>\n<\/ul>\n<p>&nbsp;<\/p>\n<p>Beachten Sie, dass dies die Mindestsystemanforderungen f\u00fcr die Installation und Verwendung von Windows 10 sind.<br \/>\nWenn Sie anspruchsvolle Aufgaben ausf\u00fchren oder mit Anwendungen arbeiten m\u00f6chten, ben\u00f6tigen Sie m\u00f6glicherweise h\u00f6here Spezifikationen f\u00fcr ein optimales Erlebnis.<\/p>\n<\/div>\n<\/div>\n<\/div>\n<\/div>\n<\/div>\n<\/section>\n<section class=\"elementor-section elementor-inner-section elementor-element elementor-element-209c690 elementor-section-boxed elementor-section-height-default elementor-section-height-default\" data-id=\"209c690\" data-element_type=\"section\" data-settings=\"{\"jet_parallax_layout_list\":[]}\">\n<div class=\"elementor-container elementor-column-gap-default\">\n<div class=\"elementor-column elementor-col-100 elementor-inner-column elementor-element elementor-element-a9d7723\" data-id=\"a9d7723\" data-element_type=\"column\" data-settings=\"{\"background_background\":\"classic\"}\">\n<div class=\"elementor-widget-wrap elementor-element-populated\">\n<div class=\"elementor-element elementor-element-14aa7b2 elementor-widget elementor-widget-heading\" data-id=\"14aa7b2\" data-element_type=\"widget\" data-widget_type=\"heading.default\">\n<div class=\"elementor-widget-container\">\n<h2 class=\"elementor-heading-title elementor-size-default\">Merkmale und Details<\/h2>\n<\/div>\n<\/div>\n<div class=\"elementor-element elementor-element-81e827a fad-box elementor-widget elementor-widget-jet-listing-dynamic-repeater\" data-id=\"81e827a\" data-element_type=\"widget\" data-widget_type=\"jet-listing-dynamic-repeater.default\">\n<div class=\"elementor-widget-container\">\n<div class=\"jet-listing jet-listing-dynamic-repeater\">\n<div class=\"jet-listing-dynamic-repeater__items \">\n<div class=\"jet-listing-dynamic-repeater__item\">TalencontainerMultitalig<\/div>\n<\/div>\n<\/div>\n<\/div>\n<\/div>\n<\/div>\n<\/div>\n<\/div>\n<\/section>\n<section class=\"elementor-section elementor-inner-section elementor-element elementor-element-2c09ddc elementor-section-boxed elementor-section-height-default elementor-section-height-default\" data-id=\"2c09ddc\" data-element_type=\"section\" data-settings=\"{\"jet_parallax_layout_list\":[]}\">\n<div class=\"elementor-container elementor-column-gap-default\">\n<div class=\"elementor-column elementor-col-100 elementor-inner-column elementor-element elementor-element-a8cd528\" data-id=\"a8cd528\" data-element_type=\"column\" data-settings=\"{\"background_background\":\"classic\"}\">\n<div class=\"elementor-widget-wrap elementor-element-populated\">\n<div class=\"elementor-element elementor-element-5e1c03c elementor-widget elementor-widget-heading\" data-id=\"5e1c03c\" data-element_type=\"widget\" data-widget_type=\"heading.default\">\n<div class=\"elementor-widget-container\">\n<h2 class=\"elementor-heading-title elementor-size-default\">Spezifikation erforderlich<\/h2>\n<\/div>\n<\/div>\n<div class=\"elementor-element elementor-element-7790111 fad-box elementor-widget elementor-widget-jet-listing-dynamic-repeater\" data-id=\"7790111\" data-element_type=\"widget\" data-widget_type=\"jet-listing-dynamic-repeater.default\">\n<div class=\"elementor-widget-container\">\n<div class=\"jet-listing jet-listing-dynamic-repeater\">\n<div class=\"jet-listing-dynamic-repeater__items \">\n<div class=\"jet-listing-dynamic-repeater__item\">CPU-Systemanforderungen1 Ghz<\/div>\n<div class=\"jet-listing-dynamic-repeater__item\">Minimaler Festplattenplatz16000 MB<\/div>\n<div class=\"jet-listing-dynamic-repeater__item\">SystemanforderungenMin. Prozessortyp1 GHz<br \/>\nMin. RAM-Gr\u00f6\u00dfe1 GB<br \/>\nMin. Festplattenspeicherplatz16 GB<br \/>\nSoundkarte, die mit DirectX 9.0 kompatibel ist, 800 x 600 Bildschirmaufl\u00f6sung<\/div>\n<div class=\"jet-listing-dynamic-repeater__item\">Bit-Version32\/64 Bits<\/div>\n<\/div>\n<\/div>\n<\/div>\n<\/div>\n<\/div>\n<\/div>\n<\/div>\n<\/section>\n","protected":false},"excerpt":{"rendered":"<p>Windows 10 ist Ihr Partner, wenn es darum geht, Dinge zu realisieren. Schnelleres Starten, ein vertrautes, aber erweitertes Startmen\u00fc und gro\u00dfartige neue M\u00f6glichkeiten, Dinge zu erledigen, sogar auf mehreren Ger\u00e4ten. Sie werden auch die innovativen Funktionen lieben, wie z. B. den v\u00f6llig neuen Browser f\u00fcr Online-Aktivit\u00e4ten und Cortana, die pers\u00f6nliche digitale Assistentin, die Sie den ganzen Tag \u00fcber unterst\u00fctzt.<\/p>\n<p>&nbsp;<\/p>\n<p><strong>Dieses Paket ist ein einmaliger Kauf.<\/strong><br \/>\nInnerhalb von 5 Minuten in Ihrer E-Mail<strong><br \/>\n<\/strong>24\/7 KundenserviceStarke,<strong><br \/>\nAktivierungsgarantie<\/strong>,keine Sorge also<br \/>\nVerkn\u00fcpfung mit Ihrem Microsoft-Konto<br \/>\nEinfacher Einbau mit detaillierter Anleitung<\/p>\n","protected":false},"featured_media":7665,"comment_status":"open","ping_status":"closed","template":"","meta":[],"product_brand":[],"product_cat":[84],"product_tag":[],"class_list":{"0":"post-7664","1":"product","2":"type-product","3":"status-publish","4":"has-post-thumbnail","6":"product_cat-windows-10-de","8":"first","9":"instock","10":"sale","11":"taxable","12":"shipping-taxable","13":"purchasable","14":"product-type-variable"},"yoast_head":"<!-- This site is optimized with the Yoast SEO plugin v27.2 - https:\/\/yoast.com\/product\/yoast-seo-wordpress\/ -->\n<title>Windows 10 Pro zu verkaufen - %<\/title>\n<meta name=\"description\" content=\"Suchen Sie eine Lizenz f\u00fcr Windows 10 pro? Bei Licenses4us g\u00fcnstig und sofort lieferbar. Mit der Pro-Edition k\u00f6nnen Sie Bitlocker verwenden, ein Verschl\u00fcsselungstool f\u00fcr Ihre Dateien.\" \/>\n<meta name=\"robots\" content=\"index, follow, max-snippet:-1, max-image-preview:large, max-video-preview:-1\" \/>\n<link rel=\"canonical\" href=\"https:\/\/licenses4us.com\/de\/produkt\/windows-10-pro\/\" \/>\n<meta property=\"og:locale\" content=\"de_DE\" \/>\n<meta property=\"og:type\" content=\"article\" \/>\n<meta property=\"og:title\" content=\"Windows 10 Pro zu verkaufen - %\" \/>\n<meta property=\"og:description\" content=\"Suchen Sie eine Lizenz f\u00fcr Windows 10 pro? Bei Licenses4us g\u00fcnstig und sofort lieferbar. Mit der Pro-Edition k\u00f6nnen Sie Bitlocker verwenden, ein Verschl\u00fcsselungstool f\u00fcr Ihre Dateien.\" \/>\n<meta property=\"og:url\" content=\"https:\/\/licenses4us.com\/de\/produkt\/windows-10-pro\/\" \/>\n<meta property=\"og:site_name\" content=\"Licenses4US\" \/>\n<meta property=\"og:image\" content=\"https:\/\/licenses4us.com\/wp-content\/uploads\/2022\/10\/Microsoft-Windows-10-Pro.webp\" \/>\n\t<meta property=\"og:image:width\" content=\"300\" \/>\n\t<meta property=\"og:image:height\" content=\"300\" \/>\n\t<meta property=\"og:image:type\" content=\"image\/webp\" \/>\n<meta name=\"twitter:card\" content=\"summary_large_image\" \/>\n<meta name=\"twitter:label1\" content=\"Gesch\u00e4tzte Lesezeit\" \/>\n\t<meta name=\"twitter:data1\" content=\"3\u00a0Minuten\" \/>\n<script type=\"application\/ld+json\" class=\"yoast-schema-graph\">{\"@context\":\"https:\/\/schema.org\",\"@graph\":[{\"@type\":\"WebPage\",\"@id\":\"https:\/\/licenses4us.com\/de\/produkt\/windows-10-pro\/\",\"url\":\"https:\/\/licenses4us.com\/de\/produkt\/windows-10-pro\/\",\"name\":\"Windows 10 Pro zu verkaufen - %\",\"isPartOf\":{\"@id\":\"https:\/\/licenses4us.com\/de\/#website\"},\"primaryImageOfPage\":{\"@id\":\"https:\/\/licenses4us.com\/de\/produkt\/windows-10-pro\/#primaryimage\"},\"image\":{\"@id\":\"https:\/\/licenses4us.com\/de\/produkt\/windows-10-pro\/#primaryimage\"},\"thumbnailUrl\":\"https:\/\/licenses4us.com\/wp-content\/uploads\/2022\/10\/Microsoft-Windows-10-Pro.webp\",\"datePublished\":\"2022-04-11T07:24:05+00:00\",\"description\":\"Suchen Sie eine Lizenz f\u00fcr Windows 10 pro? Bei Licenses4us g\u00fcnstig und sofort lieferbar. Mit der Pro-Edition k\u00f6nnen Sie Bitlocker verwenden, ein Verschl\u00fcsselungstool f\u00fcr Ihre Dateien.\",\"breadcrumb\":{\"@id\":\"https:\/\/licenses4us.com\/de\/produkt\/windows-10-pro\/#breadcrumb\"},\"inLanguage\":\"de\",\"potentialAction\":[{\"@type\":\"ReadAction\",\"target\":[\"https:\/\/licenses4us.com\/de\/produkt\/windows-10-pro\/\"]}]},{\"@type\":\"ImageObject\",\"inLanguage\":\"de\",\"@id\":\"https:\/\/licenses4us.com\/de\/produkt\/windows-10-pro\/#primaryimage\",\"url\":\"https:\/\/licenses4us.com\/wp-content\/uploads\/2022\/10\/Microsoft-Windows-10-Pro.webp\",\"contentUrl\":\"https:\/\/licenses4us.com\/wp-content\/uploads\/2022\/10\/Microsoft-Windows-10-Pro.webp\",\"width\":300,\"height\":300,\"caption\":\"Microsoft Windows 10 Pro.\"},{\"@type\":\"BreadcrumbList\",\"@id\":\"https:\/\/licenses4us.com\/de\/produkt\/windows-10-pro\/#breadcrumb\",\"itemListElement\":[{\"@type\":\"ListItem\",\"position\":1,\"name\":\"Home\",\"item\":\"https:\/\/licenses4us.com\/de\/\"},{\"@type\":\"ListItem\",\"position\":2,\"name\":\"Shop\",\"item\":\"https:\/\/licenses4us.com\/de\/shop\/\"},{\"@type\":\"ListItem\",\"position\":3,\"name\":\"Windows 10 Pro\"}]},{\"@type\":\"WebSite\",\"@id\":\"https:\/\/licenses4us.com\/de\/#website\",\"url\":\"https:\/\/licenses4us.com\/de\/\",\"name\":\"Licenses4US\",\"description\":\"De goedkoopste licenties\",\"publisher\":{\"@id\":\"https:\/\/licenses4us.com\/de\/#organization\"},\"potentialAction\":[{\"@type\":\"SearchAction\",\"target\":{\"@type\":\"EntryPoint\",\"urlTemplate\":\"https:\/\/licenses4us.com\/de\/?s={search_term_string}\"},\"query-input\":{\"@type\":\"PropertyValueSpecification\",\"valueRequired\":true,\"valueName\":\"search_term_string\"}}],\"inLanguage\":\"de\"},{\"@type\":\"Organization\",\"@id\":\"https:\/\/licenses4us.com\/de\/#organization\",\"name\":\"Licenses4Us\",\"url\":\"https:\/\/licenses4us.com\/de\/\",\"logo\":{\"@type\":\"ImageObject\",\"inLanguage\":\"de\",\"@id\":\"https:\/\/licenses4us.com\/de\/#\/schema\/logo\/image\/\",\"url\":\"https:\/\/licenses4us.com\/wp-content\/uploads\/2022\/02\/Licenses4us_alpha.png\",\"contentUrl\":\"https:\/\/licenses4us.com\/wp-content\/uploads\/2022\/02\/Licenses4us_alpha.png\",\"width\":2000,\"height\":600,\"caption\":\"Licenses4Us\"},\"image\":{\"@id\":\"https:\/\/licenses4us.com\/de\/#\/schema\/logo\/image\/\"}}]}<\/script>\n<!-- \/ Yoast SEO plugin. -->","yoast_head_json":{"title":"Windows 10 Pro zu verkaufen - %","description":"Suchen Sie eine Lizenz f\u00fcr Windows 10 pro? Bei Licenses4us g\u00fcnstig und sofort lieferbar. Mit der Pro-Edition k\u00f6nnen Sie Bitlocker verwenden, ein Verschl\u00fcsselungstool f\u00fcr Ihre Dateien.","robots":{"index":"index","follow":"follow","max-snippet":"max-snippet:-1","max-image-preview":"max-image-preview:large","max-video-preview":"max-video-preview:-1"},"canonical":"https:\/\/licenses4us.com\/de\/produkt\/windows-10-pro\/","og_locale":"de_DE","og_type":"article","og_title":"Windows 10 Pro zu verkaufen - %","og_description":"Suchen Sie eine Lizenz f\u00fcr Windows 10 pro? Bei Licenses4us g\u00fcnstig und sofort lieferbar. Mit der Pro-Edition k\u00f6nnen Sie Bitlocker verwenden, ein Verschl\u00fcsselungstool f\u00fcr Ihre Dateien.","og_url":"https:\/\/licenses4us.com\/de\/produkt\/windows-10-pro\/","og_site_name":"Licenses4US","og_image":[{"width":300,"height":300,"url":"https:\/\/licenses4us.com\/wp-content\/uploads\/2022\/10\/Microsoft-Windows-10-Pro.webp","type":"image\/webp"}],"twitter_card":"summary_large_image","twitter_misc":{"Gesch\u00e4tzte Lesezeit":"3\u00a0Minuten"},"schema":{"@context":"https:\/\/schema.org","@graph":[{"@type":"WebPage","@id":"https:\/\/licenses4us.com\/de\/produkt\/windows-10-pro\/","url":"https:\/\/licenses4us.com\/de\/produkt\/windows-10-pro\/","name":"Windows 10 Pro zu verkaufen - %","isPartOf":{"@id":"https:\/\/licenses4us.com\/de\/#website"},"primaryImageOfPage":{"@id":"https:\/\/licenses4us.com\/de\/produkt\/windows-10-pro\/#primaryimage"},"image":{"@id":"https:\/\/licenses4us.com\/de\/produkt\/windows-10-pro\/#primaryimage"},"thumbnailUrl":"https:\/\/licenses4us.com\/wp-content\/uploads\/2022\/10\/Microsoft-Windows-10-Pro.webp","datePublished":"2022-04-11T07:24:05+00:00","description":"Suchen Sie eine Lizenz f\u00fcr Windows 10 pro? Bei Licenses4us g\u00fcnstig und sofort lieferbar. Mit der Pro-Edition k\u00f6nnen Sie Bitlocker verwenden, ein Verschl\u00fcsselungstool f\u00fcr Ihre Dateien.","breadcrumb":{"@id":"https:\/\/licenses4us.com\/de\/produkt\/windows-10-pro\/#breadcrumb"},"inLanguage":"de","potentialAction":[{"@type":"ReadAction","target":["https:\/\/licenses4us.com\/de\/produkt\/windows-10-pro\/"]}]},{"@type":"ImageObject","inLanguage":"de","@id":"https:\/\/licenses4us.com\/de\/produkt\/windows-10-pro\/#primaryimage","url":"https:\/\/licenses4us.com\/wp-content\/uploads\/2022\/10\/Microsoft-Windows-10-Pro.webp","contentUrl":"https:\/\/licenses4us.com\/wp-content\/uploads\/2022\/10\/Microsoft-Windows-10-Pro.webp","width":300,"height":300,"caption":"Microsoft Windows 10 Pro."},{"@type":"BreadcrumbList","@id":"https:\/\/licenses4us.com\/de\/produkt\/windows-10-pro\/#breadcrumb","itemListElement":[{"@type":"ListItem","position":1,"name":"Home","item":"https:\/\/licenses4us.com\/de\/"},{"@type":"ListItem","position":2,"name":"Shop","item":"https:\/\/licenses4us.com\/de\/shop\/"},{"@type":"ListItem","position":3,"name":"Windows 10 Pro"}]},{"@type":"WebSite","@id":"https:\/\/licenses4us.com\/de\/#website","url":"https:\/\/licenses4us.com\/de\/","name":"Licenses4US","description":"De goedkoopste licenties","publisher":{"@id":"https:\/\/licenses4us.com\/de\/#organization"},"potentialAction":[{"@type":"SearchAction","target":{"@type":"EntryPoint","urlTemplate":"https:\/\/licenses4us.com\/de\/?s={search_term_string}"},"query-input":{"@type":"PropertyValueSpecification","valueRequired":true,"valueName":"search_term_string"}}],"inLanguage":"de"},{"@type":"Organization","@id":"https:\/\/licenses4us.com\/de\/#organization","name":"Licenses4Us","url":"https:\/\/licenses4us.com\/de\/","logo":{"@type":"ImageObject","inLanguage":"de","@id":"https:\/\/licenses4us.com\/de\/#\/schema\/logo\/image\/","url":"https:\/\/licenses4us.com\/wp-content\/uploads\/2022\/02\/Licenses4us_alpha.png","contentUrl":"https:\/\/licenses4us.com\/wp-content\/uploads\/2022\/02\/Licenses4us_alpha.png","width":2000,"height":600,"caption":"Licenses4Us"},"image":{"@id":"https:\/\/licenses4us.com\/de\/#\/schema\/logo\/image\/"}}]}},"_links":{"self":[{"href":"https:\/\/licenses4us.com\/de\/wp-json\/wp\/v2\/product\/7664","targetHints":{"allow":["GET"]}}],"collection":[{"href":"https:\/\/licenses4us.com\/de\/wp-json\/wp\/v2\/product"}],"about":[{"href":"https:\/\/licenses4us.com\/de\/wp-json\/wp\/v2\/types\/product"}],"replies":[{"embeddable":true,"href":"https:\/\/licenses4us.com\/de\/wp-json\/wp\/v2\/comments?post=7664"}],"wp:featuredmedia":[{"embeddable":true,"href":"https:\/\/licenses4us.com\/de\/wp-json\/wp\/v2\/media\/7665"}],"wp:attachment":[{"href":"https:\/\/licenses4us.com\/de\/wp-json\/wp\/v2\/media?parent=7664"}],"wp:term":[{"taxonomy":"product_brand","embeddable":true,"href":"https:\/\/licenses4us.com\/de\/wp-json\/wp\/v2\/product_brand?post=7664"},{"taxonomy":"product_cat","embeddable":true,"href":"https:\/\/licenses4us.com\/de\/wp-json\/wp\/v2\/product_cat?post=7664"},{"taxonomy":"product_tag","embeddable":true,"href":"https:\/\/licenses4us.com\/de\/wp-json\/wp\/v2\/product_tag?post=7664"}],"curies":[{"name":"wp","href":"https:\/\/api.w.org\/{rel}","templated":true}]}}