{"id":7661,"date":"2022-03-21T09:25:23","date_gmt":"2022-03-21T07:25:23","guid":{"rendered":"https:\/\/licenses4us.com\/product\/windows-11-pro\/"},"modified":"2022-03-21T09:25:23","modified_gmt":"2022-03-21T07:25:23","slug":"windows-11-pro","status":"publish","type":"product","link":"https:\/\/licenses4us.com\/de\/produkt\/windows-11-pro\/","title":{"rendered":"Windows 11 Pro"},"content":{"rendered":"<section class=\"elementor-section elementor-inner-section elementor-element elementor-element-a73dcc3 elementor-section-boxed elementor-section-height-default elementor-section-height-default\" data-id=\"a73dcc3\" data-element_type=\"section\" data-settings=\"{\"jet_parallax_layout_list\":[]}\">\n<div class=\"elementor-container elementor-column-gap-default\">\n<div class=\"elementor-column elementor-col-100 elementor-inner-column elementor-element elementor-element-945d51e\" data-id=\"945d51e\" data-element_type=\"column\" data-settings=\"{\"background_background\":\"classic\"}\">\n<div class=\"elementor-widget-wrap elementor-element-populated\">\n<div class=\"elementor-element elementor-element-a137928 product_descriptions elementor-widget elementor-widget-text-editor\" data-id=\"a137928\" data-element_type=\"widget\" data-widget_type=\"text-editor.default\">\n<div class=\"elementor-widget-container\">\n<h2>Windows 11 Pro kaufen?<\/h2>\n<p>Windows 11 Pro ist ein von Microsoft entwickeltes Betriebssystem aus der Windows-Reihe. Es wurde f\u00fcr den professionellen Einsatz konzipiert und bietet ein breites Arsenal an Funktionen und M\u00f6glichkeiten f\u00fcr Unternehmen und\/oder Power-User. Bei Windows 11 Pro haben Sie die Wahl zwischen einer OEM-Lizenz und einer Einzelhandelslizenz, je nach Einsatzzweck k\u00f6nnen Sie sich entscheiden.<\/p>\n<p>Sobald Sie f\u00fcr die Windows-Lizenz bezahlt haben, erhalten Sie eine Lizenz oder einen Schl\u00fcssel \u00fcber die von Ihnen angegebene E-Mail-Adresse. Bei der Installation von Windows 10 pro m\u00fcssen Sie die Lizenz oder den Schl\u00fcssel eingeben.<br \/>\nWindows 10 Pro ist vor allem f\u00fcr Benutzer gedacht, die ein komplettes Windows-Erlebnis mit allen notwendigen Programmen f\u00fcr den Einstieg w\u00fcnschen.<br \/>\nDie Einzelhandelslizenz kann mit Ihrem Microsoft-Konto verkn\u00fcpft werden, so dass Sie die Software immer auf einen anderen PC mitnehmen k\u00f6nnen, w\u00e4hrend die OEM-Lizenz nur auf einem PC verwendet werden kann.<\/p>\n<p>&nbsp;<\/p>\n<h2>Windows 11 Pro-Funktionen<\/h2>\n<p>Egal, ob Sie Unternehmer, IT-Experte oder anspruchsvoller Benutzer sind, Windows 10 Pro bietet die Funktionen, die Sie ben\u00f6tigen. Es kombiniert Zuverl\u00e4ssigkeit, Sicherheit und leistungsstarke Funktionen, um eine solide Grundlage f\u00fcr Ihre Windows-Umgebung zu schaffen. Zus\u00e4tzlich zu allen Funktionen von Windows 10 Home gibt es Extras, die sich speziell an Profis richten.<br \/>\nEinige seiner Merkmale sind:<\/p>\n<ul>\n<li>Mehr Optionen f\u00fcr Gamer, einschlie\u00dflich einer gr\u00f6\u00dferen Auswahl an Spielen und besserer Bildqualit\u00e4t.<\/li>\n<li>Es gibt einen neuen Bildschirm f\u00fcr alle Widgets. Hier finden Sie auch zus\u00e4tzliche Erg\u00e4nzungen, wie z. B. Touch- und Sprachsteuerung.<\/li>\n<li>Sie k\u00f6nnen mehr Anpassungen vornehmen und Themen verwenden, die Ihnen gefallen.<\/li>\n<li>Bitlocker ist eine Funktion zur Festplattenverschl\u00fcsselung, mit der Sie Ihre Festplatte verschl\u00fcsseln k\u00f6nnen.<\/li>\n<li>Mit Remote Desktop k\u00f6nnen Sie sich \u00fcber Ihren Computer bei einem anderen Computer anmelden.<\/li>\n<\/ul>\n<p>&nbsp;<\/p>\n<h2>Windows 11 herunterladen?<\/h2>\n<p>Um Windows 11 Pro auf Ihrem Ger\u00e4t zu installieren, muss Ihr System die folgenden Anforderungen erf\u00fcllen:<\/p>\n<ul>\n<li>Prozessor: ein Gigahertz oder schneller, 2 Kerne und mit einem 64-Bit-Prozessor oder SoC.<\/li>\n<li>Arbeitsspeicher: mindestens 4 Gigabyte.<\/li>\n<li>Speicherplatz: mindestens 64 Gigabyte.<\/li>\n<li>Grafikkarte: DirectX 12 oder h\u00f6her.<\/li>\n<li>Anzeige: mindestens 720 Pixel auf einem Bildschirm von 9 Zoll.<\/li>\n<li>Verbindung: ein Microsoft-Konto und eine Internetverbindung.<\/li>\n<li>Hauptplatine: TPMS 2.0<\/li>\n<\/ul>\n<p>&nbsp;<\/p>\n<p>Beachten Sie, dass dies die Mindestsystemanforderungen f\u00fcr die Installation und Verwendung von Windows 11 sind.<br \/>\nWenn Sie anspruchsvolle Aufgaben ausf\u00fchren oder mit Anwendungen arbeiten m\u00f6chten, ben\u00f6tigen Sie m\u00f6glicherweise h\u00f6here Spezifikationen f\u00fcr ein optimales Erlebnis.<\/p>\n<\/div>\n<\/div>\n<\/div>\n<\/div>\n<\/div>\n<\/section>\n<section class=\"elementor-section elementor-inner-section elementor-element elementor-element-209c690 elementor-section-boxed elementor-section-height-default elementor-section-height-default\" data-id=\"209c690\" data-element_type=\"section\" data-settings=\"{\"jet_parallax_layout_list\":[]}\">\n<div class=\"elementor-container elementor-column-gap-default\">\n<div class=\"elementor-column elementor-col-100 elementor-inner-column elementor-element elementor-element-a9d7723\" data-id=\"a9d7723\" data-element_type=\"column\" data-settings=\"{\"background_background\":\"classic\"}\">\n<div class=\"elementor-widget-wrap elementor-element-populated\">\n<div class=\"elementor-element elementor-element-14aa7b2 elementor-widget elementor-widget-heading\" data-id=\"14aa7b2\" data-element_type=\"widget\" data-widget_type=\"heading.default\">\n<div class=\"elementor-widget-container\"><\/div>\n<\/div>\n<\/div>\n<\/div>\n<\/div>\n<\/section>\n","protected":false},"excerpt":{"rendered":"<p>Windows 11 ist Microsofts letzte gro\u00dfe Ver\u00f6ffentlichung der Windows-Reihe.<br \/>\nDer neue Look von Windows f\u00e4llt sofort ins Auge: Windows 11 hat abgerundete Ecken, transparente Fenster und neue Icons, die ihm ein modernes Aussehen verleihen.<\/p>\n<p>Derzeit gibt es zwei Editionen von Windows 11: Home und Pro. Windows 11 Home ist ideal f\u00fcr den Heimgebrauch, w\u00e4hrend Windows 11 Pro mehr Gesch\u00e4ftsfunktionen wie Bitlocker und Remotedesktop bietet.<\/p>\n<p>&nbsp;<\/p>\n<p><strong>Dieses Paket ist ein einmaliger Kauf.<\/strong><br \/>\nInnerhalb von 5 Minuten in Ihrer E-Mail<strong><br \/>\n<\/strong>24\/7 KundenserviceStarke,<strong><br \/>\nAktivierungsgarantie<\/strong>,keine Sorge also<br \/>\nVerkn\u00fcpfung mit Ihrem Microsoft-Konto<br \/>\nEinfacher Einbau mit detaillierter Anleitung<\/p>\n","protected":false},"featured_media":7655,"comment_status":"open","ping_status":"closed","template":"","meta":[],"product_brand":[],"product_cat":[81],"product_tag":[],"class_list":{"0":"post-7661","1":"product","2":"type-product","3":"status-publish","4":"has-post-thumbnail","6":"product_cat-windows-11","8":"first","9":"instock","10":"sale","11":"taxable","12":"shipping-taxable","13":"purchasable","14":"product-type-variable"},"yoast_head":"<!-- This site is optimized with the Yoast SEO plugin v27.2 - https:\/\/yoast.com\/product\/yoast-seo-wordpress\/ -->\n<title>Windows 11 Pro Lizenz zu verkaufen -<\/title>\n<meta name=\"description\" content=\"Windows 11 kaufen und sofort aktivieren? Kaufen Sie jetzt die Windows 11 Pro-Lizenz und nutzen Sie das neueste Betriebssystem. Dauerhafte Aktivierung bei Licenses4us\" \/>\n<meta name=\"robots\" content=\"index, follow, max-snippet:-1, max-image-preview:large, max-video-preview:-1\" \/>\n<link rel=\"canonical\" href=\"https:\/\/licenses4us.com\/de\/produkt\/windows-11-pro\/\" \/>\n<meta property=\"og:locale\" content=\"de_DE\" \/>\n<meta property=\"og:type\" content=\"article\" \/>\n<meta property=\"og:title\" content=\"Windows 11 Pro Lizenz zu verkaufen -\" \/>\n<meta property=\"og:description\" content=\"Windows 11 kaufen und sofort aktivieren? Kaufen Sie jetzt die Windows 11 Pro-Lizenz und nutzen Sie das neueste Betriebssystem. Dauerhafte Aktivierung bei Licenses4us\" \/>\n<meta property=\"og:url\" content=\"https:\/\/licenses4us.com\/de\/produkt\/windows-11-pro\/\" \/>\n<meta property=\"og:site_name\" content=\"Licenses4US\" \/>\n<meta property=\"og:image\" content=\"https:\/\/licenses4us.com\/wp-content\/uploads\/2023\/06\/Windows-11-pro.webp\" \/>\n\t<meta property=\"og:image:width\" content=\"2500\" \/>\n\t<meta property=\"og:image:height\" content=\"2500\" \/>\n\t<meta property=\"og:image:type\" content=\"image\/webp\" \/>\n<meta name=\"twitter:card\" content=\"summary_large_image\" \/>\n<meta name=\"twitter:label1\" content=\"Gesch\u00e4tzte Lesezeit\" \/>\n\t<meta name=\"twitter:data1\" content=\"2\u00a0Minuten\" \/>\n<script type=\"application\/ld+json\" class=\"yoast-schema-graph\">{\"@context\":\"https:\/\/schema.org\",\"@graph\":[{\"@type\":\"WebPage\",\"@id\":\"https:\/\/licenses4us.com\/de\/produkt\/windows-11-pro\/\",\"url\":\"https:\/\/licenses4us.com\/de\/produkt\/windows-11-pro\/\",\"name\":\"Windows 11 Pro Lizenz zu verkaufen -\",\"isPartOf\":{\"@id\":\"https:\/\/licenses4us.com\/de\/#website\"},\"primaryImageOfPage\":{\"@id\":\"https:\/\/licenses4us.com\/de\/produkt\/windows-11-pro\/#primaryimage\"},\"image\":{\"@id\":\"https:\/\/licenses4us.com\/de\/produkt\/windows-11-pro\/#primaryimage\"},\"thumbnailUrl\":\"https:\/\/licenses4us.com\/wp-content\/uploads\/2023\/06\/Windows-11-pro.webp\",\"datePublished\":\"2022-03-21T07:25:23+00:00\",\"description\":\"Windows 11 kaufen und sofort aktivieren? Kaufen Sie jetzt die Windows 11 Pro-Lizenz und nutzen Sie das neueste Betriebssystem. Dauerhafte Aktivierung bei Licenses4us\",\"breadcrumb\":{\"@id\":\"https:\/\/licenses4us.com\/de\/produkt\/windows-11-pro\/#breadcrumb\"},\"inLanguage\":\"de\",\"potentialAction\":[{\"@type\":\"ReadAction\",\"target\":[\"https:\/\/licenses4us.com\/de\/produkt\/windows-11-pro\/\"]}]},{\"@type\":\"ImageObject\",\"inLanguage\":\"de\",\"@id\":\"https:\/\/licenses4us.com\/de\/produkt\/windows-11-pro\/#primaryimage\",\"url\":\"https:\/\/licenses4us.com\/wp-content\/uploads\/2023\/06\/Windows-11-pro.webp\",\"contentUrl\":\"https:\/\/licenses4us.com\/wp-content\/uploads\/2023\/06\/Windows-11-pro.webp\",\"width\":2500,\"height\":2500,\"caption\":\"Microsoft Windows 11 Pro Einzelhandel\/OEM.\"},{\"@type\":\"BreadcrumbList\",\"@id\":\"https:\/\/licenses4us.com\/de\/produkt\/windows-11-pro\/#breadcrumb\",\"itemListElement\":[{\"@type\":\"ListItem\",\"position\":1,\"name\":\"Home\",\"item\":\"https:\/\/licenses4us.com\/de\/\"},{\"@type\":\"ListItem\",\"position\":2,\"name\":\"Shop\",\"item\":\"https:\/\/licenses4us.com\/de\/shop\/\"},{\"@type\":\"ListItem\",\"position\":3,\"name\":\"Windows 11 Pro\"}]},{\"@type\":\"WebSite\",\"@id\":\"https:\/\/licenses4us.com\/de\/#website\",\"url\":\"https:\/\/licenses4us.com\/de\/\",\"name\":\"Licenses4US\",\"description\":\"De goedkoopste licenties\",\"publisher\":{\"@id\":\"https:\/\/licenses4us.com\/de\/#organization\"},\"potentialAction\":[{\"@type\":\"SearchAction\",\"target\":{\"@type\":\"EntryPoint\",\"urlTemplate\":\"https:\/\/licenses4us.com\/de\/?s={search_term_string}\"},\"query-input\":{\"@type\":\"PropertyValueSpecification\",\"valueRequired\":true,\"valueName\":\"search_term_string\"}}],\"inLanguage\":\"de\"},{\"@type\":\"Organization\",\"@id\":\"https:\/\/licenses4us.com\/de\/#organization\",\"name\":\"Licenses4Us\",\"url\":\"https:\/\/licenses4us.com\/de\/\",\"logo\":{\"@type\":\"ImageObject\",\"inLanguage\":\"de\",\"@id\":\"https:\/\/licenses4us.com\/de\/#\/schema\/logo\/image\/\",\"url\":\"https:\/\/licenses4us.com\/wp-content\/uploads\/2022\/02\/Licenses4us_alpha.png\",\"contentUrl\":\"https:\/\/licenses4us.com\/wp-content\/uploads\/2022\/02\/Licenses4us_alpha.png\",\"width\":2000,\"height\":600,\"caption\":\"Licenses4Us\"},\"image\":{\"@id\":\"https:\/\/licenses4us.com\/de\/#\/schema\/logo\/image\/\"}}]}<\/script>\n<!-- \/ Yoast SEO plugin. -->","yoast_head_json":{"title":"Windows 11 Pro Lizenz zu verkaufen -","description":"Windows 11 kaufen und sofort aktivieren? Kaufen Sie jetzt die Windows 11 Pro-Lizenz und nutzen Sie das neueste Betriebssystem. Dauerhafte Aktivierung bei Licenses4us","robots":{"index":"index","follow":"follow","max-snippet":"max-snippet:-1","max-image-preview":"max-image-preview:large","max-video-preview":"max-video-preview:-1"},"canonical":"https:\/\/licenses4us.com\/de\/produkt\/windows-11-pro\/","og_locale":"de_DE","og_type":"article","og_title":"Windows 11 Pro Lizenz zu verkaufen -","og_description":"Windows 11 kaufen und sofort aktivieren? Kaufen Sie jetzt die Windows 11 Pro-Lizenz und nutzen Sie das neueste Betriebssystem. Dauerhafte Aktivierung bei Licenses4us","og_url":"https:\/\/licenses4us.com\/de\/produkt\/windows-11-pro\/","og_site_name":"Licenses4US","og_image":[{"width":2500,"height":2500,"url":"https:\/\/licenses4us.com\/wp-content\/uploads\/2023\/06\/Windows-11-pro.webp","type":"image\/webp"}],"twitter_card":"summary_large_image","twitter_misc":{"Gesch\u00e4tzte Lesezeit":"2\u00a0Minuten"},"schema":{"@context":"https:\/\/schema.org","@graph":[{"@type":"WebPage","@id":"https:\/\/licenses4us.com\/de\/produkt\/windows-11-pro\/","url":"https:\/\/licenses4us.com\/de\/produkt\/windows-11-pro\/","name":"Windows 11 Pro Lizenz zu verkaufen -","isPartOf":{"@id":"https:\/\/licenses4us.com\/de\/#website"},"primaryImageOfPage":{"@id":"https:\/\/licenses4us.com\/de\/produkt\/windows-11-pro\/#primaryimage"},"image":{"@id":"https:\/\/licenses4us.com\/de\/produkt\/windows-11-pro\/#primaryimage"},"thumbnailUrl":"https:\/\/licenses4us.com\/wp-content\/uploads\/2023\/06\/Windows-11-pro.webp","datePublished":"2022-03-21T07:25:23+00:00","description":"Windows 11 kaufen und sofort aktivieren? Kaufen Sie jetzt die Windows 11 Pro-Lizenz und nutzen Sie das neueste Betriebssystem. Dauerhafte Aktivierung bei Licenses4us","breadcrumb":{"@id":"https:\/\/licenses4us.com\/de\/produkt\/windows-11-pro\/#breadcrumb"},"inLanguage":"de","potentialAction":[{"@type":"ReadAction","target":["https:\/\/licenses4us.com\/de\/produkt\/windows-11-pro\/"]}]},{"@type":"ImageObject","inLanguage":"de","@id":"https:\/\/licenses4us.com\/de\/produkt\/windows-11-pro\/#primaryimage","url":"https:\/\/licenses4us.com\/wp-content\/uploads\/2023\/06\/Windows-11-pro.webp","contentUrl":"https:\/\/licenses4us.com\/wp-content\/uploads\/2023\/06\/Windows-11-pro.webp","width":2500,"height":2500,"caption":"Microsoft Windows 11 Pro Einzelhandel\/OEM."},{"@type":"BreadcrumbList","@id":"https:\/\/licenses4us.com\/de\/produkt\/windows-11-pro\/#breadcrumb","itemListElement":[{"@type":"ListItem","position":1,"name":"Home","item":"https:\/\/licenses4us.com\/de\/"},{"@type":"ListItem","position":2,"name":"Shop","item":"https:\/\/licenses4us.com\/de\/shop\/"},{"@type":"ListItem","position":3,"name":"Windows 11 Pro"}]},{"@type":"WebSite","@id":"https:\/\/licenses4us.com\/de\/#website","url":"https:\/\/licenses4us.com\/de\/","name":"Licenses4US","description":"De goedkoopste licenties","publisher":{"@id":"https:\/\/licenses4us.com\/de\/#organization"},"potentialAction":[{"@type":"SearchAction","target":{"@type":"EntryPoint","urlTemplate":"https:\/\/licenses4us.com\/de\/?s={search_term_string}"},"query-input":{"@type":"PropertyValueSpecification","valueRequired":true,"valueName":"search_term_string"}}],"inLanguage":"de"},{"@type":"Organization","@id":"https:\/\/licenses4us.com\/de\/#organization","name":"Licenses4Us","url":"https:\/\/licenses4us.com\/de\/","logo":{"@type":"ImageObject","inLanguage":"de","@id":"https:\/\/licenses4us.com\/de\/#\/schema\/logo\/image\/","url":"https:\/\/licenses4us.com\/wp-content\/uploads\/2022\/02\/Licenses4us_alpha.png","contentUrl":"https:\/\/licenses4us.com\/wp-content\/uploads\/2022\/02\/Licenses4us_alpha.png","width":2000,"height":600,"caption":"Licenses4Us"},"image":{"@id":"https:\/\/licenses4us.com\/de\/#\/schema\/logo\/image\/"}}]}},"_links":{"self":[{"href":"https:\/\/licenses4us.com\/de\/wp-json\/wp\/v2\/product\/7661","targetHints":{"allow":["GET"]}}],"collection":[{"href":"https:\/\/licenses4us.com\/de\/wp-json\/wp\/v2\/product"}],"about":[{"href":"https:\/\/licenses4us.com\/de\/wp-json\/wp\/v2\/types\/product"}],"replies":[{"embeddable":true,"href":"https:\/\/licenses4us.com\/de\/wp-json\/wp\/v2\/comments?post=7661"}],"wp:featuredmedia":[{"embeddable":true,"href":"https:\/\/licenses4us.com\/de\/wp-json\/wp\/v2\/media\/7655"}],"wp:attachment":[{"href":"https:\/\/licenses4us.com\/de\/wp-json\/wp\/v2\/media?parent=7661"}],"wp:term":[{"taxonomy":"product_brand","embeddable":true,"href":"https:\/\/licenses4us.com\/de\/wp-json\/wp\/v2\/product_brand?post=7661"},{"taxonomy":"product_cat","embeddable":true,"href":"https:\/\/licenses4us.com\/de\/wp-json\/wp\/v2\/product_cat?post=7661"},{"taxonomy":"product_tag","embeddable":true,"href":"https:\/\/licenses4us.com\/de\/wp-json\/wp\/v2\/product_tag?post=7661"}],"curies":[{"name":"wp","href":"https:\/\/api.w.org\/{rel}","templated":true}]}}