{"id":7656,"date":"2022-05-20T09:42:56","date_gmt":"2022-05-20T07:42:56","guid":{"rendered":"https:\/\/licenses4us.com\/product\/microsoft-office-professional-plus-2021\/"},"modified":"2022-05-20T09:42:56","modified_gmt":"2022-05-20T07:42:56","slug":"microsoft-office-professional-plus-2021","status":"publish","type":"product","link":"https:\/\/licenses4us.com\/de\/produkt\/microsoft-office-professional-plus-2021\/","title":{"rendered":"Microsoft Office Professional Plus 2021"},"content":{"rendered":"<section class=\"elementor-section elementor-inner-section elementor-element elementor-element-a73dcc3 elementor-section-boxed elementor-section-height-default elementor-section-height-default\" data-id=\"a73dcc3\" data-element_type=\"section\" data-settings=\"{\"jet_parallax_layout_list\":[]}\">\n<div class=\"elementor-container elementor-column-gap-default\">\n<div class=\"elementor-column elementor-col-100 elementor-inner-column elementor-element elementor-element-945d51e\" data-id=\"945d51e\" data-element_type=\"column\" data-settings=\"{\"background_background\":\"classic\"}\">\n<div class=\"elementor-widget-wrap elementor-element-populated\">\n<div class=\"elementor-element elementor-element-a137928 product_descriptions elementor-widget elementor-widget-text-editor\" data-id=\"a137928\" data-element_type=\"widget\" data-widget_type=\"text-editor.default\">\n<div class=\"elementor-widget-container\">\n<h2>Office 2021 kaufen?<\/h2>\n<p><strong>K\u00fcrzlich von Microsoft Office eingef\u00fchrt: Office Professional plus 2021, f\u00fcr das Sie Ihr Abonnement nicht jedes Jahr erneuern m\u00fcssen! Hier k\u00f6nnen Sie die neueste Office-Lizenz erwerben. Sie k\u00f6nnen dann sofort mit Ihrer Microsoft-Lizenz loslegen. Zuverl\u00e4ssig, legal und professionell zu einem sehr attraktiven Preis.<\/strong><\/p>\n<p>Dieses Office-Paket enth\u00e4lt die folgenden Office-Programme:<br \/>\nMicrosoft Word<br \/>\nMicrosoft Excel<br \/>\nMicrosoft PowerPoint<br \/>\nMicrosoft Outlook<br \/>\nMicrosoft Publisher<br \/>\nMicrosoft Access<br \/>\nSkype f\u00fcr Unternehmen<br \/>\nOneDrive<\/p>\n<h3><strong>Einfache, schnelle und zuverl\u00e4ssige Online-Aktivierung.<\/strong><\/h3>\n<p><strong>Nach dem Kauf erhalten Sie innerhalb von 5 Minuten eine E-Mail mit Ihrem Lizenzcode.<br \/>\nDieser enth\u00e4lt einen Link, \u00fcber den Sie zur Office-Aktivierungsseite navigieren <a href=\"https:\/\/setup.office.com\/\">(https:\/\/setup.office.com\/)<\/a><br \/>\nSie melden sich mit Ihrem Konto an und geben den Produktcode ein.<\/strong><\/p>\n<p>Sobald Sie die Lizenz verschluckt haben, werden Sie sofort zu Ihrer Microsoft Office-Umgebung geleitet, wo Sie die Lizenz einsehen und herunterladen k\u00f6nnen.<\/p>\n<h3><b>Art der Lizenz.<br \/>\n<\/b><\/h3>\n<p>Wir verkaufen 3 Arten von Office-Lizenzen: Bindung, Online- und Telefonaktivierung.<\/p>\n<p>Alle unsere &#8222;Bind&#8220;-Lizenzen sind Lizenzen, die \u00fcber <a href=\"http:\/\/setup.office.com\">https:\/\/setup.office.com<\/a> mit Ihrem Microsoft-Konto verkn\u00fcpft sind.<\/p>\n<p>Das bedeutet, dass die Lizenz im Gegensatz zu anderen Websites im Falle eines verlorenen\/zerst\u00f6rten Computers wieder installiert werden kann. Es ist auch m\u00f6glich, die Lizenz auf einen anderen Computer mitzunehmen. Beachten Sie, dass es maximal 1 aktive Lizenz geben kann.<\/p>\n<p>Mit unserer &#8222;Online&#8220;-Lizenz k\u00f6nnen Sie die Software herunterladen und nach dem Herunterladen eine Anwendung \u00f6ffnen, in die Sie den Online-Code eingeben k\u00f6nnen. Es handelt sich um eine lebenslange Lizenz, die nicht auf einen anderen Computer \u00fcbertragen werden kann.<\/p>\n<p>Durch unsere &#8222;Telefonaktivierungs&#8220;-Lizenz erhalten Sie auch eine Software zum Herunterladen. Nach dem Herunterladen k\u00f6nnen Sie eine Anwendung (Word, Excel, Outlook) \u00f6ffnen und werden dann aufgefordert, diese auf 2 Arten zu aktivieren. Sie w\u00e4hlen dann Telefon.<\/p>\n<h3><strong>Alle g\u00e4ngigen Sprachen sind vorhanden.<\/strong><\/h3>\n<p>Alle Lizenzen, die wir verkaufen, sind mehrsprachig. Das bedeutet, dass die Programme in 124 verschiedenen Sprachen angezeigt werden k\u00f6nnen.<br \/>\nAlle g\u00e4ngigen Sprachen sind verf\u00fcgbar (Niederl\u00e4ndisch, Englisch, Deutsch, Franz\u00f6sisch, usw.)<\/p>\n<h4><b>Brauchen Sie eine weitere Lizenz?<\/b><\/h4>\n<p>Ein anderes Office-Paket kaufen? Werfen Sie einen Blick auf unsere Website, wir verkaufen fast alle Microsoft Office 2021 und 2019 Pakete, von Home &amp; Student bis Home &amp; Business.<\/p>\n<\/div>\n<\/div>\n<\/div>\n<\/div>\n<\/div>\n<\/section>\n<section class=\"elementor-section elementor-inner-section elementor-element elementor-element-209c690 elementor-section-boxed elementor-section-height-default elementor-section-height-default\" data-id=\"209c690\" data-element_type=\"section\" data-settings=\"{\"jet_parallax_layout_list\":[]}\">\n<div class=\"elementor-container elementor-column-gap-default\">\n<div class=\"elementor-column elementor-col-100 elementor-inner-column elementor-element elementor-element-a9d7723\" data-id=\"a9d7723\" data-element_type=\"column\" data-settings=\"{\"background_background\":\"classic\"}\">\n<div class=\"elementor-widget-wrap elementor-element-populated\">\n<div class=\"elementor-element elementor-element-14aa7b2 elementor-widget elementor-widget-heading\" data-id=\"14aa7b2\" data-element_type=\"widget\" data-widget_type=\"heading.default\">\n<div class=\"elementor-widget-container\">\n<h2 class=\"elementor-heading-title elementor-size-default\">Merkmale und Details:<\/h2>\n<\/div>\n<\/div>\n<div class=\"elementor-element elementor-element-81e827a fad-box elementor-widget elementor-widget-jet-listing-dynamic-repeater\" data-id=\"81e827a\" data-element_type=\"widget\" data-widget_type=\"jet-listing-dynamic-repeater.default\">\n<div class=\"elementor-widget-container\">\n<div class=\"jet-listing jet-listing-dynamic-repeater\">\n<div class=\"jet-listing-dynamic-repeater__items \">\n<div class=\"jet-listing-dynamic-repeater__item\">Programma&#8217;sMicrosoft Publisher 2021 | Microsoft Access 2021 | Microsoft Outlook 2021 | Microsoft Word 2021 | Microsoft Excel 2021 | Microsoft Powerpoint 2021 | Microsoft OneNote | Integratie met Microsoft Teams 2021<\/div>\n<\/div>\n<\/div>\n<\/div>\n<\/div>\n<\/div>\n<\/div>\n<\/div>\n<\/section>\n<section class=\"elementor-section elementor-inner-section elementor-element elementor-element-2c09ddc elementor-section-boxed elementor-section-height-default elementor-section-height-default\" data-id=\"2c09ddc\" data-element_type=\"section\" data-settings=\"{\"jet_parallax_layout_list\":[]}\">\n<div class=\"elementor-container elementor-column-gap-default\">\n<div class=\"elementor-column elementor-col-100 elementor-inner-column elementor-element elementor-element-a8cd528\" data-id=\"a8cd528\" data-element_type=\"column\" data-settings=\"{\"background_background\":\"classic\"}\">\n<div class=\"elementor-widget-wrap elementor-element-populated\">\n<div class=\"elementor-element elementor-element-5e1c03c elementor-widget elementor-widget-heading\" data-id=\"5e1c03c\" data-element_type=\"widget\" data-widget_type=\"heading.default\">\n<div class=\"elementor-widget-container\">\n<h2 class=\"elementor-heading-title elementor-size-default\">Erforderliche Spezifikation:<\/h2>\n<\/div>\n<\/div>\n<div class=\"elementor-element elementor-element-7790111 fad-box elementor-widget elementor-widget-jet-listing-dynamic-repeater\" data-id=\"7790111\" data-element_type=\"widget\" data-widget_type=\"jet-listing-dynamic-repeater.default\">\n<div class=\"elementor-widget-container\">\n<div class=\"jet-listing jet-listing-dynamic-repeater\">\n<div class=\"jet-listing-dynamic-repeater__items \">\n<div class=\"jet-listing-dynamic-repeater__item\">CPU-Anforderungen 1,8 Ghz, 2-Kern-Prozessor<\/div>\n<div class=\"jet-listing-dynamic-repeater__item\">Minimaler Festplattenplatz 4000 MB<\/div>\n<div class=\"jet-listing-dynamic-repeater__item\">Betriebssystem Windows 10 oder 11 Home oder Pro<\/div>\n<div class=\"jet-listing-dynamic-repeater__item\">Bit-Version 32\/64 Bits<\/div>\n<\/div>\n<\/div>\n<\/div>\n<\/div>\n<\/div>\n<\/div>\n<\/div>\n<\/section>\n","protected":false},"excerpt":{"rendered":"<h2>Microsoft Office Professional Plus 2021<\/h2>\n<p>Nach Ihrer Zahlung erhalten Sie sofort den Aktivierungscode in Ihrer Mailbox zusammen mit dem Download-Link und der Anleitung.<\/p>\n<p>&#8211; Die Aktivierung und das Herunterladen erfolgt \u00fcber die Microsoft Office-Website, klicken Sie <a href=\"https:\/\/setup.office.com\/\">hier.<\/a><br \/>\n&#8211; Einmaliger Kauf, keine monatlichen Geb\u00fchren.<br \/>\n&#8211; Erh\u00e4ltlich in 32\/64 Bits.<br \/>\n&#8211; Erh\u00e4ltlich in 29 Sprachen, darunter Niederl\u00e4ndisch und Englisch.<\/p>\n<p>Diese Version ist nur f\u00fcr PC geeignet, f\u00fcr ein \u00e4hnliches Paket f\u00fcr Mac OS klicken Sie <a href=\"https:\/\/licenses4us.com\/product\/microsoft-office-home-en-business-2021\/\">hier.<\/a><\/p>\n<p>PS: Alle unsere Office-Lizenzen sind echte Dauerlizenzen und im Gegensatz zu anderen Websites mit Ihrem Microsoft-Konto verkn\u00fcpft.<br \/>\nDas hei\u00dft, wenn Sie keinen Zugang mehr zu Ihrem Laptop\/Computer haben, k\u00f6nnen Sie die Software erneut von Ihrem Microsoft Office-Konto herunterladen.<\/p>\n","protected":false},"featured_media":7657,"comment_status":"closed","ping_status":"closed","template":"","meta":[],"product_brand":[],"product_cat":[82],"product_tag":[],"class_list":{"0":"post-7656","1":"product","2":"type-product","3":"status-publish","4":"has-post-thumbnail","6":"product_cat-office-2021","8":"first","9":"instock","10":"taxable","11":"shipping-taxable","12":"purchasable","13":"product-type-variable"},"yoast_head":"<!-- This site is optimized with the Yoast SEO plugin v27.2 - https:\/\/yoast.com\/product\/yoast-seo-wordpress\/ -->\n<title>Microsoft Office Professional Plus 2021 zu verkaufen - %<\/title>\n<meta name=\"description\" content=\"Microsoft Office Professional Plus ist das neueste Paket von Office. Nach der Installation k\u00f6nnen Sie sofort mit Word, Excel, Outlook, Publisher, PowerPoint und anderen Programmen arbeiten.\" \/>\n<meta name=\"robots\" content=\"index, follow, max-snippet:-1, max-image-preview:large, max-video-preview:-1\" \/>\n<link rel=\"canonical\" href=\"https:\/\/licenses4us.com\/de\/produkt\/microsoft-office-professional-plus-2021\/\" \/>\n<meta property=\"og:locale\" content=\"de_DE\" \/>\n<meta property=\"og:type\" content=\"article\" \/>\n<meta property=\"og:title\" content=\"Microsoft Office Professional Plus 2021 zu verkaufen - %\" \/>\n<meta property=\"og:description\" content=\"Microsoft Office Professional Plus ist das neueste Paket von Office. Nach der Installation k\u00f6nnen Sie sofort mit Word, Excel, Outlook, Publisher, PowerPoint und anderen Programmen arbeiten.\" \/>\n<meta property=\"og:url\" content=\"https:\/\/licenses4us.com\/de\/produkt\/microsoft-office-professional-plus-2021\/\" \/>\n<meta property=\"og:site_name\" content=\"Licenses4US\" \/>\n<meta property=\"og:image\" content=\"https:\/\/licenses4us.com\/wp-content\/uploads\/2022\/10\/Microsoft-Office-2021-Professional-Plus-2.webp\" \/>\n\t<meta property=\"og:image:width\" content=\"800\" \/>\n\t<meta property=\"og:image:height\" content=\"800\" \/>\n\t<meta property=\"og:image:type\" content=\"image\/webp\" \/>\n<meta name=\"twitter:card\" content=\"summary_large_image\" \/>\n<meta name=\"twitter:label1\" content=\"Gesch\u00e4tzte Lesezeit\" \/>\n\t<meta name=\"twitter:data1\" content=\"2\u00a0Minuten\" \/>\n<script type=\"application\/ld+json\" class=\"yoast-schema-graph\">{\"@context\":\"https:\/\/schema.org\",\"@graph\":[{\"@type\":\"WebPage\",\"@id\":\"https:\/\/licenses4us.com\/de\/produkt\/microsoft-office-professional-plus-2021\/\",\"url\":\"https:\/\/licenses4us.com\/de\/produkt\/microsoft-office-professional-plus-2021\/\",\"name\":\"Microsoft Office Professional Plus 2021 zu verkaufen - %\",\"isPartOf\":{\"@id\":\"https:\/\/licenses4us.com\/de\/#website\"},\"primaryImageOfPage\":{\"@id\":\"https:\/\/licenses4us.com\/de\/produkt\/microsoft-office-professional-plus-2021\/#primaryimage\"},\"image\":{\"@id\":\"https:\/\/licenses4us.com\/de\/produkt\/microsoft-office-professional-plus-2021\/#primaryimage\"},\"thumbnailUrl\":\"https:\/\/licenses4us.com\/wp-content\/uploads\/2022\/10\/Microsoft-Office-2021-Professional-Plus-2.webp\",\"datePublished\":\"2022-05-20T07:42:56+00:00\",\"description\":\"Microsoft Office Professional Plus ist das neueste Paket von Office. Nach der Installation k\u00f6nnen Sie sofort mit Word, Excel, Outlook, Publisher, PowerPoint und anderen Programmen arbeiten.\",\"breadcrumb\":{\"@id\":\"https:\/\/licenses4us.com\/de\/produkt\/microsoft-office-professional-plus-2021\/#breadcrumb\"},\"inLanguage\":\"de\",\"potentialAction\":[{\"@type\":\"ReadAction\",\"target\":[\"https:\/\/licenses4us.com\/de\/produkt\/microsoft-office-professional-plus-2021\/\"]}]},{\"@type\":\"ImageObject\",\"inLanguage\":\"de\",\"@id\":\"https:\/\/licenses4us.com\/de\/produkt\/microsoft-office-professional-plus-2021\/#primaryimage\",\"url\":\"https:\/\/licenses4us.com\/wp-content\/uploads\/2022\/10\/Microsoft-Office-2021-Professional-Plus-2.webp\",\"contentUrl\":\"https:\/\/licenses4us.com\/wp-content\/uploads\/2022\/10\/Microsoft-Office-2021-Professional-Plus-2.webp\",\"width\":800,\"height\":800,\"caption\":\"Microsoft Office 2021 Professional Plus.\"},{\"@type\":\"BreadcrumbList\",\"@id\":\"https:\/\/licenses4us.com\/de\/produkt\/microsoft-office-professional-plus-2021\/#breadcrumb\",\"itemListElement\":[{\"@type\":\"ListItem\",\"position\":1,\"name\":\"Home\",\"item\":\"https:\/\/licenses4us.com\/de\/\"},{\"@type\":\"ListItem\",\"position\":2,\"name\":\"Shop\",\"item\":\"https:\/\/licenses4us.com\/de\/shop\/\"},{\"@type\":\"ListItem\",\"position\":3,\"name\":\"Microsoft Office Professional Plus 2021\"}]},{\"@type\":\"WebSite\",\"@id\":\"https:\/\/licenses4us.com\/de\/#website\",\"url\":\"https:\/\/licenses4us.com\/de\/\",\"name\":\"Licenses4US\",\"description\":\"De goedkoopste licenties\",\"publisher\":{\"@id\":\"https:\/\/licenses4us.com\/de\/#organization\"},\"potentialAction\":[{\"@type\":\"SearchAction\",\"target\":{\"@type\":\"EntryPoint\",\"urlTemplate\":\"https:\/\/licenses4us.com\/de\/?s={search_term_string}\"},\"query-input\":{\"@type\":\"PropertyValueSpecification\",\"valueRequired\":true,\"valueName\":\"search_term_string\"}}],\"inLanguage\":\"de\"},{\"@type\":\"Organization\",\"@id\":\"https:\/\/licenses4us.com\/de\/#organization\",\"name\":\"Licenses4Us\",\"url\":\"https:\/\/licenses4us.com\/de\/\",\"logo\":{\"@type\":\"ImageObject\",\"inLanguage\":\"de\",\"@id\":\"https:\/\/licenses4us.com\/de\/#\/schema\/logo\/image\/\",\"url\":\"https:\/\/licenses4us.com\/wp-content\/uploads\/2022\/02\/Licenses4us_alpha.png\",\"contentUrl\":\"https:\/\/licenses4us.com\/wp-content\/uploads\/2022\/02\/Licenses4us_alpha.png\",\"width\":2000,\"height\":600,\"caption\":\"Licenses4Us\"},\"image\":{\"@id\":\"https:\/\/licenses4us.com\/de\/#\/schema\/logo\/image\/\"}}]}<\/script>\n<!-- \/ Yoast SEO plugin. -->","yoast_head_json":{"title":"Microsoft Office Professional Plus 2021 zu verkaufen - %","description":"Microsoft Office Professional Plus ist das neueste Paket von Office. Nach der Installation k\u00f6nnen Sie sofort mit Word, Excel, Outlook, Publisher, PowerPoint und anderen Programmen arbeiten.","robots":{"index":"index","follow":"follow","max-snippet":"max-snippet:-1","max-image-preview":"max-image-preview:large","max-video-preview":"max-video-preview:-1"},"canonical":"https:\/\/licenses4us.com\/de\/produkt\/microsoft-office-professional-plus-2021\/","og_locale":"de_DE","og_type":"article","og_title":"Microsoft Office Professional Plus 2021 zu verkaufen - %","og_description":"Microsoft Office Professional Plus ist das neueste Paket von Office. Nach der Installation k\u00f6nnen Sie sofort mit Word, Excel, Outlook, Publisher, PowerPoint und anderen Programmen arbeiten.","og_url":"https:\/\/licenses4us.com\/de\/produkt\/microsoft-office-professional-plus-2021\/","og_site_name":"Licenses4US","og_image":[{"width":800,"height":800,"url":"https:\/\/licenses4us.com\/wp-content\/uploads\/2022\/10\/Microsoft-Office-2021-Professional-Plus-2.webp","type":"image\/webp"}],"twitter_card":"summary_large_image","twitter_misc":{"Gesch\u00e4tzte Lesezeit":"2\u00a0Minuten"},"schema":{"@context":"https:\/\/schema.org","@graph":[{"@type":"WebPage","@id":"https:\/\/licenses4us.com\/de\/produkt\/microsoft-office-professional-plus-2021\/","url":"https:\/\/licenses4us.com\/de\/produkt\/microsoft-office-professional-plus-2021\/","name":"Microsoft Office Professional Plus 2021 zu verkaufen - %","isPartOf":{"@id":"https:\/\/licenses4us.com\/de\/#website"},"primaryImageOfPage":{"@id":"https:\/\/licenses4us.com\/de\/produkt\/microsoft-office-professional-plus-2021\/#primaryimage"},"image":{"@id":"https:\/\/licenses4us.com\/de\/produkt\/microsoft-office-professional-plus-2021\/#primaryimage"},"thumbnailUrl":"https:\/\/licenses4us.com\/wp-content\/uploads\/2022\/10\/Microsoft-Office-2021-Professional-Plus-2.webp","datePublished":"2022-05-20T07:42:56+00:00","description":"Microsoft Office Professional Plus ist das neueste Paket von Office. Nach der Installation k\u00f6nnen Sie sofort mit Word, Excel, Outlook, Publisher, PowerPoint und anderen Programmen arbeiten.","breadcrumb":{"@id":"https:\/\/licenses4us.com\/de\/produkt\/microsoft-office-professional-plus-2021\/#breadcrumb"},"inLanguage":"de","potentialAction":[{"@type":"ReadAction","target":["https:\/\/licenses4us.com\/de\/produkt\/microsoft-office-professional-plus-2021\/"]}]},{"@type":"ImageObject","inLanguage":"de","@id":"https:\/\/licenses4us.com\/de\/produkt\/microsoft-office-professional-plus-2021\/#primaryimage","url":"https:\/\/licenses4us.com\/wp-content\/uploads\/2022\/10\/Microsoft-Office-2021-Professional-Plus-2.webp","contentUrl":"https:\/\/licenses4us.com\/wp-content\/uploads\/2022\/10\/Microsoft-Office-2021-Professional-Plus-2.webp","width":800,"height":800,"caption":"Microsoft Office 2021 Professional Plus."},{"@type":"BreadcrumbList","@id":"https:\/\/licenses4us.com\/de\/produkt\/microsoft-office-professional-plus-2021\/#breadcrumb","itemListElement":[{"@type":"ListItem","position":1,"name":"Home","item":"https:\/\/licenses4us.com\/de\/"},{"@type":"ListItem","position":2,"name":"Shop","item":"https:\/\/licenses4us.com\/de\/shop\/"},{"@type":"ListItem","position":3,"name":"Microsoft Office Professional Plus 2021"}]},{"@type":"WebSite","@id":"https:\/\/licenses4us.com\/de\/#website","url":"https:\/\/licenses4us.com\/de\/","name":"Licenses4US","description":"De goedkoopste licenties","publisher":{"@id":"https:\/\/licenses4us.com\/de\/#organization"},"potentialAction":[{"@type":"SearchAction","target":{"@type":"EntryPoint","urlTemplate":"https:\/\/licenses4us.com\/de\/?s={search_term_string}"},"query-input":{"@type":"PropertyValueSpecification","valueRequired":true,"valueName":"search_term_string"}}],"inLanguage":"de"},{"@type":"Organization","@id":"https:\/\/licenses4us.com\/de\/#organization","name":"Licenses4Us","url":"https:\/\/licenses4us.com\/de\/","logo":{"@type":"ImageObject","inLanguage":"de","@id":"https:\/\/licenses4us.com\/de\/#\/schema\/logo\/image\/","url":"https:\/\/licenses4us.com\/wp-content\/uploads\/2022\/02\/Licenses4us_alpha.png","contentUrl":"https:\/\/licenses4us.com\/wp-content\/uploads\/2022\/02\/Licenses4us_alpha.png","width":2000,"height":600,"caption":"Licenses4Us"},"image":{"@id":"https:\/\/licenses4us.com\/de\/#\/schema\/logo\/image\/"}}]}},"_links":{"self":[{"href":"https:\/\/licenses4us.com\/de\/wp-json\/wp\/v2\/product\/7656","targetHints":{"allow":["GET"]}}],"collection":[{"href":"https:\/\/licenses4us.com\/de\/wp-json\/wp\/v2\/product"}],"about":[{"href":"https:\/\/licenses4us.com\/de\/wp-json\/wp\/v2\/types\/product"}],"replies":[{"embeddable":true,"href":"https:\/\/licenses4us.com\/de\/wp-json\/wp\/v2\/comments?post=7656"}],"wp:featuredmedia":[{"embeddable":true,"href":"https:\/\/licenses4us.com\/de\/wp-json\/wp\/v2\/media\/7657"}],"wp:attachment":[{"href":"https:\/\/licenses4us.com\/de\/wp-json\/wp\/v2\/media?parent=7656"}],"wp:term":[{"taxonomy":"product_brand","embeddable":true,"href":"https:\/\/licenses4us.com\/de\/wp-json\/wp\/v2\/product_brand?post=7656"},{"taxonomy":"product_cat","embeddable":true,"href":"https:\/\/licenses4us.com\/de\/wp-json\/wp\/v2\/product_cat?post=7656"},{"taxonomy":"product_tag","embeddable":true,"href":"https:\/\/licenses4us.com\/de\/wp-json\/wp\/v2\/product_tag?post=7656"}],"curies":[{"name":"wp","href":"https:\/\/api.w.org\/{rel}","templated":true}]}}