{"id":7644,"date":"2022-02-07T15:41:34","date_gmt":"2022-02-07T13:41:34","guid":{"rendered":"https:\/\/licenses4us.com\/beanstandungen\/"},"modified":"2024-04-30T20:16:21","modified_gmt":"2024-04-30T18:16:21","slug":"beanstandungen","status":"publish","type":"page","link":"https:\/\/licenses4us.com\/de\/beanstandungen\/","title":{"rendered":"Beanstandungen"},"content":{"rendered":"\t\t<div data-elementor-type=\"wp-page\" data-elementor-id=\"7644\" class=\"elementor elementor-7644 elementor-713\" data-elementor-post-type=\"page\">\n\t\t\t\t\t\t<section class=\"elementor-section elementor-top-section elementor-element elementor-element-b4c1745 elementor-section-boxed elementor-section-height-default elementor-section-height-default\" data-id=\"b4c1745\" data-element_type=\"section\" data-e-type=\"section\" data-settings=\"{&quot;background_background&quot;:&quot;classic&quot;}\">\n\t\t\t\t\t\t<div class=\"elementor-container elementor-column-gap-default\">\n\t\t\t\t\t<div class=\"elementor-column elementor-col-100 elementor-top-column elementor-element elementor-element-af91a71\" data-id=\"af91a71\" data-element_type=\"column\" data-e-type=\"column\" data-settings=\"{&quot;background_background&quot;:&quot;classic&quot;}\">\n\t\t\t<div class=\"elementor-widget-wrap elementor-element-populated\">\n\t\t\t\t\t\t<div class=\"elementor-element elementor-element-8039873 elementor-widget elementor-widget-heading\" data-id=\"8039873\" data-element_type=\"widget\" data-e-type=\"widget\" data-widget_type=\"heading.default\">\n\t\t\t\t<div class=\"elementor-widget-container\">\n\t\t\t\t\t<h2 class=\"elementor-heading-title elementor-size-default\">Beanstandungen<\/h2>\t\t\t\t<\/div>\n\t\t\t\t<\/div>\n\t\t\t\t<div class=\"elementor-element elementor-element-3d9fba2 elementor-widget elementor-widget-text-editor\" data-id=\"3d9fba2\" data-element_type=\"widget\" data-e-type=\"widget\" data-widget_type=\"text-editor.default\">\n\t\t\t\t<div class=\"elementor-widget-container\">\n\t\t\t\t\t\t\t\t\t<p dir=\"ltr\" style=\"line-height: 1.2; background-color: #ffffff; margin-top: 0pt; margin-bottom: 0pt; padding: 0pt 0pt 9pt;\"><span style=\"font-size: 12pt;\">Haben Sie eine Beschwerde oder k\u00f6nnen Sie mit dem Kundendienst keine L\u00f6sung finden?<\/span><span style=\"font-size: 12pt;\"><br><\/span>Wir sind dann gerne bereit, dies mit einem Vermittler zu kl\u00e4ren. <br><\/p>\n<p dir=\"ltr\" style=\"line-height: 1.2; background-color: #ffffff; margin-top: 0pt; margin-bottom: 0pt; padding: 0pt 0pt 9pt;\"><span style=\"font-size: 12pt;\">Teilen Sie Ihre negativen Erfahrungen und\/oder Beschwerden zun\u00e4chst \u00fcber &nbsp; <a href=\"https:\/\/licenses4us.com\/de\/kontakt\/\">Kundendienst mit.<\/a>&nbsp;<\/span><span style=\"font-size: 12pt;\">Kommen Sie immer noch nicht weiter oder m\u00f6chten Sie Ihre negativen Erfahrungen zu einer Beschwerde ausweiten? Dann senden Sie Ihre Beschwerde an unsere spezielle Adresse: info@e-commercedeluxe.com <\/span><span style=\"font-size: 12pt;\"><br><\/span><span style=\"font-size: 12pt;\">In der Beschreibung Ihrer Beschwerde lesen wir gerne:<\/span><\/p>\n<ul style=\"margin-top: 0px; margin-bottom: 0px; padding-inline-start: 48px;\">\n<li dir=\"ltr\" style=\"list-style-type: disc; font-size: 10pt;\" aria-level=\"1\">\n<p dir=\"ltr\" style=\"line-height: 1.2; background-color: #ffffff; margin-top: 14pt; margin-bottom: 0pt;\" role=\"presentation\"><span style=\"font-size: 12pt;\">Beschreiben Sie Ihre Beschwerde.<br><\/span><\/p>\n<\/li>\n<li dir=\"ltr\" style=\"list-style-type: disc; font-size: 10pt;\" aria-level=\"1\">\n<p dir=\"ltr\" style=\"line-height: 1.2; background-color: #ffffff; margin-top: 0pt; margin-bottom: 0pt;\" role=\"presentation\"><span style=\"font-size: 12pt;\">Ihre Bestellnummer.<br><\/span><\/p>\n<\/li>\n<li dir=\"ltr\" style=\"list-style-type: disc; font-size: 10pt;\" aria-level=\"1\">\n<p dir=\"ltr\" style=\"line-height: 1.2; background-color: #ffffff; margin-top: 0pt; margin-bottom: 0pt;\" role=\"presentation\"><span style=\"font-size: 12pt;\">Was ist Ihrer Meinung nach schief gelaufen?<br><\/span><\/p>\n<\/li>\n<li dir=\"ltr\" style=\"list-style-type: disc; font-size: 10pt;\" aria-level=\"1\">\n<p dir=\"ltr\" style=\"line-height: 1.2; background-color: #ffffff; margin-top: 0pt; margin-bottom: 14pt;\" role=\"presentation\"><span style=\"font-size: 12pt;\">Was ist Ihrer Meinung nach die w\u00fcnschenswerteste L\u00f6sung?<br><\/span><\/p>\n<\/li>\n<\/ul>\n<p dir=\"ltr\" style=\"line-height: 1.2; background-color: #ffffff; margin-top: 0pt; margin-bottom: 9pt;\">Sie erhalten innerhalb von 24 Stunden eine Antwort.<br><\/p>\n<p><\/p>\t\t\t\t\t\t\t\t<\/div>\n\t\t\t\t<\/div>\n\t\t\t\t\t<\/div>\n\t\t<\/div>\n\t\t\t\t\t<\/div>\n\t\t<\/section>\n\t\t\t\t<\/div>\n\t\t","protected":false},"excerpt":{"rendered":"<p>Beanstandungen Haben Sie eine Beschwerde oder k\u00f6nnen Sie mit dem Kundendienst keine L\u00f6sung finden?Wir sind dann gerne bereit, dies mit einem Vermittler zu kl\u00e4ren. Teilen Sie Ihre negativen Erfahrungen und\/oder Beschwerden zun\u00e4chst \u00fcber &nbsp; Kundendienst mit.&nbsp;Kommen Sie immer noch nicht weiter oder m\u00f6chten Sie Ihre negativen Erfahrungen zu einer Beschwerde ausweiten? Dann senden Sie Ihre [&hellip;]<\/p>\n","protected":false},"author":2,"featured_media":0,"parent":0,"menu_order":0,"comment_status":"closed","ping_status":"closed","template":"","meta":{"footnotes":""},"class_list":["post-7644","page","type-page","status-publish","hentry"],"yoast_head":"<!-- This site is optimized with the Yoast SEO plugin v27.2 - https:\/\/yoast.com\/product\/yoast-seo-wordpress\/ -->\n<title>Beanstandungen - Licenses4US<\/title>\n<meta name=\"robots\" content=\"index, follow, max-snippet:-1, max-image-preview:large, max-video-preview:-1\" \/>\n<link rel=\"canonical\" href=\"https:\/\/licenses4us.com\/de\/beanstandungen\/\" \/>\n<meta property=\"og:locale\" content=\"de_DE\" \/>\n<meta property=\"og:type\" content=\"article\" \/>\n<meta property=\"og:title\" content=\"Beanstandungen - Licenses4US\" \/>\n<meta property=\"og:description\" content=\"Beanstandungen Haben Sie eine Beschwerde oder k\u00f6nnen Sie mit dem Kundendienst keine L\u00f6sung finden?Wir sind dann gerne bereit, dies mit einem Vermittler zu kl\u00e4ren. Teilen Sie Ihre negativen Erfahrungen und\/oder Beschwerden zun\u00e4chst \u00fcber &nbsp; Kundendienst mit.&nbsp;Kommen Sie immer noch nicht weiter oder m\u00f6chten Sie Ihre negativen Erfahrungen zu einer Beschwerde ausweiten? Dann senden Sie Ihre [&hellip;]\" \/>\n<meta property=\"og:url\" content=\"https:\/\/licenses4us.com\/de\/beanstandungen\/\" \/>\n<meta property=\"og:site_name\" content=\"Licenses4US\" \/>\n<meta property=\"article:modified_time\" content=\"2024-04-30T18:16:21+00:00\" \/>\n<meta name=\"twitter:card\" content=\"summary_large_image\" \/>\n<meta name=\"twitter:label1\" content=\"Gesch\u00e4tzte Lesezeit\" \/>\n\t<meta name=\"twitter:data1\" content=\"1\u00a0Minute\" \/>\n<script type=\"application\/ld+json\" class=\"yoast-schema-graph\">{\"@context\":\"https:\/\/schema.org\",\"@graph\":[{\"@type\":\"WebPage\",\"@id\":\"https:\/\/licenses4us.com\/de\/beanstandungen\/\",\"url\":\"https:\/\/licenses4us.com\/de\/beanstandungen\/\",\"name\":\"Beanstandungen - Licenses4US\",\"isPartOf\":{\"@id\":\"https:\/\/licenses4us.com\/de\/#website\"},\"datePublished\":\"2022-02-07T13:41:34+00:00\",\"dateModified\":\"2024-04-30T18:16:21+00:00\",\"breadcrumb\":{\"@id\":\"https:\/\/licenses4us.com\/de\/beanstandungen\/#breadcrumb\"},\"inLanguage\":\"de\",\"potentialAction\":[{\"@type\":\"ReadAction\",\"target\":[\"https:\/\/licenses4us.com\/de\/beanstandungen\/\"]}]},{\"@type\":\"BreadcrumbList\",\"@id\":\"https:\/\/licenses4us.com\/de\/beanstandungen\/#breadcrumb\",\"itemListElement\":[{\"@type\":\"ListItem\",\"position\":1,\"name\":\"Home\",\"item\":\"https:\/\/licenses4us.com\/de\/\"},{\"@type\":\"ListItem\",\"position\":2,\"name\":\"Beanstandungen\"}]},{\"@type\":\"WebSite\",\"@id\":\"https:\/\/licenses4us.com\/de\/#website\",\"url\":\"https:\/\/licenses4us.com\/de\/\",\"name\":\"Licenses4US\",\"description\":\"De goedkoopste licenties\",\"publisher\":{\"@id\":\"https:\/\/licenses4us.com\/de\/#organization\"},\"potentialAction\":[{\"@type\":\"SearchAction\",\"target\":{\"@type\":\"EntryPoint\",\"urlTemplate\":\"https:\/\/licenses4us.com\/de\/?s={search_term_string}\"},\"query-input\":{\"@type\":\"PropertyValueSpecification\",\"valueRequired\":true,\"valueName\":\"search_term_string\"}}],\"inLanguage\":\"de\"},{\"@type\":\"Organization\",\"@id\":\"https:\/\/licenses4us.com\/de\/#organization\",\"name\":\"Licenses4Us\",\"url\":\"https:\/\/licenses4us.com\/de\/\",\"logo\":{\"@type\":\"ImageObject\",\"inLanguage\":\"de\",\"@id\":\"https:\/\/licenses4us.com\/de\/#\/schema\/logo\/image\/\",\"url\":\"https:\/\/licenses4us.com\/wp-content\/uploads\/2022\/02\/Licenses4us_alpha.png\",\"contentUrl\":\"https:\/\/licenses4us.com\/wp-content\/uploads\/2022\/02\/Licenses4us_alpha.png\",\"width\":2000,\"height\":600,\"caption\":\"Licenses4Us\"},\"image\":{\"@id\":\"https:\/\/licenses4us.com\/de\/#\/schema\/logo\/image\/\"}}]}<\/script>\n<!-- \/ Yoast SEO plugin. -->","yoast_head_json":{"title":"Beanstandungen - Licenses4US","robots":{"index":"index","follow":"follow","max-snippet":"max-snippet:-1","max-image-preview":"max-image-preview:large","max-video-preview":"max-video-preview:-1"},"canonical":"https:\/\/licenses4us.com\/de\/beanstandungen\/","og_locale":"de_DE","og_type":"article","og_title":"Beanstandungen - Licenses4US","og_description":"Beanstandungen Haben Sie eine Beschwerde oder k\u00f6nnen Sie mit dem Kundendienst keine L\u00f6sung finden?Wir sind dann gerne bereit, dies mit einem Vermittler zu kl\u00e4ren. Teilen Sie Ihre negativen Erfahrungen und\/oder Beschwerden zun\u00e4chst \u00fcber &nbsp; Kundendienst mit.&nbsp;Kommen Sie immer noch nicht weiter oder m\u00f6chten Sie Ihre negativen Erfahrungen zu einer Beschwerde ausweiten? Dann senden Sie Ihre [&hellip;]","og_url":"https:\/\/licenses4us.com\/de\/beanstandungen\/","og_site_name":"Licenses4US","article_modified_time":"2024-04-30T18:16:21+00:00","twitter_card":"summary_large_image","twitter_misc":{"Gesch\u00e4tzte Lesezeit":"1\u00a0Minute"},"schema":{"@context":"https:\/\/schema.org","@graph":[{"@type":"WebPage","@id":"https:\/\/licenses4us.com\/de\/beanstandungen\/","url":"https:\/\/licenses4us.com\/de\/beanstandungen\/","name":"Beanstandungen - Licenses4US","isPartOf":{"@id":"https:\/\/licenses4us.com\/de\/#website"},"datePublished":"2022-02-07T13:41:34+00:00","dateModified":"2024-04-30T18:16:21+00:00","breadcrumb":{"@id":"https:\/\/licenses4us.com\/de\/beanstandungen\/#breadcrumb"},"inLanguage":"de","potentialAction":[{"@type":"ReadAction","target":["https:\/\/licenses4us.com\/de\/beanstandungen\/"]}]},{"@type":"BreadcrumbList","@id":"https:\/\/licenses4us.com\/de\/beanstandungen\/#breadcrumb","itemListElement":[{"@type":"ListItem","position":1,"name":"Home","item":"https:\/\/licenses4us.com\/de\/"},{"@type":"ListItem","position":2,"name":"Beanstandungen"}]},{"@type":"WebSite","@id":"https:\/\/licenses4us.com\/de\/#website","url":"https:\/\/licenses4us.com\/de\/","name":"Licenses4US","description":"De goedkoopste licenties","publisher":{"@id":"https:\/\/licenses4us.com\/de\/#organization"},"potentialAction":[{"@type":"SearchAction","target":{"@type":"EntryPoint","urlTemplate":"https:\/\/licenses4us.com\/de\/?s={search_term_string}"},"query-input":{"@type":"PropertyValueSpecification","valueRequired":true,"valueName":"search_term_string"}}],"inLanguage":"de"},{"@type":"Organization","@id":"https:\/\/licenses4us.com\/de\/#organization","name":"Licenses4Us","url":"https:\/\/licenses4us.com\/de\/","logo":{"@type":"ImageObject","inLanguage":"de","@id":"https:\/\/licenses4us.com\/de\/#\/schema\/logo\/image\/","url":"https:\/\/licenses4us.com\/wp-content\/uploads\/2022\/02\/Licenses4us_alpha.png","contentUrl":"https:\/\/licenses4us.com\/wp-content\/uploads\/2022\/02\/Licenses4us_alpha.png","width":2000,"height":600,"caption":"Licenses4Us"},"image":{"@id":"https:\/\/licenses4us.com\/de\/#\/schema\/logo\/image\/"}}]}},"_links":{"self":[{"href":"https:\/\/licenses4us.com\/de\/wp-json\/wp\/v2\/pages\/7644","targetHints":{"allow":["GET"]}}],"collection":[{"href":"https:\/\/licenses4us.com\/de\/wp-json\/wp\/v2\/pages"}],"about":[{"href":"https:\/\/licenses4us.com\/de\/wp-json\/wp\/v2\/types\/page"}],"author":[{"embeddable":true,"href":"https:\/\/licenses4us.com\/de\/wp-json\/wp\/v2\/users\/2"}],"replies":[{"embeddable":true,"href":"https:\/\/licenses4us.com\/de\/wp-json\/wp\/v2\/comments?post=7644"}],"version-history":[{"count":0,"href":"https:\/\/licenses4us.com\/de\/wp-json\/wp\/v2\/pages\/7644\/revisions"}],"wp:attachment":[{"href":"https:\/\/licenses4us.com\/de\/wp-json\/wp\/v2\/media?parent=7644"}],"curies":[{"name":"wp","href":"https:\/\/api.w.org\/{rel}","templated":true}]}}