{"id":7638,"date":"2022-02-07T15:41:24","date_gmt":"2022-02-07T13:41:24","guid":{"rendered":"https:\/\/licenses4us.com\/recht-auf-widerruf\/"},"modified":"2024-04-30T20:15:45","modified_gmt":"2024-04-30T18:15:45","slug":"recht-auf-widerruf","status":"publish","type":"page","link":"https:\/\/licenses4us.com\/de\/recht-auf-widerruf\/","title":{"rendered":"Recht auf Widerruf"},"content":{"rendered":"\t\t<div data-elementor-type=\"wp-page\" data-elementor-id=\"7638\" class=\"elementor elementor-7638 elementor-711\" data-elementor-post-type=\"page\">\n\t\t\t\t\t\t<section class=\"elementor-section elementor-top-section elementor-element elementor-element-137a870 elementor-section-boxed elementor-section-height-default elementor-section-height-default\" data-id=\"137a870\" data-element_type=\"section\" data-e-type=\"section\" data-settings=\"{&quot;background_background&quot;:&quot;classic&quot;}\">\n\t\t\t\t\t\t<div class=\"elementor-container elementor-column-gap-default\">\n\t\t\t\t\t<div class=\"elementor-column elementor-col-100 elementor-top-column elementor-element elementor-element-162de82\" data-id=\"162de82\" data-element_type=\"column\" data-e-type=\"column\" data-settings=\"{&quot;background_background&quot;:&quot;classic&quot;}\">\n\t\t\t<div class=\"elementor-widget-wrap elementor-element-populated\">\n\t\t\t\t\t\t<div class=\"elementor-element elementor-element-d3381ba elementor-widget elementor-widget-heading\" data-id=\"d3381ba\" data-element_type=\"widget\" data-e-type=\"widget\" data-widget_type=\"heading.default\">\n\t\t\t\t<div class=\"elementor-widget-container\">\n\t\t\t\t\t<h2 class=\"elementor-heading-title elementor-size-default\">Recht auf Widerruf<\/h2>\t\t\t\t<\/div>\n\t\t\t\t<\/div>\n\t\t\t\t<div class=\"elementor-element elementor-element-238bddc elementor-widget elementor-widget-text-editor\" data-id=\"238bddc\" data-element_type=\"widget\" data-e-type=\"widget\" data-widget_type=\"text-editor.default\">\n\t\t\t\t<div class=\"elementor-widget-container\">\n\t\t\t\t\t\t\t\t\t<h1><span style=\"font-weight: 400;\">R\u00fccksendungen sind immer innerhalb von 30 Tagen nach dem Kauf m\u00f6glich, solange Sie das Siegel nicht brechen.<\/span><\/h1>\n<p><span style=\"font-weight: 400;\">Licenses4us verkauft Codes, die zur Aktivierung von Software verwendet werden k\u00f6nnen. Diese Codes werden nur einmal vergeben und sind daher streng personalisiert. Aufgrund des streng pers\u00f6nlichen Charakters eines Codes gilt kein gesetzliches Widerrufsrecht und Sie haben keine 14-t\u00e4gige Bedenkzeit wie bei einem &#8222;normalen&#8220; Internetkauf.<\/span><\/p>\n<p class=\"p1\">\n<\/p><p class=\"p1\">\n<\/p><h2><span style=\"font-weight: 400;\">Wie kann ich eine R\u00fccksendung beantragen?<\/span><\/h2>\n<p><span style=\"font-weight: 400;\">Sie k\u00f6nnen eine R\u00fccksendung per E-Mail beantragen, Sie tun<\/span> <span style=\"font-weight: 400;\">dies viasupport@licenses4us.com<\/span><span style=\"font-weight: 400;\">  . Wir pr\u00fcfen den R\u00fcckgabeantrag und genehmigen ihn in den meisten F\u00e4llen noch am selben Tag. Nach Genehmigung des Antrags \u00fcberweisen wir den Betrag innerhalb von 10 Arbeitstagen (14 Tagen) auf Ihr Bankkonto. Bitte beachten Sie, dass, wenn Sie mit Paypal oder Kreditkarte bezahlt haben, wir Ihnen den Betrag immer auf diese Weise zur\u00fcckerstatten werden. Wir erstatten niemals Geld auf andere Bankkonten oder \u00fcber andere Zahlungsmethoden.<\/span><\/p>\n<p class=\"p1\">\n<\/p><h2><span style=\"font-weight: 400;\">Wir geben jedoch eine 100%ige Garantie auf die Aktivierung.<\/span><\/h2>\n<p><span style=\"font-weight: 400;\">&nbsp;Wenn ein Produktaktivierungscode innerhalb von 30 Tagen w\u00e4hrend des Aktivierungsprozesses nicht funktioniert (egal ob telefonisch oder online), kontaktieren Sie uns per E-Mail oder \u00fcber unsere Kontaktseite und Sie erhalten einen neuen Aktivierungscode.<\/span><\/p>\n<p class=\"p1\"><br style=\"font-weight: 400;\"><br style=\"font-weight: 400;\"><\/p>\t\t\t\t\t\t\t\t<\/div>\n\t\t\t\t<\/div>\n\t\t\t\t\t<\/div>\n\t\t<\/div>\n\t\t\t\t\t<\/div>\n\t\t<\/section>\n\t\t\t\t<\/div>\n\t\t","protected":false},"excerpt":{"rendered":"<p>Recht auf Widerruf R\u00fccksendungen sind immer innerhalb von 30 Tagen nach dem Kauf m\u00f6glich, solange Sie das Siegel nicht brechen. Licenses4us verkauft Codes, die zur Aktivierung von Software verwendet werden k\u00f6nnen. Diese Codes werden nur einmal vergeben und sind daher streng personalisiert. Aufgrund des streng pers\u00f6nlichen Charakters eines Codes gilt kein gesetzliches Widerrufsrecht und Sie [&hellip;]<\/p>\n","protected":false},"author":2,"featured_media":0,"parent":0,"menu_order":0,"comment_status":"closed","ping_status":"closed","template":"","meta":{"footnotes":""},"class_list":["post-7638","page","type-page","status-publish","hentry"],"yoast_head":"<!-- This site is optimized with the Yoast SEO plugin v27.2 - https:\/\/yoast.com\/product\/yoast-seo-wordpress\/ -->\n<title>Recht auf Widerruf - Licenses4US<\/title>\n<meta name=\"robots\" content=\"index, follow, max-snippet:-1, max-image-preview:large, max-video-preview:-1\" \/>\n<link rel=\"canonical\" href=\"https:\/\/licenses4us.com\/de\/recht-auf-widerruf\/\" \/>\n<meta property=\"og:locale\" content=\"de_DE\" \/>\n<meta property=\"og:type\" content=\"article\" \/>\n<meta property=\"og:title\" content=\"Recht auf Widerruf - Licenses4US\" \/>\n<meta property=\"og:description\" content=\"Recht auf Widerruf R\u00fccksendungen sind immer innerhalb von 30 Tagen nach dem Kauf m\u00f6glich, solange Sie das Siegel nicht brechen. Licenses4us verkauft Codes, die zur Aktivierung von Software verwendet werden k\u00f6nnen. Diese Codes werden nur einmal vergeben und sind daher streng personalisiert. Aufgrund des streng pers\u00f6nlichen Charakters eines Codes gilt kein gesetzliches Widerrufsrecht und Sie [&hellip;]\" \/>\n<meta property=\"og:url\" content=\"https:\/\/licenses4us.com\/de\/recht-auf-widerruf\/\" \/>\n<meta property=\"og:site_name\" content=\"Licenses4US\" \/>\n<meta property=\"article:modified_time\" content=\"2024-04-30T18:15:45+00:00\" \/>\n<meta name=\"twitter:card\" content=\"summary_large_image\" \/>\n<meta name=\"twitter:label1\" content=\"Gesch\u00e4tzte Lesezeit\" \/>\n\t<meta name=\"twitter:data1\" content=\"1\u00a0Minute\" \/>\n<script type=\"application\/ld+json\" class=\"yoast-schema-graph\">{\"@context\":\"https:\/\/schema.org\",\"@graph\":[{\"@type\":\"WebPage\",\"@id\":\"https:\/\/licenses4us.com\/de\/recht-auf-widerruf\/\",\"url\":\"https:\/\/licenses4us.com\/de\/recht-auf-widerruf\/\",\"name\":\"Recht auf Widerruf - Licenses4US\",\"isPartOf\":{\"@id\":\"https:\/\/licenses4us.com\/de\/#website\"},\"datePublished\":\"2022-02-07T13:41:24+00:00\",\"dateModified\":\"2024-04-30T18:15:45+00:00\",\"breadcrumb\":{\"@id\":\"https:\/\/licenses4us.com\/de\/recht-auf-widerruf\/#breadcrumb\"},\"inLanguage\":\"de\",\"potentialAction\":[{\"@type\":\"ReadAction\",\"target\":[\"https:\/\/licenses4us.com\/de\/recht-auf-widerruf\/\"]}]},{\"@type\":\"BreadcrumbList\",\"@id\":\"https:\/\/licenses4us.com\/de\/recht-auf-widerruf\/#breadcrumb\",\"itemListElement\":[{\"@type\":\"ListItem\",\"position\":1,\"name\":\"Home\",\"item\":\"https:\/\/licenses4us.com\/de\/\"},{\"@type\":\"ListItem\",\"position\":2,\"name\":\"Recht auf Widerruf\"}]},{\"@type\":\"WebSite\",\"@id\":\"https:\/\/licenses4us.com\/de\/#website\",\"url\":\"https:\/\/licenses4us.com\/de\/\",\"name\":\"Licenses4US\",\"description\":\"De goedkoopste licenties\",\"publisher\":{\"@id\":\"https:\/\/licenses4us.com\/de\/#organization\"},\"potentialAction\":[{\"@type\":\"SearchAction\",\"target\":{\"@type\":\"EntryPoint\",\"urlTemplate\":\"https:\/\/licenses4us.com\/de\/?s={search_term_string}\"},\"query-input\":{\"@type\":\"PropertyValueSpecification\",\"valueRequired\":true,\"valueName\":\"search_term_string\"}}],\"inLanguage\":\"de\"},{\"@type\":\"Organization\",\"@id\":\"https:\/\/licenses4us.com\/de\/#organization\",\"name\":\"Licenses4Us\",\"url\":\"https:\/\/licenses4us.com\/de\/\",\"logo\":{\"@type\":\"ImageObject\",\"inLanguage\":\"de\",\"@id\":\"https:\/\/licenses4us.com\/de\/#\/schema\/logo\/image\/\",\"url\":\"https:\/\/licenses4us.com\/wp-content\/uploads\/2022\/02\/Licenses4us_alpha.png\",\"contentUrl\":\"https:\/\/licenses4us.com\/wp-content\/uploads\/2022\/02\/Licenses4us_alpha.png\",\"width\":2000,\"height\":600,\"caption\":\"Licenses4Us\"},\"image\":{\"@id\":\"https:\/\/licenses4us.com\/de\/#\/schema\/logo\/image\/\"}}]}<\/script>\n<!-- \/ Yoast SEO plugin. -->","yoast_head_json":{"title":"Recht auf Widerruf - Licenses4US","robots":{"index":"index","follow":"follow","max-snippet":"max-snippet:-1","max-image-preview":"max-image-preview:large","max-video-preview":"max-video-preview:-1"},"canonical":"https:\/\/licenses4us.com\/de\/recht-auf-widerruf\/","og_locale":"de_DE","og_type":"article","og_title":"Recht auf Widerruf - Licenses4US","og_description":"Recht auf Widerruf R\u00fccksendungen sind immer innerhalb von 30 Tagen nach dem Kauf m\u00f6glich, solange Sie das Siegel nicht brechen. Licenses4us verkauft Codes, die zur Aktivierung von Software verwendet werden k\u00f6nnen. Diese Codes werden nur einmal vergeben und sind daher streng personalisiert. Aufgrund des streng pers\u00f6nlichen Charakters eines Codes gilt kein gesetzliches Widerrufsrecht und Sie [&hellip;]","og_url":"https:\/\/licenses4us.com\/de\/recht-auf-widerruf\/","og_site_name":"Licenses4US","article_modified_time":"2024-04-30T18:15:45+00:00","twitter_card":"summary_large_image","twitter_misc":{"Gesch\u00e4tzte Lesezeit":"1\u00a0Minute"},"schema":{"@context":"https:\/\/schema.org","@graph":[{"@type":"WebPage","@id":"https:\/\/licenses4us.com\/de\/recht-auf-widerruf\/","url":"https:\/\/licenses4us.com\/de\/recht-auf-widerruf\/","name":"Recht auf Widerruf - Licenses4US","isPartOf":{"@id":"https:\/\/licenses4us.com\/de\/#website"},"datePublished":"2022-02-07T13:41:24+00:00","dateModified":"2024-04-30T18:15:45+00:00","breadcrumb":{"@id":"https:\/\/licenses4us.com\/de\/recht-auf-widerruf\/#breadcrumb"},"inLanguage":"de","potentialAction":[{"@type":"ReadAction","target":["https:\/\/licenses4us.com\/de\/recht-auf-widerruf\/"]}]},{"@type":"BreadcrumbList","@id":"https:\/\/licenses4us.com\/de\/recht-auf-widerruf\/#breadcrumb","itemListElement":[{"@type":"ListItem","position":1,"name":"Home","item":"https:\/\/licenses4us.com\/de\/"},{"@type":"ListItem","position":2,"name":"Recht auf Widerruf"}]},{"@type":"WebSite","@id":"https:\/\/licenses4us.com\/de\/#website","url":"https:\/\/licenses4us.com\/de\/","name":"Licenses4US","description":"De goedkoopste licenties","publisher":{"@id":"https:\/\/licenses4us.com\/de\/#organization"},"potentialAction":[{"@type":"SearchAction","target":{"@type":"EntryPoint","urlTemplate":"https:\/\/licenses4us.com\/de\/?s={search_term_string}"},"query-input":{"@type":"PropertyValueSpecification","valueRequired":true,"valueName":"search_term_string"}}],"inLanguage":"de"},{"@type":"Organization","@id":"https:\/\/licenses4us.com\/de\/#organization","name":"Licenses4Us","url":"https:\/\/licenses4us.com\/de\/","logo":{"@type":"ImageObject","inLanguage":"de","@id":"https:\/\/licenses4us.com\/de\/#\/schema\/logo\/image\/","url":"https:\/\/licenses4us.com\/wp-content\/uploads\/2022\/02\/Licenses4us_alpha.png","contentUrl":"https:\/\/licenses4us.com\/wp-content\/uploads\/2022\/02\/Licenses4us_alpha.png","width":2000,"height":600,"caption":"Licenses4Us"},"image":{"@id":"https:\/\/licenses4us.com\/de\/#\/schema\/logo\/image\/"}}]}},"_links":{"self":[{"href":"https:\/\/licenses4us.com\/de\/wp-json\/wp\/v2\/pages\/7638","targetHints":{"allow":["GET"]}}],"collection":[{"href":"https:\/\/licenses4us.com\/de\/wp-json\/wp\/v2\/pages"}],"about":[{"href":"https:\/\/licenses4us.com\/de\/wp-json\/wp\/v2\/types\/page"}],"author":[{"embeddable":true,"href":"https:\/\/licenses4us.com\/de\/wp-json\/wp\/v2\/users\/2"}],"replies":[{"embeddable":true,"href":"https:\/\/licenses4us.com\/de\/wp-json\/wp\/v2\/comments?post=7638"}],"version-history":[{"count":0,"href":"https:\/\/licenses4us.com\/de\/wp-json\/wp\/v2\/pages\/7638\/revisions"}],"wp:attachment":[{"href":"https:\/\/licenses4us.com\/de\/wp-json\/wp\/v2\/media?parent=7638"}],"curies":[{"name":"wp","href":"https:\/\/api.w.org\/{rel}","templated":true}]}}